{"id":22,"date":"2014-09-18T12:19:57","date_gmt":"2014-09-18T11:19:57","guid":{"rendered":"http:\/\/agora.xtec.cat\/esc-teresadepalleja\/?page_id=22"},"modified":"2024-11-21T11:33:46","modified_gmt":"2024-11-21T10:33:46","slug":"lescola","status":"publish","type":"page","link":"https:\/\/agora.xtec.cat\/esc-teresadepalleja\/lescola\/","title":{"rendered":"L&#8217;escola"},"content":{"rendered":"<p><strong>IDENTITAT<\/strong><\/p>\n<p>El car\u00e0cter propi de la nostra escola ens defineix com:<\/p>\n<p>Escola catalana, democr\u00e0tica, aconfessional i pluralista, coeducadora i no sexista, solid\u00e0ria i tolerant, d\u2019educaci\u00f3 integral i socialitzadora. Una escola basada en el di\u00e0leg, que fomenta el criteri propi, a trav\u00e9s de l\u2019ensenyament personalitzat i de qualitat.<\/p>\n<p>Fomentem tant el treball individual com el cooperatiu potenciant l\u2019experimentaci\u00f3 i el descobriment compromesa amb el medi ambient.<\/p>\n<p><strong>MISSI\u00d3<\/strong><\/p>\n<p><strong><em>Ajudar l&#8217;alumnat en la seva consolidaci\u00f3 com a persones<\/em><\/strong> lliures, responsables i optimistes; que formen part d&#8217;una col.lectivitat en la que han de participar i treballar per transformar-la, i en un medi que han d&#8217;estimar, con\u00e8ixer i respectar. Potenciant els valors \u00e8tics, basats en: autenticitat, honestedat, sinceritat, i amb actitud optimista. Basant la conducta de treball en: esfor\u00e7, const\u00e0ncia, iniciativa i esperit de superaci\u00f3.<\/p>\n<p><strong>VISI\u00d3<\/strong><\/p>\n<p><strong><em>Una escola acollidora<\/em><\/strong><strong>. <\/strong>Una escola on la diversitat sigui un repte enriquidor i no un obstacle. Atenent a la diversitat amb una atenci\u00f3 i seguiment personalitzats.<\/p>\n<p>Aplicant un model d\u2019organitzaci\u00f3 participatiu.<\/p>\n<p>A on hi destaquin els seg\u00fcents aspectes:<\/p>\n<ul>\n<li>una bona compet\u00e8ncia de comunicaci\u00f3 en la llengua anglesa.<\/li>\n<li>el catal\u00e0 com un fet dins la comunitat educativa i l\u2019entorn.<\/li>\n<li>les tecnologies de la informaci\u00f3 d\u2019\u00fas quotidi\u00e0 en els diferents aprenentatges<\/li>\n<li>el treball en equip, la implicaci\u00f3, i una adequada formaci\u00f3 per portar a terme el nostre projecte educatiu.<\/li>\n<li>la comunicaci\u00f3 oberta i fluida en totes les direccions.<\/li>\n<li>bones relacions amb tota la comunitat escolar<\/li>\n<li>amb una millora cont\u00ednua, en especial en els resultats acad\u00e8mics.<\/li>\n<\/ul>\n<p>Continuar treballant en un <strong>clima de confian\u00e7a m\u00fatua <\/strong>dins l&#8217;escola i la resta de la comunitat escolar.<\/p>\n<p>A l\u2019escola, el <strong>lideratge pedag\u00f2gic <\/strong>ser\u00e0\u00a0 compartit per tal\u00a0 que generi din\u00e0miques i espais d&#8217;aprenentatge compartit, l&#8217;escola \u00e9s en ella mateixa una <strong>comunitat d&#8217;aprenentatge<\/strong> per l&#8217;alumnat,\u00a0 la comunitat i per als mestres.<\/p>\n<p><strong>Sumant tots i totes:\u00a0 formaci\u00f3, talent, capacitat i voluntat d&#8217;innovar i de comunicar <\/strong>\u00a0aconseguirem oferir una atenci\u00f3 m\u00e9s efectiva dels i les alumnes i les seves fam\u00edlies.<\/p>\n<p><strong>\u00a0<\/strong><\/p>\n<p><strong>VALORS<\/strong><\/p>\n<p>Ser\u00a0 <u>UNA\u00a0 ESCOLA <\/u>\u00a0de tots els nens i totes les nenes de la poblaci\u00f3:<\/p>\n<p><strong><em>Inclusiva<\/em><\/strong> <strong>; <\/strong>on no hi hagi discriminaci\u00f3 per ra\u00f3 de sexe, de llengua, d&#8217;\u00e8tnia, de cultura, de creences, de situaci\u00f3 econ\u00f2mico-social, de difer\u00e8ncies f\u00edsiques ni ps\u00edquiques.<\/p>\n<p><em>I<strong>nserida en l&#8217;entorn sociocultural<\/strong><\/em><strong>,<\/strong> propiciadora de la cohesi\u00f3 social mitjan\u00e7ant la llengua catalana.\u00a0 <strong><em>Potenciadora de la implicaci\u00f3<\/em> <\/strong>en el projecte d&#8217;escola de tota la Comunitat Educativa i les institucions. <strong><em>Laica i respectuosa amb els valors<\/em> <\/strong>( b\u00e9ns col\u00b7lectius, personals&#8230;) i la dignitat. <strong><em>De qualitat<\/em> <\/strong>on cada alumne\/a desenvolupi les seves potencialitats al m\u00e0xim, fomentant l&#8217;observaci\u00f3, l&#8217;an\u00e0lisi i la cr\u00edtica. <strong><em>Innovadora<\/em> : <\/strong>aprofundint en el tractament instrumental de les lleng\u00fces, treballant amb les eines i recursos que ens ofereix la tecnologia.<\/p>\n<p><strong><em>Promotora\u00a0 la Cultura de l\u2019esfor\u00e7<\/em><\/strong> i del treball ben fet, i de la <strong>llibertat d\u2019expressi\u00f3.<\/strong><\/p>\n<p><strong>\u00a0<\/strong><\/p>\n","protected":false},"excerpt":{"rendered":"<p>IDENTITAT<br \/>\nEl car\u00e0cter propi de la nostra escola ens defineix com:<br \/>\nEscola catalana, democr\u00e0tica, aconfessional i pluralista, coeducadora i no sexista, solid\u00e0ria i tolerant, d\u2019educaci\u00f3 integral i socialitzadora. Una escola basada en el di\u00e0leg, que fomenta el criteri propi, a trav\u00e9s de l\u2019ensenyament personalitzat i de qualitat.<br \/>\nFomentem&hellip;  <a href=\"https:\/\/agora.xtec.cat\/esc-teresadepalleja\/lescola\/\" title=\"Read L&#8217;escola\">Llegeix m\u00e9s\u00bb<\/a><\/p>\n","protected":false},"author":1,"featured_media":0,"parent":0,"menu_order":0,"comment_status":"closed","ping_status":"closed","template":"page-templates\/side-menu.php","meta":{"_bbp_topic_count":0,"_bbp_reply_count":0,"_bbp_total_topic_count":0,"_bbp_total_reply_count":0,"_bbp_voice_count":0,"_bbp_anonymous_reply_count":0,"_bbp_topic_count_hidden":0,"_bbp_reply_count_hidden":0,"_bbp_forum_subforum_count":0,"footnotes":""},"class_list":["post-22","page","type-page","status-publish","hentry"],"post_mailing_queue_ids":[],"_links":{"self":[{"href":"https:\/\/agora.xtec.cat\/esc-teresadepalleja\/wp-json\/wp\/v2\/pages\/22","targetHints":{"allow":["GET"]}}],"collection":[{"href":"https:\/\/agora.xtec.cat\/esc-teresadepalleja\/wp-json\/wp\/v2\/pages"}],"about":[{"href":"https:\/\/agora.xtec.cat\/esc-teresadepalleja\/wp-json\/wp\/v2\/types\/page"}],"author":[{"embeddable":true,"href":"https:\/\/agora.xtec.cat\/esc-teresadepalleja\/wp-json\/wp\/v2\/users\/1"}],"replies":[{"embeddable":true,"href":"https:\/\/agora.xtec.cat\/esc-teresadepalleja\/wp-json\/wp\/v2\/comments?post=22"}],"version-history":[{"count":3,"href":"https:\/\/agora.xtec.cat\/esc-teresadepalleja\/wp-json\/wp\/v2\/pages\/22\/revisions"}],"predecessor-version":[{"id":5459,"href":"https:\/\/agora.xtec.cat\/esc-teresadepalleja\/wp-json\/wp\/v2\/pages\/22\/revisions\/5459"}],"wp:attachment":[{"href":"https:\/\/agora.xtec.cat\/esc-teresadepalleja\/wp-json\/wp\/v2\/media?parent=22"}],"curies":[{"name":"wp","href":"https:\/\/api.w.org\/{rel}","templated":true}]}}