{"id":1688,"date":"2019-09-20T15:06:16","date_gmt":"2019-09-20T13:06:16","guid":{"rendered":"http:\/\/agora.xtec.cat\/esc-teresadepalleja\/?page_id=1688"},"modified":"2024-12-09T10:15:14","modified_gmt":"2024-12-09T09:15:14","slug":"protocol-malaties-contagioses","status":"publish","type":"page","link":"https:\/\/agora.xtec.cat\/esc-teresadepalleja\/families-2\/protocol-malaties-contagioses\/","title":{"rendered":"Protocol malalties contagioses"},"content":{"rendered":"<p>En aquest enlla\u00e7 podeu trobar la informaci\u00f3 relativa sobre com prevenir malalties contagioses i els per\u00edodes d&#8217;exclusi\u00f3 de l&#8217;escola de cada malaltia.<\/p>\n<p>&nbsp;<\/p>\n<p><a href=\"https:\/\/agora.xtec.cat\/esc-teresadepalleja\/wp-content\/uploads\/usu1731\/2019\/09\/MALATIES-CONTAGIOSES-ESCOLA.pdf\">MALATIES CONTAGIOSES ESCOLA<\/a><\/p>\n<p><a href=\"https:\/\/agora.xtec.cat\/esc-teresadepalleja\/wp-content\/uploads\/usu1731\/2024\/10\/7.-Criteris-Gencat-exclusio-escolar.pdf\">CRITERIS GENCAT EXCLUSI\u00d3 ALUMNAT<\/a><\/p>\n","protected":false},"excerpt":{"rendered":"<p>En aquest enlla\u00e7 podeu trobar la informaci\u00f3 relativa sobre com prevenir malalties contagioses i els per\u00edodes d&#8217;exclusi\u00f3 de l&#8217;escola de cada malaltia.<br \/>\n&nbsp;<br \/>\n<a href=\"https:\/\/agora.xtec.cat\/esc-teresadepalleja\/wp-content\/uploads\/usu1731\/2019\/09\/MALATIES-CONTAGIOSES-ESCOLA.pdf\">MALATIES CONTAGIOSES ESCOLA<\/a><br \/>\n<a href=\"https:\/\/agora.xtec.cat\/esc-teresadepalleja\/wp-content\/uploads\/usu1731\/2024\/10\/7.-Criteris-Gencat-exclusio-escolar.pdf\">CRITERIS GENCAT EXCLUSI\u00d3 ALUMNAT<\/a><\/p>\n","protected":false},"author":1,"featured_media":0,"parent":5471,"menu_order":10,"comment_status":"closed","ping_status":"closed","template":"","meta":{"_bbp_topic_count":0,"_bbp_reply_count":0,"_bbp_total_topic_count":0,"_bbp_total_reply_count":0,"_bbp_voice_count":0,"_bbp_anonymous_reply_count":0,"_bbp_topic_count_hidden":0,"_bbp_reply_count_hidden":0,"_bbp_forum_subforum_count":0,"footnotes":""},"class_list":["post-1688","page","type-page","status-publish","hentry"],"post_mailing_queue_ids":[],"_links":{"self":[{"href":"https:\/\/agora.xtec.cat\/esc-teresadepalleja\/wp-json\/wp\/v2\/pages\/1688","targetHints":{"allow":["GET"]}}],"collection":[{"href":"https:\/\/agora.xtec.cat\/esc-teresadepalleja\/wp-json\/wp\/v2\/pages"}],"about":[{"href":"https:\/\/agora.xtec.cat\/esc-teresadepalleja\/wp-json\/wp\/v2\/types\/page"}],"author":[{"embeddable":true,"href":"https:\/\/agora.xtec.cat\/esc-teresadepalleja\/wp-json\/wp\/v2\/users\/1"}],"replies":[{"embeddable":true,"href":"https:\/\/agora.xtec.cat\/esc-teresadepalleja\/wp-json\/wp\/v2\/comments?post=1688"}],"version-history":[{"count":3,"href":"https:\/\/agora.xtec.cat\/esc-teresadepalleja\/wp-json\/wp\/v2\/pages\/1688\/revisions"}],"predecessor-version":[{"id":5398,"href":"https:\/\/agora.xtec.cat\/esc-teresadepalleja\/wp-json\/wp\/v2\/pages\/1688\/revisions\/5398"}],"up":[{"embeddable":true,"href":"https:\/\/agora.xtec.cat\/esc-teresadepalleja\/wp-json\/wp\/v2\/pages\/5471"}],"wp:attachment":[{"href":"https:\/\/agora.xtec.cat\/esc-teresadepalleja\/wp-json\/wp\/v2\/media?parent=1688"}],"curies":[{"name":"wp","href":"https:\/\/api.w.org\/{rel}","templated":true}]}}