{"id":1246,"date":"2019-01-15T16:27:14","date_gmt":"2019-01-15T15:27:14","guid":{"rendered":"http:\/\/agora.xtec.cat\/esc-teresadepalleja\/?page_id=1246"},"modified":"2024-11-22T12:45:07","modified_gmt":"2024-11-22T11:45:07","slug":"projectes-de-centre","status":"publish","type":"page","link":"https:\/\/agora.xtec.cat\/esc-teresadepalleja\/projectes-de-centre\/","title":{"rendered":"Projectes de centre"},"content":{"rendered":"<p><span style=\"font-weight: 400;\">La l\u00ednia educativa del centre es defineix a partir d\u2019un conjunt de documents que emmarquen les decisions i actuacions pr\u00f2pies d\u2019escola en cadascun dels seus \u00e0mbits. Els podeu consultar mitjan\u00e7ant el men\u00fa que trobareu a continuaci\u00f3:<\/span><\/p>\n<ul>\n<li style=\"font-weight: 400;\" aria-level=\"1\"><a href=\"https:\/\/agora.xtec.cat\/esc-teresadepalleja\/projectes-de-centre\/projecte-educatiu-de-centre\/\"><span style=\"font-weight: 400;\">Projecte Educatiu de Centre (PEC)<\/span><\/a><\/li>\n<li style=\"font-weight: 400;\" aria-level=\"1\"><a href=\"https:\/\/agora.xtec.cat\/esc-teresadepalleja\/documents\/projecte-linguistic\/\"><span style=\"font-weight: 400;\">Projecte Ling\u00fc\u00edstic<\/span><\/a><\/li>\n<li style=\"font-weight: 400;\" aria-level=\"1\"><a href=\"https:\/\/sites.google.com\/xtec.cat\/edcescolafortia\/men%C3%BA-edc?authuser=0\"><span style=\"font-weight: 400;\">Estrat\u00e8gia Digital de Centre (EDC)<\/span><\/a><\/li>\n<li style=\"font-weight: 400;\" aria-level=\"1\"><a href=\"https:\/\/agora.xtec.cat\/esc-teresadepalleja\/normes-dorganitzacio-i-funcionament-nofc\/\"><span style=\"font-weight: 400;\">Normes d\u2019Organitzaci\u00f3 i Funcionament del Centre (NOFC)<\/span><\/a><\/li>\n<li style=\"font-weight: 400;\" aria-level=\"1\"><a href=\"https:\/\/agora.xtec.cat\/esc-teresadepalleja\/documents\/programacio-general-anual\/\"><span style=\"font-weight: 400;\">Programaci\u00f3 General Anual (PGA)<\/span><\/a><\/li>\n<li style=\"font-weight: 400;\" aria-level=\"1\"><a href=\"https:\/\/agora.xtec.cat\/esc-teresadepalleja\/pla-de-funcionament-de-menjador\/\"><span style=\"font-weight: 400;\">Pla de funcionament de menjador<\/span><\/a><\/li>\n<li style=\"font-weight: 400;\" aria-level=\"1\"><a href=\"https:\/\/agora.xtec.cat\/esc-teresadepalleja\/projectes-de-centre\/projecte-de-convivencia\/\"><span style=\"font-weight: 400;\">Projecte de conviv\u00e8ncia<\/span><\/a><\/li>\n<li style=\"font-weight: 400;\" aria-level=\"1\"><a href=\"https:\/\/agora.xtec.cat\/esc-teresadepalleja\/documents\/pla-de-reutilitzacio-de-llibres\/\"><span style=\"font-weight: 400;\">Pla de reutilitzaci\u00f3 de llibres<\/span><\/a><\/li>\n<li style=\"font-weight: 400;\" aria-level=\"1\"><a href=\"https:\/\/agora.xtec.cat\/esc-teresadepalleja\/classroom\/\"><span style=\"font-weight: 400;\">Classroom<\/span><\/a><\/li>\n<li style=\"font-weight: 400;\" aria-level=\"1\"><a href=\"https:\/\/agora.xtec.cat\/esc-teresadepalleja\/innovamat\/\"><span style=\"font-weight: 400;\">Innovamat<\/span><\/a><\/li>\n<li style=\"font-weight: 400;\" aria-level=\"1\"><a href=\"https:\/\/agora.xtec.cat\/esc-teresadepalleja\/centre-formador\/\"><span style=\"font-weight: 400;\">PLA DE PR\u00c0CTICUM<\/span><\/a><\/li>\n<\/ul>\n","protected":false},"excerpt":{"rendered":"<p>La l\u00ednia educativa del centre es defineix a partir d\u2019un conjunt de documents que emmarquen les decisions i actuacions pr\u00f2pies d\u2019escola en cadascun dels seus \u00e0mbits. Els podeu consultar mitjan\u00e7ant el men\u00fa que trobareu a continuaci\u00f3:<\/p>\n<ul>\n<li style=\"font-weight: 400;\" aria-level=\"1\"><a href=\"https:\/\/agora.xtec.cat\/esc-teresadepalleja\/projectes-de-centre\/projecte-educatiu-de-centre\/\">Projecte Educatiu de Centre (PEC)<\/a><\/li>\n<li style=\"font-weight:&hellip;  <a href=\"https:\/\/agora.xtec.cat\/esc-teresadepalleja\/projectes-de-centre\/\" title=\"Read Projectes de centre\">Llegeix m\u00e9s\u00bb<\/a><br \/>\n","protected":false},"author":1,"featured_media":0,"parent":0,"menu_order":0,"comment_status":"closed","ping_status":"closed","template":"","meta":{"_bbp_topic_count":0,"_bbp_reply_count":0,"_bbp_total_topic_count":0,"_bbp_total_reply_count":0,"_bbp_voice_count":0,"_bbp_anonymous_reply_count":0,"_bbp_topic_count_hidden":0,"_bbp_reply_count_hidden":0,"_bbp_forum_subforum_count":0,"footnotes":""},"class_list":["post-1246","page","type-page","status-publish","hentry"],"post_mailing_queue_ids":[],"_links":{"self":[{"href":"https:\/\/agora.xtec.cat\/esc-teresadepalleja\/wp-json\/wp\/v2\/pages\/1246","targetHints":{"allow":["GET"]}}],"collection":[{"href":"https:\/\/agora.xtec.cat\/esc-teresadepalleja\/wp-json\/wp\/v2\/pages"}],"about":[{"href":"https:\/\/agora.xtec.cat\/esc-teresadepalleja\/wp-json\/wp\/v2\/types\/page"}],"author":[{"embeddable":true,"href":"https:\/\/agora.xtec.cat\/esc-teresadepalleja\/wp-json\/wp\/v2\/users\/1"}],"replies":[{"embeddable":true,"href":"https:\/\/agora.xtec.cat\/esc-teresadepalleja\/wp-json\/wp\/v2\/comments?post=1246"}],"version-history":[{"count":6,"href":"https:\/\/agora.xtec.cat\/esc-teresadepalleja\/wp-json\/wp\/v2\/pages\/1246\/revisions"}],"predecessor-version":[{"id":5432,"href":"https:\/\/agora.xtec.cat\/esc-teresadepalleja\/wp-json\/wp\/v2\/pages\/1246\/revisions\/5432"}],"wp:attachment":[{"href":"https:\/\/agora.xtec.cat\/esc-teresadepalleja\/wp-json\/wp\/v2\/media?parent=1246"}],"curies":[{"name":"wp","href":"https:\/\/api.w.org\/{rel}","templated":true}]}}