{"id":672,"date":"2021-07-03T17:17:41","date_gmt":"2021-07-03T15:17:41","guid":{"rendered":"http:\/\/agora.xtec.cat\/esc-tarragona\/?page_id=672"},"modified":"2025-06-16T11:05:53","modified_gmt":"2025-06-16T09:05:53","slug":"autoritzacions","status":"publish","type":"page","link":"https:\/\/agora.xtec.cat\/esc-tarragona\/informacio-families\/autoritzacions\/","title":{"rendered":"Autoritzacions"},"content":{"rendered":"<p>El document que trobareu a l&#8217;enlla\u00e7 \u00e9s un Pdf editable. Per tant, \u00e9s convenient que ompliu les dades amb l&#8217;ordinador, despr\u00e9s el descarregueu i finalment l&#8217;imprimiu per presentar-lo a la secretaria del centre.<\/p>\n<p>La resta d&#8217;autoritzacions s&#8217;hauran d&#8217;emplenar in situ a l&#8217;escola a l&#8217;hora de formalitzar la matr\u00edcula.<\/p>\n<ul>\n<li><a href=\"https:\/\/agora.xtec.cat\/esc-tarragona\/wp-content\/uploads\/usu827\/2022\/06\/AUTORITZACIO_RECOLLIDA_ALTRES_PERSONES-1.pdf\" target=\"_blank\" rel=\"noopener\">AUTORITZACI\u00d3_RECOLLIDA_ALTRES_PERSONES<\/a><\/li>\n<\/ul>\n<p>&nbsp;<\/p>\n","protected":false},"excerpt":{"rendered":"<p>El document que trobareu a l&#8217;enlla\u00e7 \u00e9s un Pdf editable. Per tant, \u00e9s convenient que ompliu les dades amb l&#8217;ordinador, despr\u00e9s el descarregueu i finalment l&#8217;imprimiu per presentar-lo a la secretaria del centre.<br \/>\nLa resta d&#8217;autoritzacions s&#8217;hauran d&#8217;emplenar in situ a l&#8217;escola a l&#8217;hora de formalitzar&hellip;  <a href=\"https:\/\/agora.xtec.cat\/esc-tarragona\/informacio-families\/autoritzacions\/\" title=\"Read Autoritzacions\">Llegeix m\u00e9s\u00bb<\/a><\/p>\n","protected":false},"author":1,"featured_media":0,"parent":609,"menu_order":0,"comment_status":"closed","ping_status":"closed","template":"page-templates\/side-menu.php","meta":{"_bbp_topic_count":0,"_bbp_reply_count":0,"_bbp_total_topic_count":0,"_bbp_total_reply_count":0,"_bbp_voice_count":0,"_bbp_anonymous_reply_count":0,"_bbp_topic_count_hidden":0,"_bbp_reply_count_hidden":0,"_bbp_forum_subforum_count":0,"footnotes":""},"class_list":["post-672","page","type-page","status-publish","hentry"],"post_mailing_queue_ids":[],"_links":{"self":[{"href":"https:\/\/agora.xtec.cat\/esc-tarragona\/wp-json\/wp\/v2\/pages\/672","targetHints":{"allow":["GET"]}}],"collection":[{"href":"https:\/\/agora.xtec.cat\/esc-tarragona\/wp-json\/wp\/v2\/pages"}],"about":[{"href":"https:\/\/agora.xtec.cat\/esc-tarragona\/wp-json\/wp\/v2\/types\/page"}],"author":[{"embeddable":true,"href":"https:\/\/agora.xtec.cat\/esc-tarragona\/wp-json\/wp\/v2\/users\/1"}],"replies":[{"embeddable":true,"href":"https:\/\/agora.xtec.cat\/esc-tarragona\/wp-json\/wp\/v2\/comments?post=672"}],"version-history":[{"count":7,"href":"https:\/\/agora.xtec.cat\/esc-tarragona\/wp-json\/wp\/v2\/pages\/672\/revisions"}],"predecessor-version":[{"id":9627,"href":"https:\/\/agora.xtec.cat\/esc-tarragona\/wp-json\/wp\/v2\/pages\/672\/revisions\/9627"}],"up":[{"embeddable":true,"href":"https:\/\/agora.xtec.cat\/esc-tarragona\/wp-json\/wp\/v2\/pages\/609"}],"wp:attachment":[{"href":"https:\/\/agora.xtec.cat\/esc-tarragona\/wp-json\/wp\/v2\/media?parent=672"}],"curies":[{"name":"wp","href":"https:\/\/api.w.org\/{rel}","templated":true}]}}