{"id":661,"date":"2021-07-03T17:16:09","date_gmt":"2021-07-03T15:16:09","guid":{"rendered":"http:\/\/agora.xtec.cat\/esc-tarragona\/?page_id=661"},"modified":"2021-07-29T17:01:05","modified_gmt":"2021-07-29T15:01:05","slug":"angles","status":"publish","type":"page","link":"https:\/\/agora.xtec.cat\/esc-tarragona\/especialitats\/angles\/","title":{"rendered":"Angl\u00e8s"},"content":{"rendered":"<p>Els nostres alumnes tenen el seu primer contacte amb la llengua anglesa a P4, a partir d&#8217;on es duu a terme una sessi\u00f3 setmanal.<\/p>\n<p>A Educaci\u00f3 Prim\u00e0ria anem incrementant les sessions poc a poc fins a arribar a Cicle Superior, que gaudeixen de tres hores setmanals de llengua anglesa.<br \/>\nPer tal d&#8217;impulsar l&#8217;angl\u00e8s duem a terme diversos projectes relacionats amb l\u2019aprenentatge de la segona llengua, com el GEP (Projecte Innovaci\u00f3 Generaci\u00f3 Pluriling\u00fce) mitjan\u00e7ant el qual realitzem \u00e0rees o unitats did\u00e0ctiques no ling\u00fc\u00edstiques com la pl\u00e0stica, el coneixement del Medi o l&#8217;Educaci\u00f3 F\u00edsica en llengua anglesa.<\/p>\n<p>A m\u00e9s, els nostres alumnes de 5\u00e8 practiquen l&#8217;expressi\u00f3 escrita amb el projecte STANFORD SCIENCE PENPALS, mitjan\u00e7ant el qual amplien els seus coneixements de ci\u00e8ncies i utilitzent l\u2019angl\u00e8s tot intercanviant correspond\u00e8ncia amb cient\u00edfics de la universitat d\u2019Stanford (California). Rebem i enviem mensualment una carta des del mes d\u2019octubre al juny.<\/p>\n<p>Finalment, a l\u2019\u00e0rea d\u2019angl\u00e8s es segueix treballant els continguts curriculars de l\u2019\u00e0rea utilitzant tots els recursos disponibles, apropant la llengua a les fam\u00edlies amb la maleta viatgera i amb les teatrelitzacions dins i fora de l\u2019escola.<\/p>\n<p><a href=\"https:\/\/agora.xtec.cat\/esc-tarragona\/wp-content\/uploads\/usu827\/2021\/07\/Flag_of_the_United_Kingdom_3-5.svg_.png\"><img loading=\"lazy\" decoding=\"async\" class=\"wp-image-1320 aligncenter\" src=\"https:\/\/agora.xtec.cat\/esc-tarragona\/wp-content\/uploads\/usu827\/2021\/07\/Flag_of_the_United_Kingdom_3-5.svg_-1024x614.png\" alt=\"\" width=\"285\" height=\"171\" srcset=\"https:\/\/agora.xtec.cat\/esc-tarragona\/wp-content\/uploads\/usu827\/2021\/07\/Flag_of_the_United_Kingdom_3-5.svg_-1024x614.png 1024w, https:\/\/agora.xtec.cat\/esc-tarragona\/wp-content\/uploads\/usu827\/2021\/07\/Flag_of_the_United_Kingdom_3-5.svg_-300x180.png 300w, https:\/\/agora.xtec.cat\/esc-tarragona\/wp-content\/uploads\/usu827\/2021\/07\/Flag_of_the_United_Kingdom_3-5.svg_-768x461.png 768w, https:\/\/agora.xtec.cat\/esc-tarragona\/wp-content\/uploads\/usu827\/2021\/07\/Flag_of_the_United_Kingdom_3-5.svg_.png 1200w\" sizes=\"auto, (max-width: 285px) 100vw, 285px\" \/><\/a><\/p>\n","protected":false},"excerpt":{"rendered":"<p>Els nostres alumnes tenen el seu primer contacte amb la llengua anglesa a P4, a partir d&#8217;on es duu a terme una sessi\u00f3 setmanal.<br \/>\nA Educaci\u00f3 Prim\u00e0ria anem incrementant les sessions poc a poc fins a arribar a Cicle Superior, que gaudeixen de tres hores setmanals&hellip;  <a href=\"https:\/\/agora.xtec.cat\/esc-tarragona\/especialitats\/angles\/\" title=\"Read Angl\u00e8s\">Llegeix m\u00e9s\u00bb<\/a><\/p>\n","protected":false},"author":1,"featured_media":0,"parent":607,"menu_order":0,"comment_status":"closed","ping_status":"closed","template":"page-templates\/side-menu.php","meta":{"_bbp_topic_count":0,"_bbp_reply_count":0,"_bbp_total_topic_count":0,"_bbp_total_reply_count":0,"_bbp_voice_count":0,"_bbp_anonymous_reply_count":0,"_bbp_topic_count_hidden":0,"_bbp_reply_count_hidden":0,"_bbp_forum_subforum_count":0,"footnotes":""},"class_list":["post-661","page","type-page","status-publish","hentry"],"post_mailing_queue_ids":[],"_links":{"self":[{"href":"https:\/\/agora.xtec.cat\/esc-tarragona\/wp-json\/wp\/v2\/pages\/661","targetHints":{"allow":["GET"]}}],"collection":[{"href":"https:\/\/agora.xtec.cat\/esc-tarragona\/wp-json\/wp\/v2\/pages"}],"about":[{"href":"https:\/\/agora.xtec.cat\/esc-tarragona\/wp-json\/wp\/v2\/types\/page"}],"author":[{"embeddable":true,"href":"https:\/\/agora.xtec.cat\/esc-tarragona\/wp-json\/wp\/v2\/users\/1"}],"replies":[{"embeddable":true,"href":"https:\/\/agora.xtec.cat\/esc-tarragona\/wp-json\/wp\/v2\/comments?post=661"}],"version-history":[{"count":4,"href":"https:\/\/agora.xtec.cat\/esc-tarragona\/wp-json\/wp\/v2\/pages\/661\/revisions"}],"predecessor-version":[{"id":1321,"href":"https:\/\/agora.xtec.cat\/esc-tarragona\/wp-json\/wp\/v2\/pages\/661\/revisions\/1321"}],"up":[{"embeddable":true,"href":"https:\/\/agora.xtec.cat\/esc-tarragona\/wp-json\/wp\/v2\/pages\/607"}],"wp:attachment":[{"href":"https:\/\/agora.xtec.cat\/esc-tarragona\/wp-json\/wp\/v2\/media?parent=661"}],"curies":[{"name":"wp","href":"https:\/\/api.w.org\/{rel}","templated":true}]}}