{"id":647,"date":"2021-07-03T17:12:04","date_gmt":"2021-07-03T15:12:04","guid":{"rendered":"http:\/\/agora.xtec.cat\/esc-tarragona\/?page_id=647"},"modified":"2021-07-11T20:58:45","modified_gmt":"2021-07-11T18:58:45","slug":"lets-go","status":"publish","type":"page","link":"https:\/\/agora.xtec.cat\/esc-tarragona\/projectes\/lets-go\/","title":{"rendered":"Let&#8217;s Go"},"content":{"rendered":"<p>El Projecte d&#8217;innovaci\u00f3 LET\u2019S GO forma part del GEP (Generaci\u00f3 Pluriling\u00fce) del Departament d&#8217;Educaci\u00f3. A partir de 3r d&#8217;Educaci\u00f3 Prim\u00e0ria impartim les classes d&#8217;Educaci\u00f3 F\u00edsica en angl\u00e8s.<\/p>\n<p>Ens proposem:<\/p>\n<p>&#8211; Augmentar el temps de contacte en\u00a0 llengua anglesa .<br \/>\n&#8211; Refor\u00e7ar el vocabulari adquirit anteriorment a les classes d&#8217;angl\u00e8s i ampliar-lo a amb nous termes i expressions pr\u00f2pies de l&#8217;\u00e0rea d&#8217;\u2019E.F.<br \/>\n&#8211;\u00a0Proporcionar a l\u2019alumnat un ambient d\u2019immersi\u00f3 i alhora l\u00fadic.<br \/>\n&#8211; Millorar la compet\u00e8ncia comunicativa oral en llengua anglesa.<br \/>\n&#8211; Implementar la metodologia AICLE.<\/p>\n<p><a href=\"https:\/\/agora.xtec.cat\/esc-tarragona\/wp-content\/uploads\/usu827\/2021\/07\/1-1.jpg\"><img loading=\"lazy\" decoding=\"async\" class=\"alignnone size-full wp-image-1079\" src=\"https:\/\/agora.xtec.cat\/esc-tarragona\/wp-content\/uploads\/usu827\/2021\/07\/1-1.jpg\" alt=\"\" width=\"320\" height=\"240\" srcset=\"https:\/\/agora.xtec.cat\/esc-tarragona\/wp-content\/uploads\/usu827\/2021\/07\/1-1.jpg 320w, https:\/\/agora.xtec.cat\/esc-tarragona\/wp-content\/uploads\/usu827\/2021\/07\/1-1-300x225.jpg 300w, https:\/\/agora.xtec.cat\/esc-tarragona\/wp-content\/uploads\/usu827\/2021\/07\/1-1-200x150.jpg 200w\" sizes=\"auto, (max-width: 320px) 100vw, 320px\" \/> \u00a0 <\/a> \u00a0<a href=\"https:\/\/agora.xtec.cat\/esc-tarragona\/wp-content\/uploads\/usu827\/2021\/07\/3.jpg\"><img loading=\"lazy\" decoding=\"async\" class=\"alignnone size-full wp-image-1080\" src=\"https:\/\/agora.xtec.cat\/esc-tarragona\/wp-content\/uploads\/usu827\/2021\/07\/3.jpg\" alt=\"\" width=\"320\" height=\"240\" srcset=\"https:\/\/agora.xtec.cat\/esc-tarragona\/wp-content\/uploads\/usu827\/2021\/07\/3.jpg 320w, https:\/\/agora.xtec.cat\/esc-tarragona\/wp-content\/uploads\/usu827\/2021\/07\/3-300x225.jpg 300w, https:\/\/agora.xtec.cat\/esc-tarragona\/wp-content\/uploads\/usu827\/2021\/07\/3-200x150.jpg 200w\" sizes=\"auto, (max-width: 320px) 100vw, 320px\" \/><\/a><\/p>\n<p>&nbsp;<\/p>\n<p><a href=\"https:\/\/agora.xtec.cat\/esc-tarragona\/wp-content\/uploads\/usu827\/2021\/07\/11.jpg\"><img loading=\"lazy\" decoding=\"async\" class=\"alignnone size-full wp-image-1082\" src=\"https:\/\/agora.xtec.cat\/esc-tarragona\/wp-content\/uploads\/usu827\/2021\/07\/11.jpg\" alt=\"\" width=\"320\" height=\"180\" srcset=\"https:\/\/agora.xtec.cat\/esc-tarragona\/wp-content\/uploads\/usu827\/2021\/07\/11.jpg 320w, https:\/\/agora.xtec.cat\/esc-tarragona\/wp-content\/uploads\/usu827\/2021\/07\/11-300x169.jpg 300w\" sizes=\"auto, (max-width: 320px) 100vw, 320px\" \/><\/a> \u00a0\u00a0 <a href=\"https:\/\/agora.xtec.cat\/esc-tarragona\/wp-content\/uploads\/usu827\/2021\/07\/9.jpg\"><img loading=\"lazy\" decoding=\"async\" class=\"alignnone size-full wp-image-1081\" src=\"https:\/\/agora.xtec.cat\/esc-tarragona\/wp-content\/uploads\/usu827\/2021\/07\/9.jpg\" alt=\"\" width=\"320\" height=\"180\" srcset=\"https:\/\/agora.xtec.cat\/esc-tarragona\/wp-content\/uploads\/usu827\/2021\/07\/9.jpg 320w, https:\/\/agora.xtec.cat\/esc-tarragona\/wp-content\/uploads\/usu827\/2021\/07\/9-300x169.jpg 300w\" sizes=\"auto, (max-width: 320px) 100vw, 320px\" \/><\/a><\/p>\n","protected":false},"excerpt":{"rendered":"<p>El Projecte d&#8217;innovaci\u00f3 LET\u2019S GO forma part del GEP (Generaci\u00f3 Pluriling\u00fce) del Departament d&#8217;Educaci\u00f3. A partir de 3r d&#8217;Educaci\u00f3 Prim\u00e0ria impartim les classes d&#8217;Educaci\u00f3 F\u00edsica en angl\u00e8s.<br \/>\nEns proposem:<br \/>\n&#8211; Augmentar el temps de contacte en\u00a0 llengua anglesa .<br \/>\n&#8211; Refor\u00e7ar el vocabulari adquirit anteriorment a les classes&hellip;  <a href=\"https:\/\/agora.xtec.cat\/esc-tarragona\/projectes\/lets-go\/\" title=\"Read Let&#8217;s Go\">Llegeix m\u00e9s\u00bb<\/a><\/p>\n","protected":false},"author":1,"featured_media":0,"parent":605,"menu_order":0,"comment_status":"closed","ping_status":"closed","template":"page-templates\/side-menu.php","meta":{"_bbp_topic_count":0,"_bbp_reply_count":0,"_bbp_total_topic_count":0,"_bbp_total_reply_count":0,"_bbp_voice_count":0,"_bbp_anonymous_reply_count":0,"_bbp_topic_count_hidden":0,"_bbp_reply_count_hidden":0,"_bbp_forum_subforum_count":0,"footnotes":""},"class_list":["post-647","page","type-page","status-publish","hentry"],"post_mailing_queue_ids":[],"_links":{"self":[{"href":"https:\/\/agora.xtec.cat\/esc-tarragona\/wp-json\/wp\/v2\/pages\/647","targetHints":{"allow":["GET"]}}],"collection":[{"href":"https:\/\/agora.xtec.cat\/esc-tarragona\/wp-json\/wp\/v2\/pages"}],"about":[{"href":"https:\/\/agora.xtec.cat\/esc-tarragona\/wp-json\/wp\/v2\/types\/page"}],"author":[{"embeddable":true,"href":"https:\/\/agora.xtec.cat\/esc-tarragona\/wp-json\/wp\/v2\/users\/1"}],"replies":[{"embeddable":true,"href":"https:\/\/agora.xtec.cat\/esc-tarragona\/wp-json\/wp\/v2\/comments?post=647"}],"version-history":[{"count":3,"href":"https:\/\/agora.xtec.cat\/esc-tarragona\/wp-json\/wp\/v2\/pages\/647\/revisions"}],"predecessor-version":[{"id":1084,"href":"https:\/\/agora.xtec.cat\/esc-tarragona\/wp-json\/wp\/v2\/pages\/647\/revisions\/1084"}],"up":[{"embeddable":true,"href":"https:\/\/agora.xtec.cat\/esc-tarragona\/wp-json\/wp\/v2\/pages\/605"}],"wp:attachment":[{"href":"https:\/\/agora.xtec.cat\/esc-tarragona\/wp-json\/wp\/v2\/media?parent=647"}],"curies":[{"name":"wp","href":"https:\/\/api.w.org\/{rel}","templated":true}]}}