{"id":639,"date":"2021-07-03T17:10:35","date_gmt":"2021-07-03T15:10:35","guid":{"rendered":"http:\/\/agora.xtec.cat\/esc-tarragona\/?page_id=639"},"modified":"2021-10-27T11:57:59","modified_gmt":"2021-10-27T09:57:59","slug":"xarxa-competencies-basiques","status":"publish","type":"page","link":"https:\/\/agora.xtec.cat\/esc-tarragona\/projectes\/xarxa-competencies-basiques\/","title":{"rendered":"Xarxa Compet\u00e8ncies B\u00e0siques"},"content":{"rendered":"<p>La societat evoluciona i cada vegada m\u00e9s hem de preparar els nostres alumnes per donar respostes innovadores en una societat canviant i en evoluci\u00f3 constant. L\u2019objectiu \u00e9s afavorir que l\u2019aprenentatge escolar sigui \u00fatil per a formar ciutadans i ciutadanes cr\u00edtics, amb opini\u00f3 pr\u00f2pia, aut\u00f2noms i que siguin capa\u00e7os de resoldre els nous reptes en cooperaci\u00f3 amb els altres, L&#8217;Escola Tarragona inicia aquest projecte d&#8217;Innovaci\u00f3 que durar\u00e0 tres anys i on els seus docents es formaran per dissenyar \u00a0experi\u00e8ncies de treball globalitzat per afavorir l\u2019aprenentatge competencial dels seus alumnes.<\/p>\n<p><a href=\"https:\/\/agora.xtec.cat\/esc-tarragona\/wp-content\/uploads\/usu827\/2021\/10\/Logo_color1.png\"><img loading=\"lazy\" decoding=\"async\" class=\"aligncenter size-full wp-image-1750\" src=\"https:\/\/agora.xtec.cat\/esc-tarragona\/wp-content\/uploads\/usu827\/2021\/10\/Logo_color1.png\" alt=\"\" width=\"373\" height=\"125\" srcset=\"https:\/\/agora.xtec.cat\/esc-tarragona\/wp-content\/uploads\/usu827\/2021\/10\/Logo_color1.png 373w, https:\/\/agora.xtec.cat\/esc-tarragona\/wp-content\/uploads\/usu827\/2021\/10\/Logo_color1-300x101.png 300w\" sizes=\"auto, (max-width: 373px) 100vw, 373px\" \/><\/a><\/p>\n","protected":false},"excerpt":{"rendered":"<p>La societat evoluciona i cada vegada m\u00e9s hem de preparar els nostres alumnes per donar respostes innovadores en una societat canviant i en evoluci\u00f3 constant. L\u2019objectiu \u00e9s afavorir que l\u2019aprenentatge escolar sigui \u00fatil per a formar ciutadans i ciutadanes cr\u00edtics, amb opini\u00f3 pr\u00f2pia, aut\u00f2noms i&hellip;  <a href=\"https:\/\/agora.xtec.cat\/esc-tarragona\/projectes\/xarxa-competencies-basiques\/\" title=\"Read Xarxa Compet\u00e8ncies B\u00e0siques\">Llegeix m\u00e9s\u00bb<\/a><\/p>\n","protected":false},"author":1,"featured_media":0,"parent":605,"menu_order":0,"comment_status":"closed","ping_status":"closed","template":"page-templates\/side-menu.php","meta":{"_bbp_topic_count":0,"_bbp_reply_count":0,"_bbp_total_topic_count":0,"_bbp_total_reply_count":0,"_bbp_voice_count":0,"_bbp_anonymous_reply_count":0,"_bbp_topic_count_hidden":0,"_bbp_reply_count_hidden":0,"_bbp_forum_subforum_count":0,"footnotes":""},"class_list":["post-639","page","type-page","status-publish","hentry"],"post_mailing_queue_ids":[],"_links":{"self":[{"href":"https:\/\/agora.xtec.cat\/esc-tarragona\/wp-json\/wp\/v2\/pages\/639","targetHints":{"allow":["GET"]}}],"collection":[{"href":"https:\/\/agora.xtec.cat\/esc-tarragona\/wp-json\/wp\/v2\/pages"}],"about":[{"href":"https:\/\/agora.xtec.cat\/esc-tarragona\/wp-json\/wp\/v2\/types\/page"}],"author":[{"embeddable":true,"href":"https:\/\/agora.xtec.cat\/esc-tarragona\/wp-json\/wp\/v2\/users\/1"}],"replies":[{"embeddable":true,"href":"https:\/\/agora.xtec.cat\/esc-tarragona\/wp-json\/wp\/v2\/comments?post=639"}],"version-history":[{"count":3,"href":"https:\/\/agora.xtec.cat\/esc-tarragona\/wp-json\/wp\/v2\/pages\/639\/revisions"}],"predecessor-version":[{"id":1751,"href":"https:\/\/agora.xtec.cat\/esc-tarragona\/wp-json\/wp\/v2\/pages\/639\/revisions\/1751"}],"up":[{"embeddable":true,"href":"https:\/\/agora.xtec.cat\/esc-tarragona\/wp-json\/wp\/v2\/pages\/605"}],"wp:attachment":[{"href":"https:\/\/agora.xtec.cat\/esc-tarragona\/wp-json\/wp\/v2\/media?parent=639"}],"curies":[{"name":"wp","href":"https:\/\/api.w.org\/{rel}","templated":true}]}}