{"id":4508,"date":"2022-08-01T10:16:04","date_gmt":"2022-08-01T08:16:04","guid":{"rendered":"https:\/\/agora.xtec.cat\/esc-tarragona\/?page_id=4508"},"modified":"2022-08-01T10:58:02","modified_gmt":"2022-08-01T08:58:02","slug":"treball-cooperatiu","status":"publish","type":"page","link":"https:\/\/agora.xtec.cat\/esc-tarragona\/projectes\/treball-cooperatiu\/","title":{"rendered":"Aprenentatge Cooperatiu"},"content":{"rendered":"<p>El treball cooperatiu \u00e9s una estrat\u00e8gia did\u00e0ctica que afavoreix la construcci\u00f3 del coneixement de l\u2019alumnat, l\u2019adquisici\u00f3 de compet\u00e8ncies comunicatives i habilitats socials mitjan\u00e7ant la participaci\u00f3 activa de l\u2019alumne. La cooperaci\u00f3 optimitza l\u2019aprenentatge propi i dels altres, estimula la reflexi\u00f3, l\u2019esperit cr\u00edtic i la capacitat de resoldre situacions diverses entre iguals.\u00a0Es fan grups de treball, distribuint tasques i rols dins del grup garantint l\u2019\u00e8xit de la participaci\u00f3 de tothom.<br \/>\nEl\/la mestre\/a pren un paper de dinamitzador, mediador i facilitador de recursos per aconseguir una veritable transfer\u00e8ncia de responsabilitats i una autogesti\u00f3 del grup.<\/p>\n<table style=\"border-collapse: collapse; width: 100%;\">\n<tbody>\n<tr>\n<td style=\"width: 33.3333%;\"><img loading=\"lazy\" decoding=\"async\" class=\"aligncenter size-full wp-image-4531\" src=\"https:\/\/agora.xtec.cat\/esc-tarragona\/wp-content\/uploads\/usu827\/2022\/08\/PHOTO-2022-02-18-13-37-27.jpg\" alt=\"\" width=\"1024\" height=\"768\" srcset=\"https:\/\/agora.xtec.cat\/esc-tarragona\/wp-content\/uploads\/usu827\/2022\/08\/PHOTO-2022-02-18-13-37-27.jpg 1024w, https:\/\/agora.xtec.cat\/esc-tarragona\/wp-content\/uploads\/usu827\/2022\/08\/PHOTO-2022-02-18-13-37-27-300x225.jpg 300w, https:\/\/agora.xtec.cat\/esc-tarragona\/wp-content\/uploads\/usu827\/2022\/08\/PHOTO-2022-02-18-13-37-27-768x576.jpg 768w, https:\/\/agora.xtec.cat\/esc-tarragona\/wp-content\/uploads\/usu827\/2022\/08\/PHOTO-2022-02-18-13-37-27-200x150.jpg 200w\" sizes=\"auto, (max-width: 1024px) 100vw, 1024px\" \/><\/td>\n<td style=\"width: 33.3333%;\"><img loading=\"lazy\" decoding=\"async\" class=\"aligncenter size-full wp-image-4538\" src=\"https:\/\/agora.xtec.cat\/esc-tarragona\/wp-content\/uploads\/usu827\/2022\/08\/20220330_093856-1-scaled.jpg\" alt=\"\" width=\"2560\" height=\"1920\" srcset=\"https:\/\/agora.xtec.cat\/esc-tarragona\/wp-content\/uploads\/usu827\/2022\/08\/20220330_093856-1-scaled.jpg 2560w, https:\/\/agora.xtec.cat\/esc-tarragona\/wp-content\/uploads\/usu827\/2022\/08\/20220330_093856-1-300x225.jpg 300w, https:\/\/agora.xtec.cat\/esc-tarragona\/wp-content\/uploads\/usu827\/2022\/08\/20220330_093856-1-1024x768.jpg 1024w, https:\/\/agora.xtec.cat\/esc-tarragona\/wp-content\/uploads\/usu827\/2022\/08\/20220330_093856-1-768x576.jpg 768w, https:\/\/agora.xtec.cat\/esc-tarragona\/wp-content\/uploads\/usu827\/2022\/08\/20220330_093856-1-1536x1152.jpg 1536w, https:\/\/agora.xtec.cat\/esc-tarragona\/wp-content\/uploads\/usu827\/2022\/08\/20220330_093856-1-2048x1536.jpg 2048w, https:\/\/agora.xtec.cat\/esc-tarragona\/wp-content\/uploads\/usu827\/2022\/08\/20220330_093856-1-200x150.jpg 200w\" sizes=\"auto, (max-width: 2560px) 100vw, 2560px\" \/><\/td>\n<td style=\"width: 33.3333%;\"><img loading=\"lazy\" decoding=\"async\" class=\"aligncenter size-full wp-image-4536\" src=\"https:\/\/agora.xtec.cat\/esc-tarragona\/wp-content\/uploads\/usu827\/2022\/08\/20220316_113219-2-scaled.jpg\" alt=\"\" width=\"2560\" height=\"1920\" srcset=\"https:\/\/agora.xtec.cat\/esc-tarragona\/wp-content\/uploads\/usu827\/2022\/08\/20220316_113219-2-scaled.jpg 2560w, https:\/\/agora.xtec.cat\/esc-tarragona\/wp-content\/uploads\/usu827\/2022\/08\/20220316_113219-2-300x225.jpg 300w, https:\/\/agora.xtec.cat\/esc-tarragona\/wp-content\/uploads\/usu827\/2022\/08\/20220316_113219-2-1024x768.jpg 1024w, https:\/\/agora.xtec.cat\/esc-tarragona\/wp-content\/uploads\/usu827\/2022\/08\/20220316_113219-2-768x576.jpg 768w, https:\/\/agora.xtec.cat\/esc-tarragona\/wp-content\/uploads\/usu827\/2022\/08\/20220316_113219-2-1536x1152.jpg 1536w, https:\/\/agora.xtec.cat\/esc-tarragona\/wp-content\/uploads\/usu827\/2022\/08\/20220316_113219-2-2048x1536.jpg 2048w, https:\/\/agora.xtec.cat\/esc-tarragona\/wp-content\/uploads\/usu827\/2022\/08\/20220316_113219-2-200x150.jpg 200w\" sizes=\"auto, (max-width: 2560px) 100vw, 2560px\" \/><\/td>\n<\/tr>\n<\/tbody>\n<\/table>\n","protected":false},"excerpt":{"rendered":"<p>El treball cooperatiu \u00e9s una estrat\u00e8gia did\u00e0ctica que afavoreix la construcci\u00f3 del coneixement de l\u2019alumnat, l\u2019adquisici\u00f3 de compet\u00e8ncies comunicatives i habilitats socials mitjan\u00e7ant la participaci\u00f3 activa de l\u2019alumne. La cooperaci\u00f3 optimitza l\u2019aprenentatge propi i dels altres, estimula la reflexi\u00f3, l\u2019esperit cr\u00edtic i la capacitat de&hellip;  <a href=\"https:\/\/agora.xtec.cat\/esc-tarragona\/projectes\/treball-cooperatiu\/\" title=\"Read Aprenentatge Cooperatiu\">Llegeix m\u00e9s\u00bb<\/a><\/p>\n","protected":false},"author":1,"featured_media":0,"parent":605,"menu_order":0,"comment_status":"closed","ping_status":"closed","template":"","meta":{"_bbp_topic_count":0,"_bbp_reply_count":0,"_bbp_total_topic_count":0,"_bbp_total_reply_count":0,"_bbp_voice_count":0,"_bbp_anonymous_reply_count":0,"_bbp_topic_count_hidden":0,"_bbp_reply_count_hidden":0,"_bbp_forum_subforum_count":0,"footnotes":""},"class_list":["post-4508","page","type-page","status-publish","hentry"],"post_mailing_queue_ids":[],"_links":{"self":[{"href":"https:\/\/agora.xtec.cat\/esc-tarragona\/wp-json\/wp\/v2\/pages\/4508","targetHints":{"allow":["GET"]}}],"collection":[{"href":"https:\/\/agora.xtec.cat\/esc-tarragona\/wp-json\/wp\/v2\/pages"}],"about":[{"href":"https:\/\/agora.xtec.cat\/esc-tarragona\/wp-json\/wp\/v2\/types\/page"}],"author":[{"embeddable":true,"href":"https:\/\/agora.xtec.cat\/esc-tarragona\/wp-json\/wp\/v2\/users\/1"}],"replies":[{"embeddable":true,"href":"https:\/\/agora.xtec.cat\/esc-tarragona\/wp-json\/wp\/v2\/comments?post=4508"}],"version-history":[{"count":3,"href":"https:\/\/agora.xtec.cat\/esc-tarragona\/wp-json\/wp\/v2\/pages\/4508\/revisions"}],"predecessor-version":[{"id":4539,"href":"https:\/\/agora.xtec.cat\/esc-tarragona\/wp-json\/wp\/v2\/pages\/4508\/revisions\/4539"}],"up":[{"embeddable":true,"href":"https:\/\/agora.xtec.cat\/esc-tarragona\/wp-json\/wp\/v2\/pages\/605"}],"wp:attachment":[{"href":"https:\/\/agora.xtec.cat\/esc-tarragona\/wp-json\/wp\/v2\/media?parent=4508"}],"curies":[{"name":"wp","href":"https:\/\/api.w.org\/{rel}","templated":true}]}}