{"id":1980,"date":"2018-09-28T11:44:38","date_gmt":"2018-09-28T09:44:38","guid":{"rendered":"http:\/\/agora.xtec.cat\/esc-stjordi-puigverdlleida\/?page_id=1980"},"modified":"2021-11-16T17:20:40","modified_gmt":"2021-11-16T16:20:40","slug":"ampa","status":"publish","type":"page","link":"https:\/\/agora.xtec.cat\/esc-stjordi-puigverdlleida\/ampa\/","title":{"rendered":"AMPA"},"content":{"rendered":"<p>Benvolgudes fam\u00edlies,<\/p>\n<p>L&#8217;AMPA &#8220;NOSTRA TERRA&#8221; us informa dels membres que composen la nova Junta Directiva de l&#8217;entitat:\u00a0<strong><br \/>\n<\/strong><\/p>\n<table style=\"height: 259px;\" border=\"1\" cellspacing=\"0\">\n<tbody>\n<tr style=\"height: 31px;\">\n<td style=\"height: 31px; width: 133px;\"><strong>\u00a0Presidenta:<\/strong><\/td>\n<td style=\"height: 31px; width: 192px;\">\u00a0Al\u00edcia Lara<\/td>\n<\/tr>\n<tr style=\"height: 31px;\">\n<td style=\"height: 31px; width: 133px;\"><strong>\u00a0Vice-presidenta:<\/strong><\/td>\n<td style=\"height: 31px; width: 192px;\">Marta Llesta<\/td>\n<\/tr>\n<tr style=\"height: 31px;\">\n<td style=\"height: 31px; width: 133px;\"><strong>\u00a0Tresorera:<\/strong><\/td>\n<td style=\"height: 31px; width: 192px;\">Vanesa Rodriguez<\/td>\n<\/tr>\n<tr style=\"height: 135px;\">\n<td style=\"height: 135px; width: 133px;\">\u00a0<strong>Vocals:<\/strong><\/td>\n<td style=\"height: 135px; width: 192px;\">Maribel Abadias<\/p>\n<p>Ruth Pifarr\u00e9<\/p>\n<p>Ghia Guermas<\/p>\n<p>Elisabet Tutusaus<\/p>\n<p>Miriam Carmen<\/p>\n<p>Marta Peir\u00f3<\/td>\n<\/tr>\n<\/tbody>\n<\/table>\n<p>Desitgem que aquesta informaci\u00f3 us sigui d&#8217;utilitat, i recordar-vos que estem a la vostra disposici\u00f3 per qualsevol sugger\u00e8ncia i il\u00b7lusionats perqu\u00e8 les tasques de l&#8217;AMPA siguin satisfact\u00f2ries pels nostres fills i filles. Us demanem la col\u00b7laboraci\u00f3 a tots ja que l&#8217;AMPA som tots els pares i mares de l&#8217;escola, no nom\u00e9s els membres de la Junta.<\/p>\n<p>Atentament,<br \/>\nAssociaci\u00f3 de mares i Pares d&#8217;Alumnes NOSTRA TERRA &#8211; Puigverd de LLeida<\/p>\n<p>&nbsp;<\/p>\n<div><\/div>\n<p><strong>ACTIVITATS EXTRAESCOLARS:<\/strong><\/p>\n<table style=\"border-collapse: collapse; width: 50.2813%; height: 179px;\" border=\"1\">\n<tbody>\n<tr style=\"height: 30px;\">\n<td style=\"width: 50%; height: 30px;\"><strong>ANGL\u00c8S (Imma Junc\u00e0)\u00a0<\/strong><\/td>\n<td style=\"width: 50%; height: 30px;\"><strong>A l&#8217;escola<\/strong><\/td>\n<\/tr>\n<tr style=\"height: 30px;\">\n<td style=\"width: 50%; height: 30px;\">Dilluns de 14 a 14:55h<\/td>\n<td style=\"width: 50%; height: 30px;\">P-3<\/td>\n<\/tr>\n<tr style=\"height: 30px;\">\n<td style=\"width: 50%; height: 30px;\">Dimarts de 14 a 14:55h<\/td>\n<td style=\"width: 50%; height: 30px;\">P4 \/ P-5<\/td>\n<\/tr>\n<tr style=\"height: 30px;\">\n<td style=\"width: 50%; height: 30px;\">Dimecres de 14 a 14:55h<\/td>\n<td style=\"width: 50%; height: 30px;\">Cicle Inicial<\/td>\n<\/tr>\n<tr style=\"height: 30px;\">\n<td style=\"width: 50%; height: 30px;\">Divendres de 14 a 14:55h<\/td>\n<td style=\"width: 50%; height: 30px;\">Cicle Mitj\u00e0<\/td>\n<\/tr>\n<\/tbody>\n<\/table>\n<p>&nbsp;<\/p>\n<table style=\"border-collapse: collapse; width: 50.4275%; height: 118px;\" border=\"1\">\n<tbody>\n<tr style=\"height: 30px;\">\n<td style=\"width: 50%; height: 30px;\"><strong>BALL ESPORTIU (Josep Rebull)\u00a0<\/strong><\/td>\n<td style=\"width: 50%; height: 30px;\"><strong>A la sala polivalent\u00a0<\/strong><\/td>\n<\/tr>\n<tr style=\"height: 30px;\">\n<td style=\"width: 50%; height: 30px;\">Dimarts de 16:30 a 17: 30h<\/td>\n<td style=\"width: 50%; height: 30px;\">Educaci\u00f3 infantil i cicle inicial<\/td>\n<\/tr>\n<tr style=\"height: 30px;\">\n<td style=\"width: 50%; height: 30px;\"><strong>BALL ESPORTIU (Felip Niub\u00f3)<\/strong><\/td>\n<td style=\"width: 50%; height: 30px;\"><strong>A la sala del ball<\/strong><\/td>\n<\/tr>\n<tr style=\"height: 27px;\">\n<td style=\"width: 50%; height: 27px;\">Dimarts de 16:30 a 17: 30h<\/td>\n<td style=\"width: 50%; height: 27px;\">Cicle mitj\u00e0 i cicle superior<\/td>\n<\/tr>\n<\/tbody>\n<\/table>\n<p>&nbsp;<\/p>\n<table style=\"border-collapse: collapse; width: 50.6469%; height: 60px;\" border=\"1\">\n<tbody>\n<tr style=\"height: 30px;\">\n<td style=\"width: 49.8462%; height: 30px;\"><strong>TAIKONDO (Gerard Herrera)\u00a0<\/strong><\/td>\n<td style=\"width: 50%; height: 30px;\"><strong>A la sala polivalent<\/strong><\/td>\n<\/tr>\n<tr style=\"height: 30px;\">\n<td style=\"width: 49.8462%; height: 30px;\">Dijous de 16:30 a 17:30h<\/td>\n<td style=\"width: 50%; height: 30px;\">Infantil i prim\u00e0ria<\/td>\n<\/tr>\n<tr>\n<td style=\"width: 49.8462%;\"><strong>ROB\u00d2TICA\u00a0<\/strong><\/td>\n<td style=\"width: 50%;\"><strong>Aula d&#8217;angl\u00e8s<\/strong><\/td>\n<\/tr>\n<tr>\n<td style=\"width: 49.8462%;\">Dijous de 14:00 a 14:55 h<\/td>\n<td style=\"width: 50%;\">Infantil<\/td>\n<\/tr>\n<tr>\n<td style=\"width: 49.8462%;\">Dijous de 14:00 a 14:55 h<\/td>\n<td style=\"width: 50%;\">Prim\u00e0ria<\/td>\n<\/tr>\n<\/tbody>\n<\/table>\n<p>&nbsp;<\/p>\n","protected":false},"excerpt":{"rendered":"<p>Benvolgudes fam\u00edlies,<br \/>\nL&#8217;AMPA &#8220;NOSTRA TERRA&#8221; us informa dels membres que composen la nova Junta Directiva de l&#8217;entitat:\u00a0<\/p>\n<p>\u00a0Presidenta:<br \/>\n\u00a0Al\u00edcia Lara<\/p>\n<p>\u00a0Vice-presidenta:<br \/>\nMarta Llesta<\/p>\n<p>\u00a0Tresorera:<br \/>\nVanesa Rodriguez<\/p>\n<p>\u00a0Vocals:<br \/>\nMaribel Abadias<br \/>\nRuth Pifarr\u00e9<br \/>\nGhia Guermas<br \/>\nElisabet Tutusaus<br \/>\nMiriam Carmen<br \/>\nMarta Peir\u00f3<\/p>\n<p>Desitgem que aquesta informaci\u00f3 us sigui d&#8217;utilitat, i recordar-vos que estem a la vostra disposici\u00f3 per qualsevol sugger\u00e8ncia i il\u00b7lusionats perqu\u00e8&hellip;  <a href=\"https:\/\/agora.xtec.cat\/esc-stjordi-puigverdlleida\/ampa\/\" title=\"Read AMPA\">Llegeix m\u00e9s\u00bb<\/a><\/p>\n","protected":false},"author":1,"featured_media":0,"parent":0,"menu_order":0,"comment_status":"closed","ping_status":"closed","template":"","meta":{"_bbp_topic_count":0,"_bbp_reply_count":0,"_bbp_total_topic_count":0,"_bbp_total_reply_count":0,"_bbp_voice_count":0,"_bbp_anonymous_reply_count":0,"_bbp_topic_count_hidden":0,"_bbp_reply_count_hidden":0,"_bbp_forum_subforum_count":0,"footnotes":""},"class_list":["post-1980","page","type-page","status-publish","hentry"],"post_mailing_queue_ids":[],"_links":{"self":[{"href":"https:\/\/agora.xtec.cat\/esc-stjordi-puigverdlleida\/wp-json\/wp\/v2\/pages\/1980","targetHints":{"allow":["GET"]}}],"collection":[{"href":"https:\/\/agora.xtec.cat\/esc-stjordi-puigverdlleida\/wp-json\/wp\/v2\/pages"}],"about":[{"href":"https:\/\/agora.xtec.cat\/esc-stjordi-puigverdlleida\/wp-json\/wp\/v2\/types\/page"}],"author":[{"embeddable":true,"href":"https:\/\/agora.xtec.cat\/esc-stjordi-puigverdlleida\/wp-json\/wp\/v2\/users\/1"}],"replies":[{"embeddable":true,"href":"https:\/\/agora.xtec.cat\/esc-stjordi-puigverdlleida\/wp-json\/wp\/v2\/comments?post=1980"}],"version-history":[{"count":4,"href":"https:\/\/agora.xtec.cat\/esc-stjordi-puigverdlleida\/wp-json\/wp\/v2\/pages\/1980\/revisions"}],"predecessor-version":[{"id":7130,"href":"https:\/\/agora.xtec.cat\/esc-stjordi-puigverdlleida\/wp-json\/wp\/v2\/pages\/1980\/revisions\/7130"}],"wp:attachment":[{"href":"https:\/\/agora.xtec.cat\/esc-stjordi-puigverdlleida\/wp-json\/wp\/v2\/media?parent=1980"}],"curies":[{"name":"wp","href":"https:\/\/api.w.org\/{rel}","templated":true}]}}