{"id":1940,"date":"2018-09-28T11:21:26","date_gmt":"2018-09-28T09:21:26","guid":{"rendered":"http:\/\/agora.xtec.cat\/esc-stjordi-puigverdlleida\/?page_id=1940"},"modified":"2018-10-02T12:52:14","modified_gmt":"2018-10-02T10:52:14","slug":"acollida","status":"publish","type":"page","link":"https:\/\/agora.xtec.cat\/esc-stjordi-puigverdlleida\/serveis\/acollida\/","title":{"rendered":"Acollida"},"content":{"rendered":"<p>Per aquelles persones qui ho necessitin, ol&#8217;escola ofereix el servei d&#8217;acollida de 8 a 9 h.<\/p>\n<table style=\"border-collapse: collapse; width: 43.7152%; height: 85px;\" border=\"1\">\n<tbody>\n<tr>\n<td style=\"width: 50%;\"><strong>PREU<\/strong><\/td>\n<td style=\"width: 50%;\"><\/td>\n<\/tr>\n<tr>\n<td style=\"width: 50%;\">Dia espor\u00e0dic<\/td>\n<td style=\"width: 50%;\">3 \u20ac<\/td>\n<\/tr>\n<tr>\n<td style=\"width: 50%;\">Tot el mes<\/td>\n<td style=\"width: 50%;\">20 \u20ac<\/td>\n<\/tr>\n<\/tbody>\n<\/table>\n<p>Per a m\u00e9s informaci\u00f3, contacteu amb la <strong>Belinda Argil\u00e9s <\/strong>(<strong>679 53 48 81<\/strong>).<\/p>\n<p>&nbsp;<\/p>\n<p><img loading=\"lazy\" decoding=\"async\" class=\"alignnone size-large\" src=\"http:\/\/4.bp.blogspot.com\/-NmPu5l5NWcE\/Uidf4dY8jKI\/AAAAAAAAAIM\/5m-H8N_oS3o\/s1600\/reunion+acogida+3+an%CC%83os+infantil.jpg\" width=\"320\" height=\"316\" \/><\/p>\n","protected":false},"excerpt":{"rendered":"<p>Per aquelles persones qui ho necessitin, ol&#8217;escola ofereix el servei d&#8217;acollida de 8 a 9 h.<\/p>\n<p>PREU<\/p>\n<p>Dia espor\u00e0dic<br \/>\n3 \u20ac<\/p>\n<p>Tot el mes<br \/>\n20 \u20ac<\/p>\n<p>Per a m\u00e9s informaci\u00f3, contacteu amb la Belinda Argil\u00e9s (679 53 48 81).<br \/>\n&nbsp;<\/p>\n","protected":false},"author":1,"featured_media":0,"parent":1938,"menu_order":10,"comment_status":"closed","ping_status":"closed","template":"page-templates\/side-menu.php","meta":{"_bbp_topic_count":0,"_bbp_reply_count":0,"_bbp_total_topic_count":0,"_bbp_total_reply_count":0,"_bbp_voice_count":0,"_bbp_anonymous_reply_count":0,"_bbp_topic_count_hidden":0,"_bbp_reply_count_hidden":0,"_bbp_forum_subforum_count":0,"footnotes":""},"class_list":["post-1940","page","type-page","status-publish","hentry"],"post_mailing_queue_ids":[],"_links":{"self":[{"href":"https:\/\/agora.xtec.cat\/esc-stjordi-puigverdlleida\/wp-json\/wp\/v2\/pages\/1940","targetHints":{"allow":["GET"]}}],"collection":[{"href":"https:\/\/agora.xtec.cat\/esc-stjordi-puigverdlleida\/wp-json\/wp\/v2\/pages"}],"about":[{"href":"https:\/\/agora.xtec.cat\/esc-stjordi-puigverdlleida\/wp-json\/wp\/v2\/types\/page"}],"author":[{"embeddable":true,"href":"https:\/\/agora.xtec.cat\/esc-stjordi-puigverdlleida\/wp-json\/wp\/v2\/users\/1"}],"replies":[{"embeddable":true,"href":"https:\/\/agora.xtec.cat\/esc-stjordi-puigverdlleida\/wp-json\/wp\/v2\/comments?post=1940"}],"version-history":[{"count":3,"href":"https:\/\/agora.xtec.cat\/esc-stjordi-puigverdlleida\/wp-json\/wp\/v2\/pages\/1940\/revisions"}],"predecessor-version":[{"id":2116,"href":"https:\/\/agora.xtec.cat\/esc-stjordi-puigverdlleida\/wp-json\/wp\/v2\/pages\/1940\/revisions\/2116"}],"up":[{"embeddable":true,"href":"https:\/\/agora.xtec.cat\/esc-stjordi-puigverdlleida\/wp-json\/wp\/v2\/pages\/1938"}],"wp:attachment":[{"href":"https:\/\/agora.xtec.cat\/esc-stjordi-puigverdlleida\/wp-json\/wp\/v2\/media?parent=1940"}],"curies":[{"name":"wp","href":"https:\/\/api.w.org\/{rel}","templated":true}]}}