{"id":1936,"date":"2018-09-28T11:20:20","date_gmt":"2018-09-28T09:20:20","guid":{"rendered":"http:\/\/agora.xtec.cat\/esc-stjordi-puigverdlleida\/?page_id=1936"},"modified":"2024-09-03T12:38:50","modified_gmt":"2024-09-03T10:38:50","slug":"serveis-demergencies-a-ef","status":"publish","type":"page","link":"https:\/\/agora.xtec.cat\/esc-stjordi-puigverdlleida\/projectes-educatius\/serveis-demergencies-a-ef\/","title":{"rendered":"Suport Vital B\u00e0sic a l&#8217;Educaci\u00f3 F\u00edsica"},"content":{"rendered":"<p>El curs 2018-2019 l\u2019escola es va iniciar en el programa de \u201cSuport Vital B\u00e0sic als Centres Educatius\u201d, que compta amb el suport i coordinaci\u00f3 del Departament d\u2019Ensenyament i del Consell Catal\u00e0 de Ressuscitaci\u00f3.<\/p>\n<p>L\u2019objectiu principal de l\u2019activitat \u00e9s que l\u2019alumne\/a aprengui coneixements b\u00e0sics\u00a0gradualment (te\u00f2rics i pr\u00e0ctics), adaptats a cada edat, relacionats amb qu\u00e8 \u00e9s,\u00a0qu\u00e8 cal fer i com podem actuar davant d\u2019una situaci\u00f3 d\u2019emerg\u00e8ncia vital.<\/p>\n<p>La formaci\u00f3 s\u2019inicia en l\u2019alumnat d\u2019infantil i prim\u00e0ria amb un contingut b\u00e0sic,\u00a0cada any, de forma progressiva, es van afegint nous continguts i objectius (a\u00a0trav\u00e9s de diverses activitats adaptades a l\u2019edat del nen\/a) per aconseguir que a\u00a0cada etapa formativa es realitzi una acci\u00f3 m\u00e9s davant l\u2019aturada\u00a0cardiorespirat\u00f2ria (ACR), concepte que s\u2019introdueix a cicle mitj\u00e0 i superior.<\/p>\n","protected":false},"excerpt":{"rendered":"<p>El curs 2018-2019 l\u2019escola es va iniciar en el programa de \u201cSuport Vital B\u00e0sic als Centres Educatius\u201d, que compta amb el suport i coordinaci\u00f3 del Departament d\u2019Ensenyament i del Consell Catal\u00e0 de Ressuscitaci\u00f3.<br \/>\nL\u2019objectiu principal de l\u2019activitat \u00e9s que l\u2019alumne\/a aprengui coneixements b\u00e0sics\u00a0gradualment (te\u00f2rics i pr\u00e0ctics),&hellip;  <a href=\"https:\/\/agora.xtec.cat\/esc-stjordi-puigverdlleida\/projectes-educatius\/serveis-demergencies-a-ef\/\" title=\"Read Suport Vital B\u00e0sic a l&#8217;Educaci\u00f3 F\u00edsica\">Llegeix m\u00e9s\u00bb<\/a><\/p>\n","protected":false},"author":1,"featured_media":0,"parent":1922,"menu_order":70,"comment_status":"closed","ping_status":"closed","template":"page-templates\/side-menu.php","meta":{"_bbp_topic_count":0,"_bbp_reply_count":0,"_bbp_total_topic_count":0,"_bbp_total_reply_count":0,"_bbp_voice_count":0,"_bbp_anonymous_reply_count":0,"_bbp_topic_count_hidden":0,"_bbp_reply_count_hidden":0,"_bbp_forum_subforum_count":0,"footnotes":""},"class_list":["post-1936","page","type-page","status-publish","hentry"],"post_mailing_queue_ids":[],"_links":{"self":[{"href":"https:\/\/agora.xtec.cat\/esc-stjordi-puigverdlleida\/wp-json\/wp\/v2\/pages\/1936","targetHints":{"allow":["GET"]}}],"collection":[{"href":"https:\/\/agora.xtec.cat\/esc-stjordi-puigverdlleida\/wp-json\/wp\/v2\/pages"}],"about":[{"href":"https:\/\/agora.xtec.cat\/esc-stjordi-puigverdlleida\/wp-json\/wp\/v2\/types\/page"}],"author":[{"embeddable":true,"href":"https:\/\/agora.xtec.cat\/esc-stjordi-puigverdlleida\/wp-json\/wp\/v2\/users\/1"}],"replies":[{"embeddable":true,"href":"https:\/\/agora.xtec.cat\/esc-stjordi-puigverdlleida\/wp-json\/wp\/v2\/comments?post=1936"}],"version-history":[{"count":4,"href":"https:\/\/agora.xtec.cat\/esc-stjordi-puigverdlleida\/wp-json\/wp\/v2\/pages\/1936\/revisions"}],"predecessor-version":[{"id":10191,"href":"https:\/\/agora.xtec.cat\/esc-stjordi-puigverdlleida\/wp-json\/wp\/v2\/pages\/1936\/revisions\/10191"}],"up":[{"embeddable":true,"href":"https:\/\/agora.xtec.cat\/esc-stjordi-puigverdlleida\/wp-json\/wp\/v2\/pages\/1922"}],"wp:attachment":[{"href":"https:\/\/agora.xtec.cat\/esc-stjordi-puigverdlleida\/wp-json\/wp\/v2\/media?parent=1936"}],"curies":[{"name":"wp","href":"https:\/\/api.w.org\/{rel}","templated":true}]}}