{"id":1934,"date":"2018-09-28T11:19:56","date_gmt":"2018-09-28T09:19:56","guid":{"rendered":"http:\/\/agora.xtec.cat\/esc-stjordi-puigverdlleida\/?page_id=1934"},"modified":"2019-06-28T09:59:20","modified_gmt":"2019-06-28T07:59:20","slug":"arts-craft","status":"publish","type":"page","link":"https:\/\/agora.xtec.cat\/esc-stjordi-puigverdlleida\/projectes-educatius\/arts-craft\/","title":{"rendered":"Arts &#038; Craft"},"content":{"rendered":"<p>Des del curs escolar 2008-2009 i fins ara, el nostre centre ha dut a terme un pla experimental de lleng\u00fces estrangeres (PELE) amb l&#8217;objectiu de fer de la llengua anglesa un vehicle de comunicaci\u00f3 funcional i pr\u00e0ctic amb l&#8217;alumnat de cicle mitj\u00e0 i cicle superior. El projecte &#8220;English and Art in touch&#8221; afavoreix el treball dels continguts de les dues \u00e0rees conjuntament.<\/p>\n<p>Un cop finalitzat el per\u00edode del pla experimental, i essent conscients de la import\u00e0ncia de l&#8217;adquisici\u00f3 d&#8217;aquesta llengua, l&#8217;escola continua impartint l&#8217;\u00e0rea d&#8217;Educaci\u00f3 Visual i Pl\u00e0stica en angl\u00e8s als cicles mitj\u00e0 i superior, utilitzant aquesta llengua com a eina vehicular a l&#8217;aula.<\/p>\n<p>A m\u00e9s, l&#8217;escola ha avan\u00e7at l&#8217;aprenentatge de l&#8217;angl\u00e8s oral a P3, amb una dedicaci\u00f3 hor\u00e0ria de dues sessions setmanals.<\/p>\n","protected":false},"excerpt":{"rendered":"<p>Des del curs escolar 2008-2009 i fins ara, el nostre centre ha dut a terme un pla experimental de lleng\u00fces estrangeres (PELE) amb l&#8217;objectiu de fer de la llengua anglesa un vehicle de comunicaci\u00f3 funcional i pr\u00e0ctic amb l&#8217;alumnat de cicle mitj\u00e0 i cicle superior.&hellip;  <a href=\"https:\/\/agora.xtec.cat\/esc-stjordi-puigverdlleida\/projectes-educatius\/arts-craft\/\" title=\"Read Arts &#038; Craft\">Llegeix m\u00e9s\u00bb<\/a><\/p>\n","protected":false},"author":1,"featured_media":0,"parent":1922,"menu_order":60,"comment_status":"closed","ping_status":"closed","template":"page-templates\/side-menu.php","meta":{"_bbp_topic_count":0,"_bbp_reply_count":0,"_bbp_total_topic_count":0,"_bbp_total_reply_count":0,"_bbp_voice_count":0,"_bbp_anonymous_reply_count":0,"_bbp_topic_count_hidden":0,"_bbp_reply_count_hidden":0,"_bbp_forum_subforum_count":0,"footnotes":""},"class_list":["post-1934","page","type-page","status-publish","hentry"],"post_mailing_queue_ids":[],"_links":{"self":[{"href":"https:\/\/agora.xtec.cat\/esc-stjordi-puigverdlleida\/wp-json\/wp\/v2\/pages\/1934","targetHints":{"allow":["GET"]}}],"collection":[{"href":"https:\/\/agora.xtec.cat\/esc-stjordi-puigverdlleida\/wp-json\/wp\/v2\/pages"}],"about":[{"href":"https:\/\/agora.xtec.cat\/esc-stjordi-puigverdlleida\/wp-json\/wp\/v2\/types\/page"}],"author":[{"embeddable":true,"href":"https:\/\/agora.xtec.cat\/esc-stjordi-puigverdlleida\/wp-json\/wp\/v2\/users\/1"}],"replies":[{"embeddable":true,"href":"https:\/\/agora.xtec.cat\/esc-stjordi-puigverdlleida\/wp-json\/wp\/v2\/comments?post=1934"}],"version-history":[{"count":3,"href":"https:\/\/agora.xtec.cat\/esc-stjordi-puigverdlleida\/wp-json\/wp\/v2\/pages\/1934\/revisions"}],"predecessor-version":[{"id":3916,"href":"https:\/\/agora.xtec.cat\/esc-stjordi-puigverdlleida\/wp-json\/wp\/v2\/pages\/1934\/revisions\/3916"}],"up":[{"embeddable":true,"href":"https:\/\/agora.xtec.cat\/esc-stjordi-puigverdlleida\/wp-json\/wp\/v2\/pages\/1922"}],"wp:attachment":[{"href":"https:\/\/agora.xtec.cat\/esc-stjordi-puigverdlleida\/wp-json\/wp\/v2\/media?parent=1934"}],"curies":[{"name":"wp","href":"https:\/\/api.w.org\/{rel}","templated":true}]}}