{"id":1930,"date":"2018-09-28T11:19:10","date_gmt":"2018-09-28T09:19:10","guid":{"rendered":"http:\/\/agora.xtec.cat\/esc-stjordi-puigverdlleida\/?page_id=1930"},"modified":"2018-10-08T11:18:57","modified_gmt":"2018-10-08T09:18:57","slug":"fruita-a-les-escoles","status":"publish","type":"page","link":"https:\/\/agora.xtec.cat\/esc-stjordi-puigverdlleida\/projectes-educatius\/fruita-a-les-escoles\/","title":{"rendered":"Pla de Consum de Fruita"},"content":{"rendered":"<p>&nbsp;<\/p>\n<p>El Pla de Consum de fruita \u00e9s un programa per promocionar el consum de fruita i verdura en els centres escolars. Aix\u00ed, pretenem potenciar els h\u00e0bits de vida saludable, tant en l&#8217;alimentaci\u00f3 com en l&#8217;activitat f\u00edsica.<\/p>\n<p>A partir d&#8217;aquest programa s&#8217;acorda que els infants i mestres de l&#8217;escola cada <strong>dimarts<\/strong> i <strong>dijous<\/strong> portin fruita per esmorzar.<\/p>\n<p>&nbsp;<\/p>\n","protected":false},"excerpt":{"rendered":"<p>&nbsp;<br \/>\nEl Pla de Consum de fruita \u00e9s un programa per promocionar el consum de fruita i verdura en els centres escolars. Aix\u00ed, pretenem potenciar els h\u00e0bits de vida saludable, tant en l&#8217;alimentaci\u00f3 com en l&#8217;activitat f\u00edsica.<br \/>\nA partir d&#8217;aquest programa s&#8217;acorda que els infants i mestres&hellip;  <a href=\"https:\/\/agora.xtec.cat\/esc-stjordi-puigverdlleida\/projectes-educatius\/fruita-a-les-escoles\/\" title=\"Read Pla de Consum de Fruita\">Llegeix m\u00e9s\u00bb<\/a><\/p>\n","protected":false},"author":1,"featured_media":0,"parent":1922,"menu_order":40,"comment_status":"closed","ping_status":"closed","template":"page-templates\/side-menu.php","meta":{"_bbp_topic_count":0,"_bbp_reply_count":0,"_bbp_total_topic_count":0,"_bbp_total_reply_count":0,"_bbp_voice_count":0,"_bbp_anonymous_reply_count":0,"_bbp_topic_count_hidden":0,"_bbp_reply_count_hidden":0,"_bbp_forum_subforum_count":0,"footnotes":""},"class_list":["post-1930","page","type-page","status-publish","hentry"],"post_mailing_queue_ids":[],"_links":{"self":[{"href":"https:\/\/agora.xtec.cat\/esc-stjordi-puigverdlleida\/wp-json\/wp\/v2\/pages\/1930","targetHints":{"allow":["GET"]}}],"collection":[{"href":"https:\/\/agora.xtec.cat\/esc-stjordi-puigverdlleida\/wp-json\/wp\/v2\/pages"}],"about":[{"href":"https:\/\/agora.xtec.cat\/esc-stjordi-puigverdlleida\/wp-json\/wp\/v2\/types\/page"}],"author":[{"embeddable":true,"href":"https:\/\/agora.xtec.cat\/esc-stjordi-puigverdlleida\/wp-json\/wp\/v2\/users\/1"}],"replies":[{"embeddable":true,"href":"https:\/\/agora.xtec.cat\/esc-stjordi-puigverdlleida\/wp-json\/wp\/v2\/comments?post=1930"}],"version-history":[{"count":2,"href":"https:\/\/agora.xtec.cat\/esc-stjordi-puigverdlleida\/wp-json\/wp\/v2\/pages\/1930\/revisions"}],"predecessor-version":[{"id":2153,"href":"https:\/\/agora.xtec.cat\/esc-stjordi-puigverdlleida\/wp-json\/wp\/v2\/pages\/1930\/revisions\/2153"}],"up":[{"embeddable":true,"href":"https:\/\/agora.xtec.cat\/esc-stjordi-puigverdlleida\/wp-json\/wp\/v2\/pages\/1922"}],"wp:attachment":[{"href":"https:\/\/agora.xtec.cat\/esc-stjordi-puigverdlleida\/wp-json\/wp\/v2\/media?parent=1930"}],"curies":[{"name":"wp","href":"https:\/\/api.w.org\/{rel}","templated":true}]}}