{"id":1924,"date":"2018-09-28T11:17:42","date_gmt":"2018-09-28T09:17:42","guid":{"rendered":"http:\/\/agora.xtec.cat\/esc-stjordi-puigverdlleida\/?page_id=1924"},"modified":"2018-10-08T11:31:15","modified_gmt":"2018-10-08T09:31:15","slug":"socialitzacio-i-reutilitzacio-de-llibres","status":"publish","type":"page","link":"https:\/\/agora.xtec.cat\/esc-stjordi-puigverdlleida\/projectes-educatius\/socialitzacio-i-reutilitzacio-de-llibres\/","title":{"rendered":"Socialitzaci\u00f3 i reutilitzaci\u00f3 de llibres"},"content":{"rendered":"<p>Des del curs 2005-2006 fins el curs 2010-2011, hem participat en el Programa per al foment de la reutilitzaci\u00f3 de llibres de text i material did\u00e0ctic complementari, amb ajuts de la Generalitat de Catalunya.<br \/>\nDes de el curs 2012-2013 i fins l&#8217;actualitat s&#8217;ha continuat amb la socialitzaci\u00f3 i reutilitzaci\u00f3 de llibres de text i diccionaris a cicle mitj\u00e0 i cicle superior.<br \/>\nEls llibres de text i diccionaris socialitzats actualment s\u00f3n els seg\u00fcents:<br \/>\n\u00b7 Diccionaris de catal\u00e0, castell\u00e0 i angl\u00e8s.<br \/>\n\u00b7 Llibres de text (d&#8217;informaci\u00f3) de catal\u00e0, castell\u00e0, matem\u00e0tiques, coneixement del medi, religi\u00f3\u00a0i angl\u00e8s.<br \/>\n\u00b7 Un llibre de lectura de catal\u00e0 i un de castell\u00e0.<\/p>\n","protected":false},"excerpt":{"rendered":"<p>Des del curs 2005-2006 fins el curs 2010-2011, hem participat en el Programa per al foment de la reutilitzaci\u00f3 de llibres de text i material did\u00e0ctic complementari, amb ajuts de la Generalitat de Catalunya.<br \/>\nDes de el curs 2012-2013 i fins l&#8217;actualitat s&#8217;ha continuat amb la&hellip;  <a href=\"https:\/\/agora.xtec.cat\/esc-stjordi-puigverdlleida\/projectes-educatius\/socialitzacio-i-reutilitzacio-de-llibres\/\" title=\"Read Socialitzaci\u00f3 i reutilitzaci\u00f3 de llibres\">Llegeix m\u00e9s\u00bb<\/a><\/p>\n","protected":false},"author":1,"featured_media":0,"parent":1922,"menu_order":10,"comment_status":"closed","ping_status":"closed","template":"page-templates\/side-menu.php","meta":{"_bbp_topic_count":0,"_bbp_reply_count":0,"_bbp_total_topic_count":0,"_bbp_total_reply_count":0,"_bbp_voice_count":0,"_bbp_anonymous_reply_count":0,"_bbp_topic_count_hidden":0,"_bbp_reply_count_hidden":0,"_bbp_forum_subforum_count":0,"footnotes":""},"class_list":["post-1924","page","type-page","status-publish","hentry"],"post_mailing_queue_ids":[],"_links":{"self":[{"href":"https:\/\/agora.xtec.cat\/esc-stjordi-puigverdlleida\/wp-json\/wp\/v2\/pages\/1924","targetHints":{"allow":["GET"]}}],"collection":[{"href":"https:\/\/agora.xtec.cat\/esc-stjordi-puigverdlleida\/wp-json\/wp\/v2\/pages"}],"about":[{"href":"https:\/\/agora.xtec.cat\/esc-stjordi-puigverdlleida\/wp-json\/wp\/v2\/types\/page"}],"author":[{"embeddable":true,"href":"https:\/\/agora.xtec.cat\/esc-stjordi-puigverdlleida\/wp-json\/wp\/v2\/users\/1"}],"replies":[{"embeddable":true,"href":"https:\/\/agora.xtec.cat\/esc-stjordi-puigverdlleida\/wp-json\/wp\/v2\/comments?post=1924"}],"version-history":[{"count":3,"href":"https:\/\/agora.xtec.cat\/esc-stjordi-puigverdlleida\/wp-json\/wp\/v2\/pages\/1924\/revisions"}],"predecessor-version":[{"id":2161,"href":"https:\/\/agora.xtec.cat\/esc-stjordi-puigverdlleida\/wp-json\/wp\/v2\/pages\/1924\/revisions\/2161"}],"up":[{"embeddable":true,"href":"https:\/\/agora.xtec.cat\/esc-stjordi-puigverdlleida\/wp-json\/wp\/v2\/pages\/1922"}],"wp:attachment":[{"href":"https:\/\/agora.xtec.cat\/esc-stjordi-puigverdlleida\/wp-json\/wp\/v2\/media?parent=1924"}],"curies":[{"name":"wp","href":"https:\/\/api.w.org\/{rel}","templated":true}]}}