{"id":810,"date":"2017-03-22T10:17:30","date_gmt":"2017-03-22T09:17:30","guid":{"rendered":"http:\/\/agora.xtec.cat\/esc-sjcalassans-lleida\/?page_id=810"},"modified":"2021-02-07T11:58:07","modified_gmt":"2021-02-07T10:58:07","slug":"projecte-educatiu-de-centre","status":"publish","type":"page","link":"https:\/\/agora.xtec.cat\/esc-sjcalassans-lleida\/projecte-educatiu-de-centre\/","title":{"rendered":"Projecte Educatiu de Centre"},"content":{"rendered":"<p style=\"text-align: justify;\">Aquest document defineix la identitat i el car\u00e0cter propi del nostre centre, tenint en compte la nostra realitat dins el context s\u00f2cio-econ\u00f2mic i cultural de les fam\u00edlies i alumnes que en formen part.<\/p>\n<p style=\"text-align: justify;\">Explicita els objectius, orienta l\u2019activitat i t\u00e9 com a finalitat que el nostre alumnat assoleixi les compet\u00e8ncies b\u00e0siques i en tregui el m\u00e0xim aprofitament educatiu.<\/p>\n<p style=\"text-align: justify;\">T\u00e9 la voluntat de garantir una tasca educativa coherent, coordinada, progressiva i consensuada per part de tota la comunitat educativa de l\u2019escola Sant Josep de Calassan\u00e7.<\/p>\n<p style=\"text-align: justify;\">El PEC \u00e9s un document viu que requereix la seva revisi\u00f3 i actualitzaci\u00f3 peri\u00f2dica atenent a les necessitats i circumst\u00e0ncies del moment.<\/p>\n<p>Per con\u00e8ixer tot el document obriu l&#8217;enlla\u00e7: <a href=\"http:\/\/agora.xtec.cat\/esc-sjcalassans-lleida\/wp-content\/uploads\/usu1305\/2017\/03\/PROJECTE-ED-CENTRE-2-2017.pdf\">Projecte Educatiu de Centre <\/a><\/p>\n","protected":false},"excerpt":{"rendered":"<p>Aquest document defineix la identitat i el car\u00e0cter propi del nostre centre, tenint en compte la nostra realitat dins el context s\u00f2cio-econ\u00f2mic i cultural de les fam\u00edlies i alumnes que en formen part. Explicita els objectius, orienta l\u2019activitat i t\u00e9 com a finalitat que el nostre alumnat assoleixi les compet\u00e8ncies b\u00e0siques i en tregui el [&hellip;]<\/p>\n","protected":false},"author":1,"featured_media":0,"parent":0,"menu_order":0,"comment_status":"closed","ping_status":"closed","template":"","meta":{"_bbp_topic_count":0,"_bbp_reply_count":0,"_bbp_total_topic_count":0,"_bbp_total_reply_count":0,"_bbp_voice_count":0,"_bbp_anonymous_reply_count":0,"_bbp_topic_count_hidden":0,"_bbp_reply_count_hidden":0,"_bbp_forum_subforum_count":0,"site-sidebar-layout":"default","site-content-layout":"","ast-site-content-layout":"","site-content-style":"default","site-sidebar-style":"default","ast-global-header-display":"","ast-banner-title-visibility":"","ast-main-header-display":"","ast-hfb-above-header-display":"","ast-hfb-below-header-display":"","ast-hfb-mobile-header-display":"","site-post-title":"","ast-breadcrumbs-content":"","ast-featured-img":"","footer-sml-layout":"","theme-transparent-header-meta":"","adv-header-id-meta":"","stick-header-meta":"","header-above-stick-meta":"","header-main-stick-meta":"","header-below-stick-meta":"","astra-migrate-meta-layouts":"default","ast-page-background-enabled":"default","ast-page-background-meta":{"desktop":{"background-color":"var(--ast-global-color-4)","background-image":"","background-repeat":"repeat","background-position":"center center","background-size":"auto","background-attachment":"scroll","background-type":"","background-media":"","overlay-type":"","overlay-color":"","overlay-opacity":"","overlay-gradient":""},"tablet":{"background-color":"","background-image":"","background-repeat":"repeat","background-position":"center center","background-size":"auto","background-attachment":"scroll","background-type":"","background-media":"","overlay-type":"","overlay-color":"","overlay-opacity":"","overlay-gradient":""},"mobile":{"background-color":"","background-image":"","background-repeat":"repeat","background-position":"center center","background-size":"auto","background-attachment":"scroll","background-type":"","background-media":"","overlay-type":"","overlay-color":"","overlay-opacity":"","overlay-gradient":""}},"ast-content-background-meta":{"desktop":{"background-color":"var(--ast-global-color-5)","background-image":"","background-repeat":"repeat","background-position":"center center","background-size":"auto","background-attachment":"scroll","background-type":"","background-media":"","overlay-type":"","overlay-color":"","overlay-opacity":"","overlay-gradient":""},"tablet":{"background-color":"var(--ast-global-color-5)","background-image":"","background-repeat":"repeat","background-position":"center center","background-size":"auto","background-attachment":"scroll","background-type":"","background-media":"","overlay-type":"","overlay-color":"","overlay-opacity":"","overlay-gradient":""},"mobile":{"background-color":"var(--ast-global-color-5)","background-image":"","background-repeat":"repeat","background-position":"center center","background-size":"auto","background-attachment":"scroll","background-type":"","background-media":"","overlay-type":"","overlay-color":"","overlay-opacity":"","overlay-gradient":""}},"footnotes":""},"class_list":["post-810","page","type-page","status-publish","hentry"],"post_mailing_queue_ids":[],"_links":{"self":[{"href":"https:\/\/agora.xtec.cat\/esc-sjcalassans-lleida\/wp-json\/wp\/v2\/pages\/810","targetHints":{"allow":["GET"]}}],"collection":[{"href":"https:\/\/agora.xtec.cat\/esc-sjcalassans-lleida\/wp-json\/wp\/v2\/pages"}],"about":[{"href":"https:\/\/agora.xtec.cat\/esc-sjcalassans-lleida\/wp-json\/wp\/v2\/types\/page"}],"author":[{"embeddable":true,"href":"https:\/\/agora.xtec.cat\/esc-sjcalassans-lleida\/wp-json\/wp\/v2\/users\/1"}],"replies":[{"embeddable":true,"href":"https:\/\/agora.xtec.cat\/esc-sjcalassans-lleida\/wp-json\/wp\/v2\/comments?post=810"}],"version-history":[{"count":3,"href":"https:\/\/agora.xtec.cat\/esc-sjcalassans-lleida\/wp-json\/wp\/v2\/pages\/810\/revisions"}],"predecessor-version":[{"id":17582,"href":"https:\/\/agora.xtec.cat\/esc-sjcalassans-lleida\/wp-json\/wp\/v2\/pages\/810\/revisions\/17582"}],"wp:attachment":[{"href":"https:\/\/agora.xtec.cat\/esc-sjcalassans-lleida\/wp-json\/wp\/v2\/media?parent=810"}],"curies":[{"name":"wp","href":"https:\/\/api.w.org\/{rel}","templated":true}]}}