{"id":560,"date":"2016-10-03T14:18:45","date_gmt":"2016-10-03T13:18:45","guid":{"rendered":"http:\/\/agora.xtec.cat\/esc-sjcalassans-lleida\/?page_id=560"},"modified":"2017-04-04T12:29:54","modified_gmt":"2017-04-04T10:29:54","slug":"agenda-21","status":"publish","type":"page","link":"https:\/\/agora.xtec.cat\/esc-sjcalassans-lleida\/agenda-21\/","title":{"rendered":"Agenda 21"},"content":{"rendered":"<p style=\"text-align: left;\"><a href=\"http:\/\/agora.xtec.cat\/esc-sjcalassans-lleida\/wp-content\/uploads\/usu1305\/2016\/10\/Agenda-21.png\"><img loading=\"lazy\" decoding=\"async\" class=\"size-full wp-image-840 alignleft\" src=\"http:\/\/agora.xtec.cat\/esc-sjcalassans-lleida\/wp-content\/uploads\/usu1305\/2016\/10\/Agenda-21.png\" alt=\"Agenda 21\" width=\"150\" height=\"111\" \/><\/a>Agenda 21 Escolar \u00e9s un programa de l\u2019Ajuntament de Lleida que va n\u00e9ixer fa molt anys i que t\u00e9 com objectiu\u00a0 dur a terme\u00a0 un projecte planetari de <strong>construir un m\u00f3n m\u00e9s sostenible<\/strong>. El projecte proposa aconseguir aquest objectiu amb la intervenci\u00f3 en l\u2019entorn m\u00e9s immediat.<\/p>\n<p style=\"text-align: left;\">\u00c9s un projecte educatiu, participatiu i d\u2019implicaci\u00f3 c\u00edvica que estimula i d\u00f3na suport a la tasca en l\u2019educaci\u00f3 ambiental i estableix vincles entre l\u2019escola i la ciutat.<\/p>\n<p style=\"text-align: left;\">La nostra escola va establir relaci\u00f3 amb el projecte el curs 2013\/2014. Des d\u2019aquesta data, any rera any, el centre ha presentat diferents projectes amb l\u2019objectiu de conscienciar tos els membres de la nostra Comunitat Educativa i treballar per millorar el medi ambient.<\/p>\n<p style=\"text-align: left;\">Amb el t\u00edtol <strong>\u201c El bosquet de la nostra escola i la seva diversitat\u201d,<\/strong> aquest curs pretenem donar continu\u00eftat als projectes iniciats anteriors (hort, recollida selectiva, ampliaci\u00f3 de zones verdes ) i millorar el bosc del pati.<\/p>\n<p style=\"text-align: left;\">\r\n\t<div class=\"slideshow_container slideshow_container_style-light\" style=\" \" data-slideshow-id=\"847\" data-style-name=\"style-light\" data-style-version=\"2.3.1\" >\r\n\r\n\t\t\t\t\t<div class=\"slideshow_loading_icon\"><\/div>\r\n\t\t\r\n\t\t<div class=\"slideshow_content\" style=\"display: none;\">\r\n\r\n\t\t\t<div class=\"slideshow_view\">\r\n\t\t\t\t<div class=\"slideshow_slide slideshow_slide_image\">\r\n\t\t\t\t\t\t\t\t\t\t\t<img src=\"https:\/\/agora.xtec.cat\/esc-sjcalassans-lleida\/wp-content\/uploads\/usu1305\/2016\/10\/IMG_3.jpg\" alt=\"IMG_3\" width=\"1000\" height=\"750\" \/>\r\n\t\t\t\t\t\t\t\t\t\t<div class=\"slideshow_description_box slideshow_transparent\">\r\n\t\t\t\t\t\t<div class=\"slideshow_title\">IMG_3<\/div>\t\t\t\t\t\t\t\t\t\t\t<\/div>\r\n\t\t\t\t<\/div>\r\n\r\n\t\t\t\t\t\t<div style=\"clear: both;\"><\/div><\/div><div class=\"slideshow_view\">\r\n\t\t\t\t<div class=\"slideshow_slide slideshow_slide_image\">\r\n\t\t\t\t\t\t\t\t\t\t\t<img src=\"https:\/\/agora.xtec.cat\/esc-sjcalassans-lleida\/wp-content\/uploads\/usu1305\/2016\/10\/IMG_6.jpg\" alt=\"IMG_6\" width=\"750\" height=\"1000\" \/>\r\n\t\t\t\t\t\t\t\t\t\t<div class=\"slideshow_description_box slideshow_transparent\">\r\n\t\t\t\t\t\t<div class=\"slideshow_title\">IMG_6<\/div>\t\t\t\t\t\t\t\t\t\t\t<\/div>\r\n\t\t\t\t<\/div>\r\n\r\n\t\t\t\t\t\t<div style=\"clear: both;\"><\/div><\/div><div class=\"slideshow_view\">\r\n\t\t\t\t<div class=\"slideshow_slide slideshow_slide_image\">\r\n\t\t\t\t\t\t\t\t\t\t\t<img src=\"https:\/\/agora.xtec.cat\/esc-sjcalassans-lleida\/wp-content\/uploads\/usu1305\/2016\/10\/IMG_10.jpg\" alt=\"IMG_10\" width=\"1000\" height=\"750\" \/>\r\n\t\t\t\t\t\t\t\t\t\t<div class=\"slideshow_description_box slideshow_transparent\">\r\n\t\t\t\t\t\t<div class=\"slideshow_title\">IMG_10<\/div>\t\t\t\t\t\t\t\t\t\t\t<\/div>\r\n\t\t\t\t<\/div>\r\n\r\n\t\t\t\t\t\t<div style=\"clear: both;\"><\/div><\/div><div class=\"slideshow_view\">\r\n\t\t\t\t<div class=\"slideshow_slide slideshow_slide_image\">\r\n\t\t\t\t\t\t\t\t\t\t\t<img src=\"https:\/\/agora.xtec.cat\/esc-sjcalassans-lleida\/wp-content\/uploads\/usu1305\/2016\/10\/IMG_8162.jpg\" alt=\"IMG_8162\" width=\"1000\" height=\"750\" \/>\r\n\t\t\t\t\t\t\t\t\t\t<div class=\"slideshow_description_box slideshow_transparent\">\r\n\t\t\t\t\t\t<div class=\"slideshow_title\">IMG_8162<\/div>\t\t\t\t\t\t\t\t\t\t\t<\/div>\r\n\t\t\t\t<\/div>\r\n\r\n\t\t\t\t\t\t<div style=\"clear: both;\"><\/div><\/div>\r\n\t\t<\/div>\r\n\r\n\t\t<div class=\"slideshow_controlPanel slideshow_transparent\" style=\"display: none;\"><ul><li class=\"slideshow_togglePlay\" data-play-text=\"Visualitza\" data-pause-text=\"Pausa\"><\/li><\/ul><\/div>\r\n\r\n\t\t<div class=\"slideshow_button slideshow_previous slideshow_transparent\" role=\"button\" data-previous-text=\"Anterior\" style=\"display: none;\"><\/div>\r\n\t\t<div class=\"slideshow_button slideshow_next slideshow_transparent\" role=\"button\" data-next-text=\"Seg\u00fcent\" style=\"display: none;\"><\/div>\r\n\r\n\t\t<div class=\"slideshow_pagination\" style=\"display: none;\" data-go-to-text=\"V\u00e9s a la diapositiva\"><div class=\"slideshow_pagination_center\"><\/div><\/div>\r\n\r\n\t\t<!-- WordPress Slideshow Version 2.3.1 -->\r\n\r\n\t\t\t<\/div>\r\n\r\n<\/p>\n","protected":false},"excerpt":{"rendered":"<p>Agenda 21 Escolar \u00e9s un programa de l\u2019Ajuntament de Lleida que va n\u00e9ixer fa molt anys i que t\u00e9 com objectiu\u00a0 dur a terme\u00a0 un projecte planetari de construir un m\u00f3n m\u00e9s sostenible. El projecte proposa aconseguir aquest objectiu amb la intervenci\u00f3 en l\u2019entorn m\u00e9s immediat. \u00c9s un projecte educatiu, participatiu i d\u2019implicaci\u00f3 c\u00edvica que [&hellip;]<\/p>\n","protected":false},"author":1,"featured_media":0,"parent":0,"menu_order":0,"comment_status":"closed","ping_status":"closed","template":"","meta":{"_bbp_topic_count":0,"_bbp_reply_count":0,"_bbp_total_topic_count":0,"_bbp_total_reply_count":0,"_bbp_voice_count":0,"_bbp_anonymous_reply_count":0,"_bbp_topic_count_hidden":0,"_bbp_reply_count_hidden":0,"_bbp_forum_subforum_count":0,"site-sidebar-layout":"default","site-content-layout":"","ast-site-content-layout":"","site-content-style":"default","site-sidebar-style":"default","ast-global-header-display":"","ast-banner-title-visibility":"","ast-main-header-display":"","ast-hfb-above-header-display":"","ast-hfb-below-header-display":"","ast-hfb-mobile-header-display":"","site-post-title":"","ast-breadcrumbs-content":"","ast-featured-img":"","footer-sml-layout":"","theme-transparent-header-meta":"","adv-header-id-meta":"","stick-header-meta":"","header-above-stick-meta":"","header-main-stick-meta":"","header-below-stick-meta":"","astra-migrate-meta-layouts":"default","ast-page-background-enabled":"default","ast-page-background-meta":{"desktop":{"background-color":"var(--ast-global-color-4)","background-image":"","background-repeat":"repeat","background-position":"center center","background-size":"auto","background-attachment":"scroll","background-type":"","background-media":"","overlay-type":"","overlay-color":"","overlay-opacity":"","overlay-gradient":""},"tablet":{"background-color":"","background-image":"","background-repeat":"repeat","background-position":"center center","background-size":"auto","background-attachment":"scroll","background-type":"","background-media":"","overlay-type":"","overlay-color":"","overlay-opacity":"","overlay-gradient":""},"mobile":{"background-color":"","background-image":"","background-repeat":"repeat","background-position":"center center","background-size":"auto","background-attachment":"scroll","background-type":"","background-media":"","overlay-type":"","overlay-color":"","overlay-opacity":"","overlay-gradient":""}},"ast-content-background-meta":{"desktop":{"background-color":"var(--ast-global-color-5)","background-image":"","background-repeat":"repeat","background-position":"center center","background-size":"auto","background-attachment":"scroll","background-type":"","background-media":"","overlay-type":"","overlay-color":"","overlay-opacity":"","overlay-gradient":""},"tablet":{"background-color":"var(--ast-global-color-5)","background-image":"","background-repeat":"repeat","background-position":"center center","background-size":"auto","background-attachment":"scroll","background-type":"","background-media":"","overlay-type":"","overlay-color":"","overlay-opacity":"","overlay-gradient":""},"mobile":{"background-color":"var(--ast-global-color-5)","background-image":"","background-repeat":"repeat","background-position":"center center","background-size":"auto","background-attachment":"scroll","background-type":"","background-media":"","overlay-type":"","overlay-color":"","overlay-opacity":"","overlay-gradient":""}},"footnotes":""},"class_list":["post-560","page","type-page","status-publish","hentry"],"post_mailing_queue_ids":[],"_links":{"self":[{"href":"https:\/\/agora.xtec.cat\/esc-sjcalassans-lleida\/wp-json\/wp\/v2\/pages\/560","targetHints":{"allow":["GET"]}}],"collection":[{"href":"https:\/\/agora.xtec.cat\/esc-sjcalassans-lleida\/wp-json\/wp\/v2\/pages"}],"about":[{"href":"https:\/\/agora.xtec.cat\/esc-sjcalassans-lleida\/wp-json\/wp\/v2\/types\/page"}],"author":[{"embeddable":true,"href":"https:\/\/agora.xtec.cat\/esc-sjcalassans-lleida\/wp-json\/wp\/v2\/users\/1"}],"replies":[{"embeddable":true,"href":"https:\/\/agora.xtec.cat\/esc-sjcalassans-lleida\/wp-json\/wp\/v2\/comments?post=560"}],"version-history":[{"count":4,"href":"https:\/\/agora.xtec.cat\/esc-sjcalassans-lleida\/wp-json\/wp\/v2\/pages\/560\/revisions"}],"predecessor-version":[{"id":849,"href":"https:\/\/agora.xtec.cat\/esc-sjcalassans-lleida\/wp-json\/wp\/v2\/pages\/560\/revisions\/849"}],"wp:attachment":[{"href":"https:\/\/agora.xtec.cat\/esc-sjcalassans-lleida\/wp-json\/wp\/v2\/media?parent=560"}],"curies":[{"name":"wp","href":"https:\/\/api.w.org\/{rel}","templated":true}]}}