{"id":540,"date":"2016-10-02T18:36:17","date_gmt":"2016-10-02T17:36:17","guid":{"rendered":"http:\/\/agora.xtec.cat\/esc-sjcalassans-lleida\/?page_id=540"},"modified":"2026-04-14T10:13:30","modified_gmt":"2026-04-14T08:13:30","slug":"qui-som","status":"publish","type":"page","link":"https:\/\/agora.xtec.cat\/esc-sjcalassans-lleida\/lescola\/qui-som\/","title":{"rendered":"Qui som?"},"content":{"rendered":"<p>Hola a tothom,<\/p>\n<p>som una escola d&#8217;<strong>una l\u00ednia<\/strong> amb tres nivells a Infantil (I3, I4 i I5) i sis a prim\u00e0ria (1r, 2n, 3r, 4t, 5\u00e8 i 6\u00e8). Aqu\u00ed teniu la nostra <strong>comunitat educativa<\/strong>:<\/p>\n<table class=\" aligncenter\" style=\"height: 1437px;\" width=\"400\">\n<tbody>\n<tr style=\"height: 58px;\">\n<td style=\"background-color: #b6e9f2; width: 394px; text-align: center; height: 58px;\" colspan=\"2\">\n<h4>\u00a0\u00a0Equip Directiu<\/h4>\n<\/td>\n<\/tr>\n<tr style=\"height: 31px;\">\n<td style=\"height: 31px; width: 135px;\">\u00a0Directora<\/td>\n<td style=\"height: 31px; width: 257px;\">\u00a0Paloma Otero<\/td>\n<\/tr>\n<tr style=\"height: 31px;\">\n<td style=\"height: 31px; width: 135px;\">\u00a0Cap d&#8217;Estudis<\/td>\n<td style=\"height: 31px; width: 257px;\">\u00a0Pilar Trenado<\/td>\n<\/tr>\n<tr style=\"height: 31px;\">\n<td style=\"height: 31px; width: 135px;\">\u00a0Secret\u00e0ria<\/td>\n<td style=\"height: 31px; width: 257px;\">Montse Romero<\/td>\n<\/tr>\n<tr style=\"height: 58px;\">\n<td style=\"background-color: #b6e9f2; text-align: center; height: 58px; width: 394px;\" colspan=\"2\">\n<h4>\u00a0Tutories<\/h4>\n<\/td>\n<\/tr>\n<tr style=\"height: 31px;\">\n<td style=\"height: 31px; width: 135px;\">\u00a0I3<\/td>\n<td style=\"height: 31px; width: 257px;\">Meritxell Pociello<\/td>\n<\/tr>\n<tr style=\"height: 31px;\">\n<td style=\"height: 31px; width: 135px;\">\u00a0I4<\/td>\n<td style=\"height: 31px; width: 257px;\">Blanca Pe\u00f1a i Itziar Farr\u00e9s<\/td>\n<\/tr>\n<tr style=\"height: 31px;\">\n<td style=\"height: 31px; width: 135px;\">\u00a0I5<\/td>\n<td style=\"height: 31px; width: 257px;\"><span style=\"background-color: #ffffff;\">Gemma Guasch<\/span><\/td>\n<\/tr>\n<tr style=\"height: 31px;\">\n<td style=\"height: 31px; width: 135px;\">\u00a01r.<\/td>\n<td style=\"height: 31px; width: 257px;\">Carme Castro<\/td>\n<\/tr>\n<tr style=\"height: 31px;\">\n<td style=\"height: 31px; width: 135px;\">\u00a02n.<\/td>\n<td style=\"height: 31px; width: 257px;\">Esther Garcia<\/td>\n<\/tr>\n<tr style=\"height: 31px;\">\n<td style=\"height: 31px; width: 135px;\">\u00a03r.<\/td>\n<td style=\"height: 31px; width: 257px;\">Maria S\u00e1ez<\/td>\n<\/tr>\n<tr style=\"height: 31px;\">\n<td style=\"height: 31px; width: 135px;\">\u00a04t.<\/td>\n<td style=\"height: 31px; width: 257px;\"><span style=\"background-color: #f9f9f9;\">Juanjo Meilan<\/span><\/td>\n<\/tr>\n<tr style=\"height: 31px;\">\n<td style=\"height: 31px; width: 135px;\">\u00a05\u00e8<\/td>\n<td style=\"height: 31px; width: 257px;\">N\u00faria Gallardo<\/td>\n<\/tr>\n<tr>\n<td style=\"width: 135px;\">\u00a06\u00e8<\/td>\n<td style=\"width: 257px;\">Meritxell Camarasa<\/td>\n<\/tr>\n<tr style=\"height: 58px;\">\n<td style=\"background-color: #b6e9f2; height: 58px; width: 394px;\" colspan=\"2\">\n<h4 style=\"text-align: center;\">\u00a0Especialistes<\/h4>\n<\/td>\n<\/tr>\n<tr style=\"height: 31px;\">\n<td style=\"height: 31px; width: 135px;\">\u00a0Ed. F\u00edsica<\/td>\n<td style=\"height: 31px; width: 257px;\">Montse Romero i Carlos Andr\u00e9s<\/td>\n<\/tr>\n<tr style=\"height: 31px;\">\n<td style=\"height: 31px; width: 135px;\">\u00a0Llengua Anglesa<\/td>\n<td style=\"height: 31px; width: 257px;\">Montse Oriola i Judit Molina<\/td>\n<\/tr>\n<tr style=\"height: 31px;\">\n<td style=\"height: 31px; width: 135px;\">M\u00fasica<\/td>\n<td style=\"height: 31px; width: 257px;\">Pili Mi\u00f1arro<\/td>\n<\/tr>\n<tr style=\"height: 31px;\">\n<td style=\"height: 31px; width: 135px;\">Educaci\u00f3 Especial<\/td>\n<td style=\"height: 31px; width: 257px;\">Anna Be\u00e0<\/td>\n<\/tr>\n<tr style=\"height: 31px;\">\n<td style=\"height: 31px; width: 135px;\">Religi\u00f3<\/td>\n<td style=\"height: 31px; width: 257px;\">Marcel Niub\u00f3<\/td>\n<\/tr>\n<tr style=\"height: 31px;\">\n<td style=\"height: 31px; width: 135px;\">Auxiliar Ed. Especial.<\/td>\n<td style=\"height: 31px; width: 257px;\">Clara Pinyol<\/td>\n<\/tr>\n<tr>\n<td style=\"width: 135px;\">MALL<\/td>\n<td style=\"width: 257px;\">Maite Molinero<\/td>\n<\/tr>\n<tr style=\"height: 31px;\">\n<td style=\"height: 31px; width: 135px;\">TEI<\/td>\n<td style=\"height: 31px; width: 257px;\">Cristina Font<\/td>\n<\/tr>\n<tr style=\"height: 31px;\">\n<td style=\"height: 31px; width: 135px;\">TIS<\/td>\n<td style=\"height: 31px; width: 257px;\">Olga Ulla<\/td>\n<\/tr>\n<tr style=\"height: 58px;\">\n<td style=\"background-color: #b6e9f2; height: 58px; width: 394px;\" colspan=\"2\">\n<h4 style=\"text-align: center;\">Coordinacions<\/h4>\n<\/td>\n<\/tr>\n<tr>\n<td style=\"width: 135px;\">Infantil<\/td>\n<td style=\"width: 257px;\">Ester Cases<\/td>\n<\/tr>\n<tr>\n<td style=\"width: 135px;\">Prim\u00e0ria<\/td>\n<td style=\"width: 257px;\">Anna Be\u00e0<\/td>\n<\/tr>\n<tr style=\"height: 31px;\">\n<td style=\"height: 31px; width: 135px;\">TIC<\/td>\n<td style=\"height: 31px; width: 257px;\">Ares Bosch<\/td>\n<\/tr>\n<tr style=\"height: 31px;\">\n<td style=\"height: 31px; width: 135px;\">Coordinador LIC<\/td>\n<td style=\"height: 31px; width: 257px;\">Pili Mi\u00f1arro<\/td>\n<\/tr>\n<tr style=\"height: 31px;\">\n<td style=\"height: 31px; width: 135px;\">Riscos Laborals<\/td>\n<td style=\"height: 31px; width: 257px;\">Esther Garcia<\/td>\n<\/tr>\n<tr style=\"height: 31px;\">\n<td style=\"height: 31px; width: 135px;\">Pr\u00e0cticum i PROA+<\/td>\n<td style=\"height: 31px; width: 257px;\">Pilar Trenado<\/td>\n<\/tr>\n<tr style=\"height: 31px;\">\n<td style=\"height: 31px; width: 135px;\">Projecte Escolta&#8217;m<\/td>\n<td style=\"height: 31px; width: 257px;\">Paloma Otero<\/td>\n<\/tr>\n<tr style=\"height: 31px;\">\n<td style=\"height: 31px; width: 135px;\">Escoles sostenibles i pla educatiu d&#8217;entorn<\/td>\n<td style=\"height: 31px; width: 257px;\">Paloma Otero<\/td>\n<\/tr>\n<tr style=\"height: 31px;\">\n<td style=\"height: 31px; width: 135px;\">Biblioteca i hort<\/td>\n<td style=\"height: 31px; width: 257px;\">Carme Castro<\/td>\n<\/tr>\n<tr style=\"height: 58px;\">\n<td style=\"background-color: #b6e9f2; height: 58px; width: 394px;\" colspan=\"2\">\n<h4 style=\"text-align: center;\">Altres<\/h4>\n<\/td>\n<\/tr>\n<tr style=\"height: 31px;\">\n<td style=\"height: 31px; width: 135px;\">Psic\u00f2leg EAP<\/td>\n<td style=\"height: 31px; width: 257px;\">Rosa Mari Is\u00fas<\/td>\n<\/tr>\n<tr style=\"height: 31px;\">\n<td style=\"height: 31px; width: 135px;\">Treballadora Social<\/td>\n<td style=\"height: 31px; width: 257px;\">Tresa Crusat<\/td>\n<\/tr>\n<tr style=\"height: 31px;\">\n<td style=\"height: 31px; width: 135px;\">Administrativa<\/td>\n<td style=\"height: 31px; width: 257px;\">Carme Escu\u00e9<\/td>\n<\/tr>\n<tr style=\"height: 31px;\">\n<td style=\"height: 31px; width: 135px;\">Conserges<\/td>\n<td style=\"height: 31px; width: 257px;\">\u00d2scar i Adela<\/td>\n<\/tr>\n<\/tbody>\n<\/table>\n<p>&nbsp;<\/p>\n","protected":false},"excerpt":{"rendered":"<p>Hola a tothom, som una escola d&#8217;una l\u00ednia amb tres nivells a Infantil (I3, I4 i I5) i sis a prim\u00e0ria (1r, 2n, 3r, 4t, 5\u00e8 i 6\u00e8). Aqu\u00ed teniu la nostra comunitat educativa: \u00a0\u00a0Equip Directiu \u00a0Directora \u00a0Paloma Otero \u00a0Cap d&#8217;Estudis \u00a0Pilar Trenado \u00a0Secret\u00e0ria Montse Romero \u00a0Tutories \u00a0I3 Meritxell Pociello \u00a0I4 Blanca Pe\u00f1a i Itziar [&hellip;]<\/p>\n","protected":false},"author":1,"featured_media":0,"parent":22,"menu_order":35,"comment_status":"closed","ping_status":"closed","template":"","meta":{"_bbp_topic_count":0,"_bbp_reply_count":0,"_bbp_total_topic_count":0,"_bbp_total_reply_count":0,"_bbp_voice_count":0,"_bbp_anonymous_reply_count":0,"_bbp_topic_count_hidden":0,"_bbp_reply_count_hidden":0,"_bbp_forum_subforum_count":0,"site-sidebar-layout":"default","site-content-layout":"","ast-site-content-layout":"default","site-content-style":"default","site-sidebar-style":"default","ast-global-header-display":"","ast-banner-title-visibility":"","ast-main-header-display":"","ast-hfb-above-header-display":"","ast-hfb-below-header-display":"","ast-hfb-mobile-header-display":"","site-post-title":"","ast-breadcrumbs-content":"","ast-featured-img":"","footer-sml-layout":"","theme-transparent-header-meta":"default","adv-header-id-meta":"","stick-header-meta":"","header-above-stick-meta":"","header-main-stick-meta":"","header-below-stick-meta":"","astra-migrate-meta-layouts":"set","ast-page-background-enabled":"default","ast-page-background-meta":{"desktop":{"background-color":"var(--ast-global-color-4)","background-image":"","background-repeat":"repeat","background-position":"center center","background-size":"auto","background-attachment":"scroll","background-type":"","background-media":"","overlay-type":"","overlay-color":"","overlay-opacity":"","overlay-gradient":""},"tablet":{"background-color":"","background-image":"","background-repeat":"repeat","background-position":"center center","background-size":"auto","background-attachment":"scroll","background-type":"","background-media":"","overlay-type":"","overlay-color":"","overlay-opacity":"","overlay-gradient":""},"mobile":{"background-color":"","background-image":"","background-repeat":"repeat","background-position":"center center","background-size":"auto","background-attachment":"scroll","background-type":"","background-media":"","overlay-type":"","overlay-color":"","overlay-opacity":"","overlay-gradient":""}},"ast-content-background-meta":{"desktop":{"background-color":"var(--ast-global-color-5)","background-image":"","background-repeat":"repeat","background-position":"center center","background-size":"auto","background-attachment":"scroll","background-type":"","background-media":"","overlay-type":"","overlay-color":"","overlay-opacity":"","overlay-gradient":""},"tablet":{"background-color":"var(--ast-global-color-5)","background-image":"","background-repeat":"repeat","background-position":"center center","background-size":"auto","background-attachment":"scroll","background-type":"","background-media":"","overlay-type":"","overlay-color":"","overlay-opacity":"","overlay-gradient":""},"mobile":{"background-color":"var(--ast-global-color-5)","background-image":"","background-repeat":"repeat","background-position":"center center","background-size":"auto","background-attachment":"scroll","background-type":"","background-media":"","overlay-type":"","overlay-color":"","overlay-opacity":"","overlay-gradient":""}},"footnotes":""},"class_list":["post-540","page","type-page","status-publish","hentry"],"post_mailing_queue_ids":[],"_links":{"self":[{"href":"https:\/\/agora.xtec.cat\/esc-sjcalassans-lleida\/wp-json\/wp\/v2\/pages\/540","targetHints":{"allow":["GET"]}}],"collection":[{"href":"https:\/\/agora.xtec.cat\/esc-sjcalassans-lleida\/wp-json\/wp\/v2\/pages"}],"about":[{"href":"https:\/\/agora.xtec.cat\/esc-sjcalassans-lleida\/wp-json\/wp\/v2\/types\/page"}],"author":[{"embeddable":true,"href":"https:\/\/agora.xtec.cat\/esc-sjcalassans-lleida\/wp-json\/wp\/v2\/users\/1"}],"replies":[{"embeddable":true,"href":"https:\/\/agora.xtec.cat\/esc-sjcalassans-lleida\/wp-json\/wp\/v2\/comments?post=540"}],"version-history":[{"count":6,"href":"https:\/\/agora.xtec.cat\/esc-sjcalassans-lleida\/wp-json\/wp\/v2\/pages\/540\/revisions"}],"predecessor-version":[{"id":20874,"href":"https:\/\/agora.xtec.cat\/esc-sjcalassans-lleida\/wp-json\/wp\/v2\/pages\/540\/revisions\/20874"}],"up":[{"embeddable":true,"href":"https:\/\/agora.xtec.cat\/esc-sjcalassans-lleida\/wp-json\/wp\/v2\/pages\/22"}],"wp:attachment":[{"href":"https:\/\/agora.xtec.cat\/esc-sjcalassans-lleida\/wp-json\/wp\/v2\/media?parent=540"}],"curies":[{"name":"wp","href":"https:\/\/api.w.org\/{rel}","templated":true}]}}