{"id":486,"date":"2016-07-05T20:51:44","date_gmt":"2016-07-05T19:51:44","guid":{"rendered":"http:\/\/agora.xtec.cat\/esc-sjcalassans-lleida\/?page_id=486"},"modified":"2026-01-27T12:13:11","modified_gmt":"2026-01-27T11:13:11","slug":"taller-expressio-escrita-cicle-superior","status":"publish","type":"page","link":"https:\/\/agora.xtec.cat\/esc-sjcalassans-lleida\/taller-expressio-escrita-cicle-superior\/","title":{"rendered":"La metodologia de tallers: aprendre fent, entre iguals i en grups redu\u00efts"},"content":{"rendered":"<p style=\"text-align: justify;\" data-start=\"221\" data-end=\"587\">A la nostra escola apostem per una metodologia activa basada en <strong data-start=\"285\" data-end=\"309\">tallers internivells<\/strong>, que promou l\u2019aprenentatge significatiu, la cooperaci\u00f3 i l\u2019atenci\u00f3 a la diversitat. Aquesta organitzaci\u00f3 permet que <strong data-start=\"426\" data-end=\"470\">tot l\u2019alumnat participi en grups redu\u00efts<\/strong>, formats per nens i nenes de diferents cursos, afavorint aix\u00ed l\u2019ajuda m\u00fatua, l\u2019autonomia i el respecte entre iguals. Els tallers es duen a terme a les dues comunitats del centre:<\/p>\n<h3 style=\"text-align: justify;\" data-start=\"652\" data-end=\"690\">Comunitat de Mitjanes (1r, 2n i 3r)<\/h3>\n<p style=\"text-align: justify;\" data-start=\"691\" data-end=\"883\">L\u2019alumnat de la comunitat de mitjans participa en un total d\u2019<strong data-start=\"752\" data-end=\"778\">11 sessions de tallers<\/strong>, dissenyades per treballar diferents compet\u00e8ncies b\u00e0siques de manera pr\u00e0ctica, manipulativa i vivencial.<\/p>\n<p style=\"text-align: justify;\" data-start=\"885\" data-end=\"932\">Els <strong data-start=\"889\" data-end=\"927\">tallers de la comunitat de mitjans<\/strong> s\u00f3n:<\/p>\n<ol style=\"text-align: justify;\" data-start=\"933\" data-end=\"1158\">\n<li data-start=\"933\" data-end=\"1005\">\n<p data-start=\"936\" data-end=\"1005\"><strong data-start=\"936\" data-end=\"976\">Compet\u00e8ncia oral en llengua catalana<\/strong> <em data-start=\"977\" data-end=\"1003\">(comprensi\u00f3 i expressi\u00f3)<\/em><\/p>\n<\/li>\n<li data-start=\"1006\" data-end=\"1053\">\n<p data-start=\"1009\" data-end=\"1053\"><strong data-start=\"1009\" data-end=\"1051\">Matem\u00e0tiques i pensament computacional<\/strong><\/p>\n<\/li>\n<li data-start=\"1054\" data-end=\"1092\">\n<p data-start=\"1057\" data-end=\"1092\"><strong data-start=\"1057\" data-end=\"1090\">Artistic workshop and theater<\/strong><\/p>\n<\/li>\n<li data-start=\"1054\" data-end=\"1092\">\n<p data-start=\"1057\" data-end=\"1092\"><strong data-start=\"1096\" data-end=\"1119\">Hort i medi ambient<\/strong><\/p>\n<\/li>\n<li data-start=\"1054\" data-end=\"1092\">\n<p data-start=\"1057\" data-end=\"1092\"><strong data-start=\"1125\" data-end=\"1158\">Expressi\u00f3 corporal i moviment<\/strong><\/p>\n<\/li>\n<\/ol>\n<h3 style=\"text-align: justify;\" data-start=\"1160\" data-end=\"1196\">Comunitat de Grans (4t, 5\u00e8 i 6\u00e8)<\/h3>\n<p style=\"text-align: justify;\" data-start=\"1197\" data-end=\"1385\">A la comunitat de grans, els tallers es desenvolupen al llarg de <strong data-start=\"1262\" data-end=\"1277\">10 sessions<\/strong>, amb propostes que fomenten el pensament cr\u00edtic, la creativitat, la comunicaci\u00f3 i la consci\u00e8ncia ambiental.<\/p>\n<p style=\"text-align: justify;\" data-start=\"1387\" data-end=\"1432\">Els <strong data-start=\"1391\" data-end=\"1427\">tallers de la comunitat de grans<\/strong> s\u00f3n:<\/p>\n<ol style=\"text-align: justify;\" data-start=\"1433\" data-end=\"1653\">\n<li data-start=\"1433\" data-end=\"1505\">\n<p data-start=\"1436\" data-end=\"1505\"><strong data-start=\"1436\" data-end=\"1476\">Compet\u00e8ncia oral en llengua catalana<\/strong> <em data-start=\"1477\" data-end=\"1503\">(comprensi\u00f3 i expressi\u00f3)<\/em><\/p>\n<\/li>\n<li data-start=\"1506\" data-end=\"1553\">\n<p data-start=\"1509\" data-end=\"1553\"><strong data-start=\"1509\" data-end=\"1551\">Matem\u00e0tiques i pensament computacional<\/strong><\/p>\n<\/li>\n<li data-start=\"1506\" data-end=\"1553\">\n<p data-start=\"1509\" data-end=\"1553\"><strong data-start=\"1557\" data-end=\"1590\">Artistic workshop and theater<\/strong><\/p>\n<\/li>\n<li data-start=\"1506\" data-end=\"1553\">\n<p data-start=\"1509\" data-end=\"1553\"><strong data-start=\"1596\" data-end=\"1619\">Hort i medi ambient<\/strong><\/p>\n<\/li>\n<li data-start=\"1506\" data-end=\"1553\">\n<p data-start=\"1509\" data-end=\"1553\"><strong data-start=\"1625\" data-end=\"1653\">Ci\u00e8ncia i experimentaci\u00f3<\/strong><\/p>\n<\/li>\n<\/ol>\n<p style=\"text-align: justify;\">A trav\u00e9s d\u2019aquesta metodologia, l\u2019alumnat es converteix en protagonista del seu propi aprenentatge, experimentant, investigant i creant en un entorn motivador i col\u00b7laboratiu. Els tallers permeten adaptar els ritmes d\u2019aprenentatge, potenciar els talents individuals i refor\u00e7ar les compet\u00e8ncies clau d\u2019una manera global i integrada.<\/p>\n","protected":false},"excerpt":{"rendered":"<p>A la nostra escola apostem per una metodologia activa basada en tallers internivells, que promou l\u2019aprenentatge significatiu, la cooperaci\u00f3 i l\u2019atenci\u00f3 a la diversitat. Aquesta organitzaci\u00f3 permet que tot l\u2019alumnat participi en grups redu\u00efts, formats per nens i nenes de diferents cursos, afavorint aix\u00ed l\u2019ajuda m\u00fatua, l\u2019autonomia i el respecte entre iguals. Els tallers es [&hellip;]<\/p>\n","protected":false},"author":1,"featured_media":0,"parent":0,"menu_order":0,"comment_status":"closed","ping_status":"closed","template":"","meta":{"_bbp_topic_count":0,"_bbp_reply_count":0,"_bbp_total_topic_count":0,"_bbp_total_reply_count":0,"_bbp_voice_count":0,"_bbp_anonymous_reply_count":0,"_bbp_topic_count_hidden":0,"_bbp_reply_count_hidden":0,"_bbp_forum_subforum_count":0,"site-sidebar-layout":"default","site-content-layout":"","ast-site-content-layout":"","site-content-style":"default","site-sidebar-style":"default","ast-global-header-display":"","ast-banner-title-visibility":"","ast-main-header-display":"","ast-hfb-above-header-display":"","ast-hfb-below-header-display":"","ast-hfb-mobile-header-display":"","site-post-title":"","ast-breadcrumbs-content":"","ast-featured-img":"","footer-sml-layout":"","theme-transparent-header-meta":"","adv-header-id-meta":"","stick-header-meta":"","header-above-stick-meta":"","header-main-stick-meta":"","header-below-stick-meta":"","astra-migrate-meta-layouts":"default","ast-page-background-enabled":"default","ast-page-background-meta":{"desktop":{"background-color":"var(--ast-global-color-4)","background-image":"","background-repeat":"repeat","background-position":"center center","background-size":"auto","background-attachment":"scroll","background-type":"","background-media":"","overlay-type":"","overlay-color":"","overlay-opacity":"","overlay-gradient":""},"tablet":{"background-color":"","background-image":"","background-repeat":"repeat","background-position":"center center","background-size":"auto","background-attachment":"scroll","background-type":"","background-media":"","overlay-type":"","overlay-color":"","overlay-opacity":"","overlay-gradient":""},"mobile":{"background-color":"","background-image":"","background-repeat":"repeat","background-position":"center center","background-size":"auto","background-attachment":"scroll","background-type":"","background-media":"","overlay-type":"","overlay-color":"","overlay-opacity":"","overlay-gradient":""}},"ast-content-background-meta":{"desktop":{"background-color":"var(--ast-global-color-5)","background-image":"","background-repeat":"repeat","background-position":"center center","background-size":"auto","background-attachment":"scroll","background-type":"","background-media":"","overlay-type":"","overlay-color":"","overlay-opacity":"","overlay-gradient":""},"tablet":{"background-color":"var(--ast-global-color-5)","background-image":"","background-repeat":"repeat","background-position":"center center","background-size":"auto","background-attachment":"scroll","background-type":"","background-media":"","overlay-type":"","overlay-color":"","overlay-opacity":"","overlay-gradient":""},"mobile":{"background-color":"var(--ast-global-color-5)","background-image":"","background-repeat":"repeat","background-position":"center center","background-size":"auto","background-attachment":"scroll","background-type":"","background-media":"","overlay-type":"","overlay-color":"","overlay-opacity":"","overlay-gradient":""}},"footnotes":""},"class_list":["post-486","page","type-page","status-publish","hentry"],"post_mailing_queue_ids":[],"_links":{"self":[{"href":"https:\/\/agora.xtec.cat\/esc-sjcalassans-lleida\/wp-json\/wp\/v2\/pages\/486","targetHints":{"allow":["GET"]}}],"collection":[{"href":"https:\/\/agora.xtec.cat\/esc-sjcalassans-lleida\/wp-json\/wp\/v2\/pages"}],"about":[{"href":"https:\/\/agora.xtec.cat\/esc-sjcalassans-lleida\/wp-json\/wp\/v2\/types\/page"}],"author":[{"embeddable":true,"href":"https:\/\/agora.xtec.cat\/esc-sjcalassans-lleida\/wp-json\/wp\/v2\/users\/1"}],"replies":[{"embeddable":true,"href":"https:\/\/agora.xtec.cat\/esc-sjcalassans-lleida\/wp-json\/wp\/v2\/comments?post=486"}],"version-history":[{"count":5,"href":"https:\/\/agora.xtec.cat\/esc-sjcalassans-lleida\/wp-json\/wp\/v2\/pages\/486\/revisions"}],"predecessor-version":[{"id":20721,"href":"https:\/\/agora.xtec.cat\/esc-sjcalassans-lleida\/wp-json\/wp\/v2\/pages\/486\/revisions\/20721"}],"wp:attachment":[{"href":"https:\/\/agora.xtec.cat\/esc-sjcalassans-lleida\/wp-json\/wp\/v2\/media?parent=486"}],"curies":[{"name":"wp","href":"https:\/\/api.w.org\/{rel}","templated":true}]}}