{"id":480,"date":"2016-07-05T20:46:02","date_gmt":"2016-07-05T19:46:02","guid":{"rendered":"http:\/\/agora.xtec.cat\/esc-sjcalassans-lleida\/?page_id=480"},"modified":"2022-02-11T12:53:36","modified_gmt":"2022-02-11T11:53:36","slug":"projecte-escoltam","status":"publish","type":"page","link":"https:\/\/agora.xtec.cat\/esc-sjcalassans-lleida\/projecte-escoltam\/","title":{"rendered":"Projecte escolta&#8217;m"},"content":{"rendered":"<p style=\"text-align: justify;\">Aquest curs l\u2019escola continua amb el PROJECTE ESCOLTA\u2019M a tots els cursos de Prim\u00e0ria.<\/p>\n<p style=\"text-align: justify;\">El projecte proposa personalitzar l\u2019escola amb un pla d\u2019intervenci\u00f3 educativa que estableixi una vinculaci\u00f3 educativa positiva entre el tutor i l\u2019alumne, i que proporcioni a tot l\u2019alumnat factors promotors que els reconeguin i acompanyin en el seu creixement per anar aconseguint cotes de seguretat personal que l\u2019ajudin a desenvolupar-se de forma integral i satisfact\u00f2ria.<\/p>\n<p style=\"text-align: justify;\">Una relaci\u00f3 tutorial fonamentada a partir de:<br \/>\n\u2022 la confian\u00e7a, aconseguida mitjan\u00e7ant l\u2019escolta activa,<br \/>\n\u2022 la mirada capacitadora,<br \/>\n\u2022 la gesti\u00f3 relacional, amb el reconeixement i la identificaci\u00f3 per part del tutor de cadascun dels alumnes del grup-classe sense exclusi\u00f3.<\/p>\n<p style=\"text-align: justify;\">La finalitat \u00faltima del projecte t\u00e9 dos grans \u00e0mbits:<br \/>\n\u2022 Una millora de la conviv\u00e8ncia a l\u2019aula i en general al centre educatiu.<br \/>\n\u2022 Una millora dels aprenentatges de l\u2019alumnat.<\/p>\n<p style=\"text-align: justify;\"><a href=\"http:\/\/agora.xtec.cat\/esc-sjcalassans-lleida\/wp-content\/uploads\/usu1305\/2016\/12\/Escolta-e1482003139337.jpg\"><img loading=\"lazy\" decoding=\"async\" class=\"aligncenter wp-image-681 size-full\" src=\"http:\/\/agora.xtec.cat\/esc-sjcalassans-lleida\/wp-content\/uploads\/usu1305\/2016\/12\/Escolta-e1482003139337.jpg\" alt=\"Espai Escolta'm\" width=\"450\" height=\"285\" \/><\/a><\/p>\n","protected":false},"excerpt":{"rendered":"<p>Aquest curs l\u2019escola continua amb el PROJECTE ESCOLTA\u2019M a tots els cursos de Prim\u00e0ria. El projecte proposa personalitzar l\u2019escola amb un pla d\u2019intervenci\u00f3 educativa que estableixi una vinculaci\u00f3 educativa positiva entre el tutor i l\u2019alumne, i que proporcioni a tot l\u2019alumnat factors promotors que els reconeguin i acompanyin en el seu creixement per anar aconseguint [&hellip;]<\/p>\n","protected":false},"author":1,"featured_media":0,"parent":0,"menu_order":0,"comment_status":"closed","ping_status":"closed","template":"","meta":{"_bbp_topic_count":0,"_bbp_reply_count":0,"_bbp_total_topic_count":0,"_bbp_total_reply_count":0,"_bbp_voice_count":0,"_bbp_anonymous_reply_count":0,"_bbp_topic_count_hidden":0,"_bbp_reply_count_hidden":0,"_bbp_forum_subforum_count":0,"site-sidebar-layout":"default","site-content-layout":"","ast-site-content-layout":"","site-content-style":"default","site-sidebar-style":"default","ast-global-header-display":"","ast-banner-title-visibility":"","ast-main-header-display":"","ast-hfb-above-header-display":"","ast-hfb-below-header-display":"","ast-hfb-mobile-header-display":"","site-post-title":"","ast-breadcrumbs-content":"","ast-featured-img":"","footer-sml-layout":"","theme-transparent-header-meta":"","adv-header-id-meta":"","stick-header-meta":"","header-above-stick-meta":"","header-main-stick-meta":"","header-below-stick-meta":"","astra-migrate-meta-layouts":"default","ast-page-background-enabled":"default","ast-page-background-meta":{"desktop":{"background-color":"var(--ast-global-color-4)","background-image":"","background-repeat":"repeat","background-position":"center center","background-size":"auto","background-attachment":"scroll","background-type":"","background-media":"","overlay-type":"","overlay-color":"","overlay-opacity":"","overlay-gradient":""},"tablet":{"background-color":"","background-image":"","background-repeat":"repeat","background-position":"center center","background-size":"auto","background-attachment":"scroll","background-type":"","background-media":"","overlay-type":"","overlay-color":"","overlay-opacity":"","overlay-gradient":""},"mobile":{"background-color":"","background-image":"","background-repeat":"repeat","background-position":"center center","background-size":"auto","background-attachment":"scroll","background-type":"","background-media":"","overlay-type":"","overlay-color":"","overlay-opacity":"","overlay-gradient":""}},"ast-content-background-meta":{"desktop":{"background-color":"var(--ast-global-color-5)","background-image":"","background-repeat":"repeat","background-position":"center center","background-size":"auto","background-attachment":"scroll","background-type":"","background-media":"","overlay-type":"","overlay-color":"","overlay-opacity":"","overlay-gradient":""},"tablet":{"background-color":"var(--ast-global-color-5)","background-image":"","background-repeat":"repeat","background-position":"center center","background-size":"auto","background-attachment":"scroll","background-type":"","background-media":"","overlay-type":"","overlay-color":"","overlay-opacity":"","overlay-gradient":""},"mobile":{"background-color":"var(--ast-global-color-5)","background-image":"","background-repeat":"repeat","background-position":"center center","background-size":"auto","background-attachment":"scroll","background-type":"","background-media":"","overlay-type":"","overlay-color":"","overlay-opacity":"","overlay-gradient":""}},"footnotes":""},"class_list":["post-480","page","type-page","status-publish","hentry"],"post_mailing_queue_ids":[],"_links":{"self":[{"href":"https:\/\/agora.xtec.cat\/esc-sjcalassans-lleida\/wp-json\/wp\/v2\/pages\/480","targetHints":{"allow":["GET"]}}],"collection":[{"href":"https:\/\/agora.xtec.cat\/esc-sjcalassans-lleida\/wp-json\/wp\/v2\/pages"}],"about":[{"href":"https:\/\/agora.xtec.cat\/esc-sjcalassans-lleida\/wp-json\/wp\/v2\/types\/page"}],"author":[{"embeddable":true,"href":"https:\/\/agora.xtec.cat\/esc-sjcalassans-lleida\/wp-json\/wp\/v2\/users\/1"}],"replies":[{"embeddable":true,"href":"https:\/\/agora.xtec.cat\/esc-sjcalassans-lleida\/wp-json\/wp\/v2\/comments?post=480"}],"version-history":[{"count":4,"href":"https:\/\/agora.xtec.cat\/esc-sjcalassans-lleida\/wp-json\/wp\/v2\/pages\/480\/revisions"}],"predecessor-version":[{"id":18406,"href":"https:\/\/agora.xtec.cat\/esc-sjcalassans-lleida\/wp-json\/wp\/v2\/pages\/480\/revisions\/18406"}],"wp:attachment":[{"href":"https:\/\/agora.xtec.cat\/esc-sjcalassans-lleida\/wp-json\/wp\/v2\/media?parent=480"}],"curies":[{"name":"wp","href":"https:\/\/api.w.org\/{rel}","templated":true}]}}