{"id":38,"date":"2014-09-18T12:34:08","date_gmt":"2014-09-18T11:34:08","guid":{"rendered":"http:\/\/agora.xtec.cat\/esc-sjcalassans-lleida\/?page_id=38"},"modified":"2026-01-27T12:22:21","modified_gmt":"2026-01-27T11:22:21","slug":"centre-formador","status":"publish","type":"page","link":"https:\/\/agora.xtec.cat\/esc-sjcalassans-lleida\/lescola\/centre-formador\/","title":{"rendered":"L\u2019escola, centre formador d\u2019alumnat universitari d\u2019Educaci\u00f3"},"content":{"rendered":"<p style=\"text-align: justify;\" data-start=\"172\" data-end=\"408\">La nostra escola \u00e9s <strong data-start=\"192\" data-end=\"297\">centre formador d\u2019alumnat universitari del Grau d\u2019Educaci\u00f3 Infantil i Prim\u00e0ria de la Universitat de Lleida (UdL)<\/strong>, un reconeixement que posa en valor la tasca educativa, pedag\u00f2gica i de qualitat que es desenvolupa al centre.<\/p>\n<p style=\"text-align: justify;\" data-start=\"410\" data-end=\"719\">Aquest reconeixement ens permet <strong data-start=\"442\" data-end=\"503\">acollir estudiants universitaris en per\u00edode de pr\u00e0ctiques<\/strong>, tant en modalitat <strong data-start=\"523\" data-end=\"531\">dual<\/strong> com en altres itineraris vinculats a <strong data-start=\"569\" data-end=\"608\">mencions dels estudis universitaris<\/strong>, oferint-los una experi\u00e8ncia formativa real, significativa i directament connectada amb la realitat de l\u2019aula.<\/p>\n<p style=\"text-align: justify;\" data-start=\"721\" data-end=\"778\">Com a centre formador, l\u2019escola assumeix el comprom\u00eds de:<\/p>\n<ul style=\"text-align: justify;\" data-start=\"779\" data-end=\"1023\">\n<li data-start=\"779\" data-end=\"858\">\n<p data-start=\"781\" data-end=\"858\">Acompanyar les futures mestres en el seu proc\u00e9s d\u2019aprenentatge professional.<\/p>\n<\/li>\n<li data-start=\"859\" data-end=\"926\">\n<p data-start=\"861\" data-end=\"926\">Facilitar espais de pr\u00e0ctica, observaci\u00f3 i reflexi\u00f3 pedag\u00f2gica.<\/p>\n<\/li>\n<li data-start=\"927\" data-end=\"1023\">\n<p data-start=\"929\" data-end=\"1023\">Contribuir a la formaci\u00f3 de docents competents, cr\u00edtics i compromesos amb l\u2019educaci\u00f3.<\/p>\n<\/li>\n<\/ul>\n<p style=\"text-align: justify;\" data-start=\"1025\" data-end=\"1261\">Aquesta col\u00b7laboraci\u00f3 amb la <strong data-start=\"1054\" data-end=\"1085\">Universitat de Lleida (UdL)<\/strong> enriqueix tant l\u2019alumnat universitari com el propi centre, ja que fomenta l\u2019intercanvi de coneixements, la innovaci\u00f3 pedag\u00f2gica i la millora cont\u00ednua de la pr\u00e0ctica educativa.<\/p>\n<p style=\"text-align: justify;\" data-start=\"1025\" data-end=\"1261\">Des de l\u2019escola valorem molt positivament formar part de la xarxa de <strong data-start=\"1332\" data-end=\"1353\">centres formadors<\/strong>, ja que refor\u00e7a el nostre paper com a espai educatiu de refer\u00e8ncia i ens permet contribuir activament a la formaci\u00f3 de les futures generacions de mestres.<\/p>\n","protected":false},"excerpt":{"rendered":"<p>La nostra escola \u00e9s centre formador d\u2019alumnat universitari del Grau d\u2019Educaci\u00f3 Infantil i Prim\u00e0ria de la Universitat de Lleida (UdL), un reconeixement que posa en valor la tasca educativa, pedag\u00f2gica i de qualitat que es desenvolupa al centre. Aquest reconeixement ens permet acollir estudiants universitaris en per\u00edode de pr\u00e0ctiques, tant en modalitat dual com en [&hellip;]<\/p>\n","protected":false},"author":1,"featured_media":0,"parent":22,"menu_order":80,"comment_status":"closed","ping_status":"closed","template":"page-templates\/side-menu.php","meta":{"_bbp_topic_count":0,"_bbp_reply_count":0,"_bbp_total_topic_count":0,"_bbp_total_reply_count":0,"_bbp_voice_count":0,"_bbp_anonymous_reply_count":0,"_bbp_topic_count_hidden":0,"_bbp_reply_count_hidden":0,"_bbp_forum_subforum_count":0,"site-sidebar-layout":"default","site-content-layout":"","ast-site-content-layout":"","site-content-style":"default","site-sidebar-style":"default","ast-global-header-display":"","ast-banner-title-visibility":"","ast-main-header-display":"","ast-hfb-above-header-display":"","ast-hfb-below-header-display":"","ast-hfb-mobile-header-display":"","site-post-title":"","ast-breadcrumbs-content":"","ast-featured-img":"","footer-sml-layout":"","theme-transparent-header-meta":"","adv-header-id-meta":"","stick-header-meta":"","header-above-stick-meta":"","header-main-stick-meta":"","header-below-stick-meta":"","astra-migrate-meta-layouts":"default","ast-page-background-enabled":"default","ast-page-background-meta":{"desktop":{"background-color":"var(--ast-global-color-4)","background-image":"","background-repeat":"repeat","background-position":"center center","background-size":"auto","background-attachment":"scroll","background-type":"","background-media":"","overlay-type":"","overlay-color":"","overlay-opacity":"","overlay-gradient":""},"tablet":{"background-color":"","background-image":"","background-repeat":"repeat","background-position":"center center","background-size":"auto","background-attachment":"scroll","background-type":"","background-media":"","overlay-type":"","overlay-color":"","overlay-opacity":"","overlay-gradient":""},"mobile":{"background-color":"","background-image":"","background-repeat":"repeat","background-position":"center center","background-size":"auto","background-attachment":"scroll","background-type":"","background-media":"","overlay-type":"","overlay-color":"","overlay-opacity":"","overlay-gradient":""}},"ast-content-background-meta":{"desktop":{"background-color":"var(--ast-global-color-5)","background-image":"","background-repeat":"repeat","background-position":"center center","background-size":"auto","background-attachment":"scroll","background-type":"","background-media":"","overlay-type":"","overlay-color":"","overlay-opacity":"","overlay-gradient":""},"tablet":{"background-color":"var(--ast-global-color-5)","background-image":"","background-repeat":"repeat","background-position":"center center","background-size":"auto","background-attachment":"scroll","background-type":"","background-media":"","overlay-type":"","overlay-color":"","overlay-opacity":"","overlay-gradient":""},"mobile":{"background-color":"var(--ast-global-color-5)","background-image":"","background-repeat":"repeat","background-position":"center center","background-size":"auto","background-attachment":"scroll","background-type":"","background-media":"","overlay-type":"","overlay-color":"","overlay-opacity":"","overlay-gradient":""}},"footnotes":""},"class_list":["post-38","page","type-page","status-publish","hentry"],"post_mailing_queue_ids":[],"_links":{"self":[{"href":"https:\/\/agora.xtec.cat\/esc-sjcalassans-lleida\/wp-json\/wp\/v2\/pages\/38","targetHints":{"allow":["GET"]}}],"collection":[{"href":"https:\/\/agora.xtec.cat\/esc-sjcalassans-lleida\/wp-json\/wp\/v2\/pages"}],"about":[{"href":"https:\/\/agora.xtec.cat\/esc-sjcalassans-lleida\/wp-json\/wp\/v2\/types\/page"}],"author":[{"embeddable":true,"href":"https:\/\/agora.xtec.cat\/esc-sjcalassans-lleida\/wp-json\/wp\/v2\/users\/1"}],"replies":[{"embeddable":true,"href":"https:\/\/agora.xtec.cat\/esc-sjcalassans-lleida\/wp-json\/wp\/v2\/comments?post=38"}],"version-history":[{"count":5,"href":"https:\/\/agora.xtec.cat\/esc-sjcalassans-lleida\/wp-json\/wp\/v2\/pages\/38\/revisions"}],"predecessor-version":[{"id":20723,"href":"https:\/\/agora.xtec.cat\/esc-sjcalassans-lleida\/wp-json\/wp\/v2\/pages\/38\/revisions\/20723"}],"up":[{"embeddable":true,"href":"https:\/\/agora.xtec.cat\/esc-sjcalassans-lleida\/wp-json\/wp\/v2\/pages\/22"}],"wp:attachment":[{"href":"https:\/\/agora.xtec.cat\/esc-sjcalassans-lleida\/wp-json\/wp\/v2\/media?parent=38"}],"curies":[{"name":"wp","href":"https:\/\/api.w.org\/{rel}","templated":true}]}}