{"id":26,"date":"2014-09-18T12:24:32","date_gmt":"2014-09-18T11:24:32","guid":{"rendered":"http:\/\/agora.xtec.cat\/esc-sjcalassans-lleida\/?page_id=26"},"modified":"2022-06-23T12:55:43","modified_gmt":"2022-06-23T10:55:43","slug":"historia","status":"publish","type":"page","link":"https:\/\/agora.xtec.cat\/esc-sjcalassans-lleida\/lescola\/historia\/","title":{"rendered":"Hist\u00f2ria"},"content":{"rendered":"<p style=\"text-align: justify; padding-left: 30px;\">El 9 de setembre de 1927, comen\u00e7a la construcci\u00f3 a Lleida d\u2019un conjunt d\u2019habitatges, conegut amb el nom de Cases Barates. No se sap el perqu\u00e8, per\u00f2 popularment van ser conegudes amb aquest nom, malgrat ni eren barates ni eren cases, eren xalets unifamiliars.<br \/>\nEls anys 20, Lleida havia crescut demogr\u00e0ficament i es van haver de fer noves construccions. Va suposar l\u2019obertura i tra\u00e7at de nous carrers i l\u2019establiment de serveis i equipaments nous.<\/p>\n<p style=\"text-align: justify; padding-left: 30px;\">Se\u2019n van construir 50 de xalets unifamiliars, amb planta baixa i un pis, vorejats per una petita zona enjardinada. I es constru\u00efren en el lateral esquerre de l\u2019Avinguda Prat de la Riba, entre les carreteres de Torrefarrera i Osca, avui Alcalde Porqueres i Rovira Roure. I per a que res no hi falt\u00e9s es constru\u00ed tamb\u00e9 un local social a la pla\u00e7a \u201cAmics de Lleida\u201d, que a la llarga es convert\u00ed en centre escolar amb el nom de Escuela \u201cCasa Social\u201d, per despr\u00e9s anomenar-se \u201cSant Josep de Calassan\u00e7\u201d i conegut com \u201cel xalet\u201d.<\/p>\n<p style=\"text-align: justify; padding-left: 30px;\">Amb els anys la poblaci\u00f3 d\u2019aquest barri va cr\u00e9ixer tant, que el 20 de setembre de 1984, es va inaugurar una altra escola al carrer Pau Claris que complementava aquest primer centre de la pla\u00e7a \u201cAmics de Lleida\u201d. Aqu\u00ed s\u2019imparteix classes als alumnes de Prim\u00e0ria i el xalet ha quedat pels alumnes d\u2019Educaci\u00f3 Infantil.<\/p>\n<p style=\"text-align: justify; padding-left: 30px;\">Actualment som un centre p\u00fablic d\u2019Educaci\u00f3 Infantil i Prim\u00e0ria d\u2019una sola l\u00ednia, ubicat al barri anomenat Xalets-Humbert Torres de Lleida. Un barri petit situat al nord del casc urb\u00e0 amb una poblaci\u00f3 actual de 4.500 habitants aproximadament. L\u2019escola la formen uns 225 alumnes amb un % molt elevat d\u2019alumnes d\u2019origen estranger. La proced\u00e8ncia \u00e9s molt variada: Centre i Sudam\u00e8rica, \u00c0frica, \u00c0sia i Uni\u00f3 Europea.<\/p>\n<p style=\"text-align: justify; padding-left: 30px;\"><a href=\"http:\/\/agora.xtec.cat\/esc-sjcalassans-lleida\/wp-content\/uploads\/usu1305\/2014\/09\/FotorCreated-e1484904542403.jpg\"><img loading=\"lazy\" decoding=\"async\" class=\"aligncenter size-full wp-image-753\" src=\"http:\/\/agora.xtec.cat\/esc-sjcalassans-lleida\/wp-content\/uploads\/usu1305\/2014\/09\/FotorCreated-e1484904542403.jpg\" alt=\"fotorcreated\" width=\"500\" height=\"313\" \/><\/a><\/p>\n<p style=\"text-align: justify; padding-left: 30px;\">\n","protected":false},"excerpt":{"rendered":"<p>El 9 de setembre de 1927, comen\u00e7a la construcci\u00f3 a Lleida d\u2019un conjunt d\u2019habitatges, conegut amb el nom de Cases Barates. No se sap el perqu\u00e8, per\u00f2 popularment van ser conegudes amb aquest nom, malgrat ni eren barates ni eren cases, eren xalets unifamiliars. Els anys 20, Lleida havia crescut demogr\u00e0ficament i es van haver [&hellip;]<\/p>\n","protected":false},"author":1,"featured_media":0,"parent":22,"menu_order":20,"comment_status":"closed","ping_status":"closed","template":"page-templates\/side-menu.php","meta":{"_bbp_topic_count":0,"_bbp_reply_count":0,"_bbp_total_topic_count":0,"_bbp_total_reply_count":0,"_bbp_voice_count":0,"_bbp_anonymous_reply_count":0,"_bbp_topic_count_hidden":0,"_bbp_reply_count_hidden":0,"_bbp_forum_subforum_count":0,"site-sidebar-layout":"default","site-content-layout":"","ast-site-content-layout":"","site-content-style":"default","site-sidebar-style":"default","ast-global-header-display":"","ast-banner-title-visibility":"","ast-main-header-display":"","ast-hfb-above-header-display":"","ast-hfb-below-header-display":"","ast-hfb-mobile-header-display":"","site-post-title":"","ast-breadcrumbs-content":"","ast-featured-img":"","footer-sml-layout":"","theme-transparent-header-meta":"","adv-header-id-meta":"","stick-header-meta":"","header-above-stick-meta":"","header-main-stick-meta":"","header-below-stick-meta":"","astra-migrate-meta-layouts":"default","ast-page-background-enabled":"default","ast-page-background-meta":{"desktop":{"background-color":"var(--ast-global-color-4)","background-image":"","background-repeat":"repeat","background-position":"center center","background-size":"auto","background-attachment":"scroll","background-type":"","background-media":"","overlay-type":"","overlay-color":"","overlay-opacity":"","overlay-gradient":""},"tablet":{"background-color":"","background-image":"","background-repeat":"repeat","background-position":"center center","background-size":"auto","background-attachment":"scroll","background-type":"","background-media":"","overlay-type":"","overlay-color":"","overlay-opacity":"","overlay-gradient":""},"mobile":{"background-color":"","background-image":"","background-repeat":"repeat","background-position":"center center","background-size":"auto","background-attachment":"scroll","background-type":"","background-media":"","overlay-type":"","overlay-color":"","overlay-opacity":"","overlay-gradient":""}},"ast-content-background-meta":{"desktop":{"background-color":"var(--ast-global-color-5)","background-image":"","background-repeat":"repeat","background-position":"center center","background-size":"auto","background-attachment":"scroll","background-type":"","background-media":"","overlay-type":"","overlay-color":"","overlay-opacity":"","overlay-gradient":""},"tablet":{"background-color":"var(--ast-global-color-5)","background-image":"","background-repeat":"repeat","background-position":"center center","background-size":"auto","background-attachment":"scroll","background-type":"","background-media":"","overlay-type":"","overlay-color":"","overlay-opacity":"","overlay-gradient":""},"mobile":{"background-color":"var(--ast-global-color-5)","background-image":"","background-repeat":"repeat","background-position":"center center","background-size":"auto","background-attachment":"scroll","background-type":"","background-media":"","overlay-type":"","overlay-color":"","overlay-opacity":"","overlay-gradient":""}},"footnotes":""},"class_list":["post-26","page","type-page","status-publish","hentry"],"post_mailing_queue_ids":[],"_links":{"self":[{"href":"https:\/\/agora.xtec.cat\/esc-sjcalassans-lleida\/wp-json\/wp\/v2\/pages\/26","targetHints":{"allow":["GET"]}}],"collection":[{"href":"https:\/\/agora.xtec.cat\/esc-sjcalassans-lleida\/wp-json\/wp\/v2\/pages"}],"about":[{"href":"https:\/\/agora.xtec.cat\/esc-sjcalassans-lleida\/wp-json\/wp\/v2\/types\/page"}],"author":[{"embeddable":true,"href":"https:\/\/agora.xtec.cat\/esc-sjcalassans-lleida\/wp-json\/wp\/v2\/users\/1"}],"replies":[{"embeddable":true,"href":"https:\/\/agora.xtec.cat\/esc-sjcalassans-lleida\/wp-json\/wp\/v2\/comments?post=26"}],"version-history":[{"count":4,"href":"https:\/\/agora.xtec.cat\/esc-sjcalassans-lleida\/wp-json\/wp\/v2\/pages\/26\/revisions"}],"predecessor-version":[{"id":18906,"href":"https:\/\/agora.xtec.cat\/esc-sjcalassans-lleida\/wp-json\/wp\/v2\/pages\/26\/revisions\/18906"}],"up":[{"embeddable":true,"href":"https:\/\/agora.xtec.cat\/esc-sjcalassans-lleida\/wp-json\/wp\/v2\/pages\/22"}],"wp:attachment":[{"href":"https:\/\/agora.xtec.cat\/esc-sjcalassans-lleida\/wp-json\/wp\/v2\/media?parent=26"}],"curies":[{"name":"wp","href":"https:\/\/api.w.org\/{rel}","templated":true}]}}