{"id":18391,"date":"2022-02-10T12:59:51","date_gmt":"2022-02-10T11:59:51","guid":{"rendered":"https:\/\/agora.xtec.cat\/esc-sjcalassans-lleida\/?page_id=18391"},"modified":"2022-02-10T12:59:51","modified_gmt":"2022-02-10T11:59:51","slug":"ambients-educacio-infantil","status":"publish","type":"page","link":"https:\/\/agora.xtec.cat\/esc-sjcalassans-lleida\/projecte-educatiu\/ambients-educacio-infantil\/","title":{"rendered":"Ambients Educaci\u00f3 Infantil"},"content":{"rendered":"<p style=\"text-align: justify;\">Est\u00e0 demostrat que all\u00f2 que el nen apr\u00e8n a trav\u00e9s d&#8217;un joc es transfereix a altres conductes.<br \/>\nEls ambients s\u00f3n diferents <strong>espais d&#8217;aprenentatge<\/strong>, de relaci\u00f3 i comunicaci\u00f3 on a partir de diferents propostes els infants poden actuar, observar, experimentar, construir, inventar, imaginar, compartir, relacionar-se, emocionar-se<span class=\"hiddenGrammarError\">&#8230;i<\/span>\u00a0interactuar amb els altres.<br \/>\nAquest plantejament de treball respon a la necessitat que mostren els infants de jugar i relacionar-se. \u00c9s una manera de poder donar resposta als interessos i necessitats dels infants i respectar els diferents ritmes d&#8217;aprenentatge.<br \/>\nEls infants disposen d&#8217;un temps d&#8217;experi\u00e8ncia activa, constru\u00efda per l&#8217;adult, per\u00f2 reconstru\u00efda per ells mateixos, on nens i nenes es reuneixen per explorar diverses possibilitats de joc i dels materials.<br \/>\nPer aquest motiu a la nostra escola hem apostat per dur-los a terme als tres cursos d&#8217;Educaci\u00f3 Infantil.<\/p>\n<p style=\"text-align: justify;\"><img loading=\"lazy\" decoding=\"async\" class=\"aligncenter  wp-image-18395\" src=\"https:\/\/agora.xtec.cat\/esc-sjcalassans-lleida\/wp-content\/uploads\/usu1305\/2022\/02\/Captura-2.png\" alt=\"\" width=\"414\" height=\"306\" srcset=\"https:\/\/agora.xtec.cat\/esc-sjcalassans-lleida\/wp-content\/uploads\/usu1305\/2022\/02\/Captura-2.png 800w, https:\/\/agora.xtec.cat\/esc-sjcalassans-lleida\/wp-content\/uploads\/usu1305\/2022\/02\/Captura-2-300x222.png 300w, https:\/\/agora.xtec.cat\/esc-sjcalassans-lleida\/wp-content\/uploads\/usu1305\/2022\/02\/Captura-2-768x567.png 768w\" sizes=\"auto, (max-width: 414px) 100vw, 414px\" \/><br \/>\n<strong>Dues tardes a la setmana<\/strong> (dilluns i divendres), els nens i nenes de l&#8217;educaci\u00f3 infantil fan ambients. Ells s\u00f3n els qui trien on volen anar el mateix dia. Els infants durant tot el curs passen per cada ambient i s&#8217;estan en cada un d&#8217;ells tres sessions. Despr\u00e9s canvien d&#8217;ambient.<br \/>\nEls\u00a0<span class=\"hiddenGreenError\" style=\"padding-bottom: 2px; background-image: url('..\/..\/..\/..\/..\/images\/squiggle_green.png'); background-repeat: repeat-x; background-position: left bottom; cursor: default; color: #000000; font-family: 'Open Sans', Helvetica, Arial, sans-serif; font-size: 16px; font-style: normal; font-variant-ligatures: normal; font-variant-caps: normal; font-weight: 300; letter-spacing: normal; orphans: 2; text-align: start; text-indent: 0px; text-transform: none; white-space: normal; widows: 2; word-spacing: 0px; -webkit-text-stroke-width: 0px; text-decoration-thickness: initial; text-decoration-style: initial; text-decoration-color: initial;\">ambient<\/span>\u00a0d&#8217;aprenentatge\u00a0<span class=\"hiddenGrammarError\" style=\"padding-bottom: 2px; background-image: url('..\/..\/..\/..\/..\/images\/squiggle.png'); background-repeat: repeat-x; background-position: left bottom; cursor: default; color: #000000; font-family: 'Open Sans', Helvetica, Arial, sans-serif; font-size: 16px; font-style: normal; font-variant-ligatures: normal; font-variant-caps: normal; font-weight: 300; letter-spacing: normal; orphans: 2; text-align: start; text-indent: 0px; text-transform: none; white-space: normal; widows: 2; word-spacing: 0px; -webkit-text-stroke-width: 0px; text-decoration-thickness: initial; text-decoration-style: initial; text-decoration-color: initial;\">s\u00f3n<\/span>\u00a011; <strong>geometria<\/strong> (aula de\u00a0<span class=\"hiddenSpellError\">p3<\/span>), <strong>sensorial<\/strong> (aula de\u00a0<span class=\"hiddenSpellError\">p4<\/span>),<strong> botiga i restaurant<\/strong> (aules de\u00a0<span class=\"hiddenSpellError\">p5<\/span>), <strong>la llum i foscor<\/strong> (aula de psicomotricitat), <strong>teatral<\/strong> (aula de petits grups) <strong>el de l&#8217;aigua<\/strong> (pati) <strong>Art<\/strong> (l&#8217;aula de petits grups), <strong>ioga<\/strong> (biblioteca), <strong>el creatiu<\/strong> (vest\u00edbul de l&#8217;escola) d<strong>&#8216;exterior<\/strong> (pati interior de P5) i\u00a0<strong><span class=\"hiddenSpellError\">psico<\/span>\/dansa<\/strong> (aula de P4).<\/p>\n","protected":false},"excerpt":{"rendered":"<p>Est\u00e0 demostrat que all\u00f2 que el nen apr\u00e8n a trav\u00e9s d&#8217;un joc es transfereix a altres conductes. Els ambients s\u00f3n diferents espais d&#8217;aprenentatge, de relaci\u00f3 i comunicaci\u00f3 on a partir de diferents propostes els infants poden actuar, observar, experimentar, construir, inventar, imaginar, compartir, relacionar-se, emocionar-se&#8230;i\u00a0interactuar amb els altres. Aquest plantejament de treball respon a la [&hellip;]<\/p>\n","protected":false},"author":1,"featured_media":0,"parent":64,"menu_order":0,"comment_status":"closed","ping_status":"closed","template":"","meta":{"_bbp_topic_count":0,"_bbp_reply_count":0,"_bbp_total_topic_count":0,"_bbp_total_reply_count":0,"_bbp_voice_count":0,"_bbp_anonymous_reply_count":0,"_bbp_topic_count_hidden":0,"_bbp_reply_count_hidden":0,"_bbp_forum_subforum_count":0,"site-sidebar-layout":"default","site-content-layout":"","ast-site-content-layout":"","site-content-style":"default","site-sidebar-style":"default","ast-global-header-display":"","ast-banner-title-visibility":"","ast-main-header-display":"","ast-hfb-above-header-display":"","ast-hfb-below-header-display":"","ast-hfb-mobile-header-display":"","site-post-title":"","ast-breadcrumbs-content":"","ast-featured-img":"","footer-sml-layout":"","theme-transparent-header-meta":"","adv-header-id-meta":"","stick-header-meta":"","header-above-stick-meta":"","header-main-stick-meta":"","header-below-stick-meta":"","astra-migrate-meta-layouts":"default","ast-page-background-enabled":"default","ast-page-background-meta":{"desktop":{"background-color":"var(--ast-global-color-4)","background-image":"","background-repeat":"repeat","background-position":"center center","background-size":"auto","background-attachment":"scroll","background-type":"","background-media":"","overlay-type":"","overlay-color":"","overlay-opacity":"","overlay-gradient":""},"tablet":{"background-color":"","background-image":"","background-repeat":"repeat","background-position":"center center","background-size":"auto","background-attachment":"scroll","background-type":"","background-media":"","overlay-type":"","overlay-color":"","overlay-opacity":"","overlay-gradient":""},"mobile":{"background-color":"","background-image":"","background-repeat":"repeat","background-position":"center center","background-size":"auto","background-attachment":"scroll","background-type":"","background-media":"","overlay-type":"","overlay-color":"","overlay-opacity":"","overlay-gradient":""}},"ast-content-background-meta":{"desktop":{"background-color":"var(--ast-global-color-5)","background-image":"","background-repeat":"repeat","background-position":"center center","background-size":"auto","background-attachment":"scroll","background-type":"","background-media":"","overlay-type":"","overlay-color":"","overlay-opacity":"","overlay-gradient":""},"tablet":{"background-color":"var(--ast-global-color-5)","background-image":"","background-repeat":"repeat","background-position":"center center","background-size":"auto","background-attachment":"scroll","background-type":"","background-media":"","overlay-type":"","overlay-color":"","overlay-opacity":"","overlay-gradient":""},"mobile":{"background-color":"var(--ast-global-color-5)","background-image":"","background-repeat":"repeat","background-position":"center center","background-size":"auto","background-attachment":"scroll","background-type":"","background-media":"","overlay-type":"","overlay-color":"","overlay-opacity":"","overlay-gradient":""}},"footnotes":""},"class_list":["post-18391","page","type-page","status-publish","hentry"],"post_mailing_queue_ids":[],"_links":{"self":[{"href":"https:\/\/agora.xtec.cat\/esc-sjcalassans-lleida\/wp-json\/wp\/v2\/pages\/18391","targetHints":{"allow":["GET"]}}],"collection":[{"href":"https:\/\/agora.xtec.cat\/esc-sjcalassans-lleida\/wp-json\/wp\/v2\/pages"}],"about":[{"href":"https:\/\/agora.xtec.cat\/esc-sjcalassans-lleida\/wp-json\/wp\/v2\/types\/page"}],"author":[{"embeddable":true,"href":"https:\/\/agora.xtec.cat\/esc-sjcalassans-lleida\/wp-json\/wp\/v2\/users\/1"}],"replies":[{"embeddable":true,"href":"https:\/\/agora.xtec.cat\/esc-sjcalassans-lleida\/wp-json\/wp\/v2\/comments?post=18391"}],"version-history":[{"count":2,"href":"https:\/\/agora.xtec.cat\/esc-sjcalassans-lleida\/wp-json\/wp\/v2\/pages\/18391\/revisions"}],"predecessor-version":[{"id":18396,"href":"https:\/\/agora.xtec.cat\/esc-sjcalassans-lleida\/wp-json\/wp\/v2\/pages\/18391\/revisions\/18396"}],"up":[{"embeddable":true,"href":"https:\/\/agora.xtec.cat\/esc-sjcalassans-lleida\/wp-json\/wp\/v2\/pages\/64"}],"wp:attachment":[{"href":"https:\/\/agora.xtec.cat\/esc-sjcalassans-lleida\/wp-json\/wp\/v2\/media?parent=18391"}],"curies":[{"name":"wp","href":"https:\/\/api.w.org\/{rel}","templated":true}]}}