{"id":32,"date":"2014-09-18T12:31:33","date_gmt":"2014-09-18T11:31:33","guid":{"rendered":"http:\/\/agora.xtec.cat\/esc-serradecollbas\/?page_id=32"},"modified":"2025-11-19T11:41:16","modified_gmt":"2025-11-19T10:41:16","slug":"calendari-del-curs","status":"publish","type":"page","link":"https:\/\/agora.xtec.cat\/esc-serradecollbas\/lescola\/calendari-del-curs\/","title":{"rendered":"Calendari del curs"},"content":{"rendered":"<p>A continuaci\u00f3 trobareu la proposta de\u00a0 calendari pel curs 25-26 aprovada pel Consell Escolar i aprovat per SSTT.<\/p>\n<div style=\"text-align: center;\">\n<div style=\"margin: 4px 0px 8px;\">\n<div style=\"text-align: center;\">\n<div style=\"margin: 8px 0px 4px;\"><a href=\"http:\/\/&lt;div style=&quot;text-align:center;&quot;&gt;&lt;div style=&quot;margin:8px 0px 4px;&quot;&gt;&lt;a href=&quot;https:\/\/www.calameo.com\/books\/00701530055c7b3477d89&quot; target=&quot;_blank&quot;&gt;Calendari B\u00e0sic 2025 2026 1&lt;\/a&gt;&lt;\/div&gt;&lt;iframe src=&quot;\/\/v.calameo.com\/?bkcode=00701530055c7b3477d89&amp;mode=mini&quot; width=&quot;480&quot; height=&quot;300&quot; frameborder=&quot;0&quot; scrolling=&quot;no&quot; allowtransparency allowfullscreen style=&quot;margin:0 auto;&quot;&gt;&lt;\/iframe&gt;&lt;div style=&quot;margin:4px 0px 8px;&quot;&gt;&lt;a href=&quot;http:\/\/www.calameo.com\/&quot; target=&quot;_blank&quot;&gt;Read more publications on Calam\u00e9o&lt;\/a&gt;&lt;\/div&gt;&lt;\/div&gt;\" target=\"_blank\" rel=\"noopener\">Calendari B\u00e0sic 2025 2026<\/a><\/div>\n<\/div>\n<\/div>\n<\/div>\n<p>&nbsp;<\/p>\n<div style=\"text-align: center;\">\n<div style=\"margin: 8px 0px 4px;\"><a href=\"https:\/\/www.calameo.com\/books\/00701530055c7b3477d89\" target=\"_blank\" rel=\"noopener\">Calendari B\u00e0sic 2025 2026<\/a><\/div>\n<p><iframe loading=\"lazy\" style=\"margin: 0 auto;\" src=\"\/\/v.calameo.com\/?bkcode=00701530055c7b3477d89&amp;mode=mini\" width=\"480\" height=\"300\" frameborder=\"0\" scrolling=\"no\" allowfullscreen=\"allowfullscreen\"><\/iframe><\/p>\n<div style=\"margin: 4px 0px 8px;\"><a href=\"http:\/\/www.calameo.com\/\" target=\"_blank\" rel=\"noopener\">Read more publications on Calam\u00e9o<\/a><\/div>\n<\/div>\n<p>o.com\/books\/00701530055c7b3477d89<\/p>\n","protected":false},"excerpt":{"rendered":"<p>A continuaci\u00f3 trobareu la proposta de\u00a0 calendari pel curs 25-26 aprovada pel Consell Escolar i aprovat per SSTT. Calendari B\u00e0sic 2025 2026 &nbsp; Calendari B\u00e0sic 2025 2026 Read more publications on Calam\u00e9o o.com\/books\/00701530055c7b3477d89<\/p>\n","protected":false},"author":1,"featured_media":0,"parent":22,"menu_order":50,"comment_status":"closed","ping_status":"closed","template":"","meta":{"_bbp_topic_count":0,"_bbp_reply_count":0,"_bbp_total_topic_count":0,"_bbp_total_reply_count":0,"_bbp_voice_count":0,"_bbp_anonymous_reply_count":0,"_bbp_topic_count_hidden":0,"_bbp_reply_count_hidden":0,"_bbp_forum_subforum_count":0,"site-sidebar-layout":"default","site-content-layout":"","ast-site-content-layout":"default","site-content-style":"default","site-sidebar-style":"default","ast-global-header-display":"","ast-banner-title-visibility":"","ast-main-header-display":"","ast-hfb-above-header-display":"","ast-hfb-below-header-display":"","ast-hfb-mobile-header-display":"","site-post-title":"","ast-breadcrumbs-content":"","ast-featured-img":"","footer-sml-layout":"","theme-transparent-header-meta":"default","adv-header-id-meta":"","stick-header-meta":"","header-above-stick-meta":"","header-main-stick-meta":"","header-below-stick-meta":"","astra-migrate-meta-layouts":"set","ast-page-background-enabled":"default","ast-page-background-meta":{"desktop":{"background-color":"var(--ast-global-color-4)","background-image":"","background-repeat":"repeat","background-position":"center center","background-size":"auto","background-attachment":"scroll","background-type":"","background-media":"","overlay-type":"","overlay-color":"","overlay-opacity":"","overlay-gradient":""},"tablet":{"background-color":"","background-image":"","background-repeat":"repeat","background-position":"center center","background-size":"auto","background-attachment":"scroll","background-type":"","background-media":"","overlay-type":"","overlay-color":"","overlay-opacity":"","overlay-gradient":""},"mobile":{"background-color":"","background-image":"","background-repeat":"repeat","background-position":"center center","background-size":"auto","background-attachment":"scroll","background-type":"","background-media":"","overlay-type":"","overlay-color":"","overlay-opacity":"","overlay-gradient":""}},"ast-content-background-meta":{"desktop":{"background-color":"var(--ast-global-color-5)","background-image":"","background-repeat":"repeat","background-position":"center center","background-size":"auto","background-attachment":"scroll","background-type":"","background-media":"","overlay-type":"","overlay-color":"","overlay-opacity":"","overlay-gradient":""},"tablet":{"background-color":"var(--ast-global-color-5)","background-image":"","background-repeat":"repeat","background-position":"center center","background-size":"auto","background-attachment":"scroll","background-type":"","background-media":"","overlay-type":"","overlay-color":"","overlay-opacity":"","overlay-gradient":""},"mobile":{"background-color":"var(--ast-global-color-5)","background-image":"","background-repeat":"repeat","background-position":"center center","background-size":"auto","background-attachment":"scroll","background-type":"","background-media":"","overlay-type":"","overlay-color":"","overlay-opacity":"","overlay-gradient":""}},"footnotes":""},"class_list":["post-32","page","type-page","status-publish","hentry"],"post_mailing_queue_ids":[],"_links":{"self":[{"href":"https:\/\/agora.xtec.cat\/esc-serradecollbas\/wp-json\/wp\/v2\/pages\/32","targetHints":{"allow":["GET"]}}],"collection":[{"href":"https:\/\/agora.xtec.cat\/esc-serradecollbas\/wp-json\/wp\/v2\/pages"}],"about":[{"href":"https:\/\/agora.xtec.cat\/esc-serradecollbas\/wp-json\/wp\/v2\/types\/page"}],"author":[{"embeddable":true,"href":"https:\/\/agora.xtec.cat\/esc-serradecollbas\/wp-json\/wp\/v2\/users\/1"}],"replies":[{"embeddable":true,"href":"https:\/\/agora.xtec.cat\/esc-serradecollbas\/wp-json\/wp\/v2\/comments?post=32"}],"version-history":[{"count":6,"href":"https:\/\/agora.xtec.cat\/esc-serradecollbas\/wp-json\/wp\/v2\/pages\/32\/revisions"}],"predecessor-version":[{"id":3736,"href":"https:\/\/agora.xtec.cat\/esc-serradecollbas\/wp-json\/wp\/v2\/pages\/32\/revisions\/3736"}],"up":[{"embeddable":true,"href":"https:\/\/agora.xtec.cat\/esc-serradecollbas\/wp-json\/wp\/v2\/pages\/22"}],"wp:attachment":[{"href":"https:\/\/agora.xtec.cat\/esc-serradecollbas\/wp-json\/wp\/v2\/media?parent=32"}],"curies":[{"name":"wp","href":"https:\/\/api.w.org\/{rel}","templated":true}]}}