{"id":1463,"date":"2021-10-26T16:36:13","date_gmt":"2021-10-26T14:36:13","guid":{"rendered":"https:\/\/agora.xtec.cat\/esc-serradecollbas\/?page_id=1463"},"modified":"2025-10-17T15:27:22","modified_gmt":"2025-10-17T13:27:22","slug":"sortides-del-curs","status":"publish","type":"page","link":"https:\/\/agora.xtec.cat\/esc-serradecollbas\/lescola\/sortides-del-curs\/","title":{"rendered":"SORTIDES DEL CURS"},"content":{"rendered":"<table style=\"border-collapse: collapse; width: 44.6778%;\">\n<tbody>\n<tr>\n<td style=\"width: 13.0702%;\"><strong>OCTUBRE<\/strong><\/td>\n<td style=\"width: 31.6076%;\"><strong>3:<\/strong>\u00a0CS: Bateig de Vela amb el Club N\u00e0utic de Sitges<\/td>\n<\/tr>\n<tr>\n<td style=\"width: 13.0702%;\"><strong>MAR\u00c7<\/strong><\/td>\n<td style=\"width: 31.6076%;\"><strong>17:<\/strong>\u00a0EI+CI: Teatre Diputaci\u00f3 a Can Papasseit. \u201cSafari\u201d<\/td>\n<\/tr>\n<tr>\n<td style=\"width: 13.0702%;\"><strong>ABRIL<\/strong><\/td>\n<td style=\"width: 31.6076%;\"><strong>8 al 10<\/strong>: Col\u00f2nies de Prim\u00e0ria a La Carral (El Miracle).<\/p>\n<p><strong>9 i 10<\/strong>: Col\u00f2nies d\u2019infantil a La Carral (El Miracle).<\/p>\n<p><strong>28:<\/strong> CM+CS: Teatre Diputaci\u00f3 a Can Papasseit. \u201cTempo\u201d<\/td>\n<\/tr>\n<tr>\n<td style=\"width: 13.0702%;\"><strong>MAIG<\/strong><\/td>\n<td style=\"width: 31.6076%;\"><strong>8<\/strong>: Jornada de l\u2019esport<\/p>\n<p><strong>15:<\/strong> Aqu\u00e0ruim de Barcelona<\/td>\n<\/tr>\n<tr>\n<td style=\"width: 13.0702%;\"><strong>JUNY<\/strong><\/td>\n<td style=\"width: 31.6076%;\"><strong>3: <\/strong>Fira FAIG<\/p>\n<p><strong>5:<\/strong> EI+CI: Catalunya en miniatura<\/p>\n<p>CM+CS: Tibidabo de Barcelona (data a determinar)<\/td>\n<\/tr>\n<\/tbody>\n<\/table>\n<p>&nbsp;<\/p>\n","protected":false},"excerpt":{"rendered":"<p>OCTUBRE 3:\u00a0CS: Bateig de Vela amb el Club N\u00e0utic de Sitges MAR\u00c7 17:\u00a0EI+CI: Teatre Diputaci\u00f3 a Can Papasseit. \u201cSafari\u201d ABRIL 8 al 10: Col\u00f2nies de Prim\u00e0ria a La Carral (El Miracle). 9 i 10: Col\u00f2nies d\u2019infantil a La Carral (El Miracle). 28: CM+CS: Teatre Diputaci\u00f3 a Can Papasseit. \u201cTempo\u201d MAIG 8: Jornada de l\u2019esport 15: [&hellip;]<\/p>\n","protected":false},"author":1,"featured_media":0,"parent":22,"menu_order":0,"comment_status":"closed","ping_status":"closed","template":"","meta":{"_bbp_topic_count":0,"_bbp_reply_count":0,"_bbp_total_topic_count":0,"_bbp_total_reply_count":0,"_bbp_voice_count":0,"_bbp_anonymous_reply_count":0,"_bbp_topic_count_hidden":0,"_bbp_reply_count_hidden":0,"_bbp_forum_subforum_count":0,"site-sidebar-layout":"default","site-content-layout":"","ast-site-content-layout":"","site-content-style":"default","site-sidebar-style":"default","ast-global-header-display":"","ast-banner-title-visibility":"","ast-main-header-display":"","ast-hfb-above-header-display":"","ast-hfb-below-header-display":"","ast-hfb-mobile-header-display":"","site-post-title":"","ast-breadcrumbs-content":"","ast-featured-img":"","footer-sml-layout":"","theme-transparent-header-meta":"","adv-header-id-meta":"","stick-header-meta":"","header-above-stick-meta":"","header-main-stick-meta":"","header-below-stick-meta":"","astra-migrate-meta-layouts":"default","ast-page-background-enabled":"default","ast-page-background-meta":{"desktop":{"background-color":"var(--ast-global-color-4)","background-image":"","background-repeat":"repeat","background-position":"center center","background-size":"auto","background-attachment":"scroll","background-type":"","background-media":"","overlay-type":"","overlay-color":"","overlay-opacity":"","overlay-gradient":""},"tablet":{"background-color":"","background-image":"","background-repeat":"repeat","background-position":"center center","background-size":"auto","background-attachment":"scroll","background-type":"","background-media":"","overlay-type":"","overlay-color":"","overlay-opacity":"","overlay-gradient":""},"mobile":{"background-color":"","background-image":"","background-repeat":"repeat","background-position":"center center","background-size":"auto","background-attachment":"scroll","background-type":"","background-media":"","overlay-type":"","overlay-color":"","overlay-opacity":"","overlay-gradient":""}},"ast-content-background-meta":{"desktop":{"background-color":"var(--ast-global-color-5)","background-image":"","background-repeat":"repeat","background-position":"center center","background-size":"auto","background-attachment":"scroll","background-type":"","background-media":"","overlay-type":"","overlay-color":"","overlay-opacity":"","overlay-gradient":""},"tablet":{"background-color":"var(--ast-global-color-5)","background-image":"","background-repeat":"repeat","background-position":"center center","background-size":"auto","background-attachment":"scroll","background-type":"","background-media":"","overlay-type":"","overlay-color":"","overlay-opacity":"","overlay-gradient":""},"mobile":{"background-color":"var(--ast-global-color-5)","background-image":"","background-repeat":"repeat","background-position":"center center","background-size":"auto","background-attachment":"scroll","background-type":"","background-media":"","overlay-type":"","overlay-color":"","overlay-opacity":"","overlay-gradient":""}},"footnotes":""},"class_list":["post-1463","page","type-page","status-publish","hentry"],"post_mailing_queue_ids":[],"_links":{"self":[{"href":"https:\/\/agora.xtec.cat\/esc-serradecollbas\/wp-json\/wp\/v2\/pages\/1463","targetHints":{"allow":["GET"]}}],"collection":[{"href":"https:\/\/agora.xtec.cat\/esc-serradecollbas\/wp-json\/wp\/v2\/pages"}],"about":[{"href":"https:\/\/agora.xtec.cat\/esc-serradecollbas\/wp-json\/wp\/v2\/types\/page"}],"author":[{"embeddable":true,"href":"https:\/\/agora.xtec.cat\/esc-serradecollbas\/wp-json\/wp\/v2\/users\/1"}],"replies":[{"embeddable":true,"href":"https:\/\/agora.xtec.cat\/esc-serradecollbas\/wp-json\/wp\/v2\/comments?post=1463"}],"version-history":[{"count":6,"href":"https:\/\/agora.xtec.cat\/esc-serradecollbas\/wp-json\/wp\/v2\/pages\/1463\/revisions"}],"predecessor-version":[{"id":3662,"href":"https:\/\/agora.xtec.cat\/esc-serradecollbas\/wp-json\/wp\/v2\/pages\/1463\/revisions\/3662"}],"up":[{"embeddable":true,"href":"https:\/\/agora.xtec.cat\/esc-serradecollbas\/wp-json\/wp\/v2\/pages\/22"}],"wp:attachment":[{"href":"https:\/\/agora.xtec.cat\/esc-serradecollbas\/wp-json\/wp\/v2\/media?parent=1463"}],"curies":[{"name":"wp","href":"https:\/\/api.w.org\/{rel}","templated":true}]}}