{"id":778,"date":"2021-02-17T14:07:01","date_gmt":"2021-02-17T13:07:01","guid":{"rendered":"https:\/\/agora.xtec.cat\/esc-schola\/?page_id=778"},"modified":"2026-02-17T13:27:47","modified_gmt":"2026-02-17T12:27:47","slug":"normes-dorganitzacio-i-funcionament-del-centre","status":"publish","type":"page","link":"https:\/\/agora.xtec.cat\/esc-schola\/projecte-educatiu\/normes-dorganitzacio-i-funcionament-del-centre\/","title":{"rendered":"Normes d&#8217;organitzaci\u00f3 i funcionament del centre"},"content":{"rendered":"\n<p>Una escola \u00e9s una comunitat educativa de professorat, personal no docent, fam\u00edlies i alumnat, en ordre a la formaci\u00f3 integral d&#8217;aquests darrers, per tal d&#8217;aconseguir una bona integraci\u00f3 a la societat, respectant els principis democr\u00e0tics de conviv\u00e8ncia i els drets i llibertats fonamentals.<\/p>\n\n\n\n<p>El nostre centre \u00e9s una comunitat educativa, una comunitat de treball en equip. Com tot grup de conviv\u00e8ncia, la nostra comunitat, per tenir consci\u00e8ncia dels seus actes, obligacions i drets, necessita d&#8217;unes normes reguladores establertes i d&#8217;acord amb inst\u00e0ncies legislatives superiors. Per tal que tots els membres d&#8217;aquesta comunitat desenvolupin les seves tasques en ordre, respecte i disciplina, s&#8217;estableixen les seg\u00fcents Normes d\u2019Organitzaci\u00f3 i Funcionament (NOFC)<\/p>\n\n\n\n<div class=\"wp-block-file\"><a id=\"wp-block-file--media-d352815c-fd32-4e5b-975c-6f4ccdae7993\" href=\"https:\/\/agora.xtec.cat\/esc-schola\/wp-content\/uploads\/usu2054\/2026\/02\/NOFC.docx.pdf\">NOFC.docx<\/a><a href=\"https:\/\/agora.xtec.cat\/esc-schola\/wp-content\/uploads\/usu2054\/2026\/02\/NOFC.docx.pdf\" class=\"wp-block-file__button wp-element-button\" download aria-describedby=\"wp-block-file--media-d352815c-fd32-4e5b-975c-6f4ccdae7993\">Baixa<\/a><\/div>\n\n\n\n<div class=\"wp-block-getwid-images-slider has-arrows-inside has-dots-outside is-carousel has-slides-gap-small has-images-center has-cropped-images\"><div class=\"wp-block-getwid-images-slider__wrapper\" data-effect=\"slide\" data-slides-show=\"3\" data-slides-show-laptop=\"3\" data-slides-show-tablet=\"3\" data-slides-show-mobile=\"1\" data-slides-scroll=\"1\" data-autoplay=\"false\" data-pause-hover=\"false\" data-autoplay-speed=\"6000\" data-infinite=\"true\" data-animation-speed=\"800\" data-center-mode=\"true\" data-variable-width=\"false\" data-arrows=\"inside\" data-dots=\"outside\" data-spacing=\"small\"><div class=\"wp-block-getwid-images-slider__item\"><figure><img loading=\"lazy\" decoding=\"async\" width=\"1200\" height=\"800\" src=\"https:\/\/agora.xtec.cat\/esc-schola\/wp-content\/uploads\/usu2054\/2026\/02\/fc9af9a4-609a-44c1-bf69-d1393984f748_alta-libre-aspect-ratio_default_0.jpg\" data-id=\"5482\" data-link=\"https:\/\/agora.xtec.cat\/esc-schola\/projecte-educatiu\/projecte-educatiu-de-centre-maig-2018\/attachment\/fc9af9a4-609a-44c1-bf69-d1393984f748_alta-libre-aspect-ratio_default_0\/\" data-original-link=\"https:\/\/agora.xtec.cat\/esc-schola\/wp-content\/uploads\/usu2054\/2026\/02\/fc9af9a4-609a-44c1-bf69-d1393984f748_alta-libre-aspect-ratio_default_0.jpg\" class=\"wp-block-getwid-images-slider__image wp-image-5482\" srcset=\"https:\/\/agora.xtec.cat\/esc-schola\/wp-content\/uploads\/usu2054\/2026\/02\/fc9af9a4-609a-44c1-bf69-d1393984f748_alta-libre-aspect-ratio_default_0.jpg 1200w, https:\/\/agora.xtec.cat\/esc-schola\/wp-content\/uploads\/usu2054\/2026\/02\/fc9af9a4-609a-44c1-bf69-d1393984f748_alta-libre-aspect-ratio_default_0-300x200.jpg 300w, https:\/\/agora.xtec.cat\/esc-schola\/wp-content\/uploads\/usu2054\/2026\/02\/fc9af9a4-609a-44c1-bf69-d1393984f748_alta-libre-aspect-ratio_default_0-1024x683.jpg 1024w, https:\/\/agora.xtec.cat\/esc-schola\/wp-content\/uploads\/usu2054\/2026\/02\/fc9af9a4-609a-44c1-bf69-d1393984f748_alta-libre-aspect-ratio_default_0-768x512.jpg 768w\" sizes=\"auto, (max-width: 1200px) 100vw, 1200px\" \/><\/figure><\/div><div class=\"wp-block-getwid-images-slider__item\"><figure><img loading=\"lazy\" decoding=\"async\" width=\"1360\" height=\"1024\" src=\"https:\/\/agora.xtec.cat\/esc-schola\/wp-content\/uploads\/usu2054\/2026\/02\/IMG_20260115_160049.jpg\" data-id=\"5431\" data-link=\"https:\/\/agora.xtec.cat\/esc-schola\/infantil\/la-placa-un-conte-dombres\/attachment\/img_20260115_160049\/\" data-original-link=\"https:\/\/agora.xtec.cat\/esc-schola\/wp-content\/uploads\/usu2054\/2026\/02\/IMG_20260115_160049.jpg\" class=\"wp-block-getwid-images-slider__image wp-image-5431\" srcset=\"https:\/\/agora.xtec.cat\/esc-schola\/wp-content\/uploads\/usu2054\/2026\/02\/IMG_20260115_160049.jpg 1360w, https:\/\/agora.xtec.cat\/esc-schola\/wp-content\/uploads\/usu2054\/2026\/02\/IMG_20260115_160049-300x226.jpg 300w, https:\/\/agora.xtec.cat\/esc-schola\/wp-content\/uploads\/usu2054\/2026\/02\/IMG_20260115_160049-1024x771.jpg 1024w, https:\/\/agora.xtec.cat\/esc-schola\/wp-content\/uploads\/usu2054\/2026\/02\/IMG_20260115_160049-768x578.jpg 768w\" sizes=\"auto, (max-width: 1360px) 100vw, 1360px\" \/><\/figure><\/div><div class=\"wp-block-getwid-images-slider__item\"><figure><img loading=\"lazy\" decoding=\"async\" width=\"769\" height=\"1024\" src=\"https:\/\/agora.xtec.cat\/esc-schola\/wp-content\/uploads\/usu2054\/2026\/01\/IMG_20260120_100303.jpg\" data-id=\"5317\" data-link=\"https:\/\/agora.xtec.cat\/esc-schola\/portada\/ens-convertim-en-cientifics-i-cientifiques-per-un-dia\/attachment\/img_20260120_100303\/\" data-original-link=\"https:\/\/agora.xtec.cat\/esc-schola\/wp-content\/uploads\/usu2054\/2026\/01\/IMG_20260120_100303.jpg\" class=\"wp-block-getwid-images-slider__image wp-image-5317\" srcset=\"https:\/\/agora.xtec.cat\/esc-schola\/wp-content\/uploads\/usu2054\/2026\/01\/IMG_20260120_100303.jpg 769w, https:\/\/agora.xtec.cat\/esc-schola\/wp-content\/uploads\/usu2054\/2026\/01\/IMG_20260120_100303-225x300.jpg 225w\" sizes=\"auto, (max-width: 769px) 100vw, 769px\" \/><\/figure><\/div><div class=\"wp-block-getwid-images-slider__item\"><figure><img loading=\"lazy\" decoding=\"async\" width=\"769\" height=\"1024\" src=\"https:\/\/agora.xtec.cat\/esc-schola\/wp-content\/uploads\/usu2054\/2026\/01\/IMG_20260120_092502.jpg\" data-id=\"5314\" data-link=\"https:\/\/agora.xtec.cat\/esc-schola\/portada\/ens-convertim-en-cientifics-i-cientifiques-per-un-dia\/attachment\/img_20260120_092502\/\" data-original-link=\"https:\/\/agora.xtec.cat\/esc-schola\/wp-content\/uploads\/usu2054\/2026\/01\/IMG_20260120_092502.jpg\" class=\"wp-block-getwid-images-slider__image wp-image-5314\" srcset=\"https:\/\/agora.xtec.cat\/esc-schola\/wp-content\/uploads\/usu2054\/2026\/01\/IMG_20260120_092502.jpg 769w, https:\/\/agora.xtec.cat\/esc-schola\/wp-content\/uploads\/usu2054\/2026\/01\/IMG_20260120_092502-225x300.jpg 225w\" sizes=\"auto, (max-width: 769px) 100vw, 769px\" \/><\/figure><\/div><div class=\"wp-block-getwid-images-slider__item\"><figure><img loading=\"lazy\" decoding=\"async\" width=\"1364\" height=\"1024\" src=\"https:\/\/agora.xtec.cat\/esc-schola\/wp-content\/uploads\/usu2054\/2026\/01\/IMG_20260120_091252.jpg\" data-id=\"5313\" data-link=\"https:\/\/agora.xtec.cat\/esc-schola\/portada\/ens-convertim-en-cientifics-i-cientifiques-per-un-dia\/attachment\/img_20260120_091252\/\" data-original-link=\"https:\/\/agora.xtec.cat\/esc-schola\/wp-content\/uploads\/usu2054\/2026\/01\/IMG_20260120_091252.jpg\" class=\"wp-block-getwid-images-slider__image wp-image-5313\" srcset=\"https:\/\/agora.xtec.cat\/esc-schola\/wp-content\/uploads\/usu2054\/2026\/01\/IMG_20260120_091252.jpg 1364w, https:\/\/agora.xtec.cat\/esc-schola\/wp-content\/uploads\/usu2054\/2026\/01\/IMG_20260120_091252-300x225.jpg 300w, https:\/\/agora.xtec.cat\/esc-schola\/wp-content\/uploads\/usu2054\/2026\/01\/IMG_20260120_091252-1024x769.jpg 1024w, https:\/\/agora.xtec.cat\/esc-schola\/wp-content\/uploads\/usu2054\/2026\/01\/IMG_20260120_091252-768x577.jpg 768w\" sizes=\"auto, (max-width: 1364px) 100vw, 1364px\" \/><\/figure><\/div><div class=\"wp-block-getwid-images-slider__item\"><figure><img loading=\"lazy\" decoding=\"async\" width=\"1365\" height=\"1024\" src=\"https:\/\/agora.xtec.cat\/esc-schola\/wp-content\/uploads\/usu2054\/2025\/12\/IMG_20251210_193043.jpg\" data-id=\"5155\" data-link=\"https:\/\/agora.xtec.cat\/esc-schola\/portada\/descobrim-la-materia-amb-experiments-sorprenents\/attachment\/img_20251210_193043\/\" data-original-link=\"https:\/\/agora.xtec.cat\/esc-schola\/wp-content\/uploads\/usu2054\/2025\/12\/IMG_20251210_193043.jpg\" class=\"wp-block-getwid-images-slider__image wp-image-5155\" srcset=\"https:\/\/agora.xtec.cat\/esc-schola\/wp-content\/uploads\/usu2054\/2025\/12\/IMG_20251210_193043.jpg 1365w, https:\/\/agora.xtec.cat\/esc-schola\/wp-content\/uploads\/usu2054\/2025\/12\/IMG_20251210_193043-300x225.jpg 300w, https:\/\/agora.xtec.cat\/esc-schola\/wp-content\/uploads\/usu2054\/2025\/12\/IMG_20251210_193043-1024x768.jpg 1024w, https:\/\/agora.xtec.cat\/esc-schola\/wp-content\/uploads\/usu2054\/2025\/12\/IMG_20251210_193043-768x576.jpg 768w\" sizes=\"auto, (max-width: 1365px) 100vw, 1365px\" \/><\/figure><\/div><div class=\"wp-block-getwid-images-slider__item\"><figure><img loading=\"lazy\" decoding=\"async\" width=\"2271\" height=\"1024\" src=\"https:\/\/agora.xtec.cat\/esc-schola\/wp-content\/uploads\/usu2054\/2025\/11\/IMG_20251027_093940.jpg\" data-id=\"5083\" data-link=\"https:\/\/agora.xtec.cat\/esc-schola\/infantil\/la-nostra-mascota-arriba-a-lescola\/attachment\/img_20251027_093940\/\" data-original-link=\"https:\/\/agora.xtec.cat\/esc-schola\/wp-content\/uploads\/usu2054\/2025\/11\/IMG_20251027_093940.jpg\" class=\"wp-block-getwid-images-slider__image wp-image-5083\" srcset=\"https:\/\/agora.xtec.cat\/esc-schola\/wp-content\/uploads\/usu2054\/2025\/11\/IMG_20251027_093940.jpg 2271w, https:\/\/agora.xtec.cat\/esc-schola\/wp-content\/uploads\/usu2054\/2025\/11\/IMG_20251027_093940-300x135.jpg 300w, https:\/\/agora.xtec.cat\/esc-schola\/wp-content\/uploads\/usu2054\/2025\/11\/IMG_20251027_093940-1024x462.jpg 1024w, https:\/\/agora.xtec.cat\/esc-schola\/wp-content\/uploads\/usu2054\/2025\/11\/IMG_20251027_093940-768x346.jpg 768w, https:\/\/agora.xtec.cat\/esc-schola\/wp-content\/uploads\/usu2054\/2025\/11\/IMG_20251027_093940-1536x693.jpg 1536w, https:\/\/agora.xtec.cat\/esc-schola\/wp-content\/uploads\/usu2054\/2025\/11\/IMG_20251027_093940-2048x923.jpg 2048w\" sizes=\"auto, (max-width: 2271px) 100vw, 2271px\" \/><\/figure><\/div><div class=\"wp-block-getwid-images-slider__item\"><figure><img loading=\"lazy\" decoding=\"async\" width=\"461\" height=\"1024\" src=\"https:\/\/agora.xtec.cat\/esc-schola\/wp-content\/uploads\/usu2054\/2025\/11\/IMG_20250929_085536.jpg\" data-id=\"5042\" data-link=\"https:\/\/agora.xtec.cat\/esc-schola\/portada\/sescriu-amb-b-o-sescriu-amb-v\/attachment\/img_20250929_085536\/\" data-original-link=\"https:\/\/agora.xtec.cat\/esc-schola\/wp-content\/uploads\/usu2054\/2025\/11\/IMG_20250929_085536.jpg\" class=\"wp-block-getwid-images-slider__image wp-image-5042\" srcset=\"https:\/\/agora.xtec.cat\/esc-schola\/wp-content\/uploads\/usu2054\/2025\/11\/IMG_20250929_085536.jpg 461w, https:\/\/agora.xtec.cat\/esc-schola\/wp-content\/uploads\/usu2054\/2025\/11\/IMG_20250929_085536-135x300.jpg 135w\" sizes=\"auto, (max-width: 461px) 100vw, 461px\" \/><\/figure><\/div><div class=\"wp-block-getwid-images-slider__item\"><figure><img loading=\"lazy\" decoding=\"async\" width=\"768\" height=\"1024\" src=\"https:\/\/agora.xtec.cat\/esc-schola\/wp-content\/uploads\/usu2054\/2025\/11\/IMG_8053.jpg\" data-id=\"4960\" data-link=\"https:\/\/agora.xtec.cat\/esc-schola\/portada\/aprenent-amb-innovamat\/attachment\/img_8053\/\" data-original-link=\"https:\/\/agora.xtec.cat\/esc-schola\/wp-content\/uploads\/usu2054\/2025\/11\/IMG_8053.jpg\" class=\"wp-block-getwid-images-slider__image wp-image-4960\" srcset=\"https:\/\/agora.xtec.cat\/esc-schola\/wp-content\/uploads\/usu2054\/2025\/11\/IMG_8053.jpg 768w, https:\/\/agora.xtec.cat\/esc-schola\/wp-content\/uploads\/usu2054\/2025\/11\/IMG_8053-225x300.jpg 225w\" sizes=\"auto, (max-width: 768px) 100vw, 768px\" \/><\/figure><\/div><div class=\"wp-block-getwid-images-slider__item\"><figure><img loading=\"lazy\" decoding=\"async\" width=\"1600\" height=\"1200\" src=\"https:\/\/agora.xtec.cat\/esc-schola\/wp-content\/uploads\/usu2054\/2025\/02\/Imatge-de-WhatsApp-2025-02-05-a-les-15.47.23_f8cb62ac.jpg\" data-id=\"4500\" data-link=\"https:\/\/agora.xtec.cat\/esc-schola\/general\/5e-i-les-matematiques\/attachment\/imatge-de-whatsapp-2025-02-05-a-les-15-47-23_f8cb62ac\/\" data-original-link=\"https:\/\/agora.xtec.cat\/esc-schola\/wp-content\/uploads\/usu2054\/2025\/02\/Imatge-de-WhatsApp-2025-02-05-a-les-15.47.23_f8cb62ac.jpg\" class=\"wp-block-getwid-images-slider__image wp-image-4500\" srcset=\"https:\/\/agora.xtec.cat\/esc-schola\/wp-content\/uploads\/usu2054\/2025\/02\/Imatge-de-WhatsApp-2025-02-05-a-les-15.47.23_f8cb62ac.jpg 1600w, https:\/\/agora.xtec.cat\/esc-schola\/wp-content\/uploads\/usu2054\/2025\/02\/Imatge-de-WhatsApp-2025-02-05-a-les-15.47.23_f8cb62ac-300x225.jpg 300w, https:\/\/agora.xtec.cat\/esc-schola\/wp-content\/uploads\/usu2054\/2025\/02\/Imatge-de-WhatsApp-2025-02-05-a-les-15.47.23_f8cb62ac-1024x768.jpg 1024w, https:\/\/agora.xtec.cat\/esc-schola\/wp-content\/uploads\/usu2054\/2025\/02\/Imatge-de-WhatsApp-2025-02-05-a-les-15.47.23_f8cb62ac-768x576.jpg 768w, https:\/\/agora.xtec.cat\/esc-schola\/wp-content\/uploads\/usu2054\/2025\/02\/Imatge-de-WhatsApp-2025-02-05-a-les-15.47.23_f8cb62ac-1536x1152.jpg 1536w, https:\/\/agora.xtec.cat\/esc-schola\/wp-content\/uploads\/usu2054\/2025\/02\/Imatge-de-WhatsApp-2025-02-05-a-les-15.47.23_f8cb62ac-200x150.jpg 200w\" sizes=\"auto, (max-width: 1600px) 100vw, 1600px\" \/><\/figure><\/div><div class=\"wp-block-getwid-images-slider__item\"><figure><img loading=\"lazy\" decoding=\"async\" width=\"2048\" height=\"1654\" src=\"https:\/\/agora.xtec.cat\/esc-schola\/wp-content\/uploads\/usu2054\/2024\/11\/5e.jpg\" data-id=\"4350\" data-link=\"https:\/\/agora.xtec.cat\/esc-schola\/general\/un-policia-local-ens-parla-deducacio-vial\/attachment\/5e\/\" data-original-link=\"https:\/\/agora.xtec.cat\/esc-schola\/wp-content\/uploads\/usu2054\/2024\/11\/5e.jpg\" class=\"wp-block-getwid-images-slider__image wp-image-4350\" srcset=\"https:\/\/agora.xtec.cat\/esc-schola\/wp-content\/uploads\/usu2054\/2024\/11\/5e.jpg 2048w, https:\/\/agora.xtec.cat\/esc-schola\/wp-content\/uploads\/usu2054\/2024\/11\/5e-300x242.jpg 300w, https:\/\/agora.xtec.cat\/esc-schola\/wp-content\/uploads\/usu2054\/2024\/11\/5e-1024x827.jpg 1024w, https:\/\/agora.xtec.cat\/esc-schola\/wp-content\/uploads\/usu2054\/2024\/11\/5e-768x620.jpg 768w, https:\/\/agora.xtec.cat\/esc-schola\/wp-content\/uploads\/usu2054\/2024\/11\/5e-1536x1241.jpg 1536w\" sizes=\"auto, (max-width: 2048px) 100vw, 2048px\" \/><\/figure><\/div><\/div><\/div>\n","protected":false},"excerpt":{"rendered":"<p>Una escola \u00e9s una comunitat educativa de professorat, personal no docent, fam\u00edlies i alumnat, en ordre a la formaci\u00f3 integral d&#8217;aquests darrers, per tal d&#8217;aconseguir una bona integraci\u00f3 a la societat, respectant els principis democr\u00e0tics de conviv\u00e8ncia i els drets i llibertats fonamentals. El nostre centre \u00e9s una comunitat educativa, una comunitat de treball en [&hellip;]<\/p>\n","protected":false},"author":1,"featured_media":0,"parent":64,"menu_order":0,"comment_status":"closed","ping_status":"closed","template":"","meta":{"_bbp_topic_count":0,"_bbp_reply_count":0,"_bbp_total_topic_count":0,"_bbp_total_reply_count":0,"_bbp_voice_count":0,"_bbp_anonymous_reply_count":0,"_bbp_topic_count_hidden":0,"_bbp_reply_count_hidden":0,"_bbp_forum_subforum_count":0,"site-sidebar-layout":"default","site-content-layout":"","ast-site-content-layout":"default","site-content-style":"default","site-sidebar-style":"default","ast-global-header-display":"","ast-banner-title-visibility":"","ast-main-header-display":"","ast-hfb-above-header-display":"","ast-hfb-below-header-display":"","ast-hfb-mobile-header-display":"","site-post-title":"","ast-breadcrumbs-content":"","ast-featured-img":"","footer-sml-layout":"","theme-transparent-header-meta":"","adv-header-id-meta":"","stick-header-meta":"","header-above-stick-meta":"","header-main-stick-meta":"","header-below-stick-meta":"","astra-migrate-meta-layouts":"set","ast-page-background-enabled":"default","ast-page-background-meta":{"desktop":{"background-color":"var(--ast-global-color-4)","background-image":"","background-repeat":"repeat","background-position":"center center","background-size":"auto","background-attachment":"scroll","background-type":"","background-media":"","overlay-type":"","overlay-color":"","overlay-opacity":"","overlay-gradient":""},"tablet":{"background-color":"","background-image":"","background-repeat":"repeat","background-position":"center center","background-size":"auto","background-attachment":"scroll","background-type":"","background-media":"","overlay-type":"","overlay-color":"","overlay-opacity":"","overlay-gradient":""},"mobile":{"background-color":"","background-image":"","background-repeat":"repeat","background-position":"center center","background-size":"auto","background-attachment":"scroll","background-type":"","background-media":"","overlay-type":"","overlay-color":"","overlay-opacity":"","overlay-gradient":""}},"ast-content-background-meta":{"desktop":{"background-color":"var(--ast-global-color-5)","background-image":"","background-repeat":"repeat","background-position":"center center","background-size":"auto","background-attachment":"scroll","background-type":"","background-media":"","overlay-type":"","overlay-color":"","overlay-opacity":"","overlay-gradient":""},"tablet":{"background-color":"var(--ast-global-color-5)","background-image":"","background-repeat":"repeat","background-position":"center center","background-size":"auto","background-attachment":"scroll","background-type":"","background-media":"","overlay-type":"","overlay-color":"","overlay-opacity":"","overlay-gradient":""},"mobile":{"background-color":"var(--ast-global-color-5)","background-image":"","background-repeat":"repeat","background-position":"center center","background-size":"auto","background-attachment":"scroll","background-type":"","background-media":"","overlay-type":"","overlay-color":"","overlay-opacity":"","overlay-gradient":""}},"footnotes":""},"class_list":["post-778","page","type-page","status-publish","hentry"],"post_mailing_queue_ids":[],"_links":{"self":[{"href":"https:\/\/agora.xtec.cat\/esc-schola\/wp-json\/wp\/v2\/pages\/778","targetHints":{"allow":["GET"]}}],"collection":[{"href":"https:\/\/agora.xtec.cat\/esc-schola\/wp-json\/wp\/v2\/pages"}],"about":[{"href":"https:\/\/agora.xtec.cat\/esc-schola\/wp-json\/wp\/v2\/types\/page"}],"author":[{"embeddable":true,"href":"https:\/\/agora.xtec.cat\/esc-schola\/wp-json\/wp\/v2\/users\/1"}],"replies":[{"embeddable":true,"href":"https:\/\/agora.xtec.cat\/esc-schola\/wp-json\/wp\/v2\/comments?post=778"}],"version-history":[{"count":2,"href":"https:\/\/agora.xtec.cat\/esc-schola\/wp-json\/wp\/v2\/pages\/778\/revisions"}],"predecessor-version":[{"id":5490,"href":"https:\/\/agora.xtec.cat\/esc-schola\/wp-json\/wp\/v2\/pages\/778\/revisions\/5490"}],"up":[{"embeddable":true,"href":"https:\/\/agora.xtec.cat\/esc-schola\/wp-json\/wp\/v2\/pages\/64"}],"wp:attachment":[{"href":"https:\/\/agora.xtec.cat\/esc-schola\/wp-json\/wp\/v2\/media?parent=778"}],"curies":[{"name":"wp","href":"https:\/\/api.w.org\/{rel}","templated":true}]}}