{"id":517,"date":"2020-03-04T10:22:03","date_gmt":"2020-03-04T09:22:03","guid":{"rendered":"https:\/\/agora.xtec.cat\/esc-schola\/?page_id=517"},"modified":"2026-02-17T14:59:28","modified_gmt":"2026-02-17T13:59:28","slug":"projecte-apadrinem-can-ramoneda-2018-2022","status":"publish","type":"page","link":"https:\/\/agora.xtec.cat\/esc-schola\/projecte-educatiu\/projecte-apadrinem-can-ramoneda-2018-2022\/","title":{"rendered":"Projecte apadrinem Can Ramoneda 2018-2022"},"content":{"rendered":"\n<p class=\"has-background has-medium-font-size\" style=\"border-style:none;border-width:0px;background:linear-gradient(135deg,rgb(255,190,78) 0%,rgb(255,105,0) 100%)\">&nbsp;El programa es basa en l\u2019apadrinament d\u2019un element patrimonial per part del centre educatiu, la qual cosa comporta donar-li valor i&nbsp; aprofundir en el coneixement des del punt de vista cultural i,  alhora, fer que aquest coneixement sigui socialment rellevant (que arribi a&nbsp; la mateixa comunitat i a l\u2019entorn de l\u2019escola).&nbsp;<\/p>\n\n\n\n<div class=\"wp-block-getwid-images-slider has-arrows-inside has-dots-outside is-carousel has-slides-gap-small has-images-center has-cropped-images\"><div class=\"wp-block-getwid-images-slider__wrapper\" data-effect=\"slide\" data-slides-show=\"3\" data-slides-show-laptop=\"3\" data-slides-show-tablet=\"2\" data-slides-show-mobile=\"1\" data-slides-scroll=\"1\" data-autoplay=\"false\" data-pause-hover=\"false\" data-autoplay-speed=\"6000\" data-infinite=\"true\" data-animation-speed=\"800\" data-center-mode=\"true\" data-variable-width=\"false\" data-arrows=\"inside\" data-dots=\"outside\" data-spacing=\"small\"><div class=\"wp-block-getwid-images-slider__item\"><figure><img loading=\"lazy\" decoding=\"async\" width=\"2560\" height=\"1915\" src=\"https:\/\/agora.xtec.cat\/esc-schola\/wp-content\/uploads\/usu2054\/2026\/02\/IMG_20210507_101702-scaled.jpg\" data-id=\"5396\" data-link=\"https:\/\/agora.xtec.cat\/esc-schola\/projecte-educatiu\/projecte-apadrinem-can-ramoneda-2018-2022\/attachment\/img_20210507_101702\/\" data-original-link=\"https:\/\/agora.xtec.cat\/esc-schola\/wp-content\/uploads\/usu2054\/2026\/02\/IMG_20210507_101702-scaled.jpg\" class=\"wp-block-getwid-images-slider__image wp-image-5396\" srcset=\"https:\/\/agora.xtec.cat\/esc-schola\/wp-content\/uploads\/usu2054\/2026\/02\/IMG_20210507_101702-scaled.jpg 2560w, https:\/\/agora.xtec.cat\/esc-schola\/wp-content\/uploads\/usu2054\/2026\/02\/IMG_20210507_101702-300x224.jpg 300w, https:\/\/agora.xtec.cat\/esc-schola\/wp-content\/uploads\/usu2054\/2026\/02\/IMG_20210507_101702-1024x766.jpg 1024w, https:\/\/agora.xtec.cat\/esc-schola\/wp-content\/uploads\/usu2054\/2026\/02\/IMG_20210507_101702-768x574.jpg 768w, https:\/\/agora.xtec.cat\/esc-schola\/wp-content\/uploads\/usu2054\/2026\/02\/IMG_20210507_101702-1536x1149.jpg 1536w, https:\/\/agora.xtec.cat\/esc-schola\/wp-content\/uploads\/usu2054\/2026\/02\/IMG_20210507_101702-2048x1532.jpg 2048w\" sizes=\"auto, (max-width: 2560px) 100vw, 2560px\" \/><\/figure><\/div><div class=\"wp-block-getwid-images-slider__item\"><figure><img loading=\"lazy\" decoding=\"async\" width=\"2560\" height=\"1915\" src=\"https:\/\/agora.xtec.cat\/esc-schola\/wp-content\/uploads\/usu2054\/2026\/02\/IMG_20210507_104925-scaled.jpg\" data-id=\"5397\" data-link=\"https:\/\/agora.xtec.cat\/esc-schola\/projecte-educatiu\/projecte-apadrinem-can-ramoneda-2018-2022\/attachment\/img_20210507_104925\/\" data-original-link=\"https:\/\/agora.xtec.cat\/esc-schola\/wp-content\/uploads\/usu2054\/2026\/02\/IMG_20210507_104925-scaled.jpg\" class=\"wp-block-getwid-images-slider__image wp-image-5397\" srcset=\"https:\/\/agora.xtec.cat\/esc-schola\/wp-content\/uploads\/usu2054\/2026\/02\/IMG_20210507_104925-scaled.jpg 2560w, https:\/\/agora.xtec.cat\/esc-schola\/wp-content\/uploads\/usu2054\/2026\/02\/IMG_20210507_104925-300x224.jpg 300w, https:\/\/agora.xtec.cat\/esc-schola\/wp-content\/uploads\/usu2054\/2026\/02\/IMG_20210507_104925-1024x766.jpg 1024w, https:\/\/agora.xtec.cat\/esc-schola\/wp-content\/uploads\/usu2054\/2026\/02\/IMG_20210507_104925-768x574.jpg 768w, https:\/\/agora.xtec.cat\/esc-schola\/wp-content\/uploads\/usu2054\/2026\/02\/IMG_20210507_104925-1536x1149.jpg 1536w, https:\/\/agora.xtec.cat\/esc-schola\/wp-content\/uploads\/usu2054\/2026\/02\/IMG_20210507_104925-2048x1532.jpg 2048w\" sizes=\"auto, (max-width: 2560px) 100vw, 2560px\" \/><\/figure><\/div><div class=\"wp-block-getwid-images-slider__item\"><figure><img loading=\"lazy\" decoding=\"async\" width=\"2560\" height=\"1915\" src=\"https:\/\/agora.xtec.cat\/esc-schola\/wp-content\/uploads\/usu2054\/2026\/02\/IMG_20210507_104954-scaled.jpg\" data-id=\"5398\" data-link=\"https:\/\/agora.xtec.cat\/esc-schola\/projecte-educatiu\/projecte-apadrinem-can-ramoneda-2018-2022\/attachment\/img_20210507_104954\/\" data-original-link=\"https:\/\/agora.xtec.cat\/esc-schola\/wp-content\/uploads\/usu2054\/2026\/02\/IMG_20210507_104954-scaled.jpg\" class=\"wp-block-getwid-images-slider__image wp-image-5398\" srcset=\"https:\/\/agora.xtec.cat\/esc-schola\/wp-content\/uploads\/usu2054\/2026\/02\/IMG_20210507_104954-scaled.jpg 2560w, https:\/\/agora.xtec.cat\/esc-schola\/wp-content\/uploads\/usu2054\/2026\/02\/IMG_20210507_104954-300x224.jpg 300w, https:\/\/agora.xtec.cat\/esc-schola\/wp-content\/uploads\/usu2054\/2026\/02\/IMG_20210507_104954-1024x766.jpg 1024w, https:\/\/agora.xtec.cat\/esc-schola\/wp-content\/uploads\/usu2054\/2026\/02\/IMG_20210507_104954-768x574.jpg 768w, https:\/\/agora.xtec.cat\/esc-schola\/wp-content\/uploads\/usu2054\/2026\/02\/IMG_20210507_104954-1536x1149.jpg 1536w, https:\/\/agora.xtec.cat\/esc-schola\/wp-content\/uploads\/usu2054\/2026\/02\/IMG_20210507_104954-2048x1532.jpg 2048w\" sizes=\"auto, (max-width: 2560px) 100vw, 2560px\" \/><\/figure><\/div><div class=\"wp-block-getwid-images-slider__item\"><figure><img loading=\"lazy\" decoding=\"async\" width=\"2560\" height=\"1915\" src=\"https:\/\/agora.xtec.cat\/esc-schola\/wp-content\/uploads\/usu2054\/2026\/02\/IMG_20210507_105004-scaled.jpg\" data-id=\"5399\" data-link=\"https:\/\/agora.xtec.cat\/esc-schola\/projecte-educatiu\/projecte-apadrinem-can-ramoneda-2018-2022\/attachment\/img_20210507_105004\/\" data-original-link=\"https:\/\/agora.xtec.cat\/esc-schola\/wp-content\/uploads\/usu2054\/2026\/02\/IMG_20210507_105004-scaled.jpg\" class=\"wp-block-getwid-images-slider__image wp-image-5399\" srcset=\"https:\/\/agora.xtec.cat\/esc-schola\/wp-content\/uploads\/usu2054\/2026\/02\/IMG_20210507_105004-scaled.jpg 2560w, https:\/\/agora.xtec.cat\/esc-schola\/wp-content\/uploads\/usu2054\/2026\/02\/IMG_20210507_105004-300x224.jpg 300w, https:\/\/agora.xtec.cat\/esc-schola\/wp-content\/uploads\/usu2054\/2026\/02\/IMG_20210507_105004-1024x766.jpg 1024w, https:\/\/agora.xtec.cat\/esc-schola\/wp-content\/uploads\/usu2054\/2026\/02\/IMG_20210507_105004-768x574.jpg 768w, https:\/\/agora.xtec.cat\/esc-schola\/wp-content\/uploads\/usu2054\/2026\/02\/IMG_20210507_105004-1536x1149.jpg 1536w, https:\/\/agora.xtec.cat\/esc-schola\/wp-content\/uploads\/usu2054\/2026\/02\/IMG_20210507_105004-2048x1532.jpg 2048w\" sizes=\"auto, (max-width: 2560px) 100vw, 2560px\" \/><\/figure><\/div><div class=\"wp-block-getwid-images-slider__item\"><figure><img loading=\"lazy\" decoding=\"async\" width=\"2560\" height=\"1915\" src=\"https:\/\/agora.xtec.cat\/esc-schola\/wp-content\/uploads\/usu2054\/2026\/02\/IMG_20210507_105015-scaled.jpg\" data-id=\"5400\" data-link=\"https:\/\/agora.xtec.cat\/esc-schola\/projecte-educatiu\/projecte-apadrinem-can-ramoneda-2018-2022\/attachment\/img_20210507_105015\/\" data-original-link=\"https:\/\/agora.xtec.cat\/esc-schola\/wp-content\/uploads\/usu2054\/2026\/02\/IMG_20210507_105015-scaled.jpg\" class=\"wp-block-getwid-images-slider__image wp-image-5400\" srcset=\"https:\/\/agora.xtec.cat\/esc-schola\/wp-content\/uploads\/usu2054\/2026\/02\/IMG_20210507_105015-scaled.jpg 2560w, https:\/\/agora.xtec.cat\/esc-schola\/wp-content\/uploads\/usu2054\/2026\/02\/IMG_20210507_105015-300x224.jpg 300w, https:\/\/agora.xtec.cat\/esc-schola\/wp-content\/uploads\/usu2054\/2026\/02\/IMG_20210507_105015-1024x766.jpg 1024w, https:\/\/agora.xtec.cat\/esc-schola\/wp-content\/uploads\/usu2054\/2026\/02\/IMG_20210507_105015-768x574.jpg 768w, https:\/\/agora.xtec.cat\/esc-schola\/wp-content\/uploads\/usu2054\/2026\/02\/IMG_20210507_105015-1536x1149.jpg 1536w, https:\/\/agora.xtec.cat\/esc-schola\/wp-content\/uploads\/usu2054\/2026\/02\/IMG_20210507_105015-2048x1532.jpg 2048w\" sizes=\"auto, (max-width: 2560px) 100vw, 2560px\" \/><\/figure><\/div><div class=\"wp-block-getwid-images-slider__item\"><figure><img loading=\"lazy\" decoding=\"async\" width=\"2560\" height=\"1915\" src=\"https:\/\/agora.xtec.cat\/esc-schola\/wp-content\/uploads\/usu2054\/2026\/02\/IMG_20210507_105034-scaled.jpg\" data-id=\"5401\" data-link=\"https:\/\/agora.xtec.cat\/esc-schola\/projecte-educatiu\/projecte-apadrinem-can-ramoneda-2018-2022\/attachment\/img_20210507_105034\/\" data-original-link=\"https:\/\/agora.xtec.cat\/esc-schola\/wp-content\/uploads\/usu2054\/2026\/02\/IMG_20210507_105034-scaled.jpg\" class=\"wp-block-getwid-images-slider__image wp-image-5401\" srcset=\"https:\/\/agora.xtec.cat\/esc-schola\/wp-content\/uploads\/usu2054\/2026\/02\/IMG_20210507_105034-scaled.jpg 2560w, https:\/\/agora.xtec.cat\/esc-schola\/wp-content\/uploads\/usu2054\/2026\/02\/IMG_20210507_105034-300x224.jpg 300w, https:\/\/agora.xtec.cat\/esc-schola\/wp-content\/uploads\/usu2054\/2026\/02\/IMG_20210507_105034-1024x766.jpg 1024w, https:\/\/agora.xtec.cat\/esc-schola\/wp-content\/uploads\/usu2054\/2026\/02\/IMG_20210507_105034-768x574.jpg 768w, https:\/\/agora.xtec.cat\/esc-schola\/wp-content\/uploads\/usu2054\/2026\/02\/IMG_20210507_105034-1536x1149.jpg 1536w, https:\/\/agora.xtec.cat\/esc-schola\/wp-content\/uploads\/usu2054\/2026\/02\/IMG_20210507_105034-2048x1532.jpg 2048w\" sizes=\"auto, (max-width: 2560px) 100vw, 2560px\" \/><\/figure><\/div><div class=\"wp-block-getwid-images-slider__item\"><figure><img loading=\"lazy\" decoding=\"async\" width=\"2560\" height=\"1915\" src=\"https:\/\/agora.xtec.cat\/esc-schola\/wp-content\/uploads\/usu2054\/2026\/02\/IMG_20210507_111317-scaled.jpg\" data-id=\"5402\" data-link=\"https:\/\/agora.xtec.cat\/esc-schola\/projecte-educatiu\/projecte-apadrinem-can-ramoneda-2018-2022\/attachment\/img_20210507_111317\/\" data-original-link=\"https:\/\/agora.xtec.cat\/esc-schola\/wp-content\/uploads\/usu2054\/2026\/02\/IMG_20210507_111317-scaled.jpg\" class=\"wp-block-getwid-images-slider__image wp-image-5402\" srcset=\"https:\/\/agora.xtec.cat\/esc-schola\/wp-content\/uploads\/usu2054\/2026\/02\/IMG_20210507_111317-scaled.jpg 2560w, https:\/\/agora.xtec.cat\/esc-schola\/wp-content\/uploads\/usu2054\/2026\/02\/IMG_20210507_111317-300x224.jpg 300w, https:\/\/agora.xtec.cat\/esc-schola\/wp-content\/uploads\/usu2054\/2026\/02\/IMG_20210507_111317-1024x766.jpg 1024w, https:\/\/agora.xtec.cat\/esc-schola\/wp-content\/uploads\/usu2054\/2026\/02\/IMG_20210507_111317-768x574.jpg 768w, https:\/\/agora.xtec.cat\/esc-schola\/wp-content\/uploads\/usu2054\/2026\/02\/IMG_20210507_111317-1536x1149.jpg 1536w, https:\/\/agora.xtec.cat\/esc-schola\/wp-content\/uploads\/usu2054\/2026\/02\/IMG_20210507_111317-2048x1532.jpg 2048w\" sizes=\"auto, (max-width: 2560px) 100vw, 2560px\" \/><\/figure><\/div><div class=\"wp-block-getwid-images-slider__item\"><figure><img loading=\"lazy\" decoding=\"async\" width=\"2560\" height=\"1915\" src=\"https:\/\/agora.xtec.cat\/esc-schola\/wp-content\/uploads\/usu2054\/2026\/02\/IMG_20210507_111701-scaled.jpg\" data-id=\"5403\" data-link=\"https:\/\/agora.xtec.cat\/esc-schola\/projecte-educatiu\/projecte-apadrinem-can-ramoneda-2018-2022\/attachment\/img_20210507_111701\/\" data-original-link=\"https:\/\/agora.xtec.cat\/esc-schola\/wp-content\/uploads\/usu2054\/2026\/02\/IMG_20210507_111701-scaled.jpg\" class=\"wp-block-getwid-images-slider__image wp-image-5403\" srcset=\"https:\/\/agora.xtec.cat\/esc-schola\/wp-content\/uploads\/usu2054\/2026\/02\/IMG_20210507_111701-scaled.jpg 2560w, https:\/\/agora.xtec.cat\/esc-schola\/wp-content\/uploads\/usu2054\/2026\/02\/IMG_20210507_111701-300x224.jpg 300w, https:\/\/agora.xtec.cat\/esc-schola\/wp-content\/uploads\/usu2054\/2026\/02\/IMG_20210507_111701-1024x766.jpg 1024w, https:\/\/agora.xtec.cat\/esc-schola\/wp-content\/uploads\/usu2054\/2026\/02\/IMG_20210507_111701-768x574.jpg 768w, https:\/\/agora.xtec.cat\/esc-schola\/wp-content\/uploads\/usu2054\/2026\/02\/IMG_20210507_111701-1536x1149.jpg 1536w, https:\/\/agora.xtec.cat\/esc-schola\/wp-content\/uploads\/usu2054\/2026\/02\/IMG_20210507_111701-2048x1532.jpg 2048w\" sizes=\"auto, (max-width: 2560px) 100vw, 2560px\" \/><\/figure><\/div><div class=\"wp-block-getwid-images-slider__item\"><figure><img loading=\"lazy\" decoding=\"async\" width=\"2560\" height=\"1915\" src=\"https:\/\/agora.xtec.cat\/esc-schola\/wp-content\/uploads\/usu2054\/2026\/02\/IMG_20210507_111726-scaled.jpg\" data-id=\"5404\" data-link=\"https:\/\/agora.xtec.cat\/esc-schola\/projecte-educatiu\/projecte-apadrinem-can-ramoneda-2018-2022\/attachment\/img_20210507_111726\/\" data-original-link=\"https:\/\/agora.xtec.cat\/esc-schola\/wp-content\/uploads\/usu2054\/2026\/02\/IMG_20210507_111726-scaled.jpg\" class=\"wp-block-getwid-images-slider__image wp-image-5404\" srcset=\"https:\/\/agora.xtec.cat\/esc-schola\/wp-content\/uploads\/usu2054\/2026\/02\/IMG_20210507_111726-scaled.jpg 2560w, https:\/\/agora.xtec.cat\/esc-schola\/wp-content\/uploads\/usu2054\/2026\/02\/IMG_20210507_111726-300x224.jpg 300w, https:\/\/agora.xtec.cat\/esc-schola\/wp-content\/uploads\/usu2054\/2026\/02\/IMG_20210507_111726-1024x766.jpg 1024w, https:\/\/agora.xtec.cat\/esc-schola\/wp-content\/uploads\/usu2054\/2026\/02\/IMG_20210507_111726-768x574.jpg 768w, https:\/\/agora.xtec.cat\/esc-schola\/wp-content\/uploads\/usu2054\/2026\/02\/IMG_20210507_111726-1536x1149.jpg 1536w, https:\/\/agora.xtec.cat\/esc-schola\/wp-content\/uploads\/usu2054\/2026\/02\/IMG_20210507_111726-2048x1532.jpg 2048w\" sizes=\"auto, (max-width: 2560px) 100vw, 2560px\" \/><\/figure><\/div><div class=\"wp-block-getwid-images-slider__item\"><figure><img loading=\"lazy\" decoding=\"async\" width=\"2560\" height=\"1915\" src=\"https:\/\/agora.xtec.cat\/esc-schola\/wp-content\/uploads\/usu2054\/2026\/02\/IMG_20210507_123505-scaled.jpg\" data-id=\"5405\" data-link=\"https:\/\/agora.xtec.cat\/esc-schola\/projecte-educatiu\/projecte-apadrinem-can-ramoneda-2018-2022\/attachment\/img_20210507_123505\/\" data-original-link=\"https:\/\/agora.xtec.cat\/esc-schola\/wp-content\/uploads\/usu2054\/2026\/02\/IMG_20210507_123505-scaled.jpg\" class=\"wp-block-getwid-images-slider__image wp-image-5405\" srcset=\"https:\/\/agora.xtec.cat\/esc-schola\/wp-content\/uploads\/usu2054\/2026\/02\/IMG_20210507_123505-scaled.jpg 2560w, https:\/\/agora.xtec.cat\/esc-schola\/wp-content\/uploads\/usu2054\/2026\/02\/IMG_20210507_123505-300x224.jpg 300w, https:\/\/agora.xtec.cat\/esc-schola\/wp-content\/uploads\/usu2054\/2026\/02\/IMG_20210507_123505-1024x766.jpg 1024w, https:\/\/agora.xtec.cat\/esc-schola\/wp-content\/uploads\/usu2054\/2026\/02\/IMG_20210507_123505-768x574.jpg 768w, https:\/\/agora.xtec.cat\/esc-schola\/wp-content\/uploads\/usu2054\/2026\/02\/IMG_20210507_123505-1536x1149.jpg 1536w, https:\/\/agora.xtec.cat\/esc-schola\/wp-content\/uploads\/usu2054\/2026\/02\/IMG_20210507_123505-2048x1532.jpg 2048w\" sizes=\"auto, (max-width: 2560px) 100vw, 2560px\" \/><\/figure><\/div><div class=\"wp-block-getwid-images-slider__item\"><figure><img loading=\"lazy\" decoding=\"async\" width=\"2560\" height=\"1915\" src=\"https:\/\/agora.xtec.cat\/esc-schola\/wp-content\/uploads\/usu2054\/2026\/02\/IMG_20210507_123511-scaled.jpg\" data-id=\"5406\" data-link=\"https:\/\/agora.xtec.cat\/esc-schola\/projecte-educatiu\/projecte-apadrinem-can-ramoneda-2018-2022\/attachment\/img_20210507_123511\/\" data-original-link=\"https:\/\/agora.xtec.cat\/esc-schola\/wp-content\/uploads\/usu2054\/2026\/02\/IMG_20210507_123511-scaled.jpg\" class=\"wp-block-getwid-images-slider__image wp-image-5406\" srcset=\"https:\/\/agora.xtec.cat\/esc-schola\/wp-content\/uploads\/usu2054\/2026\/02\/IMG_20210507_123511-scaled.jpg 2560w, https:\/\/agora.xtec.cat\/esc-schola\/wp-content\/uploads\/usu2054\/2026\/02\/IMG_20210507_123511-300x224.jpg 300w, https:\/\/agora.xtec.cat\/esc-schola\/wp-content\/uploads\/usu2054\/2026\/02\/IMG_20210507_123511-1024x766.jpg 1024w, https:\/\/agora.xtec.cat\/esc-schola\/wp-content\/uploads\/usu2054\/2026\/02\/IMG_20210507_123511-768x574.jpg 768w, https:\/\/agora.xtec.cat\/esc-schola\/wp-content\/uploads\/usu2054\/2026\/02\/IMG_20210507_123511-1536x1149.jpg 1536w, https:\/\/agora.xtec.cat\/esc-schola\/wp-content\/uploads\/usu2054\/2026\/02\/IMG_20210507_123511-2048x1532.jpg 2048w\" sizes=\"auto, (max-width: 2560px) 100vw, 2560px\" \/><\/figure><\/div><div class=\"wp-block-getwid-images-slider__item\"><figure><img loading=\"lazy\" decoding=\"async\" width=\"2560\" height=\"1915\" src=\"https:\/\/agora.xtec.cat\/esc-schola\/wp-content\/uploads\/usu2054\/2026\/02\/IMG_20210507_123525-scaled.jpg\" data-id=\"5407\" data-link=\"https:\/\/agora.xtec.cat\/esc-schola\/projecte-educatiu\/projecte-apadrinem-can-ramoneda-2018-2022\/attachment\/img_20210507_123525\/\" data-original-link=\"https:\/\/agora.xtec.cat\/esc-schola\/wp-content\/uploads\/usu2054\/2026\/02\/IMG_20210507_123525-scaled.jpg\" class=\"wp-block-getwid-images-slider__image wp-image-5407\" srcset=\"https:\/\/agora.xtec.cat\/esc-schola\/wp-content\/uploads\/usu2054\/2026\/02\/IMG_20210507_123525-scaled.jpg 2560w, https:\/\/agora.xtec.cat\/esc-schola\/wp-content\/uploads\/usu2054\/2026\/02\/IMG_20210507_123525-300x224.jpg 300w, https:\/\/agora.xtec.cat\/esc-schola\/wp-content\/uploads\/usu2054\/2026\/02\/IMG_20210507_123525-1024x766.jpg 1024w, https:\/\/agora.xtec.cat\/esc-schola\/wp-content\/uploads\/usu2054\/2026\/02\/IMG_20210507_123525-768x574.jpg 768w, https:\/\/agora.xtec.cat\/esc-schola\/wp-content\/uploads\/usu2054\/2026\/02\/IMG_20210507_123525-1536x1149.jpg 1536w, https:\/\/agora.xtec.cat\/esc-schola\/wp-content\/uploads\/usu2054\/2026\/02\/IMG_20210507_123525-2048x1532.jpg 2048w\" sizes=\"auto, (max-width: 2560px) 100vw, 2560px\" \/><\/figure><\/div><div class=\"wp-block-getwid-images-slider__item\"><figure><img loading=\"lazy\" decoding=\"async\" width=\"2560\" height=\"1915\" src=\"https:\/\/agora.xtec.cat\/esc-schola\/wp-content\/uploads\/usu2054\/2026\/02\/IMG_20210507_145021-scaled.jpg\" data-id=\"5408\" data-link=\"https:\/\/agora.xtec.cat\/esc-schola\/projecte-educatiu\/projecte-apadrinem-can-ramoneda-2018-2022\/attachment\/img_20210507_145021\/\" data-original-link=\"https:\/\/agora.xtec.cat\/esc-schola\/wp-content\/uploads\/usu2054\/2026\/02\/IMG_20210507_145021-scaled.jpg\" class=\"wp-block-getwid-images-slider__image wp-image-5408\" srcset=\"https:\/\/agora.xtec.cat\/esc-schola\/wp-content\/uploads\/usu2054\/2026\/02\/IMG_20210507_145021-scaled.jpg 2560w, https:\/\/agora.xtec.cat\/esc-schola\/wp-content\/uploads\/usu2054\/2026\/02\/IMG_20210507_145021-300x224.jpg 300w, https:\/\/agora.xtec.cat\/esc-schola\/wp-content\/uploads\/usu2054\/2026\/02\/IMG_20210507_145021-1024x766.jpg 1024w, https:\/\/agora.xtec.cat\/esc-schola\/wp-content\/uploads\/usu2054\/2026\/02\/IMG_20210507_145021-768x574.jpg 768w, https:\/\/agora.xtec.cat\/esc-schola\/wp-content\/uploads\/usu2054\/2026\/02\/IMG_20210507_145021-1536x1149.jpg 1536w, https:\/\/agora.xtec.cat\/esc-schola\/wp-content\/uploads\/usu2054\/2026\/02\/IMG_20210507_145021-2048x1532.jpg 2048w\" sizes=\"auto, (max-width: 2560px) 100vw, 2560px\" \/><\/figure><\/div><\/div><\/div>\n\n\n\n<p class=\"has-medium-font-size\">Els projectes d\u2019apadrinament promouen la dimensi\u00f3 significativa, comunicativa, d\u2019acci\u00f3 i de projecci\u00f3 de l\u2019aprenentatge. Aquestes quatre&nbsp; dimensions permeten situar l\u2019alumne com a subjecte actiu del seu aprenentatge, promovent-ne la implicaci\u00f3 en el territori i en la societat&nbsp; a trav\u00e9s d\u2019un concepte de ciutadania cr\u00edtica i responsable.&nbsp;<\/p>\n\n\n\n<p class=\"has-medium-font-size\">Rub\u00ed antigament era una ciutat agr\u00edcola i la pagesia tenia una import\u00e0ncia molt gran en la seva economia, poc a poc han anat desapareixent la majoria de les masies i els terrenys s&#8217;han convertit en zones industrials. Per aquest motiu el claustre ha decidit apadrinar la masia de Can Ramoneda.<br>La xarxa de masies que l&#8217;envoltaven era for\u00e7a nombrosa. Malauradament en l&#8217;actualitat en queden molt poques en bon estat i aquesta \u00e9s una de les poques que mant\u00e9 una certa activitat agr\u00edcola a m\u00e9s de mantenir un lligam hist\u00f2ric i afectiu amb l&#8217;escola.<\/p>\n","protected":false},"excerpt":{"rendered":"<p>&nbsp;El programa es basa en l\u2019apadrinament d\u2019un element patrimonial per part del centre educatiu, la qual cosa comporta donar-li valor i&nbsp; aprofundir en el coneixement des del punt de vista cultural i, alhora, fer que aquest coneixement sigui socialment rellevant (que arribi a&nbsp; la mateixa comunitat i a l\u2019entorn de l\u2019escola).&nbsp; Els projectes d\u2019apadrinament promouen [&hellip;]<\/p>\n","protected":false},"author":1,"featured_media":0,"parent":64,"menu_order":3,"comment_status":"closed","ping_status":"closed","template":"","meta":{"_bbp_topic_count":0,"_bbp_reply_count":0,"_bbp_total_topic_count":0,"_bbp_total_reply_count":0,"_bbp_voice_count":0,"_bbp_anonymous_reply_count":0,"_bbp_topic_count_hidden":0,"_bbp_reply_count_hidden":0,"_bbp_forum_subforum_count":0,"site-sidebar-layout":"default","site-content-layout":"","ast-site-content-layout":"default","site-content-style":"default","site-sidebar-style":"default","ast-global-header-display":"","ast-banner-title-visibility":"","ast-main-header-display":"","ast-hfb-above-header-display":"","ast-hfb-below-header-display":"","ast-hfb-mobile-header-display":"","site-post-title":"","ast-breadcrumbs-content":"","ast-featured-img":"","footer-sml-layout":"","theme-transparent-header-meta":"","adv-header-id-meta":"","stick-header-meta":"","header-above-stick-meta":"","header-main-stick-meta":"","header-below-stick-meta":"","astra-migrate-meta-layouts":"set","ast-page-background-enabled":"default","ast-page-background-meta":{"desktop":{"background-color":"var(--ast-global-color-4)","background-image":"","background-repeat":"repeat","background-position":"center center","background-size":"auto","background-attachment":"scroll","background-type":"","background-media":"","overlay-type":"","overlay-color":"","overlay-opacity":"","overlay-gradient":""},"tablet":{"background-color":"","background-image":"","background-repeat":"repeat","background-position":"center center","background-size":"auto","background-attachment":"scroll","background-type":"","background-media":"","overlay-type":"","overlay-color":"","overlay-opacity":"","overlay-gradient":""},"mobile":{"background-color":"","background-image":"","background-repeat":"repeat","background-position":"center center","background-size":"auto","background-attachment":"scroll","background-type":"","background-media":"","overlay-type":"","overlay-color":"","overlay-opacity":"","overlay-gradient":""}},"ast-content-background-meta":{"desktop":{"background-color":"var(--ast-global-color-5)","background-image":"","background-repeat":"repeat","background-position":"center center","background-size":"auto","background-attachment":"scroll","background-type":"","background-media":"","overlay-type":"","overlay-color":"","overlay-opacity":"","overlay-gradient":""},"tablet":{"background-color":"var(--ast-global-color-5)","background-image":"","background-repeat":"repeat","background-position":"center center","background-size":"auto","background-attachment":"scroll","background-type":"","background-media":"","overlay-type":"","overlay-color":"","overlay-opacity":"","overlay-gradient":""},"mobile":{"background-color":"var(--ast-global-color-5)","background-image":"","background-repeat":"repeat","background-position":"center center","background-size":"auto","background-attachment":"scroll","background-type":"","background-media":"","overlay-type":"","overlay-color":"","overlay-opacity":"","overlay-gradient":""}},"footnotes":""},"class_list":["post-517","page","type-page","status-publish","hentry"],"post_mailing_queue_ids":[],"_links":{"self":[{"href":"https:\/\/agora.xtec.cat\/esc-schola\/wp-json\/wp\/v2\/pages\/517","targetHints":{"allow":["GET"]}}],"collection":[{"href":"https:\/\/agora.xtec.cat\/esc-schola\/wp-json\/wp\/v2\/pages"}],"about":[{"href":"https:\/\/agora.xtec.cat\/esc-schola\/wp-json\/wp\/v2\/types\/page"}],"author":[{"embeddable":true,"href":"https:\/\/agora.xtec.cat\/esc-schola\/wp-json\/wp\/v2\/users\/1"}],"replies":[{"embeddable":true,"href":"https:\/\/agora.xtec.cat\/esc-schola\/wp-json\/wp\/v2\/comments?post=517"}],"version-history":[{"count":6,"href":"https:\/\/agora.xtec.cat\/esc-schola\/wp-json\/wp\/v2\/pages\/517\/revisions"}],"predecessor-version":[{"id":5527,"href":"https:\/\/agora.xtec.cat\/esc-schola\/wp-json\/wp\/v2\/pages\/517\/revisions\/5527"}],"up":[{"embeddable":true,"href":"https:\/\/agora.xtec.cat\/esc-schola\/wp-json\/wp\/v2\/pages\/64"}],"wp:attachment":[{"href":"https:\/\/agora.xtec.cat\/esc-schola\/wp-json\/wp\/v2\/media?parent=517"}],"curies":[{"name":"wp","href":"https:\/\/api.w.org\/{rel}","templated":true}]}}