{"id":501,"date":"2020-03-03T13:00:52","date_gmt":"2020-03-03T12:00:52","guid":{"rendered":"https:\/\/agora.xtec.cat\/esc-schola\/?page_id=501"},"modified":"2026-02-17T13:21:51","modified_gmt":"2026-02-17T12:21:51","slug":"projecte-educatiu-de-centre-maig-2018","status":"publish","type":"page","link":"https:\/\/agora.xtec.cat\/esc-schola\/projecte-educatiu\/projecte-educatiu-de-centre-maig-2018\/","title":{"rendered":"Projecte educatiu de centre"},"content":{"rendered":"\n<p>L\u2019Escola Schola \u00e9s un <strong>centre p\u00fablic d\u2019educaci\u00f3 infantil i prim\u00e0ria<\/strong> situat al centre del municipi de Rub\u00ed, amb una traject\u00f2ria educativa consolidada i un fort arrelament al territori. Al llarg dels anys, el centre ha constru\u00eft una identitat pr\u00f2pia vinculada al comprom\u00eds amb l\u2019educaci\u00f3, la proximitat i l\u2019atenci\u00f3 a les persones.<\/p>\n\n\n\n<p>L\u2019escola \u00e9s una escola d\u2019<strong>una sola l\u00ednia<\/strong> i de dimensions redu\u00efdes, fet que condiciona positivament la seva manera de funcionar. Aquesta caracter\u00edstica permet un coneixement profund de l\u2019alumnat i de les fam\u00edlies, afavoreix <strong>relacions educatives properes i facilita una atenci\u00f3 personalitzada<\/strong> i continuada al llarg de totes les etapes educatives. La dimensi\u00f3 humana del centre \u00e9s un element definitori del projecte educatiu.<\/p>\n\n\n\n<p>La ubicaci\u00f3 de l\u2019Escola Schola al nucli urb\u00e0 de Rub\u00ed refor\u00e7a el <strong>vincle amb l\u2019entorn immediat<\/strong> i facilita la relaci\u00f3 amb els serveis, equipaments i recursos educatius, culturals i socials del municipi. Aquesta connexi\u00f3 amb l\u2019entorn forma part del projecte educatiu i contribueix a ampliar les oportunitats d\u2019aprenentatge de l\u2019alumnat.<\/p>\n\n\n\n<div class=\"wp-block-file\"><a id=\"wp-block-file--media-8c60555f-3992-4241-ac06-59b4dfd27db3\" href=\"https:\/\/agora.xtec.cat\/esc-schola\/wp-content\/uploads\/usu2054\/2026\/02\/PEC-2026.docx.pdf\" target=\"_blank\" rel=\"noreferrer noopener\">PEC 2026.docx<\/a><a href=\"https:\/\/agora.xtec.cat\/esc-schola\/wp-content\/uploads\/usu2054\/2026\/02\/PEC-2026.docx.pdf\" class=\"wp-block-file__button wp-element-button\" download aria-describedby=\"wp-block-file--media-8c60555f-3992-4241-ac06-59b4dfd27db3\">Baixa<\/a><\/div>\n\n\n\n<div class=\"wp-block-getwid-images-slider has-arrows-inside has-dots-outside is-carousel has-slides-gap-small has-images-center has-cropped-images\"><div class=\"wp-block-getwid-images-slider__wrapper\" data-effect=\"slide\" data-slides-show=\"3\" data-slides-show-laptop=\"3\" data-slides-show-tablet=\"2\" data-slides-show-mobile=\"1\" data-slides-scroll=\"1\" data-autoplay=\"false\" data-pause-hover=\"false\" data-autoplay-speed=\"6000\" data-infinite=\"true\" data-animation-speed=\"800\" data-center-mode=\"true\" data-variable-width=\"false\" data-arrows=\"inside\" data-dots=\"outside\" data-spacing=\"small\"><div class=\"wp-block-getwid-images-slider__item\"><figure><img loading=\"lazy\" decoding=\"async\" width=\"2364\" height=\"1330\" src=\"https:\/\/agora.xtec.cat\/esc-schola\/wp-content\/uploads\/usu2054\/2026\/02\/IMG_9593-1.jpeg\" data-id=\"5480\" data-link=\"https:\/\/agora.xtec.cat\/esc-schola\/projecte-educatiu\/projecte-educatiu-de-centre-maig-2018\/attachment\/img_9593-1\/\" data-original-link=\"https:\/\/agora.xtec.cat\/esc-schola\/wp-content\/uploads\/usu2054\/2026\/02\/IMG_9593-1.jpeg\" class=\"wp-block-getwid-images-slider__image wp-image-5480\" srcset=\"https:\/\/agora.xtec.cat\/esc-schola\/wp-content\/uploads\/usu2054\/2026\/02\/IMG_9593-1.jpeg 2364w, https:\/\/agora.xtec.cat\/esc-schola\/wp-content\/uploads\/usu2054\/2026\/02\/IMG_9593-1-300x169.jpeg 300w, https:\/\/agora.xtec.cat\/esc-schola\/wp-content\/uploads\/usu2054\/2026\/02\/IMG_9593-1-1024x576.jpeg 1024w, https:\/\/agora.xtec.cat\/esc-schola\/wp-content\/uploads\/usu2054\/2026\/02\/IMG_9593-1-768x432.jpeg 768w, https:\/\/agora.xtec.cat\/esc-schola\/wp-content\/uploads\/usu2054\/2026\/02\/IMG_9593-1-1536x864.jpeg 1536w, https:\/\/agora.xtec.cat\/esc-schola\/wp-content\/uploads\/usu2054\/2026\/02\/IMG_9593-1-2048x1152.jpeg 2048w\" sizes=\"auto, (max-width: 2364px) 100vw, 2364px\" \/><\/figure><\/div><div class=\"wp-block-getwid-images-slider__item\"><figure><img loading=\"lazy\" decoding=\"async\" width=\"2000\" height=\"900\" src=\"https:\/\/agora.xtec.cat\/esc-schola\/wp-content\/uploads\/usu2054\/2026\/02\/PHOTO-2025-05-12-16-25-19.jpg\" data-id=\"5481\" data-link=\"https:\/\/agora.xtec.cat\/esc-schola\/projecte-educatiu\/projecte-educatiu-de-centre-maig-2018\/attachment\/photo-2025-05-12-16-25-19\/\" data-original-link=\"https:\/\/agora.xtec.cat\/esc-schola\/wp-content\/uploads\/usu2054\/2026\/02\/PHOTO-2025-05-12-16-25-19.jpg\" class=\"wp-block-getwid-images-slider__image wp-image-5481\" srcset=\"https:\/\/agora.xtec.cat\/esc-schola\/wp-content\/uploads\/usu2054\/2026\/02\/PHOTO-2025-05-12-16-25-19.jpg 2000w, https:\/\/agora.xtec.cat\/esc-schola\/wp-content\/uploads\/usu2054\/2026\/02\/PHOTO-2025-05-12-16-25-19-300x135.jpg 300w, https:\/\/agora.xtec.cat\/esc-schola\/wp-content\/uploads\/usu2054\/2026\/02\/PHOTO-2025-05-12-16-25-19-1024x461.jpg 1024w, https:\/\/agora.xtec.cat\/esc-schola\/wp-content\/uploads\/usu2054\/2026\/02\/PHOTO-2025-05-12-16-25-19-768x346.jpg 768w, https:\/\/agora.xtec.cat\/esc-schola\/wp-content\/uploads\/usu2054\/2026\/02\/PHOTO-2025-05-12-16-25-19-1536x691.jpg 1536w\" sizes=\"auto, (max-width: 2000px) 100vw, 2000px\" \/><\/figure><\/div><div class=\"wp-block-getwid-images-slider__item\"><figure><img loading=\"lazy\" decoding=\"async\" width=\"1200\" height=\"800\" src=\"https:\/\/agora.xtec.cat\/esc-schola\/wp-content\/uploads\/usu2054\/2026\/02\/fc9af9a4-609a-44c1-bf69-d1393984f748_alta-libre-aspect-ratio_default_0.jpg\" data-id=\"5482\" data-link=\"https:\/\/agora.xtec.cat\/esc-schola\/projecte-educatiu\/projecte-educatiu-de-centre-maig-2018\/attachment\/fc9af9a4-609a-44c1-bf69-d1393984f748_alta-libre-aspect-ratio_default_0\/\" data-original-link=\"https:\/\/agora.xtec.cat\/esc-schola\/wp-content\/uploads\/usu2054\/2026\/02\/fc9af9a4-609a-44c1-bf69-d1393984f748_alta-libre-aspect-ratio_default_0.jpg\" class=\"wp-block-getwid-images-slider__image wp-image-5482\" srcset=\"https:\/\/agora.xtec.cat\/esc-schola\/wp-content\/uploads\/usu2054\/2026\/02\/fc9af9a4-609a-44c1-bf69-d1393984f748_alta-libre-aspect-ratio_default_0.jpg 1200w, https:\/\/agora.xtec.cat\/esc-schola\/wp-content\/uploads\/usu2054\/2026\/02\/fc9af9a4-609a-44c1-bf69-d1393984f748_alta-libre-aspect-ratio_default_0-300x200.jpg 300w, https:\/\/agora.xtec.cat\/esc-schola\/wp-content\/uploads\/usu2054\/2026\/02\/fc9af9a4-609a-44c1-bf69-d1393984f748_alta-libre-aspect-ratio_default_0-1024x683.jpg 1024w, https:\/\/agora.xtec.cat\/esc-schola\/wp-content\/uploads\/usu2054\/2026\/02\/fc9af9a4-609a-44c1-bf69-d1393984f748_alta-libre-aspect-ratio_default_0-768x512.jpg 768w\" sizes=\"auto, (max-width: 1200px) 100vw, 1200px\" \/><\/figure><\/div><div class=\"wp-block-getwid-images-slider__item\"><figure><img loading=\"lazy\" decoding=\"async\" width=\"900\" height=\"1600\" src=\"https:\/\/agora.xtec.cat\/esc-schola\/wp-content\/uploads\/usu2054\/2026\/02\/IMG-20241004-WA0040.jpg\" data-id=\"5483\" data-link=\"https:\/\/agora.xtec.cat\/esc-schola\/projecte-educatiu\/projecte-educatiu-de-centre-maig-2018\/attachment\/img-20241004-wa0040\/\" data-original-link=\"https:\/\/agora.xtec.cat\/esc-schola\/wp-content\/uploads\/usu2054\/2026\/02\/IMG-20241004-WA0040.jpg\" class=\"wp-block-getwid-images-slider__image wp-image-5483\" srcset=\"https:\/\/agora.xtec.cat\/esc-schola\/wp-content\/uploads\/usu2054\/2026\/02\/IMG-20241004-WA0040.jpg 900w, https:\/\/agora.xtec.cat\/esc-schola\/wp-content\/uploads\/usu2054\/2026\/02\/IMG-20241004-WA0040-169x300.jpg 169w, https:\/\/agora.xtec.cat\/esc-schola\/wp-content\/uploads\/usu2054\/2026\/02\/IMG-20241004-WA0040-576x1024.jpg 576w, https:\/\/agora.xtec.cat\/esc-schola\/wp-content\/uploads\/usu2054\/2026\/02\/IMG-20241004-WA0040-768x1365.jpg 768w, https:\/\/agora.xtec.cat\/esc-schola\/wp-content\/uploads\/usu2054\/2026\/02\/IMG-20241004-WA0040-864x1536.jpg 864w\" sizes=\"auto, (max-width: 900px) 100vw, 900px\" \/><\/figure><\/div><div class=\"wp-block-getwid-images-slider__item\"><figure><img loading=\"lazy\" decoding=\"async\" width=\"2560\" height=\"1920\" src=\"https:\/\/agora.xtec.cat\/esc-schola\/wp-content\/uploads\/usu2054\/2026\/02\/1738678157244-scaled.jpg\" data-id=\"5484\" data-link=\"https:\/\/agora.xtec.cat\/esc-schola\/projecte-educatiu\/projecte-educatiu-de-centre-maig-2018\/attachment\/1738678157244-2\/\" data-original-link=\"https:\/\/agora.xtec.cat\/esc-schola\/wp-content\/uploads\/usu2054\/2026\/02\/1738678157244-scaled.jpg\" class=\"wp-block-getwid-images-slider__image wp-image-5484\" srcset=\"https:\/\/agora.xtec.cat\/esc-schola\/wp-content\/uploads\/usu2054\/2026\/02\/1738678157244-scaled.jpg 2560w, https:\/\/agora.xtec.cat\/esc-schola\/wp-content\/uploads\/usu2054\/2026\/02\/1738678157244-300x225.jpg 300w, https:\/\/agora.xtec.cat\/esc-schola\/wp-content\/uploads\/usu2054\/2026\/02\/1738678157244-1024x768.jpg 1024w, https:\/\/agora.xtec.cat\/esc-schola\/wp-content\/uploads\/usu2054\/2026\/02\/1738678157244-768x576.jpg 768w, https:\/\/agora.xtec.cat\/esc-schola\/wp-content\/uploads\/usu2054\/2026\/02\/1738678157244-1536x1152.jpg 1536w, https:\/\/agora.xtec.cat\/esc-schola\/wp-content\/uploads\/usu2054\/2026\/02\/1738678157244-2048x1536.jpg 2048w\" sizes=\"auto, (max-width: 2560px) 100vw, 2560px\" \/><\/figure><\/div><div class=\"wp-block-getwid-images-slider__item\"><figure><img loading=\"lazy\" decoding=\"async\" width=\"472\" height=\"1024\" src=\"https:\/\/agora.xtec.cat\/esc-schola\/wp-content\/uploads\/usu2054\/2026\/01\/1768737285005.jpg\" data-id=\"5240\" data-link=\"https:\/\/agora.xtec.cat\/esc-schola\/infantil\/racons-a-i5-2\/attachment\/1768737285005\/\" data-original-link=\"https:\/\/agora.xtec.cat\/esc-schola\/wp-content\/uploads\/usu2054\/2026\/01\/1768737285005.jpg\" class=\"wp-block-getwid-images-slider__image wp-image-5240\" srcset=\"https:\/\/agora.xtec.cat\/esc-schola\/wp-content\/uploads\/usu2054\/2026\/01\/1768737285005.jpg 472w, https:\/\/agora.xtec.cat\/esc-schola\/wp-content\/uploads\/usu2054\/2026\/01\/1768737285005-138x300.jpg 138w\" sizes=\"auto, (max-width: 472px) 100vw, 472px\" \/><\/figure><\/div><div class=\"wp-block-getwid-images-slider__item\"><figure><img loading=\"lazy\" decoding=\"async\" width=\"1365\" height=\"1024\" src=\"https:\/\/agora.xtec.cat\/esc-schola\/wp-content\/uploads\/usu2054\/2025\/12\/IMG_20251215_093546.jpg\" data-id=\"5186\" data-link=\"https:\/\/agora.xtec.cat\/esc-schola\/portada\/visita-als-dioramas\/attachment\/img_20251215_093546\/\" data-original-link=\"https:\/\/agora.xtec.cat\/esc-schola\/wp-content\/uploads\/usu2054\/2025\/12\/IMG_20251215_093546.jpg\" class=\"wp-block-getwid-images-slider__image wp-image-5186\" srcset=\"https:\/\/agora.xtec.cat\/esc-schola\/wp-content\/uploads\/usu2054\/2025\/12\/IMG_20251215_093546.jpg 1365w, https:\/\/agora.xtec.cat\/esc-schola\/wp-content\/uploads\/usu2054\/2025\/12\/IMG_20251215_093546-300x225.jpg 300w, https:\/\/agora.xtec.cat\/esc-schola\/wp-content\/uploads\/usu2054\/2025\/12\/IMG_20251215_093546-1024x768.jpg 1024w, https:\/\/agora.xtec.cat\/esc-schola\/wp-content\/uploads\/usu2054\/2025\/12\/IMG_20251215_093546-768x576.jpg 768w\" sizes=\"auto, (max-width: 1365px) 100vw, 1365px\" \/><\/figure><\/div><div class=\"wp-block-getwid-images-slider__item\"><figure><img loading=\"lazy\" decoding=\"async\" width=\"2560\" height=\"1155\" src=\"https:\/\/agora.xtec.cat\/esc-schola\/wp-content\/uploads\/usu2054\/2025\/04\/1745911811925-scaled.jpg\" data-id=\"4710\" data-link=\"https:\/\/agora.xtec.cat\/esc-schola\/general\/tallers-de-sant-jordi-2\/attachment\/1745911811925\/\" data-original-link=\"https:\/\/agora.xtec.cat\/esc-schola\/wp-content\/uploads\/usu2054\/2025\/04\/1745911811925-scaled.jpg\" class=\"wp-block-getwid-images-slider__image wp-image-4710\" srcset=\"https:\/\/agora.xtec.cat\/esc-schola\/wp-content\/uploads\/usu2054\/2025\/04\/1745911811925-scaled.jpg 2560w, https:\/\/agora.xtec.cat\/esc-schola\/wp-content\/uploads\/usu2054\/2025\/04\/1745911811925-300x135.jpg 300w, https:\/\/agora.xtec.cat\/esc-schola\/wp-content\/uploads\/usu2054\/2025\/04\/1745911811925-1024x462.jpg 1024w, https:\/\/agora.xtec.cat\/esc-schola\/wp-content\/uploads\/usu2054\/2025\/04\/1745911811925-768x346.jpg 768w, https:\/\/agora.xtec.cat\/esc-schola\/wp-content\/uploads\/usu2054\/2025\/04\/1745911811925-1536x693.jpg 1536w, https:\/\/agora.xtec.cat\/esc-schola\/wp-content\/uploads\/usu2054\/2025\/04\/1745911811925-2048x924.jpg 2048w\" sizes=\"auto, (max-width: 2560px) 100vw, 2560px\" \/><\/figure><\/div><div class=\"wp-block-getwid-images-slider__item\"><figure><img loading=\"lazy\" decoding=\"async\" width=\"626\" height=\"909\" src=\"https:\/\/agora.xtec.cat\/esc-schola\/wp-content\/uploads\/usu2054\/2025\/03\/IMG_4450.jpg\" data-id=\"4660\" data-link=\"https:\/\/agora.xtec.cat\/esc-schola\/general\/2n-visita-la-masia-de-can-deu-sabadell\/attachment\/img_4450\/\" data-original-link=\"https:\/\/agora.xtec.cat\/esc-schola\/wp-content\/uploads\/usu2054\/2025\/03\/IMG_4450.jpg\" class=\"wp-block-getwid-images-slider__image wp-image-4660\" srcset=\"https:\/\/agora.xtec.cat\/esc-schola\/wp-content\/uploads\/usu2054\/2025\/03\/IMG_4450.jpg 626w, https:\/\/agora.xtec.cat\/esc-schola\/wp-content\/uploads\/usu2054\/2025\/03\/IMG_4450-207x300.jpg 207w\" sizes=\"auto, (max-width: 626px) 100vw, 626px\" \/><\/figure><\/div><div class=\"wp-block-getwid-images-slider__item\"><figure><img loading=\"lazy\" decoding=\"async\" width=\"2000\" height=\"900\" src=\"https:\/\/agora.xtec.cat\/esc-schola\/wp-content\/uploads\/usu2054\/2025\/03\/Foto-de-Marta-15.jpg\" data-id=\"4614\" data-link=\"https:\/\/agora.xtec.cat\/esc-schola\/general\/enterrem-la-sardina\/attachment\/foto-de-marta-15\/\" data-original-link=\"https:\/\/agora.xtec.cat\/esc-schola\/wp-content\/uploads\/usu2054\/2025\/03\/Foto-de-Marta-15.jpg\" class=\"wp-block-getwid-images-slider__image wp-image-4614\" srcset=\"https:\/\/agora.xtec.cat\/esc-schola\/wp-content\/uploads\/usu2054\/2025\/03\/Foto-de-Marta-15.jpg 2000w, https:\/\/agora.xtec.cat\/esc-schola\/wp-content\/uploads\/usu2054\/2025\/03\/Foto-de-Marta-15-300x135.jpg 300w, https:\/\/agora.xtec.cat\/esc-schola\/wp-content\/uploads\/usu2054\/2025\/03\/Foto-de-Marta-15-1024x461.jpg 1024w, https:\/\/agora.xtec.cat\/esc-schola\/wp-content\/uploads\/usu2054\/2025\/03\/Foto-de-Marta-15-768x346.jpg 768w, https:\/\/agora.xtec.cat\/esc-schola\/wp-content\/uploads\/usu2054\/2025\/03\/Foto-de-Marta-15-1536x691.jpg 1536w\" sizes=\"auto, (max-width: 2000px) 100vw, 2000px\" \/><\/figure><\/div><\/div><\/div>\n\n\n\n<p><\/p>\n","protected":false},"excerpt":{"rendered":"<p>L\u2019Escola Schola \u00e9s un centre p\u00fablic d\u2019educaci\u00f3 infantil i prim\u00e0ria situat al centre del municipi de Rub\u00ed, amb una traject\u00f2ria educativa consolidada i un fort arrelament al territori. Al llarg dels anys, el centre ha constru\u00eft una identitat pr\u00f2pia vinculada al comprom\u00eds amb l\u2019educaci\u00f3, la proximitat i l\u2019atenci\u00f3 a les persones. L\u2019escola \u00e9s una escola [&hellip;]<\/p>\n","protected":false},"author":1,"featured_media":0,"parent":64,"menu_order":0,"comment_status":"closed","ping_status":"closed","template":"","meta":{"_bbp_topic_count":0,"_bbp_reply_count":0,"_bbp_total_topic_count":0,"_bbp_total_reply_count":0,"_bbp_voice_count":0,"_bbp_anonymous_reply_count":0,"_bbp_topic_count_hidden":0,"_bbp_reply_count_hidden":0,"_bbp_forum_subforum_count":0,"site-sidebar-layout":"default","site-content-layout":"","ast-site-content-layout":"default","site-content-style":"default","site-sidebar-style":"default","ast-global-header-display":"","ast-banner-title-visibility":"","ast-main-header-display":"","ast-hfb-above-header-display":"","ast-hfb-below-header-display":"","ast-hfb-mobile-header-display":"","site-post-title":"","ast-breadcrumbs-content":"","ast-featured-img":"","footer-sml-layout":"","theme-transparent-header-meta":"","adv-header-id-meta":"","stick-header-meta":"","header-above-stick-meta":"","header-main-stick-meta":"","header-below-stick-meta":"","astra-migrate-meta-layouts":"set","ast-page-background-enabled":"default","ast-page-background-meta":{"desktop":{"background-color":"var(--ast-global-color-4)","background-image":"","background-repeat":"repeat","background-position":"center center","background-size":"auto","background-attachment":"scroll","background-type":"","background-media":"","overlay-type":"","overlay-color":"","overlay-opacity":"","overlay-gradient":""},"tablet":{"background-color":"","background-image":"","background-repeat":"repeat","background-position":"center center","background-size":"auto","background-attachment":"scroll","background-type":"","background-media":"","overlay-type":"","overlay-color":"","overlay-opacity":"","overlay-gradient":""},"mobile":{"background-color":"","background-image":"","background-repeat":"repeat","background-position":"center center","background-size":"auto","background-attachment":"scroll","background-type":"","background-media":"","overlay-type":"","overlay-color":"","overlay-opacity":"","overlay-gradient":""}},"ast-content-background-meta":{"desktop":{"background-color":"var(--ast-global-color-5)","background-image":"","background-repeat":"repeat","background-position":"center center","background-size":"auto","background-attachment":"scroll","background-type":"","background-media":"","overlay-type":"","overlay-color":"","overlay-opacity":"","overlay-gradient":""},"tablet":{"background-color":"var(--ast-global-color-5)","background-image":"","background-repeat":"repeat","background-position":"center center","background-size":"auto","background-attachment":"scroll","background-type":"","background-media":"","overlay-type":"","overlay-color":"","overlay-opacity":"","overlay-gradient":""},"mobile":{"background-color":"var(--ast-global-color-5)","background-image":"","background-repeat":"repeat","background-position":"center center","background-size":"auto","background-attachment":"scroll","background-type":"","background-media":"","overlay-type":"","overlay-color":"","overlay-opacity":"","overlay-gradient":""}},"footnotes":""},"class_list":["post-501","page","type-page","status-publish","hentry"],"post_mailing_queue_ids":[],"_links":{"self":[{"href":"https:\/\/agora.xtec.cat\/esc-schola\/wp-json\/wp\/v2\/pages\/501","targetHints":{"allow":["GET"]}}],"collection":[{"href":"https:\/\/agora.xtec.cat\/esc-schola\/wp-json\/wp\/v2\/pages"}],"about":[{"href":"https:\/\/agora.xtec.cat\/esc-schola\/wp-json\/wp\/v2\/types\/page"}],"author":[{"embeddable":true,"href":"https:\/\/agora.xtec.cat\/esc-schola\/wp-json\/wp\/v2\/users\/1"}],"replies":[{"embeddable":true,"href":"https:\/\/agora.xtec.cat\/esc-schola\/wp-json\/wp\/v2\/comments?post=501"}],"version-history":[{"count":3,"href":"https:\/\/agora.xtec.cat\/esc-schola\/wp-json\/wp\/v2\/pages\/501\/revisions"}],"predecessor-version":[{"id":5488,"href":"https:\/\/agora.xtec.cat\/esc-schola\/wp-json\/wp\/v2\/pages\/501\/revisions\/5488"}],"up":[{"embeddable":true,"href":"https:\/\/agora.xtec.cat\/esc-schola\/wp-json\/wp\/v2\/pages\/64"}],"wp:attachment":[{"href":"https:\/\/agora.xtec.cat\/esc-schola\/wp-json\/wp\/v2\/media?parent=501"}],"curies":[{"name":"wp","href":"https:\/\/api.w.org\/{rel}","templated":true}]}}