{"id":3429,"date":"2023-11-08T11:00:49","date_gmt":"2023-11-08T10:00:49","guid":{"rendered":"https:\/\/agora.xtec.cat\/esc-schola\/?page_id=3429"},"modified":"2026-02-17T13:55:05","modified_gmt":"2026-02-17T12:55:05","slug":"projecte-de-direccio","status":"publish","type":"page","link":"https:\/\/agora.xtec.cat\/esc-schola\/projecte-de-direccio\/","title":{"rendered":"Projecte de Direcci\u00f3"},"content":{"rendered":"\n<p>El centre ha experimentat, al llarg dels darrers cursos, una evoluci\u00f3 en la seva realitat educativa, fet que ha comportat l\u2019adaptaci\u00f3 progressiva de les pr\u00e0ctiques pedag\u00f2giques per donar resposta a la diversitat de l\u2019alumnat.<\/p>\n\n\n\n<p>El seguiment dels indicadors de centre i de les avaluacions internes i externes permet constatar que una \u00e0mplia majoria de l\u2019alumnat supera els diferents cicles educatius i les \u00e0rees instrumentals.<\/p>\n\n\n\n<p>L\u2019an\u00e0lisi dels resultats posa de manifest la necessitat de continuar focalitzant esfor\u00e7os en la millora de la compet\u00e8ncia ling\u00fc\u00edstica, aix\u00ed com de consolidar les actuacions que han tingut un impacte positiu en les compet\u00e8ncies matem\u00e0tica i cient\u00edfica.<\/p>\n\n\n\n<p>A partir d\u2019aquesta an\u00e0lisi, el centre mant\u00e9 i refor\u00e7a les l\u00ednies metodol\u00f2giques que han demostrat ser eficaces, alhora que impulsa accions de millora cont\u00ednua orientades a garantir l\u2019\u00e8xit educatiu de tot l\u2019alumnat.<\/p>\n\n\n\n<figure class=\"wp-block-image aligncenter size-large is-resized has-custom-border\"><a href=\"https:\/\/agora.xtec.cat\/esc-schola\/wp-content\/uploads\/usu2054\/2026\/02\/IMG-20260217-WA0018.jpg\"><img loading=\"lazy\" decoding=\"async\" width=\"1500\" height=\"1500\" src=\"https:\/\/agora.xtec.cat\/esc-schola\/wp-content\/uploads\/usu2054\/2026\/02\/IMG-20260217-WA0018-edited.jpg\" alt=\"\" class=\"wp-image-5501\" style=\"border-width:4px;width:429px;height:auto\" srcset=\"https:\/\/agora.xtec.cat\/esc-schola\/wp-content\/uploads\/usu2054\/2026\/02\/IMG-20260217-WA0018-edited.jpg 1500w, https:\/\/agora.xtec.cat\/esc-schola\/wp-content\/uploads\/usu2054\/2026\/02\/IMG-20260217-WA0018-edited-300x300.jpg 300w, https:\/\/agora.xtec.cat\/esc-schola\/wp-content\/uploads\/usu2054\/2026\/02\/IMG-20260217-WA0018-edited-1024x1024.jpg 1024w, https:\/\/agora.xtec.cat\/esc-schola\/wp-content\/uploads\/usu2054\/2026\/02\/IMG-20260217-WA0018-edited-150x150.jpg 150w, https:\/\/agora.xtec.cat\/esc-schola\/wp-content\/uploads\/usu2054\/2026\/02\/IMG-20260217-WA0018-edited-768x768.jpg 768w\" sizes=\"auto, (max-width: 1500px) 100vw, 1500px\" \/><\/a><\/figure>\n\n\n\n<div class=\"wp-block-file\"><a id=\"wp-block-file--media-0061c32e-73ba-4ed3-84de-e9422f5efcdf\" href=\"https:\/\/agora.xtec.cat\/esc-schola\/wp-content\/uploads\/usu2054\/2026\/02\/projecte-direccio-2023-27-web.docx.pdf\">projecte direcci\u00f3 2023-27 web.docx<\/a><a href=\"https:\/\/agora.xtec.cat\/esc-schola\/wp-content\/uploads\/usu2054\/2026\/02\/projecte-direccio-2023-27-web.docx.pdf\" class=\"wp-block-file__button wp-element-button\" download aria-describedby=\"wp-block-file--media-0061c32e-73ba-4ed3-84de-e9422f5efcdf\">Baixa<\/a><\/div>\n","protected":false},"excerpt":{"rendered":"<p>El centre ha experimentat, al llarg dels darrers cursos, una evoluci\u00f3 en la seva realitat educativa, fet que ha comportat l\u2019adaptaci\u00f3 progressiva de les pr\u00e0ctiques pedag\u00f2giques per donar resposta a la diversitat de l\u2019alumnat. El seguiment dels indicadors de centre i de les avaluacions internes i externes permet constatar que una \u00e0mplia majoria de l\u2019alumnat [&hellip;]<\/p>\n","protected":false},"author":1,"featured_media":0,"parent":0,"menu_order":0,"comment_status":"closed","ping_status":"closed","template":"","meta":{"_bbp_topic_count":0,"_bbp_reply_count":0,"_bbp_total_topic_count":0,"_bbp_total_reply_count":0,"_bbp_voice_count":0,"_bbp_anonymous_reply_count":0,"_bbp_topic_count_hidden":0,"_bbp_reply_count_hidden":0,"_bbp_forum_subforum_count":0,"site-sidebar-layout":"default","site-content-layout":"","ast-site-content-layout":"default","site-content-style":"default","site-sidebar-style":"default","ast-global-header-display":"","ast-banner-title-visibility":"","ast-main-header-display":"","ast-hfb-above-header-display":"","ast-hfb-below-header-display":"","ast-hfb-mobile-header-display":"","site-post-title":"","ast-breadcrumbs-content":"","ast-featured-img":"","footer-sml-layout":"","theme-transparent-header-meta":"","adv-header-id-meta":"","stick-header-meta":"","header-above-stick-meta":"","header-main-stick-meta":"","header-below-stick-meta":"","astra-migrate-meta-layouts":"set","ast-page-background-enabled":"default","ast-page-background-meta":{"desktop":{"background-color":"var(--ast-global-color-4)","background-image":"","background-repeat":"repeat","background-position":"center center","background-size":"auto","background-attachment":"scroll","background-type":"","background-media":"","overlay-type":"","overlay-color":"","overlay-opacity":"","overlay-gradient":""},"tablet":{"background-color":"","background-image":"","background-repeat":"repeat","background-position":"center center","background-size":"auto","background-attachment":"scroll","background-type":"","background-media":"","overlay-type":"","overlay-color":"","overlay-opacity":"","overlay-gradient":""},"mobile":{"background-color":"","background-image":"","background-repeat":"repeat","background-position":"center center","background-size":"auto","background-attachment":"scroll","background-type":"","background-media":"","overlay-type":"","overlay-color":"","overlay-opacity":"","overlay-gradient":""}},"ast-content-background-meta":{"desktop":{"background-color":"var(--ast-global-color-5)","background-image":"","background-repeat":"repeat","background-position":"center center","background-size":"auto","background-attachment":"scroll","background-type":"","background-media":"","overlay-type":"","overlay-color":"","overlay-opacity":"","overlay-gradient":""},"tablet":{"background-color":"var(--ast-global-color-5)","background-image":"","background-repeat":"repeat","background-position":"center center","background-size":"auto","background-attachment":"scroll","background-type":"","background-media":"","overlay-type":"","overlay-color":"","overlay-opacity":"","overlay-gradient":""},"mobile":{"background-color":"var(--ast-global-color-5)","background-image":"","background-repeat":"repeat","background-position":"center center","background-size":"auto","background-attachment":"scroll","background-type":"","background-media":"","overlay-type":"","overlay-color":"","overlay-opacity":"","overlay-gradient":""}},"footnotes":""},"class_list":["post-3429","page","type-page","status-publish","hentry"],"post_mailing_queue_ids":[],"_links":{"self":[{"href":"https:\/\/agora.xtec.cat\/esc-schola\/wp-json\/wp\/v2\/pages\/3429","targetHints":{"allow":["GET"]}}],"collection":[{"href":"https:\/\/agora.xtec.cat\/esc-schola\/wp-json\/wp\/v2\/pages"}],"about":[{"href":"https:\/\/agora.xtec.cat\/esc-schola\/wp-json\/wp\/v2\/types\/page"}],"author":[{"embeddable":true,"href":"https:\/\/agora.xtec.cat\/esc-schola\/wp-json\/wp\/v2\/users\/1"}],"replies":[{"embeddable":true,"href":"https:\/\/agora.xtec.cat\/esc-schola\/wp-json\/wp\/v2\/comments?post=3429"}],"version-history":[{"count":4,"href":"https:\/\/agora.xtec.cat\/esc-schola\/wp-json\/wp\/v2\/pages\/3429\/revisions"}],"predecessor-version":[{"id":5503,"href":"https:\/\/agora.xtec.cat\/esc-schola\/wp-json\/wp\/v2\/pages\/3429\/revisions\/5503"}],"wp:attachment":[{"href":"https:\/\/agora.xtec.cat\/esc-schola\/wp-json\/wp\/v2\/media?parent=3429"}],"curies":[{"name":"wp","href":"https:\/\/api.w.org\/{rel}","templated":true}]}}