{"id":26,"date":"2014-09-18T12:24:32","date_gmt":"2014-09-18T11:24:32","guid":{"rendered":"http:\/\/agora.xtec.cat\/esc-schola\/?page_id=26"},"modified":"2020-03-03T12:37:14","modified_gmt":"2020-03-03T11:37:14","slug":"historia","status":"publish","type":"page","link":"https:\/\/agora.xtec.cat\/esc-schola\/lescola\/historia\/","title":{"rendered":"Hist\u00f2ria"},"content":{"rendered":"<p>La Schola \u00e9s un centre que es va fundar el curs 1.965-1.966. En el moment de la seva creaci\u00f3 impartia classes de Batxillerat i exercia la funci\u00f3 d\u2019institut nocturn entre bona part de la poblaci\u00f3 de Rub\u00ed. Des dels seus inicis ja es va perfilar una instituci\u00f3 de car\u00e0cter pluralista i liberal, pionera en fomentar la llengua i la cultura catalanes, essent una de les primeres escoles on es va impartir l\u2019ensenyament de la pr\u00e0ctica totalitat de les mat\u00e8ries en aquesta llengua. La celebraci\u00f3 de les festes populars i les tradicions, l\u2019estudi del medi natural i geogr\u00e0fic en les sortides i col\u00f2nies, el coneixement del m\u00f3n cultural i art\u00edstic a trav\u00e9s de la visita a museus o l\u2019assist\u00e8ncia al teatre i al cinema ha estat, des de sempre, una constant en les programacions. La revista \u201c Schola \u201c \u00e9s testimoni d\u2019aquesta manera de treballar.<\/p>\n<p>El curs 1.973-1.974, amb el nou pla d\u2019estudis, van comen\u00e7ar a incorporar-se cursos de Pre \u2013 escolar i EGB, i, gradualment, es van anar suprimint els cursos de Batxillerat.<\/p>\n<p>Durant aquests anys l\u2019escola era un centre amb pocs recursos, en qu\u00e8 la il\u00b7lusi\u00f3 i la voluntat de pares i mestres intentaven compensar la precarietat de mitjans. Aquesta situaci\u00f3, unida al fet de ser un centre d\u2019una l\u00ednia amb pocs alumnes per aula afavoria el coneixement i la bona relaci\u00f3 entre pares, alumnes i mestres, i feia possible que el lligam entre nens i educadors fos molt estret.<\/p>\n<p>A partir del mar\u00e7 de 1.987 es va incorporar a la xarxa de centres docents p\u00fablics dependents de la Generalitat, segons la Llei 14 \/ 1.983, que regulava el proc\u00e9s d\u2019integraci\u00f3. En aquest moment comen\u00e7a un per\u00edode d\u2019adaptaci\u00f3 del centre amb un equip directiu de nou persones que compartir\u00e0 totes les tasques de gesti\u00f3 i intentar\u00e0 adequar la infrastructura burocr\u00e0tica a la nova situaci\u00f3.<\/p>\n<p>Al setembre de 1991 tots els mestres provinents de l\u2019antic centre privat aproven les oposicions i s&#8217;incorporen al centre amb pla\u00e7a definitiva com a funcionaris de carrera. A banda, cal comptar amb els mestres que s\u2019han anat incorporant procedents del Departament d\u2019Educaci\u00f3.<\/p>\n<p>Al setembre de 1995 es desf\u00e0 l\u2019equip directiu de nou persones i s\u2019implanta un equip directiu convencional.<\/p>\n<p>El curs 2004-2005 el centre comen\u00e7a amb gaireb\u00e9 tot l\u2019equip docent renovat i amb un equip directiu format per cinc persones.<\/p>\n<p>El juny de 2006 se\u2019ns concedeix el projecte de biblioteques Punt Edu, que es desenvolupa els cursos 2006-2007, 2007-2008 i 2008-2009. Durant aquests cursos l\u2019escola disposa una professora a mitja jornada i se\u2019ns concedeix una dotaci\u00f3 econ\u00f2mica de 2000 euros.<\/p>\n<p>El juny de 2007 es presenta l\u2019avantprojecte del Pla Estrat\u00e8gic d\u2019Autonomia de Centres, que se\u2019ns concedeix i es comen\u00e7a a desenvolupar el setembre de 2008 i ha d\u2019acabar el juny de 2012.<\/p>\n<p>El juny de 2010 es presenta el projecte Pla Experimental de lleng\u00fces estrangeres que se\u2019ns concedeix tamb\u00e9 i es comen\u00e7a a desenvolupar el curs 2011-2012. S\u2019espera rebre una dotaci\u00f3 econ\u00f2mica de 2000 euros per al desenvolupament del projecte i, per al curs 2011-2012, un auxiliar de conversa de parla anglesa.<\/p>\n<p>A partir del setembre del 2012 el centre firma una acord de coresponsabilitat amb el departament d&#8217;educaci\u00f3 , que es renova des d\u2019aleshores, de manera anual.<\/p>\n<p>&nbsp;<\/p>\n","protected":false},"excerpt":{"rendered":"<p>La Schola \u00e9s un centre que es va fundar el curs 1.965-1.966. En el moment de la seva creaci\u00f3 impartia classes de Batxillerat i exercia la funci\u00f3 d\u2019institut nocturn entre bona part de la poblaci\u00f3 de Rub\u00ed. Des dels seus inicis ja es va perfilar una instituci\u00f3 de car\u00e0cter pluralista i liberal, pionera en fomentar [&hellip;]<\/p>\n","protected":false},"author":1,"featured_media":0,"parent":22,"menu_order":20,"comment_status":"closed","ping_status":"closed","template":"page-templates\/side-menu.php","meta":{"_bbp_topic_count":0,"_bbp_reply_count":0,"_bbp_total_topic_count":0,"_bbp_total_reply_count":0,"_bbp_voice_count":0,"_bbp_anonymous_reply_count":0,"_bbp_topic_count_hidden":0,"_bbp_reply_count_hidden":0,"_bbp_forum_subforum_count":0,"site-sidebar-layout":"default","site-content-layout":"","ast-site-content-layout":"","site-content-style":"default","site-sidebar-style":"default","ast-global-header-display":"","ast-banner-title-visibility":"","ast-main-header-display":"","ast-hfb-above-header-display":"","ast-hfb-below-header-display":"","ast-hfb-mobile-header-display":"","site-post-title":"","ast-breadcrumbs-content":"","ast-featured-img":"","footer-sml-layout":"","theme-transparent-header-meta":"","adv-header-id-meta":"","stick-header-meta":"","header-above-stick-meta":"","header-main-stick-meta":"","header-below-stick-meta":"","astra-migrate-meta-layouts":"default","ast-page-background-enabled":"default","ast-page-background-meta":{"desktop":{"background-color":"var(--ast-global-color-4)","background-image":"","background-repeat":"repeat","background-position":"center center","background-size":"auto","background-attachment":"scroll","background-type":"","background-media":"","overlay-type":"","overlay-color":"","overlay-opacity":"","overlay-gradient":""},"tablet":{"background-color":"","background-image":"","background-repeat":"repeat","background-position":"center center","background-size":"auto","background-attachment":"scroll","background-type":"","background-media":"","overlay-type":"","overlay-color":"","overlay-opacity":"","overlay-gradient":""},"mobile":{"background-color":"","background-image":"","background-repeat":"repeat","background-position":"center center","background-size":"auto","background-attachment":"scroll","background-type":"","background-media":"","overlay-type":"","overlay-color":"","overlay-opacity":"","overlay-gradient":""}},"ast-content-background-meta":{"desktop":{"background-color":"var(--ast-global-color-5)","background-image":"","background-repeat":"repeat","background-position":"center center","background-size":"auto","background-attachment":"scroll","background-type":"","background-media":"","overlay-type":"","overlay-color":"","overlay-opacity":"","overlay-gradient":""},"tablet":{"background-color":"var(--ast-global-color-5)","background-image":"","background-repeat":"repeat","background-position":"center center","background-size":"auto","background-attachment":"scroll","background-type":"","background-media":"","overlay-type":"","overlay-color":"","overlay-opacity":"","overlay-gradient":""},"mobile":{"background-color":"var(--ast-global-color-5)","background-image":"","background-repeat":"repeat","background-position":"center center","background-size":"auto","background-attachment":"scroll","background-type":"","background-media":"","overlay-type":"","overlay-color":"","overlay-opacity":"","overlay-gradient":""}},"footnotes":""},"class_list":["post-26","page","type-page","status-publish","hentry"],"post_mailing_queue_ids":[],"_links":{"self":[{"href":"https:\/\/agora.xtec.cat\/esc-schola\/wp-json\/wp\/v2\/pages\/26","targetHints":{"allow":["GET"]}}],"collection":[{"href":"https:\/\/agora.xtec.cat\/esc-schola\/wp-json\/wp\/v2\/pages"}],"about":[{"href":"https:\/\/agora.xtec.cat\/esc-schola\/wp-json\/wp\/v2\/types\/page"}],"author":[{"embeddable":true,"href":"https:\/\/agora.xtec.cat\/esc-schola\/wp-json\/wp\/v2\/users\/1"}],"replies":[{"embeddable":true,"href":"https:\/\/agora.xtec.cat\/esc-schola\/wp-json\/wp\/v2\/comments?post=26"}],"version-history":[{"count":3,"href":"https:\/\/agora.xtec.cat\/esc-schola\/wp-json\/wp\/v2\/pages\/26\/revisions"}],"predecessor-version":[{"id":500,"href":"https:\/\/agora.xtec.cat\/esc-schola\/wp-json\/wp\/v2\/pages\/26\/revisions\/500"}],"up":[{"embeddable":true,"href":"https:\/\/agora.xtec.cat\/esc-schola\/wp-json\/wp\/v2\/pages\/22"}],"wp:attachment":[{"href":"https:\/\/agora.xtec.cat\/esc-schola\/wp-json\/wp\/v2\/media?parent=26"}],"curies":[{"name":"wp","href":"https:\/\/api.w.org\/{rel}","templated":true}]}}