{"id":2280,"date":"2022-11-30T15:33:08","date_gmt":"2022-11-30T14:33:08","guid":{"rendered":"https:\/\/agora.xtec.cat\/esc-schola\/?page_id=2280"},"modified":"2026-02-03T10:26:55","modified_gmt":"2026-02-03T09:26:55","slug":"biblioteca","status":"publish","type":"page","link":"https:\/\/agora.xtec.cat\/esc-schola\/biblioteca\/","title":{"rendered":"BIBLIOTECA"},"content":{"rendered":"\n<p class=\"has-text-align-left has-background has-medium-font-size\" style=\"background:linear-gradient(135deg,rgb(247,248,247) 0%,rgb(113,206,126) 100%);padding-top:var(--wp--preset--spacing--60);padding-right:var(--wp--preset--spacing--60);padding-bottom:var(--wp--preset--spacing--60);padding-left:var(--wp--preset--spacing--60);line-height:2.1\">\u201cLa nostra fita \u00e9s formar parlants pluriling\u00fces i pluriculturals amb respecte per la diversitat ling\u00fc\u00edstica i cultural tenint en compte el catal\u00e0 com a llengua vehicular. Els nostres alumnes en acabar l\u2019escolaritat haurien de ser competents en catal\u00e0, castell\u00e0 i angl\u00e8s atenent al curr\u00edculum del Departament d\u2019Educaci\u00f3. Les lleng\u00fces d\u2019origen de l\u2019alumnat han d\u2019estar presents al centre com a reconeixement del patrimoni cultural que hi aporten.\u201d<\/p>\n\n\n\n<div class=\"wp-block-getwid-images-slider has-arrows-inside has-dots-outside is-carousel has-slides-gap-small has-images-center has-cropped-images\"><div class=\"wp-block-getwid-images-slider__wrapper\" data-effect=\"slide\" data-slides-show=\"5\" data-slides-show-laptop=\"5\" data-slides-show-tablet=\"4\" data-slides-show-mobile=\"3\" data-slides-scroll=\"1\" data-autoplay=\"false\" data-pause-hover=\"false\" data-autoplay-speed=\"6000\" data-infinite=\"true\" data-animation-speed=\"800\" data-center-mode=\"true\" data-variable-width=\"false\" data-arrows=\"inside\" data-dots=\"outside\" data-spacing=\"small\"><div class=\"wp-block-getwid-images-slider__item\"><figure><img loading=\"lazy\" decoding=\"async\" width=\"768\" height=\"576\" src=\"https:\/\/agora.xtec.cat\/esc-schola\/wp-content\/uploads\/usu2054\/2025\/10\/Imatge-de-WhatsApp-2025-10-06-a-les-15.56.05_f0c22e91-768x576.jpg\" alt=\"\" data-id=\"4921\" data-link=\"https:\/\/agora.xtec.cat\/esc-schola\/general\/seccio-illustradores-rocio-bonilla\/attachment\/imatge-de-whatsapp-2025-10-06-a-les-15-56-05_f0c22e91\/\" data-original-link=\"https:\/\/agora.xtec.cat\/esc-schola\/wp-content\/uploads\/usu2054\/2025\/10\/Imatge-de-WhatsApp-2025-10-06-a-les-15.56.05_f0c22e91.jpg\" class=\"wp-block-getwid-images-slider__image wp-image-4921\" srcset=\"https:\/\/agora.xtec.cat\/esc-schola\/wp-content\/uploads\/usu2054\/2025\/10\/Imatge-de-WhatsApp-2025-10-06-a-les-15.56.05_f0c22e91-768x576.jpg 768w, https:\/\/agora.xtec.cat\/esc-schola\/wp-content\/uploads\/usu2054\/2025\/10\/Imatge-de-WhatsApp-2025-10-06-a-les-15.56.05_f0c22e91-300x225.jpg 300w, https:\/\/agora.xtec.cat\/esc-schola\/wp-content\/uploads\/usu2054\/2025\/10\/Imatge-de-WhatsApp-2025-10-06-a-les-15.56.05_f0c22e91-1024x768.jpg 1024w, https:\/\/agora.xtec.cat\/esc-schola\/wp-content\/uploads\/usu2054\/2025\/10\/Imatge-de-WhatsApp-2025-10-06-a-les-15.56.05_f0c22e91-1536x1152.jpg 1536w, https:\/\/agora.xtec.cat\/esc-schola\/wp-content\/uploads\/usu2054\/2025\/10\/Imatge-de-WhatsApp-2025-10-06-a-les-15.56.05_f0c22e91.jpg 2000w\" sizes=\"auto, (max-width: 768px) 100vw, 768px\" \/><\/figure><\/div><div class=\"wp-block-getwid-images-slider__item\"><figure><img loading=\"lazy\" decoding=\"async\" width=\"768\" height=\"244\" src=\"https:\/\/agora.xtec.cat\/esc-schola\/wp-content\/uploads\/usu2054\/2025\/03\/Imatge-de-WhatsApp-2025-03-28-a-les-16.03.21_bdfecebb-e1743174247887-768x244.jpg\" alt=\"\" data-id=\"4654\" data-link=\"https:\/\/agora.xtec.cat\/esc-schola\/general\/novetats-16\/attachment\/imatge-de-whatsapp-2025-03-28-a-les-16-03-21_bdfecebb\/\" data-original-link=\"https:\/\/agora.xtec.cat\/esc-schola\/wp-content\/uploads\/usu2054\/2025\/03\/Imatge-de-WhatsApp-2025-03-28-a-les-16.03.21_bdfecebb-e1743174247887.jpg\" class=\"wp-block-getwid-images-slider__image wp-image-4654\" srcset=\"https:\/\/agora.xtec.cat\/esc-schola\/wp-content\/uploads\/usu2054\/2025\/03\/Imatge-de-WhatsApp-2025-03-28-a-les-16.03.21_bdfecebb-e1743174247887-768x244.jpg 768w, https:\/\/agora.xtec.cat\/esc-schola\/wp-content\/uploads\/usu2054\/2025\/03\/Imatge-de-WhatsApp-2025-03-28-a-les-16.03.21_bdfecebb-e1743174247887-300x95.jpg 300w, https:\/\/agora.xtec.cat\/esc-schola\/wp-content\/uploads\/usu2054\/2025\/03\/Imatge-de-WhatsApp-2025-03-28-a-les-16.03.21_bdfecebb-e1743174247887-1024x326.jpg 1024w, https:\/\/agora.xtec.cat\/esc-schola\/wp-content\/uploads\/usu2054\/2025\/03\/Imatge-de-WhatsApp-2025-03-28-a-les-16.03.21_bdfecebb-e1743174247887-1536x488.jpg 1536w, https:\/\/agora.xtec.cat\/esc-schola\/wp-content\/uploads\/usu2054\/2025\/03\/Imatge-de-WhatsApp-2025-03-28-a-les-16.03.21_bdfecebb-e1743174247887.jpg 2000w\" sizes=\"auto, (max-width: 768px) 100vw, 768px\" \/><\/figure><\/div><div class=\"wp-block-getwid-images-slider__item\"><figure><img loading=\"lazy\" decoding=\"async\" width=\"768\" height=\"1024\" src=\"https:\/\/agora.xtec.cat\/esc-schola\/wp-content\/uploads\/usu2054\/2025\/03\/Imatge-de-WhatsApp-2025-03-21-a-les-07.09.20_2625182b-768x1024.jpg\" alt=\"\" data-id=\"4620\" data-link=\"https:\/\/agora.xtec.cat\/esc-schola\/general\/dia-mundial-de-la-poesia\/attachment\/imatge-de-whatsapp-2025-03-21-a-les-07-09-20_2625182b\/\" data-original-link=\"https:\/\/agora.xtec.cat\/esc-schola\/wp-content\/uploads\/usu2054\/2025\/03\/Imatge-de-WhatsApp-2025-03-21-a-les-07.09.20_2625182b.jpg\" class=\"wp-block-getwid-images-slider__image wp-image-4620\" srcset=\"https:\/\/agora.xtec.cat\/esc-schola\/wp-content\/uploads\/usu2054\/2025\/03\/Imatge-de-WhatsApp-2025-03-21-a-les-07.09.20_2625182b-768x1024.jpg 768w, https:\/\/agora.xtec.cat\/esc-schola\/wp-content\/uploads\/usu2054\/2025\/03\/Imatge-de-WhatsApp-2025-03-21-a-les-07.09.20_2625182b-225x300.jpg 225w, https:\/\/agora.xtec.cat\/esc-schola\/wp-content\/uploads\/usu2054\/2025\/03\/Imatge-de-WhatsApp-2025-03-21-a-les-07.09.20_2625182b-1152x1536.jpg 1152w, https:\/\/agora.xtec.cat\/esc-schola\/wp-content\/uploads\/usu2054\/2025\/03\/Imatge-de-WhatsApp-2025-03-21-a-les-07.09.20_2625182b.jpg 1500w\" sizes=\"auto, (max-width: 768px) 100vw, 768px\" \/><\/figure><\/div><div class=\"wp-block-getwid-images-slider__item\"><figure><img loading=\"lazy\" decoding=\"async\" width=\"768\" height=\"576\" src=\"https:\/\/agora.xtec.cat\/esc-schola\/wp-content\/uploads\/usu2054\/2025\/03\/Imatge-de-WhatsApp-2025-03-06-a-les-13.44.53_d51cfe61-768x576.jpg\" alt=\"\" data-id=\"4550\" data-link=\"https:\/\/agora.xtec.cat\/esc-schola\/general\/8m-dia-de-la-dona-2025\/attachment\/imatge-de-whatsapp-2025-03-06-a-les-13-44-53_d51cfe61\/\" data-original-link=\"https:\/\/agora.xtec.cat\/esc-schola\/wp-content\/uploads\/usu2054\/2025\/03\/Imatge-de-WhatsApp-2025-03-06-a-les-13.44.53_d51cfe61.jpg\" class=\"wp-block-getwid-images-slider__image wp-image-4550\" srcset=\"https:\/\/agora.xtec.cat\/esc-schola\/wp-content\/uploads\/usu2054\/2025\/03\/Imatge-de-WhatsApp-2025-03-06-a-les-13.44.53_d51cfe61-768x576.jpg 768w, https:\/\/agora.xtec.cat\/esc-schola\/wp-content\/uploads\/usu2054\/2025\/03\/Imatge-de-WhatsApp-2025-03-06-a-les-13.44.53_d51cfe61-300x225.jpg 300w, https:\/\/agora.xtec.cat\/esc-schola\/wp-content\/uploads\/usu2054\/2025\/03\/Imatge-de-WhatsApp-2025-03-06-a-les-13.44.53_d51cfe61-1024x768.jpg 1024w, https:\/\/agora.xtec.cat\/esc-schola\/wp-content\/uploads\/usu2054\/2025\/03\/Imatge-de-WhatsApp-2025-03-06-a-les-13.44.53_d51cfe61-1536x1152.jpg 1536w, https:\/\/agora.xtec.cat\/esc-schola\/wp-content\/uploads\/usu2054\/2025\/03\/Imatge-de-WhatsApp-2025-03-06-a-les-13.44.53_d51cfe61-200x150.jpg 200w, https:\/\/agora.xtec.cat\/esc-schola\/wp-content\/uploads\/usu2054\/2025\/03\/Imatge-de-WhatsApp-2025-03-06-a-les-13.44.53_d51cfe61.jpg 2000w\" sizes=\"auto, (max-width: 768px) 100vw, 768px\" \/><\/figure><\/div><div class=\"wp-block-getwid-images-slider__item\"><figure><img loading=\"lazy\" decoding=\"async\" width=\"768\" height=\"1024\" src=\"https:\/\/agora.xtec.cat\/esc-schola\/wp-content\/uploads\/usu2054\/2025\/03\/Imatge-de-WhatsApp-2025-03-06-a-les-13.45.29_7fddb224-768x1024.jpg\" alt=\"\" data-id=\"4549\" data-link=\"https:\/\/agora.xtec.cat\/esc-schola\/general\/8m-dia-de-la-dona-2025\/attachment\/imatge-de-whatsapp-2025-03-06-a-les-13-45-29_7fddb224\/\" data-original-link=\"https:\/\/agora.xtec.cat\/esc-schola\/wp-content\/uploads\/usu2054\/2025\/03\/Imatge-de-WhatsApp-2025-03-06-a-les-13.45.29_7fddb224.jpg\" class=\"wp-block-getwid-images-slider__image wp-image-4549\" srcset=\"https:\/\/agora.xtec.cat\/esc-schola\/wp-content\/uploads\/usu2054\/2025\/03\/Imatge-de-WhatsApp-2025-03-06-a-les-13.45.29_7fddb224-768x1024.jpg 768w, https:\/\/agora.xtec.cat\/esc-schola\/wp-content\/uploads\/usu2054\/2025\/03\/Imatge-de-WhatsApp-2025-03-06-a-les-13.45.29_7fddb224-225x300.jpg 225w, https:\/\/agora.xtec.cat\/esc-schola\/wp-content\/uploads\/usu2054\/2025\/03\/Imatge-de-WhatsApp-2025-03-06-a-les-13.45.29_7fddb224-1152x1536.jpg 1152w, https:\/\/agora.xtec.cat\/esc-schola\/wp-content\/uploads\/usu2054\/2025\/03\/Imatge-de-WhatsApp-2025-03-06-a-les-13.45.29_7fddb224.jpg 1500w\" sizes=\"auto, (max-width: 768px) 100vw, 768px\" \/><\/figure><\/div><div class=\"wp-block-getwid-images-slider__item\"><figure><img loading=\"lazy\" decoding=\"async\" width=\"768\" height=\"576\" src=\"https:\/\/agora.xtec.cat\/esc-schola\/wp-content\/uploads\/usu2054\/2025\/02\/Imatge-de-WhatsApp-2025-02-07-a-les-09.10.47_5e7a8f14-768x576.jpg\" alt=\"\" data-id=\"4510\" data-link=\"https:\/\/agora.xtec.cat\/esc-schola\/general\/seccio-illustradores-anna-llenas\/attachment\/imatge-de-whatsapp-2025-02-07-a-les-09-10-47_5e7a8f14\/\" data-original-link=\"https:\/\/agora.xtec.cat\/esc-schola\/wp-content\/uploads\/usu2054\/2025\/02\/Imatge-de-WhatsApp-2025-02-07-a-les-09.10.47_5e7a8f14.jpg\" class=\"wp-block-getwid-images-slider__image wp-image-4510\" srcset=\"https:\/\/agora.xtec.cat\/esc-schola\/wp-content\/uploads\/usu2054\/2025\/02\/Imatge-de-WhatsApp-2025-02-07-a-les-09.10.47_5e7a8f14-768x576.jpg 768w, https:\/\/agora.xtec.cat\/esc-schola\/wp-content\/uploads\/usu2054\/2025\/02\/Imatge-de-WhatsApp-2025-02-07-a-les-09.10.47_5e7a8f14-300x225.jpg 300w, https:\/\/agora.xtec.cat\/esc-schola\/wp-content\/uploads\/usu2054\/2025\/02\/Imatge-de-WhatsApp-2025-02-07-a-les-09.10.47_5e7a8f14-1024x768.jpg 1024w, https:\/\/agora.xtec.cat\/esc-schola\/wp-content\/uploads\/usu2054\/2025\/02\/Imatge-de-WhatsApp-2025-02-07-a-les-09.10.47_5e7a8f14-1536x1152.jpg 1536w, https:\/\/agora.xtec.cat\/esc-schola\/wp-content\/uploads\/usu2054\/2025\/02\/Imatge-de-WhatsApp-2025-02-07-a-les-09.10.47_5e7a8f14-200x150.jpg 200w, https:\/\/agora.xtec.cat\/esc-schola\/wp-content\/uploads\/usu2054\/2025\/02\/Imatge-de-WhatsApp-2025-02-07-a-les-09.10.47_5e7a8f14.jpg 2000w\" sizes=\"auto, (max-width: 768px) 100vw, 768px\" \/><\/figure><\/div><div class=\"wp-block-getwid-images-slider__item\"><figure><img loading=\"lazy\" decoding=\"async\" width=\"768\" height=\"576\" src=\"https:\/\/agora.xtec.cat\/esc-schola\/wp-content\/uploads\/usu2054\/2025\/02\/Imatge-de-WhatsApp-2025-02-07-a-les-09.10.47_fd9cfcea-768x576.jpg\" alt=\"\" data-id=\"4509\" data-link=\"https:\/\/agora.xtec.cat\/esc-schola\/general\/seccio-illustradores-anna-llenas\/attachment\/imatge-de-whatsapp-2025-02-07-a-les-09-10-47_fd9cfcea\/\" data-original-link=\"https:\/\/agora.xtec.cat\/esc-schola\/wp-content\/uploads\/usu2054\/2025\/02\/Imatge-de-WhatsApp-2025-02-07-a-les-09.10.47_fd9cfcea.jpg\" class=\"wp-block-getwid-images-slider__image wp-image-4509\" srcset=\"https:\/\/agora.xtec.cat\/esc-schola\/wp-content\/uploads\/usu2054\/2025\/02\/Imatge-de-WhatsApp-2025-02-07-a-les-09.10.47_fd9cfcea-768x576.jpg 768w, https:\/\/agora.xtec.cat\/esc-schola\/wp-content\/uploads\/usu2054\/2025\/02\/Imatge-de-WhatsApp-2025-02-07-a-les-09.10.47_fd9cfcea-300x225.jpg 300w, https:\/\/agora.xtec.cat\/esc-schola\/wp-content\/uploads\/usu2054\/2025\/02\/Imatge-de-WhatsApp-2025-02-07-a-les-09.10.47_fd9cfcea-1024x768.jpg 1024w, https:\/\/agora.xtec.cat\/esc-schola\/wp-content\/uploads\/usu2054\/2025\/02\/Imatge-de-WhatsApp-2025-02-07-a-les-09.10.47_fd9cfcea-1536x1152.jpg 1536w, https:\/\/agora.xtec.cat\/esc-schola\/wp-content\/uploads\/usu2054\/2025\/02\/Imatge-de-WhatsApp-2025-02-07-a-les-09.10.47_fd9cfcea-200x150.jpg 200w, https:\/\/agora.xtec.cat\/esc-schola\/wp-content\/uploads\/usu2054\/2025\/02\/Imatge-de-WhatsApp-2025-02-07-a-les-09.10.47_fd9cfcea.jpg 2000w\" sizes=\"auto, (max-width: 768px) 100vw, 768px\" \/><\/figure><\/div><div class=\"wp-block-getwid-images-slider__item\"><figure><img loading=\"lazy\" decoding=\"async\" width=\"768\" height=\"576\" src=\"https:\/\/agora.xtec.cat\/esc-schola\/wp-content\/uploads\/usu2054\/2025\/02\/Imatge-de-WhatsApp-2025-02-07-a-les-09.10.48_88c86204-768x576.jpg\" alt=\"\" data-id=\"4508\" data-link=\"https:\/\/agora.xtec.cat\/esc-schola\/general\/seccio-illustradores-anna-llenas\/attachment\/imatge-de-whatsapp-2025-02-07-a-les-09-10-48_88c86204\/\" data-original-link=\"https:\/\/agora.xtec.cat\/esc-schola\/wp-content\/uploads\/usu2054\/2025\/02\/Imatge-de-WhatsApp-2025-02-07-a-les-09.10.48_88c86204.jpg\" class=\"wp-block-getwid-images-slider__image wp-image-4508\" srcset=\"https:\/\/agora.xtec.cat\/esc-schola\/wp-content\/uploads\/usu2054\/2025\/02\/Imatge-de-WhatsApp-2025-02-07-a-les-09.10.48_88c86204-768x576.jpg 768w, https:\/\/agora.xtec.cat\/esc-schola\/wp-content\/uploads\/usu2054\/2025\/02\/Imatge-de-WhatsApp-2025-02-07-a-les-09.10.48_88c86204-300x225.jpg 300w, https:\/\/agora.xtec.cat\/esc-schola\/wp-content\/uploads\/usu2054\/2025\/02\/Imatge-de-WhatsApp-2025-02-07-a-les-09.10.48_88c86204-1024x768.jpg 1024w, https:\/\/agora.xtec.cat\/esc-schola\/wp-content\/uploads\/usu2054\/2025\/02\/Imatge-de-WhatsApp-2025-02-07-a-les-09.10.48_88c86204-1536x1152.jpg 1536w, https:\/\/agora.xtec.cat\/esc-schola\/wp-content\/uploads\/usu2054\/2025\/02\/Imatge-de-WhatsApp-2025-02-07-a-les-09.10.48_88c86204-200x150.jpg 200w, https:\/\/agora.xtec.cat\/esc-schola\/wp-content\/uploads\/usu2054\/2025\/02\/Imatge-de-WhatsApp-2025-02-07-a-les-09.10.48_88c86204.jpg 2000w\" sizes=\"auto, (max-width: 768px) 100vw, 768px\" \/><\/figure><\/div><div class=\"wp-block-getwid-images-slider__item\"><figure><img loading=\"lazy\" decoding=\"async\" width=\"768\" height=\"1024\" src=\"https:\/\/agora.xtec.cat\/esc-schola\/wp-content\/uploads\/usu2054\/2024\/10\/Imatge-de-WhatsApp-2024-10-24-a-les-15.09.48_7a772051-768x1024.jpg\" alt=\"\" data-id=\"4282\" data-link=\"https:\/\/agora.xtec.cat\/esc-schola\/general\/dia-de-les-biblioteques\/attachment\/imatge-de-whatsapp-2024-10-24-a-les-15-09-48_7a772051\/\" data-original-link=\"https:\/\/agora.xtec.cat\/esc-schola\/wp-content\/uploads\/usu2054\/2024\/10\/Imatge-de-WhatsApp-2024-10-24-a-les-15.09.48_7a772051.jpg\" class=\"wp-block-getwid-images-slider__image wp-image-4282\" srcset=\"https:\/\/agora.xtec.cat\/esc-schola\/wp-content\/uploads\/usu2054\/2024\/10\/Imatge-de-WhatsApp-2024-10-24-a-les-15.09.48_7a772051-768x1024.jpg 768w, https:\/\/agora.xtec.cat\/esc-schola\/wp-content\/uploads\/usu2054\/2024\/10\/Imatge-de-WhatsApp-2024-10-24-a-les-15.09.48_7a772051-225x300.jpg 225w, https:\/\/agora.xtec.cat\/esc-schola\/wp-content\/uploads\/usu2054\/2024\/10\/Imatge-de-WhatsApp-2024-10-24-a-les-15.09.48_7a772051-1152x1536.jpg 1152w, https:\/\/agora.xtec.cat\/esc-schola\/wp-content\/uploads\/usu2054\/2024\/10\/Imatge-de-WhatsApp-2024-10-24-a-les-15.09.48_7a772051.jpg 1500w\" sizes=\"auto, (max-width: 768px) 100vw, 768px\" \/><\/figure><\/div><div class=\"wp-block-getwid-images-slider__item\"><figure><img loading=\"lazy\" decoding=\"async\" width=\"768\" height=\"576\" src=\"https:\/\/agora.xtec.cat\/esc-schola\/wp-content\/uploads\/usu2054\/2024\/05\/1715239414802-768x576.jpg\" alt=\"\" data-id=\"4169\" data-link=\"https:\/\/agora.xtec.cat\/esc-schola\/general\/nou-espai-a-la-biblioteca\/attachment\/1715239414802\/\" data-original-link=\"https:\/\/agora.xtec.cat\/esc-schola\/wp-content\/uploads\/usu2054\/2024\/05\/1715239414802.jpg\" class=\"wp-block-getwid-images-slider__image wp-image-4169\" srcset=\"https:\/\/agora.xtec.cat\/esc-schola\/wp-content\/uploads\/usu2054\/2024\/05\/1715239414802-768x576.jpg 768w, https:\/\/agora.xtec.cat\/esc-schola\/wp-content\/uploads\/usu2054\/2024\/05\/1715239414802-300x225.jpg 300w, https:\/\/agora.xtec.cat\/esc-schola\/wp-content\/uploads\/usu2054\/2024\/05\/1715239414802-1024x769.jpg 1024w, https:\/\/agora.xtec.cat\/esc-schola\/wp-content\/uploads\/usu2054\/2024\/05\/1715239414802-1536x1153.jpg 1536w, https:\/\/agora.xtec.cat\/esc-schola\/wp-content\/uploads\/usu2054\/2024\/05\/1715239414802-200x150.jpg 200w, https:\/\/agora.xtec.cat\/esc-schola\/wp-content\/uploads\/usu2054\/2024\/05\/1715239414802.jpg 2048w\" sizes=\"auto, (max-width: 768px) 100vw, 768px\" \/><\/figure><\/div><div class=\"wp-block-getwid-images-slider__item\"><figure><img loading=\"lazy\" decoding=\"async\" width=\"768\" height=\"576\" src=\"https:\/\/agora.xtec.cat\/esc-schola\/wp-content\/uploads\/usu2054\/2024\/05\/1715239414818-768x576.jpg\" alt=\"\" data-id=\"4167\" data-link=\"https:\/\/agora.xtec.cat\/esc-schola\/general\/nou-espai-a-la-biblioteca\/attachment\/1715239414818\/\" data-original-link=\"https:\/\/agora.xtec.cat\/esc-schola\/wp-content\/uploads\/usu2054\/2024\/05\/1715239414818.jpg\" class=\"wp-block-getwid-images-slider__image wp-image-4167\" srcset=\"https:\/\/agora.xtec.cat\/esc-schola\/wp-content\/uploads\/usu2054\/2024\/05\/1715239414818-768x576.jpg 768w, https:\/\/agora.xtec.cat\/esc-schola\/wp-content\/uploads\/usu2054\/2024\/05\/1715239414818-300x225.jpg 300w, https:\/\/agora.xtec.cat\/esc-schola\/wp-content\/uploads\/usu2054\/2024\/05\/1715239414818-1024x769.jpg 1024w, https:\/\/agora.xtec.cat\/esc-schola\/wp-content\/uploads\/usu2054\/2024\/05\/1715239414818-1536x1153.jpg 1536w, https:\/\/agora.xtec.cat\/esc-schola\/wp-content\/uploads\/usu2054\/2024\/05\/1715239414818-200x150.jpg 200w, https:\/\/agora.xtec.cat\/esc-schola\/wp-content\/uploads\/usu2054\/2024\/05\/1715239414818.jpg 2048w\" sizes=\"auto, (max-width: 768px) 100vw, 768px\" \/><\/figure><\/div><div class=\"wp-block-getwid-images-slider__item\"><figure><img loading=\"lazy\" decoding=\"async\" width=\"768\" height=\"1023\" src=\"https:\/\/agora.xtec.cat\/esc-schola\/wp-content\/uploads\/usu2054\/2024\/01\/1706540374960-768x1023.jpg\" alt=\"\" data-id=\"3768\" data-link=\"https:\/\/agora.xtec.cat\/esc-schola\/general\/tatreveixes\/attachment\/1706540374960\/\" data-original-link=\"https:\/\/agora.xtec.cat\/esc-schola\/wp-content\/uploads\/usu2054\/2024\/01\/1706540374960.jpg\" class=\"wp-block-getwid-images-slider__image wp-image-3768\" srcset=\"https:\/\/agora.xtec.cat\/esc-schola\/wp-content\/uploads\/usu2054\/2024\/01\/1706540374960-768x1023.jpg 768w, https:\/\/agora.xtec.cat\/esc-schola\/wp-content\/uploads\/usu2054\/2024\/01\/1706540374960-225x300.jpg 225w, https:\/\/agora.xtec.cat\/esc-schola\/wp-content\/uploads\/usu2054\/2024\/01\/1706540374960-769x1024.jpg 769w, https:\/\/agora.xtec.cat\/esc-schola\/wp-content\/uploads\/usu2054\/2024\/01\/1706540374960-1153x1536.jpg 1153w, https:\/\/agora.xtec.cat\/esc-schola\/wp-content\/uploads\/usu2054\/2024\/01\/1706540374960.jpg 1537w\" sizes=\"auto, (max-width: 768px) 100vw, 768px\" \/><\/figure><\/div><div class=\"wp-block-getwid-images-slider__item\"><figure><img loading=\"lazy\" decoding=\"async\" width=\"768\" height=\"1023\" src=\"https:\/\/agora.xtec.cat\/esc-schola\/wp-content\/uploads\/usu2054\/2024\/01\/1706540374969-768x1023.jpg\" alt=\"\" data-id=\"3767\" data-link=\"https:\/\/agora.xtec.cat\/esc-schola\/general\/tatreveixes\/attachment\/1706540374969\/\" data-original-link=\"https:\/\/agora.xtec.cat\/esc-schola\/wp-content\/uploads\/usu2054\/2024\/01\/1706540374969.jpg\" class=\"wp-block-getwid-images-slider__image wp-image-3767\" srcset=\"https:\/\/agora.xtec.cat\/esc-schola\/wp-content\/uploads\/usu2054\/2024\/01\/1706540374969-768x1023.jpg 768w, https:\/\/agora.xtec.cat\/esc-schola\/wp-content\/uploads\/usu2054\/2024\/01\/1706540374969-225x300.jpg 225w, https:\/\/agora.xtec.cat\/esc-schola\/wp-content\/uploads\/usu2054\/2024\/01\/1706540374969-769x1024.jpg 769w, https:\/\/agora.xtec.cat\/esc-schola\/wp-content\/uploads\/usu2054\/2024\/01\/1706540374969-1153x1536.jpg 1153w, https:\/\/agora.xtec.cat\/esc-schola\/wp-content\/uploads\/usu2054\/2024\/01\/1706540374969.jpg 1537w\" sizes=\"auto, (max-width: 768px) 100vw, 768px\" \/><\/figure><\/div><\/div><\/div>\n\n\n\n<div class=\"wp-block-file alignleft\" style=\"border-style:none;border-width:0px;padding-top:0;padding-right:0;padding-bottom:0;padding-left:0\"><a id=\"wp-block-file--media-dbfacdc0-0e7b-4b04-8b2d-52d3d86b3ee2\" href=\"https:\/\/agora.xtec.cat\/esc-schola\/wp-content\/uploads\/usu2054\/2026\/01\/PROJECTE-DE-BIBLIOTECA-25-26-comprimido.pdf\" target=\"_blank\" rel=\"noreferrer noopener\">PROJECTE DE BIBLIOTECA 25-26<\/a><\/div>\n\n\n\n<p><\/p>\n","protected":false},"excerpt":{"rendered":"<p>\u201cLa nostra fita \u00e9s formar parlants pluriling\u00fces i pluriculturals amb respecte per la diversitat ling\u00fc\u00edstica i cultural tenint en compte el catal\u00e0 com a llengua vehicular. Els nostres alumnes en acabar l\u2019escolaritat haurien de ser competents en catal\u00e0, castell\u00e0 i angl\u00e8s atenent al curr\u00edculum del Departament d\u2019Educaci\u00f3. Les lleng\u00fces d\u2019origen de l\u2019alumnat han d\u2019estar presents [&hellip;]<\/p>\n","protected":false},"author":1,"featured_media":0,"parent":0,"menu_order":0,"comment_status":"closed","ping_status":"closed","template":"","meta":{"_bbp_topic_count":0,"_bbp_reply_count":0,"_bbp_total_topic_count":0,"_bbp_total_reply_count":0,"_bbp_voice_count":0,"_bbp_anonymous_reply_count":0,"_bbp_topic_count_hidden":0,"_bbp_reply_count_hidden":0,"_bbp_forum_subforum_count":0,"site-sidebar-layout":"default","site-content-layout":"","ast-site-content-layout":"normal-width-container","site-content-style":"default","site-sidebar-style":"default","ast-global-header-display":"","ast-banner-title-visibility":"","ast-main-header-display":"","ast-hfb-above-header-display":"","ast-hfb-below-header-display":"","ast-hfb-mobile-header-display":"","site-post-title":"","ast-breadcrumbs-content":"","ast-featured-img":"","footer-sml-layout":"","theme-transparent-header-meta":"","adv-header-id-meta":"","stick-header-meta":"","header-above-stick-meta":"","header-main-stick-meta":"","header-below-stick-meta":"","astra-migrate-meta-layouts":"set","ast-page-background-enabled":"default","ast-page-background-meta":{"desktop":{"background-color":"var(--ast-global-color-4)","background-image":"","background-repeat":"repeat","background-position":"center center","background-size":"auto","background-attachment":"scroll","background-type":"","background-media":"","overlay-type":"","overlay-color":"","overlay-opacity":"","overlay-gradient":""},"tablet":{"background-color":"","background-image":"","background-repeat":"repeat","background-position":"center center","background-size":"auto","background-attachment":"scroll","background-type":"","background-media":"","overlay-type":"","overlay-color":"","overlay-opacity":"","overlay-gradient":""},"mobile":{"background-color":"","background-image":"","background-repeat":"repeat","background-position":"center center","background-size":"auto","background-attachment":"scroll","background-type":"","background-media":"","overlay-type":"","overlay-color":"","overlay-opacity":"","overlay-gradient":""}},"ast-content-background-meta":{"desktop":{"background-color":"var(--ast-global-color-5)","background-image":"","background-repeat":"repeat","background-position":"center center","background-size":"auto","background-attachment":"scroll","background-type":"","background-media":"","overlay-type":"","overlay-color":"","overlay-opacity":"","overlay-gradient":""},"tablet":{"background-color":"var(--ast-global-color-5)","background-image":"","background-repeat":"repeat","background-position":"center center","background-size":"auto","background-attachment":"scroll","background-type":"","background-media":"","overlay-type":"","overlay-color":"","overlay-opacity":"","overlay-gradient":""},"mobile":{"background-color":"var(--ast-global-color-5)","background-image":"","background-repeat":"repeat","background-position":"center center","background-size":"auto","background-attachment":"scroll","background-type":"","background-media":"","overlay-type":"","overlay-color":"","overlay-opacity":"","overlay-gradient":""}},"footnotes":""},"class_list":["post-2280","page","type-page","status-publish","hentry"],"post_mailing_queue_ids":[],"_links":{"self":[{"href":"https:\/\/agora.xtec.cat\/esc-schola\/wp-json\/wp\/v2\/pages\/2280","targetHints":{"allow":["GET"]}}],"collection":[{"href":"https:\/\/agora.xtec.cat\/esc-schola\/wp-json\/wp\/v2\/pages"}],"about":[{"href":"https:\/\/agora.xtec.cat\/esc-schola\/wp-json\/wp\/v2\/types\/page"}],"author":[{"embeddable":true,"href":"https:\/\/agora.xtec.cat\/esc-schola\/wp-json\/wp\/v2\/users\/1"}],"replies":[{"embeddable":true,"href":"https:\/\/agora.xtec.cat\/esc-schola\/wp-json\/wp\/v2\/comments?post=2280"}],"version-history":[{"count":6,"href":"https:\/\/agora.xtec.cat\/esc-schola\/wp-json\/wp\/v2\/pages\/2280\/revisions"}],"predecessor-version":[{"id":5382,"href":"https:\/\/agora.xtec.cat\/esc-schola\/wp-json\/wp\/v2\/pages\/2280\/revisions\/5382"}],"wp:attachment":[{"href":"https:\/\/agora.xtec.cat\/esc-schola\/wp-json\/wp\/v2\/media?parent=2280"}],"curies":[{"name":"wp","href":"https:\/\/api.w.org\/{rel}","templated":true}]}}