{"id":814,"date":"2016-06-21T00:33:01","date_gmt":"2016-06-20T22:33:01","guid":{"rendered":"http:\/\/agora.xtec.cat\/esc-santmiquel-castellgali\/?page_id=814"},"modified":"2023-07-05T19:29:34","modified_gmt":"2023-07-05T17:29:34","slug":"material-de-cicle-mitja","status":"publish","type":"page","link":"https:\/\/agora.xtec.cat\/esc-santmiquel-castellgali\/curs-2020-21\/material-escolar\/material-de-cicle-mitja\/","title":{"rendered":"Material de Cicle Mitj\u00e0"},"content":{"rendered":"<p><strong>\u27a2<\/strong> Estoig amb llapis, goma, maquineta, dos fluorescents de colors diferents, bol\u00edgraf blau i<br \/>\nbol\u00edgraf vermell. Tot ha d\u2019anar marcat amb el nom.<br \/>\n<strong>\u27a2<\/strong> Una bata o samarreta vella per pintura.<br \/>\n<strong>\u27a2<\/strong> Una capsa de mocadors, un rotllo de paper de cuina i una de tovalloletes humides.<br \/>\n<strong>\u27a2<\/strong> Portar una carpeta (sense separadors).<\/p>\n<h5><strong>Nom\u00e9s els alumnes de tercer:<\/strong><\/h5>\n<p><strong>\u27a2<\/strong> Una flauta amb digitaci\u00f3 alemanya de pl\u00e0stic Yamaha (a Abacus la trobareu).<br \/>\n<strong>\u27a2<\/strong> El can\u00e7oner ja el teniu a l\u2019escola.<\/p>\n<h5><strong>Nom\u00e9s els alumnes de quart<\/strong><strong style=\"font-size: 1.125em;\">:<\/strong><\/h5>\n<p><strong>\u27a2<\/strong> Una llibreta de m\u00fasica de 6 &#8211; 8 pentagrames per p\u00e0gina<br \/>\n<strong>\u27a2<\/strong> El can\u00e7oner i la flauta ja ho teniu a l\u2019escola.<\/p>\n<h5><strong>Nom\u00e9s els alumnes nous de tercer i quart:<\/strong><\/h5>\n<p><strong>\u27a2<\/strong> Una llibreta de m\u00fasica de 6 &#8211; 8 pentagrames per p\u00e0gina (nom\u00e9s a 4t).<br \/>\n<strong>\u27a2<\/strong> Una flauta amb digitaci\u00f3 alemanya de pl\u00e0stic Yamaha (a Abacus la trobareu)<br \/>\n<strong>\u27a2<\/strong> Una carpeta de 50 fundes de pl\u00e0stic.<\/p>\n","protected":false},"excerpt":{"rendered":"<p>\u27a2 Estoig amb llapis, goma, maquineta, dos fluorescents de colors diferents, bol\u00edgraf blau i bol\u00edgraf vermell. Tot ha d\u2019anar marcat amb el nom. \u27a2 Una bata o samarreta vella per pintura. \u27a2 Una capsa de mocadors, un rotllo de paper de cuina i una de tovalloletes humides. \u27a2 Portar una carpeta (sense separadors). Nom\u00e9s els [&hellip;]<\/p>\n","protected":false},"author":1,"featured_media":0,"parent":12038,"menu_order":53,"comment_status":"closed","ping_status":"closed","template":"page-templates\/side-menu.php","meta":{"_bbp_topic_count":0,"_bbp_reply_count":0,"_bbp_total_topic_count":0,"_bbp_total_reply_count":0,"_bbp_voice_count":0,"_bbp_anonymous_reply_count":0,"_bbp_topic_count_hidden":0,"_bbp_reply_count_hidden":0,"_bbp_forum_subforum_count":0,"site-sidebar-layout":"default","site-content-layout":"","ast-site-content-layout":"","site-content-style":"default","site-sidebar-style":"default","ast-global-header-display":"","ast-banner-title-visibility":"","ast-main-header-display":"","ast-hfb-above-header-display":"","ast-hfb-below-header-display":"","ast-hfb-mobile-header-display":"","site-post-title":"","ast-breadcrumbs-content":"","ast-featured-img":"","footer-sml-layout":"","theme-transparent-header-meta":"","adv-header-id-meta":"","stick-header-meta":"","header-above-stick-meta":"","header-main-stick-meta":"","header-below-stick-meta":"","astra-migrate-meta-layouts":"default","ast-page-background-enabled":"default","ast-page-background-meta":{"desktop":{"background-color":"var(--ast-global-color-4)","background-image":"","background-repeat":"repeat","background-position":"center center","background-size":"auto","background-attachment":"scroll","background-type":"","background-media":"","overlay-type":"","overlay-color":"","overlay-opacity":"","overlay-gradient":""},"tablet":{"background-color":"","background-image":"","background-repeat":"repeat","background-position":"center center","background-size":"auto","background-attachment":"scroll","background-type":"","background-media":"","overlay-type":"","overlay-color":"","overlay-opacity":"","overlay-gradient":""},"mobile":{"background-color":"","background-image":"","background-repeat":"repeat","background-position":"center center","background-size":"auto","background-attachment":"scroll","background-type":"","background-media":"","overlay-type":"","overlay-color":"","overlay-opacity":"","overlay-gradient":""}},"ast-content-background-meta":{"desktop":{"background-color":"var(--ast-global-color-5)","background-image":"","background-repeat":"repeat","background-position":"center center","background-size":"auto","background-attachment":"scroll","background-type":"","background-media":"","overlay-type":"","overlay-color":"","overlay-opacity":"","overlay-gradient":""},"tablet":{"background-color":"var(--ast-global-color-5)","background-image":"","background-repeat":"repeat","background-position":"center center","background-size":"auto","background-attachment":"scroll","background-type":"","background-media":"","overlay-type":"","overlay-color":"","overlay-opacity":"","overlay-gradient":""},"mobile":{"background-color":"var(--ast-global-color-5)","background-image":"","background-repeat":"repeat","background-position":"center center","background-size":"auto","background-attachment":"scroll","background-type":"","background-media":"","overlay-type":"","overlay-color":"","overlay-opacity":"","overlay-gradient":""}},"footnotes":""},"class_list":["post-814","page","type-page","status-publish","hentry"],"post_mailing_queue_ids":[],"_links":{"self":[{"href":"https:\/\/agora.xtec.cat\/esc-santmiquel-castellgali\/wp-json\/wp\/v2\/pages\/814","targetHints":{"allow":["GET"]}}],"collection":[{"href":"https:\/\/agora.xtec.cat\/esc-santmiquel-castellgali\/wp-json\/wp\/v2\/pages"}],"about":[{"href":"https:\/\/agora.xtec.cat\/esc-santmiquel-castellgali\/wp-json\/wp\/v2\/types\/page"}],"author":[{"embeddable":true,"href":"https:\/\/agora.xtec.cat\/esc-santmiquel-castellgali\/wp-json\/wp\/v2\/users\/1"}],"replies":[{"embeddable":true,"href":"https:\/\/agora.xtec.cat\/esc-santmiquel-castellgali\/wp-json\/wp\/v2\/comments?post=814"}],"version-history":[{"count":3,"href":"https:\/\/agora.xtec.cat\/esc-santmiquel-castellgali\/wp-json\/wp\/v2\/pages\/814\/revisions"}],"predecessor-version":[{"id":12243,"href":"https:\/\/agora.xtec.cat\/esc-santmiquel-castellgali\/wp-json\/wp\/v2\/pages\/814\/revisions\/12243"}],"up":[{"embeddable":true,"href":"https:\/\/agora.xtec.cat\/esc-santmiquel-castellgali\/wp-json\/wp\/v2\/pages\/12038"}],"wp:attachment":[{"href":"https:\/\/agora.xtec.cat\/esc-santmiquel-castellgali\/wp-json\/wp\/v2\/media?parent=814"}],"curies":[{"name":"wp","href":"https:\/\/api.w.org\/{rel}","templated":true}]}}