{"id":608,"date":"2016-05-25T17:18:44","date_gmt":"2016-05-25T15:18:44","guid":{"rendered":"http:\/\/agora.xtec.cat\/esc-santmiquel-castellgali\/?page_id=608"},"modified":"2021-10-09T15:46:39","modified_gmt":"2021-10-09T13:46:39","slug":"fotos-instal%c2%b7lacions","status":"publish","type":"page","link":"https:\/\/agora.xtec.cat\/esc-santmiquel-castellgali\/lescola\/instal%c2%b7lacions\/fotos-instal%c2%b7lacions\/","title":{"rendered":"Fotos instal\u00b7lacions"},"content":{"rendered":"<p>&nbsp;<\/p>\n<table style=\"width: 100%; height: 100%;\">\n<tbody>\n<tr>\n<td style=\"text-align: center;\">\u00a0<a href=\"http:\/\/agora.xtec.cat\/esc-santmiquel-castellgali\/wp-content\/uploads\/usu103\/2016\/05\/DSCN1019.jpg\"><img loading=\"lazy\" decoding=\"async\" class=\"alignnone size-thumbnail wp-image-670\" src=\"http:\/\/agora.xtec.cat\/esc-santmiquel-castellgali\/wp-content\/uploads\/usu103\/2016\/05\/DSCN1019-150x150.jpg\" alt=\"DSCN1019\" width=\"150\" height=\"150\" \/><\/a><\/td>\n<td><a href=\"http:\/\/agora.xtec.cat\/esc-santmiquel-castellgali\/wp-content\/uploads\/usu103\/2016\/05\/DSCN1021.jpg\"><img loading=\"lazy\" decoding=\"async\" class=\" size-thumbnail wp-image-611 aligncenter\" src=\"http:\/\/agora.xtec.cat\/esc-santmiquel-castellgali\/wp-content\/uploads\/usu103\/2016\/05\/DSCN1021-150x150.jpg\" alt=\"DSCN1021\" width=\"150\" height=\"150\" \/><\/a><\/td>\n<td><a href=\"http:\/\/agora.xtec.cat\/esc-santmiquel-castellgali\/wp-content\/uploads\/usu103\/2016\/05\/DSCN1020.jpg\"><img loading=\"lazy\" decoding=\"async\" class=\" size-thumbnail wp-image-649 aligncenter\" src=\"http:\/\/agora.xtec.cat\/esc-santmiquel-castellgali\/wp-content\/uploads\/usu103\/2016\/05\/DSCN1020-150x150.jpg\" alt=\"DSCN1020\" width=\"150\" height=\"150\" \/><\/a><\/td>\n<\/tr>\n<tr>\n<td style=\"text-align: center;\">Exterior<\/td>\n<td style=\"text-align: center;\">El nostre logo<\/td>\n<td style=\"text-align: center;\">El nostre logo<\/td>\n<\/tr>\n<tr>\n<td><a href=\"http:\/\/agora.xtec.cat\/esc-santmiquel-castellgali\/wp-content\/uploads\/usu103\/2016\/05\/DSCN1022.jpg\"><img loading=\"lazy\" decoding=\"async\" class=\" size-thumbnail wp-image-612 aligncenter\" src=\"http:\/\/agora.xtec.cat\/esc-santmiquel-castellgali\/wp-content\/uploads\/usu103\/2016\/05\/DSCN1022-150x150.jpg\" alt=\"DSCN1022\" width=\"150\" height=\"150\" \/><\/a><\/td>\n<td><a href=\"http:\/\/agora.xtec.cat\/esc-santmiquel-castellgali\/wp-content\/uploads\/usu103\/2016\/05\/DSCN1029.jpg\"><img loading=\"lazy\" decoding=\"async\" class=\" size-thumbnail wp-image-615 aligncenter\" src=\"http:\/\/agora.xtec.cat\/esc-santmiquel-castellgali\/wp-content\/uploads\/usu103\/2016\/05\/DSCN1029-150x150.jpg\" alt=\"DSCN1029\" width=\"150\" height=\"150\" \/><\/a><\/td>\n<td><a href=\"http:\/\/agora.xtec.cat\/esc-santmiquel-castellgali\/wp-content\/uploads\/usu103\/2016\/05\/DSCN1052.jpg\"><img loading=\"lazy\" decoding=\"async\" class=\" size-thumbnail wp-image-632 aligncenter\" src=\"http:\/\/agora.xtec.cat\/esc-santmiquel-castellgali\/wp-content\/uploads\/usu103\/2016\/05\/DSCN1052-150x150.jpg\" alt=\"DSCN1052\" width=\"150\" height=\"150\" \/><\/a><\/td>\n<\/tr>\n<tr>\n<td style=\"text-align: center;\">Aparca la bici<\/td>\n<td style=\"text-align: center;\">Tots fem escola<\/td>\n<td style=\"text-align: center;\">Hall<\/td>\n<\/tr>\n<tr>\n<td><a href=\"http:\/\/agora.xtec.cat\/esc-santmiquel-castellgali\/wp-content\/uploads\/usu103\/2016\/05\/IMG_20160602_113513.jpg\"><img loading=\"lazy\" decoding=\"async\" class=\" size-thumbnail wp-image-734 aligncenter\" src=\"http:\/\/agora.xtec.cat\/esc-santmiquel-castellgali\/wp-content\/uploads\/usu103\/2016\/05\/IMG_20160602_113513-150x150.jpg\" alt=\"Menjador\" width=\"150\" height=\"150\" \/><\/a><\/td>\n<td style=\"text-align: center;\">\u00a0<a href=\"http:\/\/agora.xtec.cat\/esc-santmiquel-castellgali\/wp-content\/uploads\/usu103\/2016\/05\/IMG_20160602_113633.jpg\" rel=\"attachment wp-att-741\"><img loading=\"lazy\" decoding=\"async\" class=\"alignnone size-thumbnail wp-image-741\" src=\"http:\/\/agora.xtec.cat\/esc-santmiquel-castellgali\/wp-content\/uploads\/usu103\/2016\/05\/IMG_20160602_113633-150x150.jpg\" alt=\"Menjador\" width=\"150\" height=\"150\" \/><\/a><\/td>\n<td style=\"text-align: center;\">\u00a0<a href=\"http:\/\/agora.xtec.cat\/esc-santmiquel-castellgali\/wp-content\/uploads\/usu103\/2016\/05\/IMG_20160602_113533.jpg\"><img loading=\"lazy\" decoding=\"async\" class=\"alignnone size-thumbnail wp-image-735\" src=\"http:\/\/agora.xtec.cat\/esc-santmiquel-castellgali\/wp-content\/uploads\/usu103\/2016\/05\/IMG_20160602_113533-150x150.jpg\" alt=\"Menjador\" width=\"150\" height=\"150\" \/><\/a><\/td>\n<\/tr>\n<tr>\n<td style=\"text-align: center;\">Menjador<\/td>\n<td style=\"text-align: center;\">\u00a0Menjador<\/td>\n<td style=\"text-align: center;\">Menjador<\/td>\n<\/tr>\n<tr>\n<td style=\"text-align: center;\">\u00a0<a href=\"http:\/\/agora.xtec.cat\/esc-santmiquel-castellgali\/wp-content\/uploads\/usu103\/2016\/05\/IMG_20160602_113543.jpg\"><img loading=\"lazy\" decoding=\"async\" class=\"alignnone size-thumbnail wp-image-737\" src=\"http:\/\/agora.xtec.cat\/esc-santmiquel-castellgali\/wp-content\/uploads\/usu103\/2016\/05\/IMG_20160602_113543-150x150.jpg\" alt=\"Menjador\" width=\"150\" height=\"150\" \/><\/a><\/td>\n<td style=\"text-align: center;\">\u00a0<a href=\"http:\/\/agora.xtec.cat\/esc-santmiquel-castellgali\/wp-content\/uploads\/usu103\/2016\/05\/IMG_20160602_113557.jpg\"><img loading=\"lazy\" decoding=\"async\" class=\"alignnone size-thumbnail wp-image-738\" src=\"http:\/\/agora.xtec.cat\/esc-santmiquel-castellgali\/wp-content\/uploads\/usu103\/2016\/05\/IMG_20160602_113557-150x150.jpg\" alt=\"Menjador\" width=\"150\" height=\"150\" \/><\/a><\/td>\n<td style=\"text-align: center;\">\u00a0<a href=\"http:\/\/agora.xtec.cat\/esc-santmiquel-castellgali\/wp-content\/uploads\/usu103\/2016\/05\/IMG_20160602_113618.jpg\"><img loading=\"lazy\" decoding=\"async\" class=\"alignnone size-thumbnail wp-image-739\" src=\"http:\/\/agora.xtec.cat\/esc-santmiquel-castellgali\/wp-content\/uploads\/usu103\/2016\/05\/IMG_20160602_113618-150x150.jpg\" alt=\"Menjador\" width=\"150\" height=\"150\" \/><\/a><\/td>\n<\/tr>\n<tr>\n<td style=\"text-align: center;\">Menjador<\/td>\n<td style=\"text-align: center;\">Menjador<\/td>\n<td style=\"text-align: center;\">Menjador<\/td>\n<\/tr>\n<tr>\n<td style=\"text-align: center;\"><a href=\"http:\/\/agora.xtec.cat\/esc-santmiquel-castellgali\/wp-content\/uploads\/usu103\/2016\/05\/DSCN1053.jpg\"><img loading=\"lazy\" decoding=\"async\" class=\" size-thumbnail wp-image-633 aligncenter\" src=\"http:\/\/agora.xtec.cat\/esc-santmiquel-castellgali\/wp-content\/uploads\/usu103\/2016\/05\/DSCN1053-150x150.jpg\" alt=\"DSCN1053\" width=\"150\" height=\"150\" \/><\/a><\/td>\n<td style=\"text-align: center;\"><a href=\"http:\/\/agora.xtec.cat\/esc-santmiquel-castellgali\/wp-content\/uploads\/usu103\/2016\/05\/DSCN1036.jpg\"><img loading=\"lazy\" decoding=\"async\" class=\" wp-image-620 size-thumbnail aligncenter\" src=\"http:\/\/agora.xtec.cat\/esc-santmiquel-castellgali\/wp-content\/uploads\/usu103\/2016\/05\/DSCN1036-e1464076594302-150x150.jpg\" alt=\"DSCN1036\" width=\"150\" height=\"150\" \/><\/a><\/td>\n<td style=\"text-align: center;\"><a href=\"http:\/\/agora.xtec.cat\/esc-santmiquel-castellgali\/wp-content\/uploads\/usu103\/2016\/05\/DSCN1035.jpg\"><img loading=\"lazy\" decoding=\"async\" class=\" wp-image-619 size-thumbnail aligncenter\" src=\"http:\/\/agora.xtec.cat\/esc-santmiquel-castellgali\/wp-content\/uploads\/usu103\/2016\/05\/DSCN1035-e1464076625877-150x150.jpg\" alt=\"DSCN1035\" width=\"150\" height=\"150\" \/><\/a><\/td>\n<\/tr>\n<tr>\n<td style=\"text-align: center;\">Ascensor<\/td>\n<td style=\"text-align: center;\">Passad\u00eds Infantil<\/td>\n<td style=\"text-align: center;\">Passad\u00eds Infantil<\/td>\n<\/tr>\n<tr>\n<td>\u00a0<a href=\"http:\/\/agora.xtec.cat\/esc-santmiquel-castellgali\/wp-content\/uploads\/usu103\/2016\/05\/DSCN1030-e1464082335936.jpg\"><img loading=\"lazy\" decoding=\"async\" class=\" size-thumbnail wp-image-616 aligncenter\" src=\"http:\/\/agora.xtec.cat\/esc-santmiquel-castellgali\/wp-content\/uploads\/usu103\/2016\/05\/DSCN1030-e1464082335936-150x150.jpg\" alt=\"DSCN1030\" width=\"150\" height=\"150\" \/><\/a><\/td>\n<td>\u00a0<a href=\"http:\/\/agora.xtec.cat\/esc-santmiquel-castellgali\/wp-content\/uploads\/usu103\/2016\/05\/DSCN1037-e1464082317395.jpg\"><img loading=\"lazy\" decoding=\"async\" class=\" size-thumbnail wp-image-621 aligncenter\" src=\"http:\/\/agora.xtec.cat\/esc-santmiquel-castellgali\/wp-content\/uploads\/usu103\/2016\/05\/DSCN1037-e1464082317395-150x150.jpg\" alt=\"DSCN1037\" width=\"150\" height=\"150\" \/><\/a><\/td>\n<td>\u00a0<a href=\"http:\/\/agora.xtec.cat\/esc-santmiquel-castellgali\/wp-content\/uploads\/usu103\/2016\/05\/DSCN1023.jpg\"><img loading=\"lazy\" decoding=\"async\" class=\" size-thumbnail wp-image-613 aligncenter\" src=\"http:\/\/agora.xtec.cat\/esc-santmiquel-castellgali\/wp-content\/uploads\/usu103\/2016\/05\/DSCN1023-150x150.jpg\" alt=\"DSCN1023\" width=\"150\" height=\"150\" \/><\/a><\/td>\n<\/tr>\n<tr>\n<td style=\"text-align: center;\">Passad\u00eds Prim\u00e0ria<\/td>\n<td style=\"text-align: center;\">Passad\u00eds Prim\u00e0ria<\/td>\n<td style=\"text-align: center;\">Pati d&#8217;Infantil<\/td>\n<\/tr>\n<tr>\n<td>\u00a0<a href=\"http:\/\/agora.xtec.cat\/esc-santmiquel-castellgali\/wp-content\/uploads\/usu103\/2016\/05\/DSCN1038.jpg\"><img loading=\"lazy\" decoding=\"async\" class=\" size-thumbnail wp-image-622 aligncenter\" src=\"http:\/\/agora.xtec.cat\/esc-santmiquel-castellgali\/wp-content\/uploads\/usu103\/2016\/05\/DSCN1038-150x150.jpg\" alt=\"DSCN1038\" width=\"150\" height=\"150\" \/><\/a><\/td>\n<td>\u00a0<a href=\"http:\/\/agora.xtec.cat\/esc-santmiquel-castellgali\/wp-content\/uploads\/usu103\/2016\/05\/DSCN1042.jpg\"><img loading=\"lazy\" decoding=\"async\" class=\" size-thumbnail wp-image-626 aligncenter\" src=\"http:\/\/agora.xtec.cat\/esc-santmiquel-castellgali\/wp-content\/uploads\/usu103\/2016\/05\/DSCN1042-150x150.jpg\" alt=\"DSCN1042\" width=\"150\" height=\"150\" \/><\/a><\/td>\n<td>\u00a0<a href=\"http:\/\/agora.xtec.cat\/esc-santmiquel-castellgali\/wp-content\/uploads\/usu103\/2016\/05\/DSCN1043.jpg\"><img loading=\"lazy\" decoding=\"async\" class=\" size-thumbnail wp-image-627 aligncenter\" src=\"http:\/\/agora.xtec.cat\/esc-santmiquel-castellgali\/wp-content\/uploads\/usu103\/2016\/05\/DSCN1043-150x150.jpg\" alt=\"DSCN1043\" width=\"150\" height=\"150\" \/><\/a><\/td>\n<\/tr>\n<tr>\n<td style=\"text-align: center;\">Pati de prim\u00e0ria<\/td>\n<td style=\"text-align: center;\">Pati de prim\u00e0ria<\/td>\n<td style=\"text-align: center;\">Pati de prim\u00e0ria<\/td>\n<\/tr>\n<tr>\n<td>\u00a0<a href=\"http:\/\/agora.xtec.cat\/esc-santmiquel-castellgali\/wp-content\/uploads\/usu103\/2016\/05\/DSCN1044.jpg\"><img loading=\"lazy\" decoding=\"async\" class=\" size-thumbnail wp-image-628 aligncenter\" src=\"http:\/\/agora.xtec.cat\/esc-santmiquel-castellgali\/wp-content\/uploads\/usu103\/2016\/05\/DSCN1044-150x150.jpg\" alt=\"DSCN1044\" width=\"150\" height=\"150\" \/><\/a><\/td>\n<td>\u00a0<a href=\"http:\/\/agora.xtec.cat\/esc-santmiquel-castellgali\/wp-content\/uploads\/usu103\/2016\/05\/DSCN1049.jpg\"><img loading=\"lazy\" decoding=\"async\" class=\" size-thumbnail wp-image-631 aligncenter\" src=\"http:\/\/agora.xtec.cat\/esc-santmiquel-castellgali\/wp-content\/uploads\/usu103\/2016\/05\/DSCN1049-150x150.jpg\" alt=\"DSCN1049\" width=\"150\" height=\"150\" \/><\/a><\/td>\n<td>\u00a0<a href=\"http:\/\/agora.xtec.cat\/esc-santmiquel-castellgali\/wp-content\/uploads\/usu103\/2016\/05\/DSCN1048.jpg\"><img loading=\"lazy\" decoding=\"async\" class=\" size-thumbnail wp-image-630 aligncenter\" src=\"http:\/\/agora.xtec.cat\/esc-santmiquel-castellgali\/wp-content\/uploads\/usu103\/2016\/05\/DSCN1048-150x150.jpg\" alt=\"DSCN1048\" width=\"150\" height=\"150\" \/><\/a><\/td>\n<\/tr>\n<tr>\n<td style=\"text-align: center;\">Pati de prim\u00e0ria<\/td>\n<td style=\"text-align: center;\">Sala d&#8217;inform\u00e0tica<\/td>\n<td style=\"text-align: center;\">Aula de m\u00fasica<\/td>\n<\/tr>\n<tr>\n<td>\u00a0<a href=\"http:\/\/agora.xtec.cat\/esc-santmiquel-castellgali\/wp-content\/uploads\/usu103\/2016\/05\/DSCN1045.jpg\"><img loading=\"lazy\" decoding=\"async\" class=\" size-thumbnail wp-image-629 aligncenter\" src=\"http:\/\/agora.xtec.cat\/esc-santmiquel-castellgali\/wp-content\/uploads\/usu103\/2016\/05\/DSCN1045-150x150.jpg\" alt=\"DSCN1045\" width=\"150\" height=\"150\" \/><\/a><\/td>\n<td>\u00a0<a href=\"http:\/\/agora.xtec.cat\/esc-santmiquel-castellgali\/wp-content\/uploads\/usu103\/2016\/05\/DSCN1040.jpg\"><img loading=\"lazy\" decoding=\"async\" class=\" size-thumbnail wp-image-624 aligncenter\" src=\"http:\/\/agora.xtec.cat\/esc-santmiquel-castellgali\/wp-content\/uploads\/usu103\/2016\/05\/DSCN1040-150x150.jpg\" alt=\"DSCN1040\" width=\"150\" height=\"150\" \/><\/a><\/td>\n<td>\u00a0<a href=\"http:\/\/agora.xtec.cat\/esc-santmiquel-castellgali\/wp-content\/uploads\/usu103\/2016\/05\/DSCN1039.jpg\"><img loading=\"lazy\" decoding=\"async\" class=\" size-thumbnail wp-image-623 aligncenter\" src=\"http:\/\/agora.xtec.cat\/esc-santmiquel-castellgali\/wp-content\/uploads\/usu103\/2016\/05\/DSCN1039-150x150.jpg\" alt=\"DSCN1039\" width=\"150\" height=\"150\" \/><\/a><\/td>\n<\/tr>\n<tr>\n<td style=\"text-align: center;\">Gimn\u00e0s<\/td>\n<td style=\"text-align: center;\">Vestidor<\/td>\n<td style=\"text-align: center;\">Vestidor<\/td>\n<\/tr>\n<tr>\n<td>\u00a0<a href=\"http:\/\/agora.xtec.cat\/esc-santmiquel-castellgali\/wp-content\/uploads\/usu103\/2016\/05\/DSCN1041.jpg\"><img loading=\"lazy\" decoding=\"async\" class=\" size-thumbnail wp-image-625 aligncenter\" src=\"http:\/\/agora.xtec.cat\/esc-santmiquel-castellgali\/wp-content\/uploads\/usu103\/2016\/05\/DSCN1041-150x150.jpg\" alt=\"DSCN1041\" width=\"150\" height=\"150\" \/><\/a><\/td>\n<td>\u00a0<a href=\"http:\/\/agora.xtec.cat\/esc-santmiquel-castellgali\/wp-content\/uploads\/usu103\/2016\/05\/DSCN1034.jpg\"><img loading=\"lazy\" decoding=\"async\" class=\" size-thumbnail wp-image-618 aligncenter\" src=\"http:\/\/agora.xtec.cat\/esc-santmiquel-castellgali\/wp-content\/uploads\/usu103\/2016\/05\/DSCN1034-150x150.jpg\" alt=\"DSCN1034\" width=\"150\" height=\"150\" \/><\/a><\/td>\n<td>\u00a0<a href=\"http:\/\/agora.xtec.cat\/esc-santmiquel-castellgali\/wp-content\/uploads\/usu103\/2016\/05\/DSCN1032.jpg\"><img loading=\"lazy\" decoding=\"async\" class=\" size-thumbnail wp-image-617 aligncenter\" src=\"http:\/\/agora.xtec.cat\/esc-santmiquel-castellgali\/wp-content\/uploads\/usu103\/2016\/05\/DSCN1032-150x150.jpg\" alt=\"DSCN1032\" width=\"150\" height=\"150\" \/><\/a><\/td>\n<\/tr>\n<tr>\n<td style=\"text-align: center;\">Vestidor<\/td>\n<td style=\"text-align: center;\">Biblioteca<\/td>\n<td style=\"text-align: center;\">Biblioteca<\/td>\n<\/tr>\n<\/tbody>\n<\/table>\n","protected":false},"excerpt":{"rendered":"<p>&nbsp; \u00a0 Exterior El nostre logo El nostre logo Aparca la bici Tots fem escola Hall \u00a0 \u00a0 Menjador \u00a0Menjador Menjador \u00a0 \u00a0 \u00a0 Menjador Menjador Menjador Ascensor Passad\u00eds Infantil Passad\u00eds Infantil \u00a0 \u00a0 \u00a0 Passad\u00eds Prim\u00e0ria Passad\u00eds Prim\u00e0ria Pati d&#8217;Infantil \u00a0 \u00a0 \u00a0 Pati de prim\u00e0ria Pati de prim\u00e0ria Pati de prim\u00e0ria \u00a0 \u00a0 [&hellip;]<\/p>\n","protected":false},"author":1,"featured_media":0,"parent":30,"menu_order":0,"comment_status":"closed","ping_status":"closed","template":"page-templates\/side-menu.php","meta":{"_bbp_topic_count":0,"_bbp_reply_count":0,"_bbp_total_topic_count":0,"_bbp_total_reply_count":0,"_bbp_voice_count":0,"_bbp_anonymous_reply_count":0,"_bbp_topic_count_hidden":0,"_bbp_reply_count_hidden":0,"_bbp_forum_subforum_count":0,"site-sidebar-layout":"default","site-content-layout":"","ast-site-content-layout":"","site-content-style":"default","site-sidebar-style":"default","ast-global-header-display":"","ast-banner-title-visibility":"","ast-main-header-display":"","ast-hfb-above-header-display":"","ast-hfb-below-header-display":"","ast-hfb-mobile-header-display":"","site-post-title":"","ast-breadcrumbs-content":"","ast-featured-img":"","footer-sml-layout":"","theme-transparent-header-meta":"","adv-header-id-meta":"","stick-header-meta":"","header-above-stick-meta":"","header-main-stick-meta":"","header-below-stick-meta":"","astra-migrate-meta-layouts":"default","ast-page-background-enabled":"default","ast-page-background-meta":{"desktop":{"background-color":"var(--ast-global-color-4)","background-image":"","background-repeat":"repeat","background-position":"center center","background-size":"auto","background-attachment":"scroll","background-type":"","background-media":"","overlay-type":"","overlay-color":"","overlay-opacity":"","overlay-gradient":""},"tablet":{"background-color":"","background-image":"","background-repeat":"repeat","background-position":"center center","background-size":"auto","background-attachment":"scroll","background-type":"","background-media":"","overlay-type":"","overlay-color":"","overlay-opacity":"","overlay-gradient":""},"mobile":{"background-color":"","background-image":"","background-repeat":"repeat","background-position":"center center","background-size":"auto","background-attachment":"scroll","background-type":"","background-media":"","overlay-type":"","overlay-color":"","overlay-opacity":"","overlay-gradient":""}},"ast-content-background-meta":{"desktop":{"background-color":"var(--ast-global-color-5)","background-image":"","background-repeat":"repeat","background-position":"center center","background-size":"auto","background-attachment":"scroll","background-type":"","background-media":"","overlay-type":"","overlay-color":"","overlay-opacity":"","overlay-gradient":""},"tablet":{"background-color":"var(--ast-global-color-5)","background-image":"","background-repeat":"repeat","background-position":"center center","background-size":"auto","background-attachment":"scroll","background-type":"","background-media":"","overlay-type":"","overlay-color":"","overlay-opacity":"","overlay-gradient":""},"mobile":{"background-color":"var(--ast-global-color-5)","background-image":"","background-repeat":"repeat","background-position":"center center","background-size":"auto","background-attachment":"scroll","background-type":"","background-media":"","overlay-type":"","overlay-color":"","overlay-opacity":"","overlay-gradient":""}},"footnotes":""},"class_list":["post-608","page","type-page","status-publish","hentry"],"post_mailing_queue_ids":[],"_links":{"self":[{"href":"https:\/\/agora.xtec.cat\/esc-santmiquel-castellgali\/wp-json\/wp\/v2\/pages\/608","targetHints":{"allow":["GET"]}}],"collection":[{"href":"https:\/\/agora.xtec.cat\/esc-santmiquel-castellgali\/wp-json\/wp\/v2\/pages"}],"about":[{"href":"https:\/\/agora.xtec.cat\/esc-santmiquel-castellgali\/wp-json\/wp\/v2\/types\/page"}],"author":[{"embeddable":true,"href":"https:\/\/agora.xtec.cat\/esc-santmiquel-castellgali\/wp-json\/wp\/v2\/users\/1"}],"replies":[{"embeddable":true,"href":"https:\/\/agora.xtec.cat\/esc-santmiquel-castellgali\/wp-json\/wp\/v2\/comments?post=608"}],"version-history":[{"count":4,"href":"https:\/\/agora.xtec.cat\/esc-santmiquel-castellgali\/wp-json\/wp\/v2\/pages\/608\/revisions"}],"predecessor-version":[{"id":742,"href":"https:\/\/agora.xtec.cat\/esc-santmiquel-castellgali\/wp-json\/wp\/v2\/pages\/608\/revisions\/742"}],"up":[{"embeddable":true,"href":"https:\/\/agora.xtec.cat\/esc-santmiquel-castellgali\/wp-json\/wp\/v2\/pages\/30"}],"wp:attachment":[{"href":"https:\/\/agora.xtec.cat\/esc-santmiquel-castellgali\/wp-json\/wp\/v2\/media?parent=608"}],"curies":[{"name":"wp","href":"https:\/\/api.w.org\/{rel}","templated":true}]}}