{"id":30,"date":"2014-09-18T12:30:23","date_gmt":"2014-09-18T12:30:23","guid":{"rendered":"http:\/\/agora.xtec.cat\/esc-santmiquel-castellgali\/\/?page_id=30"},"modified":"2019-03-20T09:26:45","modified_gmt":"2019-03-20T08:26:45","slug":"instal%c2%b7lacions","status":"publish","type":"page","link":"https:\/\/agora.xtec.cat\/esc-santmiquel-castellgali\/lescola\/instal%c2%b7lacions\/","title":{"rendered":"Instal\u00b7lacions"},"content":{"rendered":"<p>L\u2019escola va ser inaugurada al juny de 2008. Disposa d\u2019aules espaioses amb molta llum natural dotades amb pissarra digital o can\u00f3 de projecci\u00f3 i pantalla, aula d&#8217;inform\u00e0tica (un espai fix amb ordinadors per a un grup-classe), carro de port\u00e0tils, aula de m\u00fasica, biblioteca (amb 14 ordinadors per treballar), aula d&#8217;educaci\u00f3 especial, aules petites per a grups redu\u00efts, gimn\u00e0s (amb vestuaris i dutxes amb aigua calenta), pista poliesportiva amb dos camps de b\u00e0squet, un camp de futbol i sorral amb jocs infantils.<\/p>\n<p style=\"text-align: justify;\">El centre est\u00e0 dividit en dues plantes. La primera \u00e9s on est\u00e0 situada l&#8217;entrada principal i trobem les seg\u00fcents depend\u00e8ncies, despatx de consergeria, direcci\u00f3 i secretaria del centre, secretaria de l&#8217;AMPA, menjador escolar, cuina, biblioteca, sala de mestres. Al sector sud trobem les aules d&#8217;educaci\u00f3 infantil (totes les aules tenen lavabo interior), la sala de psicomotricitat, la tutoria d&#8217;educaci\u00f3 infantil i sortin de les aules trobem el pati d&#8217;educaci\u00f3 infantil amb sorral i jocs. Al sector nord hi trobem les tutories de prim\u00e0ria, les aules de 1r a 4t, una aula de desdoblament i l&#8217;aula d&#8217;educaci\u00f3 especial. A la planta baixa trobem les aules de 5\u00e8 i 6\u00e8, l&#8217;aula de m\u00fasica, l&#8217;aula de pl\u00e0stica, l&#8217;aula d&#8217;ordinadors i sortint de l&#8217;edifici trobem el gimn\u00e0s i el pat\u00ed de prim\u00e0ria.<span style=\"color: #000000; font-family: trebuchet ms,sans-serif; font-size: large;\"><br \/>\n<\/span><\/p>\n<p style=\"text-align: center;\"><a href=\"http:\/\/agora.xtec.cat\/esc-santmiquel-castellgali\/?p=608\"><img loading=\"lazy\" decoding=\"async\" class=\"alignnone wp-image-673 \" src=\"http:\/\/agora.xtec.cat\/esc-santmiquel-castellgali\/wp-content\/uploads\/usu103\/2014\/09\/gallery-880815_640-150x150.png\" alt=\"Galer\u00eda de fotos\" width=\"113\" height=\"113\" \/><\/a><\/p>\n<p>&nbsp;<\/p>\n","protected":false},"excerpt":{"rendered":"<p>L\u2019escola va ser inaugurada al juny de 2008. Disposa d\u2019aules espaioses amb molta llum natural dotades amb pissarra digital o can\u00f3 de projecci\u00f3 i pantalla, aula d&#8217;inform\u00e0tica (un espai fix amb ordinadors per a un grup-classe), carro de port\u00e0tils, aula de m\u00fasica, biblioteca (amb 14 ordinadors per treballar), aula d&#8217;educaci\u00f3 especial, aules petites per a [&hellip;]<\/p>\n","protected":false},"author":2,"featured_media":0,"parent":22,"menu_order":40,"comment_status":"closed","ping_status":"closed","template":"page-templates\/side-menu.php","meta":{"_bbp_topic_count":0,"_bbp_reply_count":0,"_bbp_total_topic_count":0,"_bbp_total_reply_count":0,"_bbp_voice_count":0,"_bbp_anonymous_reply_count":0,"_bbp_topic_count_hidden":0,"_bbp_reply_count_hidden":0,"_bbp_forum_subforum_count":0,"site-sidebar-layout":"default","site-content-layout":"","ast-site-content-layout":"","site-content-style":"default","site-sidebar-style":"default","ast-global-header-display":"","ast-banner-title-visibility":"","ast-main-header-display":"","ast-hfb-above-header-display":"","ast-hfb-below-header-display":"","ast-hfb-mobile-header-display":"","site-post-title":"","ast-breadcrumbs-content":"","ast-featured-img":"","footer-sml-layout":"","theme-transparent-header-meta":"","adv-header-id-meta":"","stick-header-meta":"","header-above-stick-meta":"","header-main-stick-meta":"","header-below-stick-meta":"","astra-migrate-meta-layouts":"default","ast-page-background-enabled":"default","ast-page-background-meta":{"desktop":{"background-color":"var(--ast-global-color-4)","background-image":"","background-repeat":"repeat","background-position":"center center","background-size":"auto","background-attachment":"scroll","background-type":"","background-media":"","overlay-type":"","overlay-color":"","overlay-opacity":"","overlay-gradient":""},"tablet":{"background-color":"","background-image":"","background-repeat":"repeat","background-position":"center center","background-size":"auto","background-attachment":"scroll","background-type":"","background-media":"","overlay-type":"","overlay-color":"","overlay-opacity":"","overlay-gradient":""},"mobile":{"background-color":"","background-image":"","background-repeat":"repeat","background-position":"center center","background-size":"auto","background-attachment":"scroll","background-type":"","background-media":"","overlay-type":"","overlay-color":"","overlay-opacity":"","overlay-gradient":""}},"ast-content-background-meta":{"desktop":{"background-color":"var(--ast-global-color-5)","background-image":"","background-repeat":"repeat","background-position":"center center","background-size":"auto","background-attachment":"scroll","background-type":"","background-media":"","overlay-type":"","overlay-color":"","overlay-opacity":"","overlay-gradient":""},"tablet":{"background-color":"var(--ast-global-color-5)","background-image":"","background-repeat":"repeat","background-position":"center center","background-size":"auto","background-attachment":"scroll","background-type":"","background-media":"","overlay-type":"","overlay-color":"","overlay-opacity":"","overlay-gradient":""},"mobile":{"background-color":"var(--ast-global-color-5)","background-image":"","background-repeat":"repeat","background-position":"center center","background-size":"auto","background-attachment":"scroll","background-type":"","background-media":"","overlay-type":"","overlay-color":"","overlay-opacity":"","overlay-gradient":""}},"footnotes":""},"class_list":["post-30","page","type-page","status-publish","hentry"],"post_mailing_queue_ids":[],"_links":{"self":[{"href":"https:\/\/agora.xtec.cat\/esc-santmiquel-castellgali\/wp-json\/wp\/v2\/pages\/30","targetHints":{"allow":["GET"]}}],"collection":[{"href":"https:\/\/agora.xtec.cat\/esc-santmiquel-castellgali\/wp-json\/wp\/v2\/pages"}],"about":[{"href":"https:\/\/agora.xtec.cat\/esc-santmiquel-castellgali\/wp-json\/wp\/v2\/types\/page"}],"author":[{"embeddable":true,"href":"https:\/\/agora.xtec.cat\/esc-santmiquel-castellgali\/wp-json\/wp\/v2\/users\/2"}],"replies":[{"embeddable":true,"href":"https:\/\/agora.xtec.cat\/esc-santmiquel-castellgali\/wp-json\/wp\/v2\/comments?post=30"}],"version-history":[{"count":4,"href":"https:\/\/agora.xtec.cat\/esc-santmiquel-castellgali\/wp-json\/wp\/v2\/pages\/30\/revisions"}],"predecessor-version":[{"id":9613,"href":"https:\/\/agora.xtec.cat\/esc-santmiquel-castellgali\/wp-json\/wp\/v2\/pages\/30\/revisions\/9613"}],"up":[{"embeddable":true,"href":"https:\/\/agora.xtec.cat\/esc-santmiquel-castellgali\/wp-json\/wp\/v2\/pages\/22"}],"wp:attachment":[{"href":"https:\/\/agora.xtec.cat\/esc-santmiquel-castellgali\/wp-json\/wp\/v2\/media?parent=30"}],"curies":[{"name":"wp","href":"https:\/\/api.w.org\/{rel}","templated":true}]}}