{"id":2147,"date":"2018-04-02T11:24:44","date_gmt":"2018-04-02T09:24:44","guid":{"rendered":"http:\/\/agora.xtec.cat\/esc-santmiquel-castellgali\/?page_id=2147"},"modified":"2021-10-09T15:45:51","modified_gmt":"2021-10-09T13:45:51","slug":"4t-comarca-de-catalunya","status":"publish","type":"page","link":"https:\/\/agora.xtec.cat\/esc-santmiquel-castellgali\/curs-2020-21\/reporter\/4t-comarca-de-catalunya\/","title":{"rendered":"4t_Reporters"},"content":{"rendered":"<p><strong>Castell\u00e0: <\/strong><strong>Persona conocida por su oficio o profesi\u00f3n (cocinero\/a, escritor\/a, deportista, actor\/actriz, presentador\/a de televisi\u00f3n\u2026)<\/strong><\/p>\n<p>Gui\u00f3:<\/p>\n<ol>\n<li>\u00cdndice.<\/li>\n<li>Nombre de la persona.<\/li>\n<li>Descripci\u00f3n: C\u00f3mo es f\u00edsicamente, edad\u2026<\/li>\n<li>Lugar de procedencia. Situaci\u00f3n en un mapa.<\/li>\n<li>Cu\u00e1l es su oficio.<\/li>\n<li>\u00bfPor qu\u00e9 has elegido a este personaje?<\/li>\n<li>Opini\u00f3n personal.<\/li>\n<\/ol>\n<p><strong>Catal\u00e0<\/strong><strong>: Una comarca de Catalunya<\/strong><\/p>\n<p>Gui\u00f3:<\/p>\n<ol>\n<li>\u00cdndex<\/li>\n<li>Situaci\u00f3 geogr\u00e0fica (<em>Situaci\u00f3 al mapa respecte d\u2019altres comarques<\/em>)<\/li>\n<li>Breu ressenya hist\u00f2rica <em>(Escollir un esdeveniment important)<\/em><\/li>\n<li>Informaci\u00f3 sobre el paisatge <em>(Fauna, flora, relleu, &#8230;)<\/em><\/li>\n<li>Principals vies de comunicaci\u00f3 <em>(Situaci\u00f3 al mapa de les principals vies)<\/em><\/li>\n<li>Principals ciutats<\/li>\n<li>Economia <em>(Quin \u00e9s el motor econ\u00f2mic de la comarca)<\/em><\/li>\n<li>Festes populars<\/li>\n<li>Llocs d&#8217;inter\u00e8s tur\u00edstic <em>(Qu\u00e8 visitar?)<\/em><\/li>\n<li>Bibliografia <em>(Fam\u00edlia, webs internet, llibres, guies, &#8230;)<\/em><\/li>\n<li>Opini\u00f3 personal<\/li>\n<\/ol>\n<p>&nbsp;<\/p>\n","protected":false},"excerpt":{"rendered":"<p>Castell\u00e0: Persona conocida por su oficio o profesi\u00f3n (cocinero\/a, escritor\/a, deportista, actor\/actriz, presentador\/a de televisi\u00f3n\u2026) Gui\u00f3: \u00cdndice. Nombre de la persona. Descripci\u00f3n: C\u00f3mo es f\u00edsicamente, edad\u2026 Lugar de procedencia. Situaci\u00f3n en un mapa. Cu\u00e1l es su oficio. \u00bfPor qu\u00e9 has elegido a este personaje? Opini\u00f3n personal. Catal\u00e0: Una comarca de Catalunya Gui\u00f3: \u00cdndex Situaci\u00f3 geogr\u00e0fica [&hellip;]<\/p>\n","protected":false},"author":1,"featured_media":0,"parent":1627,"menu_order":7,"comment_status":"closed","ping_status":"closed","template":"page-templates\/side-menu.php","meta":{"_bbp_topic_count":0,"_bbp_reply_count":0,"_bbp_total_topic_count":0,"_bbp_total_reply_count":0,"_bbp_voice_count":0,"_bbp_anonymous_reply_count":0,"_bbp_topic_count_hidden":0,"_bbp_reply_count_hidden":0,"_bbp_forum_subforum_count":0,"site-sidebar-layout":"default","site-content-layout":"","ast-site-content-layout":"","site-content-style":"default","site-sidebar-style":"default","ast-global-header-display":"","ast-banner-title-visibility":"","ast-main-header-display":"","ast-hfb-above-header-display":"","ast-hfb-below-header-display":"","ast-hfb-mobile-header-display":"","site-post-title":"","ast-breadcrumbs-content":"","ast-featured-img":"","footer-sml-layout":"","theme-transparent-header-meta":"","adv-header-id-meta":"","stick-header-meta":"","header-above-stick-meta":"","header-main-stick-meta":"","header-below-stick-meta":"","astra-migrate-meta-layouts":"default","ast-page-background-enabled":"default","ast-page-background-meta":{"desktop":{"background-color":"var(--ast-global-color-4)","background-image":"","background-repeat":"repeat","background-position":"center center","background-size":"auto","background-attachment":"scroll","background-type":"","background-media":"","overlay-type":"","overlay-color":"","overlay-opacity":"","overlay-gradient":""},"tablet":{"background-color":"","background-image":"","background-repeat":"repeat","background-position":"center center","background-size":"auto","background-attachment":"scroll","background-type":"","background-media":"","overlay-type":"","overlay-color":"","overlay-opacity":"","overlay-gradient":""},"mobile":{"background-color":"","background-image":"","background-repeat":"repeat","background-position":"center center","background-size":"auto","background-attachment":"scroll","background-type":"","background-media":"","overlay-type":"","overlay-color":"","overlay-opacity":"","overlay-gradient":""}},"ast-content-background-meta":{"desktop":{"background-color":"var(--ast-global-color-5)","background-image":"","background-repeat":"repeat","background-position":"center center","background-size":"auto","background-attachment":"scroll","background-type":"","background-media":"","overlay-type":"","overlay-color":"","overlay-opacity":"","overlay-gradient":""},"tablet":{"background-color":"var(--ast-global-color-5)","background-image":"","background-repeat":"repeat","background-position":"center center","background-size":"auto","background-attachment":"scroll","background-type":"","background-media":"","overlay-type":"","overlay-color":"","overlay-opacity":"","overlay-gradient":""},"mobile":{"background-color":"var(--ast-global-color-5)","background-image":"","background-repeat":"repeat","background-position":"center center","background-size":"auto","background-attachment":"scroll","background-type":"","background-media":"","overlay-type":"","overlay-color":"","overlay-opacity":"","overlay-gradient":""}},"footnotes":""},"class_list":["post-2147","page","type-page","status-publish","hentry"],"post_mailing_queue_ids":[],"_links":{"self":[{"href":"https:\/\/agora.xtec.cat\/esc-santmiquel-castellgali\/wp-json\/wp\/v2\/pages\/2147","targetHints":{"allow":["GET"]}}],"collection":[{"href":"https:\/\/agora.xtec.cat\/esc-santmiquel-castellgali\/wp-json\/wp\/v2\/pages"}],"about":[{"href":"https:\/\/agora.xtec.cat\/esc-santmiquel-castellgali\/wp-json\/wp\/v2\/types\/page"}],"author":[{"embeddable":true,"href":"https:\/\/agora.xtec.cat\/esc-santmiquel-castellgali\/wp-json\/wp\/v2\/users\/1"}],"replies":[{"embeddable":true,"href":"https:\/\/agora.xtec.cat\/esc-santmiquel-castellgali\/wp-json\/wp\/v2\/comments?post=2147"}],"version-history":[{"count":3,"href":"https:\/\/agora.xtec.cat\/esc-santmiquel-castellgali\/wp-json\/wp\/v2\/pages\/2147\/revisions"}],"predecessor-version":[{"id":10572,"href":"https:\/\/agora.xtec.cat\/esc-santmiquel-castellgali\/wp-json\/wp\/v2\/pages\/2147\/revisions\/10572"}],"up":[{"embeddable":true,"href":"https:\/\/agora.xtec.cat\/esc-santmiquel-castellgali\/wp-json\/wp\/v2\/pages\/1627"}],"wp:attachment":[{"href":"https:\/\/agora.xtec.cat\/esc-santmiquel-castellgali\/wp-json\/wp\/v2\/media?parent=2147"}],"curies":[{"name":"wp","href":"https:\/\/api.w.org\/{rel}","templated":true}]}}