{"id":2134,"date":"2018-04-02T11:04:27","date_gmt":"2018-04-02T09:04:27","guid":{"rendered":"http:\/\/agora.xtec.cat\/esc-santmiquel-castellgali\/?page_id=2134"},"modified":"2021-10-09T15:45:58","modified_gmt":"2021-10-09T13:45:58","slug":"cinque-les-comunitats-autonomes-despanya","status":"publish","type":"page","link":"https:\/\/agora.xtec.cat\/esc-santmiquel-castellgali\/curs-2020-21\/reporter\/cinque-les-comunitats-autonomes-despanya\/","title":{"rendered":"5\u00e8: Comunitats Aut\u00f2nomes"},"content":{"rendered":"<p>Gui\u00f3:<\/p>\n<ul>\n<li>\u00cdndex<\/li>\n<li>Com anar-hi <em>(Situaci\u00f3 geogr\u00e0fica i situaci\u00f3 al mapa respecte d\u2019altres comunitats<\/em>)<\/li>\n<li>Descripci\u00f3 general del viatge <em>(cost, data i amb qui es fa el viatge, km de dist\u00e0ncia des del lloc d\u2019origen, simulaci\u00f3 del preu dels bitllets d\u2019avi\u00f3 o tren o&#8230;)<\/em><\/li>\n<li>Informaci\u00f3 sobre la comunitat <em>(Prov\u00edncies, fauna, flora, relleu, algun fet hist\u00f2ric o descobriment&#8230;)<\/em><\/li>\n<li>Principals ciutats i lloc d\u2019inter\u00e8s tur\u00edstic que visitarem <em>(qu\u00e8 visitar i per qu\u00e8)<\/em><\/li>\n<li>Festes populars i menjars t\u00edpics<\/li>\n<li>Curiositats<\/li>\n<li>Bibliografia <em>(Fam\u00edlia, webs internet, llibres, guies, &#8230;)<\/em><\/li>\n<li>Opini\u00f3 personal <em>(per qu\u00e8 he triat la comunitat i qu\u00e8 en penso)<\/em><\/li>\n<\/ul>\n","protected":false},"excerpt":{"rendered":"<p>Gui\u00f3: \u00cdndex Com anar-hi (Situaci\u00f3 geogr\u00e0fica i situaci\u00f3 al mapa respecte d\u2019altres comunitats) Descripci\u00f3 general del viatge (cost, data i amb qui es fa el viatge, km de dist\u00e0ncia des del lloc d\u2019origen, simulaci\u00f3 del preu dels bitllets d\u2019avi\u00f3 o tren o&#8230;) Informaci\u00f3 sobre la comunitat (Prov\u00edncies, fauna, flora, relleu, algun fet hist\u00f2ric o descobriment&#8230;) [&hellip;]<\/p>\n","protected":false},"author":1,"featured_media":0,"parent":1627,"menu_order":8,"comment_status":"closed","ping_status":"closed","template":"page-templates\/side-menu.php","meta":{"_bbp_topic_count":0,"_bbp_reply_count":0,"_bbp_total_topic_count":0,"_bbp_total_reply_count":0,"_bbp_voice_count":0,"_bbp_anonymous_reply_count":0,"_bbp_topic_count_hidden":0,"_bbp_reply_count_hidden":0,"_bbp_forum_subforum_count":0,"site-sidebar-layout":"default","site-content-layout":"","ast-site-content-layout":"","site-content-style":"default","site-sidebar-style":"default","ast-global-header-display":"","ast-banner-title-visibility":"","ast-main-header-display":"","ast-hfb-above-header-display":"","ast-hfb-below-header-display":"","ast-hfb-mobile-header-display":"","site-post-title":"","ast-breadcrumbs-content":"","ast-featured-img":"","footer-sml-layout":"","theme-transparent-header-meta":"","adv-header-id-meta":"","stick-header-meta":"","header-above-stick-meta":"","header-main-stick-meta":"","header-below-stick-meta":"","astra-migrate-meta-layouts":"default","ast-page-background-enabled":"default","ast-page-background-meta":{"desktop":{"background-color":"var(--ast-global-color-4)","background-image":"","background-repeat":"repeat","background-position":"center center","background-size":"auto","background-attachment":"scroll","background-type":"","background-media":"","overlay-type":"","overlay-color":"","overlay-opacity":"","overlay-gradient":""},"tablet":{"background-color":"","background-image":"","background-repeat":"repeat","background-position":"center center","background-size":"auto","background-attachment":"scroll","background-type":"","background-media":"","overlay-type":"","overlay-color":"","overlay-opacity":"","overlay-gradient":""},"mobile":{"background-color":"","background-image":"","background-repeat":"repeat","background-position":"center center","background-size":"auto","background-attachment":"scroll","background-type":"","background-media":"","overlay-type":"","overlay-color":"","overlay-opacity":"","overlay-gradient":""}},"ast-content-background-meta":{"desktop":{"background-color":"var(--ast-global-color-5)","background-image":"","background-repeat":"repeat","background-position":"center center","background-size":"auto","background-attachment":"scroll","background-type":"","background-media":"","overlay-type":"","overlay-color":"","overlay-opacity":"","overlay-gradient":""},"tablet":{"background-color":"var(--ast-global-color-5)","background-image":"","background-repeat":"repeat","background-position":"center center","background-size":"auto","background-attachment":"scroll","background-type":"","background-media":"","overlay-type":"","overlay-color":"","overlay-opacity":"","overlay-gradient":""},"mobile":{"background-color":"var(--ast-global-color-5)","background-image":"","background-repeat":"repeat","background-position":"center center","background-size":"auto","background-attachment":"scroll","background-type":"","background-media":"","overlay-type":"","overlay-color":"","overlay-opacity":"","overlay-gradient":""}},"footnotes":""},"class_list":["post-2134","page","type-page","status-publish","hentry"],"post_mailing_queue_ids":[],"_links":{"self":[{"href":"https:\/\/agora.xtec.cat\/esc-santmiquel-castellgali\/wp-json\/wp\/v2\/pages\/2134","targetHints":{"allow":["GET"]}}],"collection":[{"href":"https:\/\/agora.xtec.cat\/esc-santmiquel-castellgali\/wp-json\/wp\/v2\/pages"}],"about":[{"href":"https:\/\/agora.xtec.cat\/esc-santmiquel-castellgali\/wp-json\/wp\/v2\/types\/page"}],"author":[{"embeddable":true,"href":"https:\/\/agora.xtec.cat\/esc-santmiquel-castellgali\/wp-json\/wp\/v2\/users\/1"}],"replies":[{"embeddable":true,"href":"https:\/\/agora.xtec.cat\/esc-santmiquel-castellgali\/wp-json\/wp\/v2\/comments?post=2134"}],"version-history":[{"count":3,"href":"https:\/\/agora.xtec.cat\/esc-santmiquel-castellgali\/wp-json\/wp\/v2\/pages\/2134\/revisions"}],"predecessor-version":[{"id":2145,"href":"https:\/\/agora.xtec.cat\/esc-santmiquel-castellgali\/wp-json\/wp\/v2\/pages\/2134\/revisions\/2145"}],"up":[{"embeddable":true,"href":"https:\/\/agora.xtec.cat\/esc-santmiquel-castellgali\/wp-json\/wp\/v2\/pages\/1627"}],"wp:attachment":[{"href":"https:\/\/agora.xtec.cat\/esc-santmiquel-castellgali\/wp-json\/wp\/v2\/media?parent=2134"}],"curies":[{"name":"wp","href":"https:\/\/api.w.org\/{rel}","templated":true}]}}