{"id":1083,"date":"2016-09-20T09:34:03","date_gmt":"2016-09-20T07:34:03","guid":{"rendered":"http:\/\/agora.xtec.cat\/esc-santmiquel-castellgali\/?page_id=1083"},"modified":"2026-01-27T16:14:19","modified_gmt":"2026-01-27T15:14:19","slug":"informacions-i-circulars","status":"publish","type":"page","link":"https:\/\/agora.xtec.cat\/esc-santmiquel-castellgali\/curs-2020-21\/informacions-i-circulars\/","title":{"rendered":"Autoritzacions i altres informacions"},"content":{"rendered":"<p><strong>Autoritzacions:<\/strong><\/p>\n<ul style=\"list-style-type: disc;\">\n<li><a href=\"https:\/\/drive.google.com\/file\/d\/1fb4nJ0kF3JzvQwrO1z5IxsiVQ5ALGbD4\/view?usp=drive_link\" target=\"_blank\" rel=\"noopener\">Autoritzacions per a les sortides de l&#8217;escola d&#8217;Educaci\u00f3 Infantil<\/a><\/li>\n<li><a href=\"https:\/\/drive.google.com\/file\/d\/1M58kjCZa6nsndayPFnT9tMfzEZOLjXPe\/view?usp=drive_link\" target=\"_blank\" rel=\"noopener\">Autoritzacions per a les sortides de l&#8217;escola d&#8217;Educaci\u00f3 Prim\u00e0ria<\/a><\/li>\n<li><a href=\"https:\/\/drive.google.com\/file\/d\/1cpfv15dMW_mYobH0k-xe1yak4GfzwCTC\/view?usp=drive_link\" target=\"_blank\" rel=\"noopener\">Contracte d&#8217;entrega d&#8217;ordinador port\u00e0til de l&#8217;alumne<\/a><\/li>\n<li><a href=\"https:\/\/drive.google.com\/file\/d\/156Z4FbpxBRT8h-hkJwNUoAEDybU2Q6cU\/view?usp=drive_link\" target=\"_blank\" rel=\"noopener\">Autoritzaci\u00f3 d&#8217;\u00fas d&#8217;ordinador port\u00e0til de l&#8217;alumne<\/a><\/li>\n<li><a href=\"https:\/\/drive.google.com\/file\/d\/1K3hGk-yx7cl2uLeXqXM1mGwGrQ6vnRMY\/view?usp=drive_link\" target=\"_blank\" rel=\"noopener\">Normativa d&#8217;\u00fas dels ordinadors port\u00e0tils dels alumnes<\/a><\/li>\n<li><a href=\"https:\/\/drive.google.com\/file\/d\/1Vg7cMhFNDMo5hOxUitc2YHoYKIWNqGvN\/view?usp=drive_link\" target=\"_blank\" rel=\"noopener\">Autoritzaci\u00f3 \u00fas d&#8217;imatges<\/a><\/li>\n<li><a href=\"https:\/\/drive.google.com\/file\/d\/1WfzA9GzVrKvKVdFwZedNF48YYrkb_A8r\/view?usp=drive_link\" target=\"_blank\" rel=\"noopener\">Autoritzaci\u00f3 m\u00f2bil a l&#8217;escola<\/a><\/li>\n<li><a href=\"https:\/\/drive.google.com\/file\/d\/1SK0sZSPBi_Qa7hpaNpWb6CeWvgB-WPaE\/view?usp=drive_link\" target=\"_blank\" rel=\"noopener\">Autoritzaci\u00f3 relativa a l&#8217;\u00fas de serveis i recursos digitals<\/a><\/li>\n<li><a href=\"https:\/\/drive.google.com\/file\/d\/1LIj3qBQGHthBIi4eHaJDBC5Y895qsxzO\/view?usp=drive_link\" target=\"_blank\" rel=\"noopener\">Autoritzaci\u00f3 d&#8217;al\u00b7l\u00e8rgies<\/a><\/li>\n<li><a href=\"https:\/\/drive.google.com\/file\/d\/11_DfEwmayVNKKc-RPl0a9Gv66kfdWDp5\/view?usp=drive_link\" target=\"_blank\" rel=\"noopener\">Autoritzaci\u00f3 d&#8217;administraci\u00f3 de medicaments<\/a><\/li>\n<li><a href=\"https:\/\/drive.google.com\/file\/d\/1ZR4PwRw351eLg3AgR0iA5RVfMBvKX--M\/view?usp=drive_link\" target=\"_blank\" rel=\"noopener\">Autoritzaci\u00f3 per a sortides pel poble i atenci\u00f3 m\u00e8dica<\/a><\/li>\n<li><a href=\"https:\/\/drive.google.com\/file\/d\/1XOcREoEXGgXHwXk4vVdrU2LLyMd2u365\/view?usp=drive_link\" target=\"_blank\" rel=\"noopener\">Autoritzaci\u00f3 de l&#8217;estat f\u00edsic i la salut de l&#8217;alumnat per a Educaci\u00f3 F\u00edsica<\/a><\/li>\n<li><a href=\"https:\/\/drive.google.com\/file\/d\/1kTxbZy9FM2qX_1_PQiQ5MWND-olc-i0N\/view?usp=drive_link\" target=\"_blank\" rel=\"noopener\">Autoritzaci\u00f3 per a l&#8217;administraci\u00f3 de paracetamol<\/a><\/li>\n<\/ul>\n","protected":false},"excerpt":{"rendered":"<p>Autoritzacions: Autoritzacions per a les sortides de l&#8217;escola d&#8217;Educaci\u00f3 Infantil Autoritzacions per a les sortides de l&#8217;escola d&#8217;Educaci\u00f3 Prim\u00e0ria Contracte d&#8217;entrega d&#8217;ordinador port\u00e0til de l&#8217;alumne Autoritzaci\u00f3 d&#8217;\u00fas d&#8217;ordinador port\u00e0til de l&#8217;alumne Normativa d&#8217;\u00fas dels ordinadors port\u00e0tils dels alumnes Autoritzaci\u00f3 \u00fas d&#8217;imatges Autoritzaci\u00f3 m\u00f2bil a l&#8217;escola Autoritzaci\u00f3 relativa a l&#8217;\u00fas de serveis i recursos digitals Autoritzaci\u00f3 [&hellip;]<\/p>\n","protected":false},"author":1,"featured_media":0,"parent":11103,"menu_order":80,"comment_status":"closed","ping_status":"closed","template":"","meta":{"_bbp_topic_count":0,"_bbp_reply_count":0,"_bbp_total_topic_count":0,"_bbp_total_reply_count":0,"_bbp_voice_count":0,"_bbp_anonymous_reply_count":0,"_bbp_topic_count_hidden":0,"_bbp_reply_count_hidden":0,"_bbp_forum_subforum_count":0,"site-sidebar-layout":"default","site-content-layout":"","ast-site-content-layout":"default","site-content-style":"default","site-sidebar-style":"default","ast-global-header-display":"","ast-banner-title-visibility":"","ast-main-header-display":"","ast-hfb-above-header-display":"","ast-hfb-below-header-display":"","ast-hfb-mobile-header-display":"","site-post-title":"","ast-breadcrumbs-content":"","ast-featured-img":"","footer-sml-layout":"","theme-transparent-header-meta":"default","adv-header-id-meta":"","stick-header-meta":"","header-above-stick-meta":"","header-main-stick-meta":"","header-below-stick-meta":"","astra-migrate-meta-layouts":"set","ast-page-background-enabled":"default","ast-page-background-meta":{"desktop":{"background-color":"var(--ast-global-color-4)","background-image":"","background-repeat":"repeat","background-position":"center center","background-size":"auto","background-attachment":"scroll","background-type":"","background-media":"","overlay-type":"","overlay-color":"","overlay-opacity":"","overlay-gradient":""},"tablet":{"background-color":"","background-image":"","background-repeat":"repeat","background-position":"center center","background-size":"auto","background-attachment":"scroll","background-type":"","background-media":"","overlay-type":"","overlay-color":"","overlay-opacity":"","overlay-gradient":""},"mobile":{"background-color":"","background-image":"","background-repeat":"repeat","background-position":"center center","background-size":"auto","background-attachment":"scroll","background-type":"","background-media":"","overlay-type":"","overlay-color":"","overlay-opacity":"","overlay-gradient":""}},"ast-content-background-meta":{"desktop":{"background-color":"var(--ast-global-color-5)","background-image":"","background-repeat":"repeat","background-position":"center center","background-size":"auto","background-attachment":"scroll","background-type":"","background-media":"","overlay-type":"","overlay-color":"","overlay-opacity":"","overlay-gradient":""},"tablet":{"background-color":"var(--ast-global-color-5)","background-image":"","background-repeat":"repeat","background-position":"center center","background-size":"auto","background-attachment":"scroll","background-type":"","background-media":"","overlay-type":"","overlay-color":"","overlay-opacity":"","overlay-gradient":""},"mobile":{"background-color":"var(--ast-global-color-5)","background-image":"","background-repeat":"repeat","background-position":"center center","background-size":"auto","background-attachment":"scroll","background-type":"","background-media":"","overlay-type":"","overlay-color":"","overlay-opacity":"","overlay-gradient":""}},"footnotes":""},"class_list":["post-1083","page","type-page","status-publish","hentry"],"post_mailing_queue_ids":[],"_links":{"self":[{"href":"https:\/\/agora.xtec.cat\/esc-santmiquel-castellgali\/wp-json\/wp\/v2\/pages\/1083","targetHints":{"allow":["GET"]}}],"collection":[{"href":"https:\/\/agora.xtec.cat\/esc-santmiquel-castellgali\/wp-json\/wp\/v2\/pages"}],"about":[{"href":"https:\/\/agora.xtec.cat\/esc-santmiquel-castellgali\/wp-json\/wp\/v2\/types\/page"}],"author":[{"embeddable":true,"href":"https:\/\/agora.xtec.cat\/esc-santmiquel-castellgali\/wp-json\/wp\/v2\/users\/1"}],"replies":[{"embeddable":true,"href":"https:\/\/agora.xtec.cat\/esc-santmiquel-castellgali\/wp-json\/wp\/v2\/comments?post=1083"}],"version-history":[{"count":7,"href":"https:\/\/agora.xtec.cat\/esc-santmiquel-castellgali\/wp-json\/wp\/v2\/pages\/1083\/revisions"}],"predecessor-version":[{"id":13271,"href":"https:\/\/agora.xtec.cat\/esc-santmiquel-castellgali\/wp-json\/wp\/v2\/pages\/1083\/revisions\/13271"}],"up":[{"embeddable":true,"href":"https:\/\/agora.xtec.cat\/esc-santmiquel-castellgali\/wp-json\/wp\/v2\/pages\/11103"}],"wp:attachment":[{"href":"https:\/\/agora.xtec.cat\/esc-santmiquel-castellgali\/wp-json\/wp\/v2\/media?parent=1083"}],"curies":[{"name":"wp","href":"https:\/\/api.w.org\/{rel}","templated":true}]}}