{"id":12572,"date":"2024-11-25T16:44:14","date_gmt":"2024-11-25T15:44:14","guid":{"rendered":"https:\/\/agora.xtec.cat\/esc-santjordi-svmontalt\/?page_id=12572"},"modified":"2024-11-27T12:07:33","modified_gmt":"2024-11-27T11:07:33","slug":"activitats-dampliacio","status":"publish","type":"page","link":"https:\/\/agora.xtec.cat\/esc-santjordi-svmontalt\/educacio-primaria\/activitats-dampliacio\/","title":{"rendered":"ACTIVITATS D&#8217;ENRIQUIMENT"},"content":{"rendered":"<p>Benvolgudes fam\u00edlies!<\/p>\n<p>En aquest nou espai de la p\u00e0gina web volem donar cabuda a diverses activitats d&#8217;enriquiment que realitza l&#8217;alumnat del centre. Poc a poc anirem actualitzant aquesta p\u00e0gina, per\u00f2 per comen\u00e7ar us volem compartir l&#8217;enlla\u00e7 al SITES de la Redacci\u00f3 del Drac.<\/p>\n<p>Esperem que us agradi!<\/p>\n<p style=\"text-align: center;\"><a href=\"https:\/\/sites.google.com\/santjordiescola.cat\/redacciodeldrac\/redacci%C3%B3-del-drac-24-25\">SITES DE LA REDACCI\u00d3 DEL DRAC<\/a><\/p>\n<p>&nbsp;<\/p>\n","protected":false},"excerpt":{"rendered":"<p>Benvolgudes fam\u00edlies!<br \/>\nEn aquest nou espai de la p\u00e0gina web volem donar cabuda a diverses activitats d&#8217;enriquiment que realitza l&#8217;alumnat del centre. Poc a poc anirem actualitzant aquesta p\u00e0gina, per\u00f2 per comen\u00e7ar us volem compartir l&#8217;enlla\u00e7 al SITES de la Redacci\u00f3 del Drac.<br \/>\nEsperem que us agradi!<br \/>\n<a&hellip;  <a href=\"https:\/\/agora.xtec.cat\/esc-santjordi-svmontalt\/educacio-primaria\/activitats-dampliacio\/\" title=\"Read ACTIVITATS D&#8217;ENRIQUIMENT\">Llegeix m\u00e9s\u00bb<\/a><\/p>\n","protected":false},"author":1,"featured_media":0,"parent":519,"menu_order":20,"comment_status":"closed","ping_status":"closed","template":"","meta":{"_bbp_topic_count":0,"_bbp_reply_count":0,"_bbp_total_topic_count":0,"_bbp_total_reply_count":0,"_bbp_voice_count":0,"_bbp_anonymous_reply_count":0,"_bbp_topic_count_hidden":0,"_bbp_reply_count_hidden":0,"_bbp_forum_subforum_count":0,"footnotes":""},"class_list":["post-12572","page","type-page","status-publish","hentry"],"post_mailing_queue_ids":[],"_links":{"self":[{"href":"https:\/\/agora.xtec.cat\/esc-santjordi-svmontalt\/wp-json\/wp\/v2\/pages\/12572","targetHints":{"allow":["GET"]}}],"collection":[{"href":"https:\/\/agora.xtec.cat\/esc-santjordi-svmontalt\/wp-json\/wp\/v2\/pages"}],"about":[{"href":"https:\/\/agora.xtec.cat\/esc-santjordi-svmontalt\/wp-json\/wp\/v2\/types\/page"}],"author":[{"embeddable":true,"href":"https:\/\/agora.xtec.cat\/esc-santjordi-svmontalt\/wp-json\/wp\/v2\/users\/1"}],"replies":[{"embeddable":true,"href":"https:\/\/agora.xtec.cat\/esc-santjordi-svmontalt\/wp-json\/wp\/v2\/comments?post=12572"}],"version-history":[{"count":3,"href":"https:\/\/agora.xtec.cat\/esc-santjordi-svmontalt\/wp-json\/wp\/v2\/pages\/12572\/revisions"}],"predecessor-version":[{"id":12576,"href":"https:\/\/agora.xtec.cat\/esc-santjordi-svmontalt\/wp-json\/wp\/v2\/pages\/12572\/revisions\/12576"}],"up":[{"embeddable":true,"href":"https:\/\/agora.xtec.cat\/esc-santjordi-svmontalt\/wp-json\/wp\/v2\/pages\/519"}],"wp:attachment":[{"href":"https:\/\/agora.xtec.cat\/esc-santjordi-svmontalt\/wp-json\/wp\/v2\/media?parent=12572"}],"curies":[{"name":"wp","href":"https:\/\/api.w.org\/{rel}","templated":true}]}}