{"id":11388,"date":"2023-05-04T15:49:04","date_gmt":"2023-05-04T13:49:04","guid":{"rendered":"https:\/\/agora.xtec.cat\/esc-santjordi-svmontalt\/?page_id=11388"},"modified":"2024-07-17T21:32:39","modified_gmt":"2024-07-17T19:32:39","slug":"activitats-amb-les-families","status":"publish","type":"page","link":"https:\/\/agora.xtec.cat\/esc-santjordi-svmontalt\/ampa\/activitats-amb-les-families\/","title":{"rendered":"Participaci\u00f3 de les fam\u00edlies"},"content":{"rendered":"<p>Les fam\u00edlies de l&#8217;escola Sant Jordi cada vegada tenen una participaci\u00f3 m\u00e9s activa en el dia a dia de la comunitat. Actualment es realitzen les seg\u00fcents propostes per a poder participar:<\/p>\n<ul>\n<li>Formar part de l&#8217;AFA<\/li>\n<li>Participant en diferents tallers que es fan a les aules<\/li>\n<li>Participant en els ambients del cicle d&#8217;educaci\u00f3 infantil<\/li>\n<li>Col\u00b7laborant com a expert\/a d&#8217;algun tema determinat<\/li>\n<li>Acompanyant en algunes sortides<\/li>\n<\/ul>\n<table style=\"border-collapse: collapse; width: 100%;\">\n<tbody>\n<tr>\n<td style=\"width: 100%; text-align: center;\">\n<h5>PAPER DE LES FAM\u00cdLIES QUAN REALITZEN UNA PARTICIPACI\u00d3 A L&#8217;ESCOLA<\/h5>\n<\/td>\n<\/tr>\n<tr>\n<td style=\"width: 100%; text-align: justify;\">Des de l&#8217;escola hem volgut elaborar algunes pautes que cal tenir present a l&#8217;hora de participar activament en alguna de les activitats que es realitzen a l&#8217;escola:<\/p>\n<ul>\n<li><strong>Normativa<\/strong>: cada persona externa al centre ha d&#8217;emplenar uns documents normatius abans de realitzar qualsevol activitat (drets d&#8217;imatge i el certificat de delictes penals).<\/li>\n<li><strong>Refor\u00e7ar les indicacions, pautes i\/o instruccions del\/de la mestre\/a<\/strong>: Cal fixar-se en les actuacions i indicacions del\/la mestre\/a per seguir la mateixa metodologia.<\/li>\n<li>\u00a0<strong>Ajudar a tot el grup:<\/strong> La vostra ajuda ha d&#8217;anar dirigida a la totalitat de l&#8217;alumnat, o a aquell grup d&#8217;alumnes que us demani el\/la mestre\/a.<\/li>\n<li><strong>Respectar l&#8217;autonomia de l&#8217;alumnat:<\/strong> cal potenciar la seva autonomia, sense oferir ajuda si aquesta no \u00e9s necess\u00e0ria. Els nens i nenes son capa\u00e7os i capaces de fer moltes coses, per\u00f2 a vegades necessiten m\u00e9s temps que les persones adultes.<\/li>\n<li><strong>Utilitzar el catal\u00e0 com a llengua de comunicaci\u00f3:<\/strong> en totes les activitats cal utilitzar la llengua catalana, exceptuant aquelles activitats en que precisament potenciar i refor\u00e7ar una de les altres lleng\u00fces escolars sigui un dels objectius.<\/li>\n<li><strong>No fer cap tipus d&#8217;enregistrament amb el tel\u00e8fon m\u00f2bil<\/strong>: el\/la mestre\/a ja fan les fotografies necess\u00e0ries al realitzar determinades activitats. Una persona externa no t\u00e9 autoritzaci\u00f3 per a fer cap tipus d&#8217;enregistrament, ja sigui fotografia o video.<\/li>\n<\/ul>\n<\/td>\n<\/tr>\n<\/tbody>\n<\/table>\n","protected":false},"excerpt":{"rendered":"<p>Les fam\u00edlies de l&#8217;escola Sant Jordi cada vegada tenen una participaci\u00f3 m\u00e9s activa en el dia a dia de la comunitat. Actualment es realitzen les seg\u00fcents propostes per a poder participar:<\/p>\n<ul>\n<li>Formar part de l&#8217;AFA<\/li>\n<li>Participant en diferents tallers que es fan a les aules<\/li>\n<li>Participant en els&hellip;  <a href=\"https:\/\/agora.xtec.cat\/esc-santjordi-svmontalt\/ampa\/activitats-amb-les-families\/\" title=\"Read Participaci\u00f3 de les fam\u00edlies\">Llegeix m\u00e9s\u00bb<\/a><br \/>\n","protected":false},"author":1,"featured_media":0,"parent":762,"menu_order":0,"comment_status":"closed","ping_status":"closed","template":"","meta":{"_bbp_topic_count":0,"_bbp_reply_count":0,"_bbp_total_topic_count":0,"_bbp_total_reply_count":0,"_bbp_voice_count":0,"_bbp_anonymous_reply_count":0,"_bbp_topic_count_hidden":0,"_bbp_reply_count_hidden":0,"_bbp_forum_subforum_count":0,"footnotes":""},"class_list":["post-11388","page","type-page","status-publish","hentry"],"post_mailing_queue_ids":[],"_links":{"self":[{"href":"https:\/\/agora.xtec.cat\/esc-santjordi-svmontalt\/wp-json\/wp\/v2\/pages\/11388","targetHints":{"allow":["GET"]}}],"collection":[{"href":"https:\/\/agora.xtec.cat\/esc-santjordi-svmontalt\/wp-json\/wp\/v2\/pages"}],"about":[{"href":"https:\/\/agora.xtec.cat\/esc-santjordi-svmontalt\/wp-json\/wp\/v2\/types\/page"}],"author":[{"embeddable":true,"href":"https:\/\/agora.xtec.cat\/esc-santjordi-svmontalt\/wp-json\/wp\/v2\/users\/1"}],"replies":[{"embeddable":true,"href":"https:\/\/agora.xtec.cat\/esc-santjordi-svmontalt\/wp-json\/wp\/v2\/comments?post=11388"}],"version-history":[{"count":4,"href":"https:\/\/agora.xtec.cat\/esc-santjordi-svmontalt\/wp-json\/wp\/v2\/pages\/11388\/revisions"}],"predecessor-version":[{"id":12337,"href":"https:\/\/agora.xtec.cat\/esc-santjordi-svmontalt\/wp-json\/wp\/v2\/pages\/11388\/revisions\/12337"}],"up":[{"embeddable":true,"href":"https:\/\/agora.xtec.cat\/esc-santjordi-svmontalt\/wp-json\/wp\/v2\/pages\/762"}],"wp:attachment":[{"href":"https:\/\/agora.xtec.cat\/esc-santjordi-svmontalt\/wp-json\/wp\/v2\/media?parent=11388"}],"curies":[{"name":"wp","href":"https:\/\/api.w.org\/{rel}","templated":true}]}}