{"id":80,"date":"2014-09-18T14:09:48","date_gmt":"2014-09-18T13:09:48","guid":{"rendered":"http:\/\/agora.xtec.cat\/esc-santgil\/\/?page_id=80"},"modified":"2024-07-19T10:13:09","modified_gmt":"2024-07-19T08:13:09","slug":"socialitzacio","status":"publish","type":"page","link":"https:\/\/agora.xtec.cat\/esc-santgil\/socialitzacio\/","title":{"rendered":"Socialitzaci\u00f3 de llibres escolars"},"content":{"rendered":"<p>Aquest curs 24-25 no hi haur\u00e0 SOCIALITZACI\u00d3.<\/p>\n<p>La manera de treballar de l&#8217;escola ha fet disminuir molt el nombre de llibres a utilitzar , per descomptat que reutilitzem tots aquells llibres m\u00e9s vells que tenim, sobretot en medi, com a font de cerca d&#8217;informaci\u00f3.<\/p>\n<p><a href=\"https:\/\/agora.xtec.cat\/esc-santgil\/wp-content\/uploads\/usu98\/2020\/06\/socialitzaci\u00f3.jpg\"><img loading=\"lazy\" decoding=\"async\" class=\" wp-image-9561\" src=\"https:\/\/agora.xtec.cat\/esc-santgil\/wp-content\/uploads\/usu98\/2020\/06\/socialitzaci\u00f3.jpg\" alt=\"\" width=\"201\" height=\"206\" srcset=\"https:\/\/agora.xtec.cat\/esc-santgil\/wp-content\/uploads\/usu98\/2020\/06\/socialitzaci\u00f3.jpg 800w, https:\/\/agora.xtec.cat\/esc-santgil\/wp-content\/uploads\/usu98\/2020\/06\/socialitzaci\u00f3-293x300.jpg 293w, https:\/\/agora.xtec.cat\/esc-santgil\/wp-content\/uploads\/usu98\/2020\/06\/socialitzaci\u00f3-768x786.jpg 768w\" sizes=\"auto, (max-width: 201px) 100vw, 201px\" \/><\/a><\/p>\n","protected":false},"excerpt":{"rendered":"<p>Aquest curs 24-25 no hi haur\u00e0 SOCIALITZACI\u00d3.<br \/>\nLa manera de treballar de l&#8217;escola ha fet disminuir molt el nombre de llibres a utilitzar , per descomptat que reutilitzem tots aquells llibres m\u00e9s vells que tenim, sobretot en medi, com a font de cerca d&#8217;informaci\u00f3.<br \/>\n<a href=\"https:\/\/agora.xtec.cat\/esc-santgil\/wp-content\/uploads\/usu98\/2020\/06\/socialitzaci\u00f3.jpg\"><\/a><\/p>\n","protected":false},"author":2,"featured_media":0,"parent":0,"menu_order":40,"comment_status":"closed","ping_status":"closed","template":"","meta":{"_bbp_topic_count":0,"_bbp_reply_count":0,"_bbp_total_topic_count":0,"_bbp_total_reply_count":0,"_bbp_voice_count":0,"_bbp_anonymous_reply_count":0,"_bbp_topic_count_hidden":0,"_bbp_reply_count_hidden":0,"_bbp_forum_subforum_count":0,"footnotes":""},"class_list":["post-80","page","type-page","status-publish","hentry"],"post_mailing_queue_ids":[],"_links":{"self":[{"href":"https:\/\/agora.xtec.cat\/esc-santgil\/wp-json\/wp\/v2\/pages\/80","targetHints":{"allow":["GET"]}}],"collection":[{"href":"https:\/\/agora.xtec.cat\/esc-santgil\/wp-json\/wp\/v2\/pages"}],"about":[{"href":"https:\/\/agora.xtec.cat\/esc-santgil\/wp-json\/wp\/v2\/types\/page"}],"author":[{"embeddable":true,"href":"https:\/\/agora.xtec.cat\/esc-santgil\/wp-json\/wp\/v2\/users\/2"}],"replies":[{"embeddable":true,"href":"https:\/\/agora.xtec.cat\/esc-santgil\/wp-json\/wp\/v2\/comments?post=80"}],"version-history":[{"count":7,"href":"https:\/\/agora.xtec.cat\/esc-santgil\/wp-json\/wp\/v2\/pages\/80\/revisions"}],"predecessor-version":[{"id":12815,"href":"https:\/\/agora.xtec.cat\/esc-santgil\/wp-json\/wp\/v2\/pages\/80\/revisions\/12815"}],"wp:attachment":[{"href":"https:\/\/agora.xtec.cat\/esc-santgil\/wp-json\/wp\/v2\/media?parent=80"}],"curies":[{"name":"wp","href":"https:\/\/api.w.org\/{rel}","templated":true}]}}