{"id":73,"date":"2014-09-18T14:01:51","date_gmt":"2014-09-18T13:01:51","guid":{"rendered":"http:\/\/agora.xtec.cat\/esc-santgil\/\/?page_id=73"},"modified":"2025-10-07T17:38:18","modified_gmt":"2025-10-07T15:38:18","slug":"menjador-escolar","status":"publish","type":"page","link":"https:\/\/agora.xtec.cat\/esc-santgil\/menjador-escolar\/","title":{"rendered":"Menjador escolar"},"content":{"rendered":"<p>&nbsp;<\/p>\n<p>Si voleu que els vostres fills\/filles gaudeixin del servei de menjador, descarregueu-vos el full d&#8217;inscripci\u00f3 al menjador escolar corresponent al curs 2025-2026 i entregueu-ho a l&#8217;escola o b\u00e9 a les responsables de menjador de l&#8217;AFA. Gr\u00e0cies.<\/p>\n<p>MENJADOR inscripci\u00f3 durant curs:<\/p>\n<p><a href=\"https:\/\/drive.google.com\/file\/d\/1anI1mv8JA_I0p_NgrkKQGsCr1zCR62oa\/view?usp=drive_link\">butlleta inscripci\u00f3 25-26<\/a><\/p>\n<h4>MEN\u00da TARDOR-HIVERN<\/h4>\n<p>S&#8217;INICIAR\u00c0 EL DIMARTS 14 D&#8217;OCTUBRE<br \/>\n<iframe loading=\"lazy\" src=\"https:\/\/drive.google.com\/file\/d\/1WqHiqIw84ic9kLZZMPbIAgo7yS8L3nC-\/preview\" width=\"640\" height=\"480\"><\/iframe><\/p>\n<h4><strong>MEN\u00da PRIMAVERA -ESTIU<\/strong><\/h4>\n<p><iframe loading=\"lazy\" src=\"https:\/\/drive.google.com\/file\/d\/1lFCfLYCU2UL28U6IuSpZax5tNgh0wL1n\/preview\" width=\"640\" height=\"480\"><\/iframe><\/p>\n<p><!--a=1--><\/p>\n<p><!--a=1--><\/p>\n<p><!--a=1--><\/p>\n<p><!--a=1--><\/p>\n","protected":false},"excerpt":{"rendered":"<p>&nbsp;<br \/>\nSi voleu que els vostres fills\/filles gaudeixin del servei de menjador, descarregueu-vos el full d&#8217;inscripci\u00f3 al menjador escolar corresponent al curs 2025-2026 i entregueu-ho a l&#8217;escola o b\u00e9 a les responsables de menjador de l&#8217;AFA. Gr\u00e0cies.<br \/>\nMENJADOR inscripci\u00f3 durant curs:<br \/>\n<a href=\"https:\/\/drive.google.com\/file\/d\/1anI1mv8JA_I0p_NgrkKQGsCr1zCR62oa\/view?usp=drive_link\">butlleta inscripci\u00f3 25-26<\/a><br \/>\nMEN\u00da TARDOR-HIVERN<br \/>\nS&#8217;INICIAR\u00c0 EL DIMARTS&hellip;  <a href=\"https:\/\/agora.xtec.cat\/esc-santgil\/menjador-escolar\/\" title=\"Read Menjador escolar\">Llegeix m\u00e9s\u00bb<\/a><\/p>\n","protected":false},"author":2,"featured_media":0,"parent":0,"menu_order":30,"comment_status":"closed","ping_status":"closed","template":"","meta":{"_bbp_topic_count":0,"_bbp_reply_count":0,"_bbp_total_topic_count":0,"_bbp_total_reply_count":0,"_bbp_voice_count":0,"_bbp_anonymous_reply_count":0,"_bbp_topic_count_hidden":0,"_bbp_reply_count_hidden":0,"_bbp_forum_subforum_count":0,"footnotes":""},"class_list":["post-73","page","type-page","status-publish","hentry"],"post_mailing_queue_ids":[],"_links":{"self":[{"href":"https:\/\/agora.xtec.cat\/esc-santgil\/wp-json\/wp\/v2\/pages\/73","targetHints":{"allow":["GET"]}}],"collection":[{"href":"https:\/\/agora.xtec.cat\/esc-santgil\/wp-json\/wp\/v2\/pages"}],"about":[{"href":"https:\/\/agora.xtec.cat\/esc-santgil\/wp-json\/wp\/v2\/types\/page"}],"author":[{"embeddable":true,"href":"https:\/\/agora.xtec.cat\/esc-santgil\/wp-json\/wp\/v2\/users\/2"}],"replies":[{"embeddable":true,"href":"https:\/\/agora.xtec.cat\/esc-santgil\/wp-json\/wp\/v2\/comments?post=73"}],"version-history":[{"count":8,"href":"https:\/\/agora.xtec.cat\/esc-santgil\/wp-json\/wp\/v2\/pages\/73\/revisions"}],"predecessor-version":[{"id":13207,"href":"https:\/\/agora.xtec.cat\/esc-santgil\/wp-json\/wp\/v2\/pages\/73\/revisions\/13207"}],"wp:attachment":[{"href":"https:\/\/agora.xtec.cat\/esc-santgil\/wp-json\/wp\/v2\/media?parent=73"}],"curies":[{"name":"wp","href":"https:\/\/api.w.org\/{rel}","templated":true}]}}