{"id":28,"date":"2014-09-18T12:29:35","date_gmt":"2014-09-18T12:29:35","guid":{"rendered":"http:\/\/agora.xtec.cat\/esc-santgil\/\/?page_id=28"},"modified":"2025-06-14T15:47:11","modified_gmt":"2025-06-14T13:47:11","slug":"consell-escolar","status":"publish","type":"page","link":"https:\/\/agora.xtec.cat\/esc-santgil\/lescola\/consell-escolar\/","title":{"rendered":"Consell escolar"},"content":{"rendered":"<p>El Consell Escolar \u00e9s l\u2019\u00f2rgan col\u00b7legiat de participaci\u00f3 de la comunitat escolar en el govern dels centres, i tracta els temes m\u00e9s importants de la vida de l\u2019escola.<\/p>\n<p>Per saber-ne m\u00e9s del consell escolar <a href=\"https:\/\/educacio.gencat.cat\/ca\/arees-actuacio\/centres-serveis-educatius\/centres\/consells-escolars-centres\/\"><strong><span style=\"color: #ff0000;\">clicar AQU\u00cd<\/span><\/strong><\/a><\/p>\n<p>La composici\u00f3 del Consell Escolar del centre despr\u00e9s de les eleccions d&#8217;aquest passat novembre 2021 \u00e9s la seg\u00fcent:<\/p>\n<h3><strong>CONSELL ESCOLAR ESCOLA SANT GIL<\/strong><\/h3>\n<table style=\"border-color: #000000; width: 33.6895%; height: 756px;\">\n<tbody>\n<tr style=\"height: 48px;\">\n<td style=\"width: 62.4725%; height: 48px;\"><strong>PRESIDENTA\u00a0(directora)<\/strong><\/td>\n<td style=\"width: 106.688%; height: 48px;\"><strong>Anna L\u00f3pez<\/strong><\/td>\n<\/tr>\n<tr style=\"height: 48px;\">\n<td style=\"width: 62.4725%; height: 48px;\"><strong>SECRET\u00c0RIA\u00a0<\/strong><\/p>\n<p>&nbsp;<\/p>\n<p>&nbsp;<\/p>\n<p><strong>CAP D&#8217;ESTUDIS<\/strong><\/td>\n<td style=\"width: 106.688%; height: 48px;\">Ivette Bellmunt<\/p>\n<p>&nbsp;<\/p>\n<p>T\u00e0nia T\u00e0pies<\/td>\n<\/tr>\n<tr style=\"height: 234px;\">\n<td style=\"width: 62.4725%; height: 234px;\"><strong>SECTOR DOCENT,<\/strong> 3 rep. del claustre<\/td>\n<td style=\"width: 106.688%; height: 234px;\">M.Rosa Llaudet<\/p>\n<p>Merc\u00e8 Capdevila<\/p>\n<p>Olga Rodr\u00edguez<\/p>\n<p>&nbsp;<\/td>\n<\/tr>\n<tr style=\"height: 48px;\">\n<td style=\"width: 62.4725%; height: 48px;\"><strong>AFA,<\/strong> 1 representant<\/td>\n<td style=\"width: 106.688%; height: 48px;\">Ioana Vlasa<\/td>\n<\/tr>\n<tr style=\"height: 141px;\">\n<td style=\"width: 62.4725%; height: 141px;\"><strong>SECTOR PARES\/MARES,<\/strong> 2 representants<\/td>\n<td style=\"width: 106.688%; height: 141px;\">Adri\u00e0 Bermell<\/p>\n<p>Roger Besora<\/td>\n<\/tr>\n<tr style=\"height: 141px;\">\n<td style=\"width: 62.4725%; height: 141px;\"><strong>SECTOR INSTITUCIONAL<\/strong>:<\/p>\n<p>1 rep. de l&#8217;ajuntament (regidora d&#8217;educaci\u00f3)<\/td>\n<td style=\"width: 106.688%; height: 141px;\">Rosa Soler<\/td>\n<\/tr>\n<tr style=\"height: 96px;\">\n<td style=\"width: 62.4725%; height: 96px;\"><strong>REPRESENTANT PAS,<\/strong><\/td>\n<td style=\"width: 106.688%; height: 96px;\">&nbsp;<\/p>\n<p>&nbsp;<\/td>\n<\/tr>\n<\/tbody>\n<\/table>\n<p>&nbsp;<\/p>\n","protected":false},"excerpt":{"rendered":"<p>El Consell Escolar \u00e9s l\u2019\u00f2rgan col\u00b7legiat de participaci\u00f3 de la comunitat escolar en el govern dels centres, i tracta els temes m\u00e9s importants de la vida de l\u2019escola.<br \/>\nPer saber-ne m\u00e9s del consell escolar <a href=\"https:\/\/educacio.gencat.cat\/ca\/arees-actuacio\/centres-serveis-educatius\/centres\/consells-escolars-centres\/\">clicar AQU\u00cd<\/a><br \/>\nLa composici\u00f3 del Consell Escolar del centre despr\u00e9s de les&hellip;  <a href=\"https:\/\/agora.xtec.cat\/esc-santgil\/lescola\/consell-escolar\/\" title=\"Read Consell escolar\">Llegeix m\u00e9s\u00bb<\/a><\/p>\n","protected":false},"author":2,"featured_media":0,"parent":22,"menu_order":60,"comment_status":"open","ping_status":"closed","template":"page-templates\/side-menu.php","meta":{"_bbp_topic_count":0,"_bbp_reply_count":0,"_bbp_total_topic_count":0,"_bbp_total_reply_count":0,"_bbp_voice_count":0,"_bbp_anonymous_reply_count":0,"_bbp_topic_count_hidden":0,"_bbp_reply_count_hidden":0,"_bbp_forum_subforum_count":0,"footnotes":""},"class_list":["post-28","page","type-page","status-publish","hentry"],"post_mailing_queue_ids":[],"_links":{"self":[{"href":"https:\/\/agora.xtec.cat\/esc-santgil\/wp-json\/wp\/v2\/pages\/28","targetHints":{"allow":["GET"]}}],"collection":[{"href":"https:\/\/agora.xtec.cat\/esc-santgil\/wp-json\/wp\/v2\/pages"}],"about":[{"href":"https:\/\/agora.xtec.cat\/esc-santgil\/wp-json\/wp\/v2\/types\/page"}],"author":[{"embeddable":true,"href":"https:\/\/agora.xtec.cat\/esc-santgil\/wp-json\/wp\/v2\/users\/2"}],"replies":[{"embeddable":true,"href":"https:\/\/agora.xtec.cat\/esc-santgil\/wp-json\/wp\/v2\/comments?post=28"}],"version-history":[{"count":6,"href":"https:\/\/agora.xtec.cat\/esc-santgil\/wp-json\/wp\/v2\/pages\/28\/revisions"}],"predecessor-version":[{"id":13147,"href":"https:\/\/agora.xtec.cat\/esc-santgil\/wp-json\/wp\/v2\/pages\/28\/revisions\/13147"}],"up":[{"embeddable":true,"href":"https:\/\/agora.xtec.cat\/esc-santgil\/wp-json\/wp\/v2\/pages\/22"}],"wp:attachment":[{"href":"https:\/\/agora.xtec.cat\/esc-santgil\/wp-json\/wp\/v2\/media?parent=28"}],"curies":[{"name":"wp","href":"https:\/\/api.w.org\/{rel}","templated":true}]}}