{"id":10376,"date":"2021-03-12T14:36:07","date_gmt":"2021-03-12T13:36:07","guid":{"rendered":"https:\/\/agora.xtec.cat\/esc-santgil\/?page_id=10376"},"modified":"2026-02-19T13:32:49","modified_gmt":"2026-02-19T12:32:49","slug":"preinscripcio-21-22","status":"publish","type":"page","link":"https:\/\/agora.xtec.cat\/esc-santgil\/preinscripcio-21-22\/","title":{"rendered":"PREINSCRIPCI\u00d3 26-27"},"content":{"rendered":"<p>&lt;<iframe loading=\"lazy\" src=\"https:\/\/drive.google.com\/file\/d\/1fZn0KJJWzMf_HEB8wOZtng9ehinl9dJf\/preview\" width=\"640\" height=\"480\"><span data-mce-type=\"bookmark\" style=\"display: inline-block; width: 0px; overflow: hidden; line-height: 0;\" class=\"mce_SELRES_start\">\ufeff<\/span><\/iframe>*<\/p>\n<table style=\"height: 66px; background-color: #e0bb5c; width: 57.8099%;\" width=\"57.8099%\">\n<tbody>\n<tr style=\"height: 66px;\">\n<td style=\"width: 696.25px; text-align: center; height: 66px;\">\n<h3><span style=\"color: #ffffff;\">Resoluci\u00f3 oficial &#8211; preinscripci\u00f3 26 &#8211; 27<\/span><\/h3>\n<\/td>\n<\/tr>\n<\/tbody>\n<\/table>\n<p><a href=\"https:\/\/preinscripcio.gencat.cat\/ca\/inici\/index.html\">https:\/\/preinscripcio.gencat.cat\/ca\/inici\/index.html<\/a><\/p>\n<p class=\"CDt4Ke zfr3Q\" dir=\"ltr\">. La preinscripci\u00f3 del curs 26- 27 <strong>\u00e9s telem\u00e0tica<\/strong><\/p>\n<p dir=\"ltr\">Necessites idCAT\u00a0 m\u00f2bil o algun altre certificat electr\u00f2nic. Tamb\u00e9 et caldr\u00e0 el n\u00famero RALC del teu fill\/a (el pots demanar a la Llar d&#8217;infants o de <a href=\"https:\/\/educacio.gencat.cat\/ca\/tramits\/tramits-temes\/identificador-alumne\">buscar-lo en aquesta l&#8217;aplicaci\u00f3<\/a>).<\/p>\n<ul class=\"n8H08c UVNKR\">\n<li class=\"TYR86d wXCUfe zfr3Q\" dir=\"ltr\">\n<p class=\"CDt4Ke zfr3Q\" dir=\"ltr\">Podeu fer-nos consultes a trav\u00e9s del correu electr\u00f2nic i tamb\u00e9 telef\u00f2nicament a:<\/p>\n<\/li>\n<li class=\"TYR86d wXCUfe zfr3Q\" dir=\"ltr\">\n<p class=\"CDt4Ke zfr3Q\" dir=\"ltr\"><strong style=\"font-family: inherit; font-size: 1em;\">Correu electr\u00f2nic: <\/strong><span style=\"font-family: inherit; font-size: 1em;\">c5004607@xtec.cat\u00a0 \u00a0 <strong>tel\u00e8fon<\/strong>: 634771628<\/span><\/p>\n<\/li>\n<\/ul>\n<h3 dir=\"ltr\" style=\"text-align: center;\"><span style=\"color: #339966;\"><a style=\"color: #339966;\" href=\"https:\/\/preinscripcio.gencat.cat\/ca\/estudis\/infantil-3-6\/informat\/\"><strong>INFORMA&#8217;T ABANS, clica aqu\u00ed<\/strong><\/a><\/span><\/h3>\n<p style=\"text-align: center;\">en aquest apartat et guien pas a pas per a fer la preinscripci\u00f3.<\/p>\n<table style=\"height: 63px; width: 708px; background-color: #7dc7a6;\">\n<tbody>\n<tr style=\"height: 63px;\">\n<td style=\"width: 701.818px; height: 63px; text-align: center;\">\n<h3><span style=\"color: #ffffff;\">1- COM FER LA PREINSCRIPCI\u00d3 DE MANERA TELEM\u00c0TICA<\/span><\/h3>\n<\/td>\n<\/tr>\n<\/tbody>\n<\/table>\n<p style=\"text-align: center;\"><iframe loading=\"lazy\" title=\"YouTube video player\" src=\"https:\/\/www.youtube.com\/embed\/9xMdvXoFR_4?si=8ERIiCZHbbuqYuJ1\" width=\"560\" height=\"315\" frameborder=\"0\" allowfullscreen=\"allowfullscreen\"><\/iframe><\/p>\n<table style=\"height: 66px; background-color: #83d4b1; width: 722px;\" width=\"722\">\n<tbody>\n<tr>\n<td style=\"width: 716.364px; text-align: center;\">\n<h3><span style=\"color: #ffffff;\">2- CALENDARI: DATES CLAU en CONSTRUCCI\u00d3<\/span><\/h3>\n<\/td>\n<\/tr>\n<\/tbody>\n<\/table>\n<p>Com a escola petita que som, no tenim problemes de places per a les fam\u00edlies censades al municipi.<\/p>\n<ul style=\"list-style-type: circle;\">\n<li>Presentaci\u00f3 de sol\u00b7licituds del 4 al 18 de mar\u00e7.<\/li>\n<li>Presentaci\u00f3 de la documentaci\u00f3 fins al 19 de mar\u00e7.<\/li>\n<li>Llista de sol\u00b7licituds amb puntuaci\u00f3 provisional, 15 d&#8217;abril.<\/li>\n<li>Del 15 al 20\u00a0 d&#8217;abril presentaci\u00f3 de reclamacions.<\/li>\n<li>Publicaci\u00f3 de la llista d&#8217;alumnat adm\u00e8s i excl\u00f2s, 10 de juny.<\/li>\n<li>Matriculaci\u00f3 del 22 juny al 30 de juny de 2026.<\/li>\n<\/ul>\n<table style=\"height: 62px; background-color: #f2ca74; width: 767px;\" width=\"767\">\n<tbody>\n<tr>\n<td style=\"width: 760.909px; text-align: center;\">\n<h3><span style=\"color: #ffffff;\">3- DOCUMENTACI\u00d3 QUE CAL ADJUNTAR<\/span><\/h3>\n<\/td>\n<\/tr>\n<\/tbody>\n<\/table>\n<p class=\"CDt4Ke zfr3Q\" dir=\"ltr\"><strong>DOCUMENTACI\u00d3 IDENTIFICATIVA<\/strong><\/p>\n<ul class=\"n8H08c UVNKR\">\n<li class=\"TYR86d wXCUfe zfr3Q\" dir=\"ltr\">\n<p class=\"CDt4Ke zfr3Q\" dir=\"ltr\"><strong>Llibre de fam\u00edlia o altres documents relatius a la filiaci\u00f3.<br \/>\n<\/strong>Quan l&#8217;alumne estigui en situaci\u00f3 d\u2019acolliment, el document que cal aportar \u00e9s la <strong>resoluci\u00f3 d\u2019acolliment del Departament de Treball, Afers Socials i Fam\u00edlies<\/strong>.<\/p>\n<\/li>\n<li class=\"TYR86d wXCUfe zfr3Q\" dir=\"ltr\">\n<p class=\"CDt4Ke zfr3Q\" dir=\"ltr\"><strong>DNI del pare, la mare o el tutor o la tutora de l\u2019alumne.<br \/>\n<\/strong>Si el sol\u00b7licitant \u00e9s estranger, necessitar\u00e0 <strong>la targeta de resid\u00e8ncia<\/strong> on consta el NIE o el <strong>passaport<\/strong>, i si \u00e9s estranger d\u2019un pa\u00eds membre de la Uni\u00f3 Europea li caldr\u00e0 adjuntar el <strong>document d\u2019identitat del pa\u00eds d\u2019origen<\/strong>.<\/p>\n<\/li>\n<li dir=\"ltr\">Per acreditar que el domicili est\u00e0 en el mateix nucli escolar, ens cal <strong>el certificat d&#8217;empadronament i o volant de conviv\u00e8ncia.\u00a0<\/strong><\/li>\n<\/ul>\n<table style=\"height: 78px; background-color: #e8bc74; width: 756px;\" width=\"756\">\n<tbody>\n<tr>\n<td style=\"width: 750px; text-align: center;\">\n<h3><strong><span style=\"color: #ffffff;\">4-Presentar la sol\u00b7licitud i fer-ne el seguiment\u00a0<\/span><\/strong><\/h3>\n<\/td>\n<\/tr>\n<\/tbody>\n<\/table>\n<p>&nbsp;<\/p>\n<h3 style=\"text-align: center;\"><a href=\"https:\/\/preinscripcio.gencat.cat\/ca\/estudis\/infantil-3-6\/inici\/\"><strong>Clica aqu\u00ed per fer la sol\u00b7licitud <\/strong><\/a><\/h3>\n<p><!--a=1--><\/p>\n<p><!--a=1--><\/p>\n<p><!--a=1--><\/p>\n<p><!--a=1--><\/p>\n<p><!--a=1--><\/p>\n<p><!--a=1--><\/p>\n<p><!--a=1--><\/p>\n<p><!--a=1--><\/p>\n<p><!--a=1--><\/p>\n<p><!--a=1--><\/p>\n<p><!--a=1--><\/p>\n<p><!--a=1--><\/p>\n","protected":false},"excerpt":{"rendered":"<p>&lt;\ufeff*<\/p>\n<p>Resoluci\u00f3 oficial &#8211; preinscripci\u00f3 26 &#8211; 27<\/p>\n<p><a href=\"https:\/\/preinscripcio.gencat.cat\/ca\/inici\/index.html\">https:\/\/preinscripcio.gencat.cat\/ca\/inici\/index.html<\/a><br \/>\n. La preinscripci\u00f3 del curs 26- 27 \u00e9s telem\u00e0tica<br \/>\nNecessites idCAT\u00a0 m\u00f2bil o algun altre certificat electr\u00f2nic. Tamb\u00e9 et caldr\u00e0 el n\u00famero RALC del teu fill\/a (el pots demanar a la Llar d&#8217;infants o de <a href=\"https:\/\/educacio.gencat.cat\/ca\/tramits\/tramits-temes\/identificador-alumne\">buscar-lo en aquesta&hellip;  <a href=\"https:\/\/agora.xtec.cat\/esc-santgil\/preinscripcio-21-22\/\" title=\"Read PREINSCRIPCI\u00d3 26-27\">Llegeix m\u00e9s\u00bb<\/a><\/p>\n","protected":false},"author":1,"featured_media":0,"parent":0,"menu_order":0,"comment_status":"closed","ping_status":"closed","template":"","meta":{"_bbp_topic_count":0,"_bbp_reply_count":0,"_bbp_total_topic_count":0,"_bbp_total_reply_count":0,"_bbp_voice_count":0,"_bbp_anonymous_reply_count":0,"_bbp_topic_count_hidden":0,"_bbp_reply_count_hidden":0,"_bbp_forum_subforum_count":0,"footnotes":""},"class_list":["post-10376","page","type-page","status-publish","hentry"],"post_mailing_queue_ids":[],"_links":{"self":[{"href":"https:\/\/agora.xtec.cat\/esc-santgil\/wp-json\/wp\/v2\/pages\/10376","targetHints":{"allow":["GET"]}}],"collection":[{"href":"https:\/\/agora.xtec.cat\/esc-santgil\/wp-json\/wp\/v2\/pages"}],"about":[{"href":"https:\/\/agora.xtec.cat\/esc-santgil\/wp-json\/wp\/v2\/types\/page"}],"author":[{"embeddable":true,"href":"https:\/\/agora.xtec.cat\/esc-santgil\/wp-json\/wp\/v2\/users\/1"}],"replies":[{"embeddable":true,"href":"https:\/\/agora.xtec.cat\/esc-santgil\/wp-json\/wp\/v2\/comments?post=10376"}],"version-history":[{"count":6,"href":"https:\/\/agora.xtec.cat\/esc-santgil\/wp-json\/wp\/v2\/pages\/10376\/revisions"}],"predecessor-version":[{"id":10422,"href":"https:\/\/agora.xtec.cat\/esc-santgil\/wp-json\/wp\/v2\/pages\/10376\/revisions\/10422"}],"wp:attachment":[{"href":"https:\/\/agora.xtec.cat\/esc-santgil\/wp-json\/wp\/v2\/media?parent=10376"}],"curies":[{"name":"wp","href":"https:\/\/api.w.org\/{rel}","templated":true}]}}