{"id":7728,"date":"2025-04-04T10:10:07","date_gmt":"2025-04-04T08:10:07","guid":{"rendered":"https:\/\/agora.xtec.cat\/esc-santacoloma\/?page_id=7728"},"modified":"2026-01-28T18:20:33","modified_gmt":"2026-01-28T17:20:33","slug":"experimentacio","status":"publish","type":"page","link":"https:\/\/agora.xtec.cat\/esc-santacoloma\/pagines-dinici\/projectes\/experimentacio\/","title":{"rendered":"Ci\u00e8ncia i experimentaci\u00f3"},"content":{"rendered":"\n<div class=\"wp-block-getwid-images-slider has-arrows-inside has-dots-inside has-images-center has-cropped-images\"><div class=\"wp-block-getwid-images-slider__wrapper\" data-effect=\"slide\" data-slides-show=\"1\" data-slides-show-laptop=\"1\" data-slides-show-tablet=\"1\" data-slides-show-mobile=\"1\" data-slides-scroll=\"1\" data-autoplay=\"false\" data-pause-hover=\"false\" data-autoplay-speed=\"6000\" data-infinite=\"true\" data-animation-speed=\"800\" data-center-mode=\"false\" data-variable-width=\"false\" data-arrows=\"inside\" data-dots=\"inside\" data-spacing=\"none\"><div class=\"wp-block-getwid-images-slider__item\"><figure><img loading=\"lazy\" decoding=\"async\" width=\"1024\" height=\"768\" src=\"https:\/\/agora.xtec.cat\/esc-santacoloma\/wp-content\/uploads\/usu371\/2025\/10\/IMG_6084.jpg\" data-id=\"8318\" data-link=\"https:\/\/agora.xtec.cat\/esc-santacoloma\/pagines-dinici\/projectes\/experimentacio\/attachment\/img_6084\/\" data-original-link=\"https:\/\/agora.xtec.cat\/esc-santacoloma\/wp-content\/uploads\/usu371\/2025\/10\/IMG_6084.jpg\" class=\"wp-block-getwid-images-slider__image wp-image-8318\" srcset=\"https:\/\/agora.xtec.cat\/esc-santacoloma\/wp-content\/uploads\/usu371\/2025\/10\/IMG_6084.jpg 1024w, https:\/\/agora.xtec.cat\/esc-santacoloma\/wp-content\/uploads\/usu371\/2025\/10\/IMG_6084-300x225.jpg 300w, https:\/\/agora.xtec.cat\/esc-santacoloma\/wp-content\/uploads\/usu371\/2025\/10\/IMG_6084-768x576.jpg 768w\" sizes=\"auto, (max-width: 1024px) 100vw, 1024px\" \/><\/figure><\/div><div class=\"wp-block-getwid-images-slider__item\"><figure><img loading=\"lazy\" decoding=\"async\" width=\"1024\" height=\"768\" src=\"https:\/\/agora.xtec.cat\/esc-santacoloma\/wp-content\/uploads\/usu371\/2025\/10\/IMG_5730.jpg\" data-id=\"8320\" data-link=\"https:\/\/agora.xtec.cat\/esc-santacoloma\/pagines-dinici\/projectes\/experimentacio\/attachment\/img_5730\/\" data-original-link=\"https:\/\/agora.xtec.cat\/esc-santacoloma\/wp-content\/uploads\/usu371\/2025\/10\/IMG_5730.jpg\" class=\"wp-block-getwid-images-slider__image wp-image-8320\" srcset=\"https:\/\/agora.xtec.cat\/esc-santacoloma\/wp-content\/uploads\/usu371\/2025\/10\/IMG_5730.jpg 1024w, https:\/\/agora.xtec.cat\/esc-santacoloma\/wp-content\/uploads\/usu371\/2025\/10\/IMG_5730-300x225.jpg 300w, https:\/\/agora.xtec.cat\/esc-santacoloma\/wp-content\/uploads\/usu371\/2025\/10\/IMG_5730-768x576.jpg 768w\" sizes=\"auto, (max-width: 1024px) 100vw, 1024px\" \/><\/figure><\/div><div class=\"wp-block-getwid-images-slider__item\"><figure><img loading=\"lazy\" decoding=\"async\" width=\"1024\" height=\"768\" src=\"https:\/\/agora.xtec.cat\/esc-santacoloma\/wp-content\/uploads\/usu371\/2025\/10\/IMG_6105.jpg\" data-id=\"8319\" data-link=\"https:\/\/agora.xtec.cat\/esc-santacoloma\/pagines-dinici\/projectes\/experimentacio\/attachment\/img_6105\/\" data-original-link=\"https:\/\/agora.xtec.cat\/esc-santacoloma\/wp-content\/uploads\/usu371\/2025\/10\/IMG_6105.jpg\" class=\"wp-block-getwid-images-slider__image wp-image-8319\" srcset=\"https:\/\/agora.xtec.cat\/esc-santacoloma\/wp-content\/uploads\/usu371\/2025\/10\/IMG_6105.jpg 1024w, https:\/\/agora.xtec.cat\/esc-santacoloma\/wp-content\/uploads\/usu371\/2025\/10\/IMG_6105-300x225.jpg 300w, https:\/\/agora.xtec.cat\/esc-santacoloma\/wp-content\/uploads\/usu371\/2025\/10\/IMG_6105-768x576.jpg 768w\" sizes=\"auto, (max-width: 1024px) 100vw, 1024px\" \/><\/figure><\/div><div class=\"wp-block-getwid-images-slider__item\"><figure><img loading=\"lazy\" decoding=\"async\" width=\"1024\" height=\"768\" src=\"https:\/\/agora.xtec.cat\/esc-santacoloma\/wp-content\/uploads\/usu371\/2025\/10\/IMG_6392.jpg\" data-id=\"8323\" data-link=\"https:\/\/agora.xtec.cat\/esc-santacoloma\/pagines-dinici\/projectes\/experimentacio\/attachment\/img_6392\/\" data-original-link=\"https:\/\/agora.xtec.cat\/esc-santacoloma\/wp-content\/uploads\/usu371\/2025\/10\/IMG_6392.jpg\" class=\"wp-block-getwid-images-slider__image wp-image-8323\" srcset=\"https:\/\/agora.xtec.cat\/esc-santacoloma\/wp-content\/uploads\/usu371\/2025\/10\/IMG_6392.jpg 1024w, https:\/\/agora.xtec.cat\/esc-santacoloma\/wp-content\/uploads\/usu371\/2025\/10\/IMG_6392-300x225.jpg 300w, https:\/\/agora.xtec.cat\/esc-santacoloma\/wp-content\/uploads\/usu371\/2025\/10\/IMG_6392-768x576.jpg 768w\" sizes=\"auto, (max-width: 1024px) 100vw, 1024px\" \/><\/figure><\/div><\/div><\/div>\n\n\n\n<p><br><em>\u00abLa consci\u00e8ncia \u00e9s el fenomen pel qual l\u2019exist\u00e8ncia mateixa de l\u2019univers es fa coneguda.\u00bb<\/em> &nbsp; &nbsp; Roger Penrose<\/p>\n\n\n\n<p>A la nostra escola promovem l\u2019aprenentatge de les ci\u00e8ncies com una experi\u00e8ncia viva, activa i significativa, que permet a l\u2019alumnat d\u2019Educaci\u00f3 Infantil i Prim\u00e0ria descobrir i comprendre el m\u00f3n que l\u2019envolta a trav\u00e9s de l\u2019observaci\u00f3, l\u2019experimentaci\u00f3 i la curiositat.<\/p>\n\n\n\n<p>El projecte es desenvolupa mitjan\u00e7ant un aprenentatge actiu, manipulatiu i basat en l\u2019experimentaci\u00f3.&nbsp; Treballem amb grups cooperatius, afavorint la participaci\u00f3 de tot l\u2019alumnat, el di\u00e0leg, la presa de decisions compartida i l\u2019aprenentatge entre iguals.<\/p>\n\n\n\n<p>A l\u2019etapa d\u2019Educaci\u00f3 Infantil, el projecte posa un \u00e8mfasi especial en la descoberta<strong> <\/strong>sensorial. Mitjan\u00e7ant la manipulaci\u00f3 de materials, l\u2019exploraci\u00f3 amb els sentits i la realitzaci\u00f3 de petites experi\u00e8ncies. Els infants observen, fan preguntes i expressen les seves primeres hip\u00f2tesis, iniciant-se de manera natural en el pensament cient\u00edfic.<\/p>\n\n\n\n<p>A Educaci\u00f3 Prim\u00e0ria, l\u2019alumnat aprofundeix progressivament en l\u2019\u00fas del m\u00e8tode cient\u00edfic. A partir de preguntes i situacions reals, observen, formulen hip\u00f2tesis, experimenten, recullen dades, extreuen conclusions i comparteixen els resultats, desenvolupant el pensament cr\u00edtic, la capacitat d\u2019an\u00e0lisi i el rigor cient\u00edfic.<\/p>\n\n\n\n<p>El projecte connecta les ci\u00e8ncies amb l\u2019entorn proper i amb la vida quotidiana, facilitant la comprensi\u00f3 dels fen\u00f2mens naturals, f\u00edsics i biol\u00f2gics d\u2019una manera significativa.<\/p>\n\n\n\n<p>Com a part del nostre comprom\u00eds amb la divulgaci\u00f3 cient\u00edfica i l\u2019aprenentatge competencial, l\u2019alumnat participa en la presentaci\u00f3 de projectes de ci\u00e8ncies al Congr\u00e9s de Ci\u00e8ncies de la ciutat, una experi\u00e8ncia que els permet comunicar els seus descobriments, compartir coneixement i viure la ci\u00e8ncia com una activitat col\u00b7lectiva i real.Aquest projecte contribueix al desenvolupament de les compet\u00e8ncies cient\u00edfiques i transversals del curr\u00edculum, fomentant la curiositat, l\u2019esperit investigador i el gust per aprendre, tot ajudant l\u2019alumnat a entendre, interpretar i respectar el m\u00f3n que ens envolta<strong>.<\/strong><\/p>\n","protected":false},"excerpt":{"rendered":"<p>\u00abLa consci\u00e8ncia \u00e9s el fenomen pel qual l\u2019exist\u00e8ncia mateixa de l\u2019univers es fa coneguda.\u00bb &nbsp; &nbsp; Roger Penrose A la nostra escola promovem l\u2019aprenentatge de les ci\u00e8ncies com una experi\u00e8ncia viva, activa i significativa, que permet a l\u2019alumnat d\u2019Educaci\u00f3 Infantil i Prim\u00e0ria descobrir i comprendre el m\u00f3n que l\u2019envolta a trav\u00e9s de l\u2019observaci\u00f3, l\u2019experimentaci\u00f3 i [&hellip;]<\/p>\n","protected":false},"author":1,"featured_media":8729,"parent":7720,"menu_order":0,"comment_status":"closed","ping_status":"close","template":"","meta":{"_bbp_topic_count":0,"_bbp_reply_count":0,"_bbp_total_topic_count":0,"_bbp_total_reply_count":0,"_bbp_voice_count":0,"_bbp_anonymous_reply_count":0,"_bbp_topic_count_hidden":0,"_bbp_reply_count_hidden":0,"_bbp_forum_subforum_count":0,"site-sidebar-layout":"default","site-content-layout":"","ast-site-content-layout":"default","site-content-style":"default","site-sidebar-style":"default","ast-global-header-display":"","ast-banner-title-visibility":"","ast-main-header-display":"","ast-hfb-above-header-display":"","ast-hfb-below-header-display":"","ast-hfb-mobile-header-display":"","site-post-title":"","ast-breadcrumbs-content":"","ast-featured-img":"","footer-sml-layout":"","theme-transparent-header-meta":"","adv-header-id-meta":"","stick-header-meta":"","header-above-stick-meta":"","header-main-stick-meta":"","header-below-stick-meta":"","astra-migrate-meta-layouts":"set","ast-page-background-enabled":"default","ast-page-background-meta":{"desktop":{"background-color":"var(--ast-global-color-4)","background-image":"","background-repeat":"repeat","background-position":"center center","background-size":"auto","background-attachment":"scroll","background-type":"","background-media":"","overlay-type":"","overlay-color":"","overlay-opacity":"","overlay-gradient":""},"tablet":{"background-color":"","background-image":"","background-repeat":"repeat","background-position":"center center","background-size":"auto","background-attachment":"scroll","background-type":"","background-media":"","overlay-type":"","overlay-color":"","overlay-opacity":"","overlay-gradient":""},"mobile":{"background-color":"","background-image":"","background-repeat":"repeat","background-position":"center center","background-size":"auto","background-attachment":"scroll","background-type":"","background-media":"","overlay-type":"","overlay-color":"","overlay-opacity":"","overlay-gradient":""}},"ast-content-background-meta":{"desktop":{"background-color":"var(--ast-global-color-5)","background-image":"","background-repeat":"repeat","background-position":"center center","background-size":"auto","background-attachment":"scroll","background-type":"","background-media":"","overlay-type":"","overlay-color":"","overlay-opacity":"","overlay-gradient":""},"tablet":{"background-color":"var(--ast-global-color-5)","background-image":"","background-repeat":"repeat","background-position":"center center","background-size":"auto","background-attachment":"scroll","background-type":"","background-media":"","overlay-type":"","overlay-color":"","overlay-opacity":"","overlay-gradient":""},"mobile":{"background-color":"var(--ast-global-color-5)","background-image":"","background-repeat":"repeat","background-position":"center center","background-size":"auto","background-attachment":"scroll","background-type":"","background-media":"","overlay-type":"","overlay-color":"","overlay-opacity":"","overlay-gradient":""}},"footnotes":""},"class_list":["post-7728","page","type-page","status-publish","has-post-thumbnail","hentry"],"post_mailing_queue_ids":[],"_links":{"self":[{"href":"https:\/\/agora.xtec.cat\/esc-santacoloma\/wp-json\/wp\/v2\/pages\/7728","targetHints":{"allow":["GET"]}}],"collection":[{"href":"https:\/\/agora.xtec.cat\/esc-santacoloma\/wp-json\/wp\/v2\/pages"}],"about":[{"href":"https:\/\/agora.xtec.cat\/esc-santacoloma\/wp-json\/wp\/v2\/types\/page"}],"author":[{"embeddable":true,"href":"https:\/\/agora.xtec.cat\/esc-santacoloma\/wp-json\/wp\/v2\/users\/1"}],"replies":[{"embeddable":true,"href":"https:\/\/agora.xtec.cat\/esc-santacoloma\/wp-json\/wp\/v2\/comments?post=7728"}],"version-history":[{"count":6,"href":"https:\/\/agora.xtec.cat\/esc-santacoloma\/wp-json\/wp\/v2\/pages\/7728\/revisions"}],"predecessor-version":[{"id":8800,"href":"https:\/\/agora.xtec.cat\/esc-santacoloma\/wp-json\/wp\/v2\/pages\/7728\/revisions\/8800"}],"up":[{"embeddable":true,"href":"https:\/\/agora.xtec.cat\/esc-santacoloma\/wp-json\/wp\/v2\/pages\/7720"}],"wp:featuredmedia":[{"embeddable":true,"href":"https:\/\/agora.xtec.cat\/esc-santacoloma\/wp-json\/wp\/v2\/media\/8729"}],"wp:attachment":[{"href":"https:\/\/agora.xtec.cat\/esc-santacoloma\/wp-json\/wp\/v2\/media?parent=7728"}],"curies":[{"name":"wp","href":"https:\/\/api.w.org\/{rel}","templated":true}]}}