{"id":7724,"date":"2025-04-04T10:09:29","date_gmt":"2025-04-04T08:09:29","guid":{"rendered":"https:\/\/agora.xtec.cat\/esc-santacoloma\/?page_id=7724"},"modified":"2025-10-06T21:41:45","modified_gmt":"2025-10-06T19:41:45","slug":"dansa-ara","status":"publish","type":"page","link":"https:\/\/agora.xtec.cat\/esc-santacoloma\/pagines-dinici\/projectes\/dansa-ara\/","title":{"rendered":"Dansa Ara"},"content":{"rendered":"\n<div class=\"wp-block-getwid-images-slider has-arrows-inside has-dots-inside has-images-center has-cropped-images\"><div class=\"wp-block-getwid-images-slider__wrapper\" data-effect=\"slide\" data-slides-show=\"1\" data-slides-show-laptop=\"1\" data-slides-show-tablet=\"1\" data-slides-show-mobile=\"1\" data-slides-scroll=\"1\" data-autoplay=\"false\" data-pause-hover=\"false\" data-autoplay-speed=\"6000\" data-infinite=\"true\" data-animation-speed=\"800\" data-center-mode=\"false\" data-variable-width=\"false\" data-arrows=\"inside\" data-dots=\"inside\" data-spacing=\"none\"><div class=\"wp-block-getwid-images-slider__item\"><figure><img loading=\"lazy\" decoding=\"async\" width=\"2048\" height=\"1536\" src=\"https:\/\/agora.xtec.cat\/esc-santacoloma\/wp-content\/uploads\/usu371\/2025\/10\/IMG_20250522_095857-2048x1536-2.jpg\" data-id=\"8300\" data-link=\"https:\/\/agora.xtec.cat\/esc-santacoloma\/pagines-dinici\/projectes\/dansa-ara\/attachment\/img_20250522_095857-2048x1536-2\/\" data-original-link=\"https:\/\/agora.xtec.cat\/esc-santacoloma\/wp-content\/uploads\/usu371\/2025\/10\/IMG_20250522_095857-2048x1536-2.jpg\" class=\"wp-block-getwid-images-slider__image wp-image-8300\" srcset=\"https:\/\/agora.xtec.cat\/esc-santacoloma\/wp-content\/uploads\/usu371\/2025\/10\/IMG_20250522_095857-2048x1536-2.jpg 2048w, https:\/\/agora.xtec.cat\/esc-santacoloma\/wp-content\/uploads\/usu371\/2025\/10\/IMG_20250522_095857-2048x1536-2-300x225.jpg 300w, https:\/\/agora.xtec.cat\/esc-santacoloma\/wp-content\/uploads\/usu371\/2025\/10\/IMG_20250522_095857-2048x1536-2-1024x768.jpg 1024w, https:\/\/agora.xtec.cat\/esc-santacoloma\/wp-content\/uploads\/usu371\/2025\/10\/IMG_20250522_095857-2048x1536-2-768x576.jpg 768w, https:\/\/agora.xtec.cat\/esc-santacoloma\/wp-content\/uploads\/usu371\/2025\/10\/IMG_20250522_095857-2048x1536-2-1536x1152.jpg 1536w\" sizes=\"auto, (max-width: 2048px) 100vw, 2048px\" \/><\/figure><\/div><div class=\"wp-block-getwid-images-slider__item\"><figure><img loading=\"lazy\" decoding=\"async\" width=\"2560\" height=\"1920\" src=\"https:\/\/agora.xtec.cat\/esc-santacoloma\/wp-content\/uploads\/usu371\/2025\/10\/IMG_20250522_102225-scaled-2.jpg\" data-id=\"8299\" data-link=\"https:\/\/agora.xtec.cat\/esc-santacoloma\/pagines-dinici\/projectes\/dansa-ara\/attachment\/img_20250522_102225-scaled-2\/\" data-original-link=\"https:\/\/agora.xtec.cat\/esc-santacoloma\/wp-content\/uploads\/usu371\/2025\/10\/IMG_20250522_102225-scaled-2.jpg\" class=\"wp-block-getwid-images-slider__image wp-image-8299\" srcset=\"https:\/\/agora.xtec.cat\/esc-santacoloma\/wp-content\/uploads\/usu371\/2025\/10\/IMG_20250522_102225-scaled-2.jpg 2560w, https:\/\/agora.xtec.cat\/esc-santacoloma\/wp-content\/uploads\/usu371\/2025\/10\/IMG_20250522_102225-scaled-2-300x225.jpg 300w, https:\/\/agora.xtec.cat\/esc-santacoloma\/wp-content\/uploads\/usu371\/2025\/10\/IMG_20250522_102225-scaled-2-1024x768.jpg 1024w, https:\/\/agora.xtec.cat\/esc-santacoloma\/wp-content\/uploads\/usu371\/2025\/10\/IMG_20250522_102225-scaled-2-768x576.jpg 768w, https:\/\/agora.xtec.cat\/esc-santacoloma\/wp-content\/uploads\/usu371\/2025\/10\/IMG_20250522_102225-scaled-2-1536x1152.jpg 1536w, https:\/\/agora.xtec.cat\/esc-santacoloma\/wp-content\/uploads\/usu371\/2025\/10\/IMG_20250522_102225-scaled-2-2048x1536.jpg 2048w\" sizes=\"auto, (max-width: 2560px) 100vw, 2560px\" \/><\/figure><\/div><div class=\"wp-block-getwid-images-slider__item\"><figure><img loading=\"lazy\" decoding=\"async\" width=\"2560\" height=\"1920\" src=\"https:\/\/agora.xtec.cat\/esc-santacoloma\/wp-content\/uploads\/usu371\/2025\/10\/IMG_20250522_102314-scaled-2.jpg\" data-id=\"8301\" data-link=\"https:\/\/agora.xtec.cat\/esc-santacoloma\/pagines-dinici\/projectes\/dansa-ara\/attachment\/img_20250522_102314-scaled-2\/\" data-original-link=\"https:\/\/agora.xtec.cat\/esc-santacoloma\/wp-content\/uploads\/usu371\/2025\/10\/IMG_20250522_102314-scaled-2.jpg\" class=\"wp-block-getwid-images-slider__image wp-image-8301\" srcset=\"https:\/\/agora.xtec.cat\/esc-santacoloma\/wp-content\/uploads\/usu371\/2025\/10\/IMG_20250522_102314-scaled-2.jpg 2560w, https:\/\/agora.xtec.cat\/esc-santacoloma\/wp-content\/uploads\/usu371\/2025\/10\/IMG_20250522_102314-scaled-2-300x225.jpg 300w, https:\/\/agora.xtec.cat\/esc-santacoloma\/wp-content\/uploads\/usu371\/2025\/10\/IMG_20250522_102314-scaled-2-1024x768.jpg 1024w, https:\/\/agora.xtec.cat\/esc-santacoloma\/wp-content\/uploads\/usu371\/2025\/10\/IMG_20250522_102314-scaled-2-768x576.jpg 768w, https:\/\/agora.xtec.cat\/esc-santacoloma\/wp-content\/uploads\/usu371\/2025\/10\/IMG_20250522_102314-scaled-2-1536x1152.jpg 1536w, https:\/\/agora.xtec.cat\/esc-santacoloma\/wp-content\/uploads\/usu371\/2025\/10\/IMG_20250522_102314-scaled-2-2048x1536.jpg 2048w\" sizes=\"auto, (max-width: 2560px) 100vw, 2560px\" \/><\/figure><\/div><div class=\"wp-block-getwid-images-slider__item\"><figure><img loading=\"lazy\" decoding=\"async\" width=\"2560\" height=\"1920\" src=\"https:\/\/agora.xtec.cat\/esc-santacoloma\/wp-content\/uploads\/usu371\/2025\/10\/IMG_20250522_102347-scaled-2.jpg\" data-id=\"8302\" data-link=\"https:\/\/agora.xtec.cat\/esc-santacoloma\/pagines-dinici\/projectes\/dansa-ara\/attachment\/img_20250522_102347-scaled-2\/\" data-original-link=\"https:\/\/agora.xtec.cat\/esc-santacoloma\/wp-content\/uploads\/usu371\/2025\/10\/IMG_20250522_102347-scaled-2.jpg\" class=\"wp-block-getwid-images-slider__image wp-image-8302\" srcset=\"https:\/\/agora.xtec.cat\/esc-santacoloma\/wp-content\/uploads\/usu371\/2025\/10\/IMG_20250522_102347-scaled-2.jpg 2560w, https:\/\/agora.xtec.cat\/esc-santacoloma\/wp-content\/uploads\/usu371\/2025\/10\/IMG_20250522_102347-scaled-2-300x225.jpg 300w, https:\/\/agora.xtec.cat\/esc-santacoloma\/wp-content\/uploads\/usu371\/2025\/10\/IMG_20250522_102347-scaled-2-1024x768.jpg 1024w, https:\/\/agora.xtec.cat\/esc-santacoloma\/wp-content\/uploads\/usu371\/2025\/10\/IMG_20250522_102347-scaled-2-768x576.jpg 768w, https:\/\/agora.xtec.cat\/esc-santacoloma\/wp-content\/uploads\/usu371\/2025\/10\/IMG_20250522_102347-scaled-2-1536x1152.jpg 1536w, https:\/\/agora.xtec.cat\/esc-santacoloma\/wp-content\/uploads\/usu371\/2025\/10\/IMG_20250522_102347-scaled-2-2048x1536.jpg 2048w\" sizes=\"auto, (max-width: 2560px) 100vw, 2560px\" \/><\/figure><\/div><\/div><\/div>\n\n\n\n<p>Santa Coloma Dansa \u00e9s un projecte escolar que es realitza tots els anys a segon de prim\u00e0ria. En aquest hi participen diverses escoles del municipi de Santa Coloma. Consisteix en una ballada conjunta amb la resta d&#8217;escoles participants, en la que es combinen danses tradicionals del folklore catal\u00e0 amb estils m\u00e9s moderns.<\/p>\n\n\n\n<p class=\"has-text-align-left\">La seva preparaci\u00f3 es du a terme a les sessions de m\u00fasica. Durant el proc\u00e9s es treballen sabers musicals com el ritme i l&#8217;expressi\u00f3 corporal, aix\u00ed com aspectes transversals en el desenvolupament de l&#8217;infant a nivell competencial com la comunicaci\u00f3, la creativitat i l&#8217;emprenedoria. A m\u00e9s a m\u00e9s, mitjan\u00e7ant el treball de les danses es vivencia la m\u00fasica a un nivell m\u00e9s profund, aix\u00ed com tamb\u00e9 es fomenta l&#8217;acompanyament emocional dels infants i el treball cooperatiu.<\/p>\n","protected":false},"excerpt":{"rendered":"<p>Santa Coloma Dansa \u00e9s un projecte escolar que es realitza tots els anys a segon de prim\u00e0ria. En aquest hi participen diverses escoles del municipi de Santa Coloma. Consisteix en una ballada conjunta amb la resta d&#8217;escoles participants, en la que es combinen danses tradicionals del folklore catal\u00e0 amb estils m\u00e9s moderns. La seva preparaci\u00f3 [&hellip;]<\/p>\n","protected":false},"author":1,"featured_media":0,"parent":7720,"menu_order":0,"comment_status":"closed","ping_status":"close","template":"","meta":{"_bbp_topic_count":0,"_bbp_reply_count":0,"_bbp_total_topic_count":0,"_bbp_total_reply_count":0,"_bbp_voice_count":0,"_bbp_anonymous_reply_count":0,"_bbp_topic_count_hidden":0,"_bbp_reply_count_hidden":0,"_bbp_forum_subforum_count":0,"site-sidebar-layout":"default","site-content-layout":"","ast-site-content-layout":"default","site-content-style":"default","site-sidebar-style":"default","ast-global-header-display":"","ast-banner-title-visibility":"","ast-main-header-display":"","ast-hfb-above-header-display":"","ast-hfb-below-header-display":"","ast-hfb-mobile-header-display":"","site-post-title":"","ast-breadcrumbs-content":"","ast-featured-img":"","footer-sml-layout":"","theme-transparent-header-meta":"","adv-header-id-meta":"","stick-header-meta":"","header-above-stick-meta":"","header-main-stick-meta":"","header-below-stick-meta":"","astra-migrate-meta-layouts":"set","ast-page-background-enabled":"default","ast-page-background-meta":{"desktop":{"background-color":"var(--ast-global-color-4)","background-image":"","background-repeat":"repeat","background-position":"center center","background-size":"auto","background-attachment":"scroll","background-type":"","background-media":"","overlay-type":"","overlay-color":"","overlay-opacity":"","overlay-gradient":""},"tablet":{"background-color":"","background-image":"","background-repeat":"repeat","background-position":"center center","background-size":"auto","background-attachment":"scroll","background-type":"","background-media":"","overlay-type":"","overlay-color":"","overlay-opacity":"","overlay-gradient":""},"mobile":{"background-color":"","background-image":"","background-repeat":"repeat","background-position":"center center","background-size":"auto","background-attachment":"scroll","background-type":"","background-media":"","overlay-type":"","overlay-color":"","overlay-opacity":"","overlay-gradient":""}},"ast-content-background-meta":{"desktop":{"background-color":"var(--ast-global-color-5)","background-image":"","background-repeat":"repeat","background-position":"center center","background-size":"auto","background-attachment":"scroll","background-type":"","background-media":"","overlay-type":"","overlay-color":"","overlay-opacity":"","overlay-gradient":""},"tablet":{"background-color":"var(--ast-global-color-5)","background-image":"","background-repeat":"repeat","background-position":"center center","background-size":"auto","background-attachment":"scroll","background-type":"","background-media":"","overlay-type":"","overlay-color":"","overlay-opacity":"","overlay-gradient":""},"mobile":{"background-color":"var(--ast-global-color-5)","background-image":"","background-repeat":"repeat","background-position":"center center","background-size":"auto","background-attachment":"scroll","background-type":"","background-media":"","overlay-type":"","overlay-color":"","overlay-opacity":"","overlay-gradient":""}},"footnotes":""},"class_list":["post-7724","page","type-page","status-publish","hentry"],"post_mailing_queue_ids":[],"_links":{"self":[{"href":"https:\/\/agora.xtec.cat\/esc-santacoloma\/wp-json\/wp\/v2\/pages\/7724","targetHints":{"allow":["GET"]}}],"collection":[{"href":"https:\/\/agora.xtec.cat\/esc-santacoloma\/wp-json\/wp\/v2\/pages"}],"about":[{"href":"https:\/\/agora.xtec.cat\/esc-santacoloma\/wp-json\/wp\/v2\/types\/page"}],"author":[{"embeddable":true,"href":"https:\/\/agora.xtec.cat\/esc-santacoloma\/wp-json\/wp\/v2\/users\/1"}],"replies":[{"embeddable":true,"href":"https:\/\/agora.xtec.cat\/esc-santacoloma\/wp-json\/wp\/v2\/comments?post=7724"}],"version-history":[{"count":4,"href":"https:\/\/agora.xtec.cat\/esc-santacoloma\/wp-json\/wp\/v2\/pages\/7724\/revisions"}],"predecessor-version":[{"id":8366,"href":"https:\/\/agora.xtec.cat\/esc-santacoloma\/wp-json\/wp\/v2\/pages\/7724\/revisions\/8366"}],"up":[{"embeddable":true,"href":"https:\/\/agora.xtec.cat\/esc-santacoloma\/wp-json\/wp\/v2\/pages\/7720"}],"wp:attachment":[{"href":"https:\/\/agora.xtec.cat\/esc-santacoloma\/wp-json\/wp\/v2\/media?parent=7724"}],"curies":[{"name":"wp","href":"https:\/\/api.w.org\/{rel}","templated":true}]}}