{"id":7722,"date":"2025-04-04T10:09:08","date_gmt":"2025-04-04T08:09:08","guid":{"rendered":"https:\/\/agora.xtec.cat\/esc-santacoloma\/?page_id=7722"},"modified":"2026-01-28T18:19:49","modified_gmt":"2026-01-28T17:19:49","slug":"robotica","status":"publish","type":"page","link":"https:\/\/agora.xtec.cat\/esc-santacoloma\/pagines-dinici\/projectes\/robotica\/","title":{"rendered":"Rob\u00f2tica"},"content":{"rendered":"\n<div class=\"wp-block-getwid-images-slider has-arrows-inside has-dots-inside has-images-center has-cropped-images\"><div class=\"wp-block-getwid-images-slider__wrapper\" data-effect=\"slide\" data-slides-show=\"1\" data-slides-show-laptop=\"1\" data-slides-show-tablet=\"1\" data-slides-show-mobile=\"1\" data-slides-scroll=\"1\" data-autoplay=\"false\" data-pause-hover=\"false\" data-autoplay-speed=\"6000\" data-infinite=\"true\" data-animation-speed=\"800\" data-center-mode=\"false\" data-variable-width=\"false\" data-arrows=\"inside\" data-dots=\"inside\" data-spacing=\"none\"><div class=\"wp-block-getwid-images-slider__item\"><figure><img loading=\"lazy\" decoding=\"async\" width=\"1024\" height=\"768\" src=\"https:\/\/agora.xtec.cat\/esc-santacoloma\/wp-content\/uploads\/usu371\/2025\/10\/IMG_5946.jpg\" data-id=\"8326\" data-link=\"https:\/\/agora.xtec.cat\/esc-santacoloma\/pagines-dinici\/projectes\/robotica\/attachment\/img_5946\/\" data-original-link=\"https:\/\/agora.xtec.cat\/esc-santacoloma\/wp-content\/uploads\/usu371\/2025\/10\/IMG_5946.jpg\" class=\"wp-block-getwid-images-slider__image wp-image-8326\" srcset=\"https:\/\/agora.xtec.cat\/esc-santacoloma\/wp-content\/uploads\/usu371\/2025\/10\/IMG_5946.jpg 1024w, https:\/\/agora.xtec.cat\/esc-santacoloma\/wp-content\/uploads\/usu371\/2025\/10\/IMG_5946-300x225.jpg 300w, https:\/\/agora.xtec.cat\/esc-santacoloma\/wp-content\/uploads\/usu371\/2025\/10\/IMG_5946-768x576.jpg 768w\" sizes=\"auto, (max-width: 1024px) 100vw, 1024px\" \/><\/figure><\/div><div class=\"wp-block-getwid-images-slider__item\"><figure><img loading=\"lazy\" decoding=\"async\" width=\"1024\" height=\"768\" src=\"https:\/\/agora.xtec.cat\/esc-santacoloma\/wp-content\/uploads\/usu371\/2025\/10\/IMG_5956.jpg\" data-id=\"8327\" data-link=\"https:\/\/agora.xtec.cat\/esc-santacoloma\/pagines-dinici\/projectes\/robotica\/attachment\/img_5956\/\" data-original-link=\"https:\/\/agora.xtec.cat\/esc-santacoloma\/wp-content\/uploads\/usu371\/2025\/10\/IMG_5956.jpg\" class=\"wp-block-getwid-images-slider__image wp-image-8327\" srcset=\"https:\/\/agora.xtec.cat\/esc-santacoloma\/wp-content\/uploads\/usu371\/2025\/10\/IMG_5956.jpg 1024w, https:\/\/agora.xtec.cat\/esc-santacoloma\/wp-content\/uploads\/usu371\/2025\/10\/IMG_5956-300x225.jpg 300w, https:\/\/agora.xtec.cat\/esc-santacoloma\/wp-content\/uploads\/usu371\/2025\/10\/IMG_5956-768x576.jpg 768w\" sizes=\"auto, (max-width: 1024px) 100vw, 1024px\" \/><\/figure><\/div><div class=\"wp-block-getwid-images-slider__item\"><figure><img loading=\"lazy\" decoding=\"async\" width=\"1024\" height=\"768\" src=\"https:\/\/agora.xtec.cat\/esc-santacoloma\/wp-content\/uploads\/usu371\/2025\/10\/IMG_5911.jpg\" data-id=\"8328\" data-link=\"https:\/\/agora.xtec.cat\/esc-santacoloma\/pagines-dinici\/projectes\/robotica\/attachment\/img_5911\/\" data-original-link=\"https:\/\/agora.xtec.cat\/esc-santacoloma\/wp-content\/uploads\/usu371\/2025\/10\/IMG_5911.jpg\" class=\"wp-block-getwid-images-slider__image wp-image-8328\" srcset=\"https:\/\/agora.xtec.cat\/esc-santacoloma\/wp-content\/uploads\/usu371\/2025\/10\/IMG_5911.jpg 1024w, https:\/\/agora.xtec.cat\/esc-santacoloma\/wp-content\/uploads\/usu371\/2025\/10\/IMG_5911-300x225.jpg 300w, https:\/\/agora.xtec.cat\/esc-santacoloma\/wp-content\/uploads\/usu371\/2025\/10\/IMG_5911-768x576.jpg 768w\" sizes=\"auto, (max-width: 1024px) 100vw, 1024px\" \/><\/figure><\/div><div class=\"wp-block-getwid-images-slider__item\"><figure><img loading=\"lazy\" decoding=\"async\" width=\"1024\" height=\"768\" src=\"https:\/\/agora.xtec.cat\/esc-santacoloma\/wp-content\/uploads\/usu371\/2025\/10\/IMG_6203.jpg\" data-id=\"8329\" data-link=\"https:\/\/agora.xtec.cat\/esc-santacoloma\/pagines-dinici\/projectes\/robotica\/attachment\/img_6203\/\" data-original-link=\"https:\/\/agora.xtec.cat\/esc-santacoloma\/wp-content\/uploads\/usu371\/2025\/10\/IMG_6203.jpg\" class=\"wp-block-getwid-images-slider__image wp-image-8329\" srcset=\"https:\/\/agora.xtec.cat\/esc-santacoloma\/wp-content\/uploads\/usu371\/2025\/10\/IMG_6203.jpg 1024w, https:\/\/agora.xtec.cat\/esc-santacoloma\/wp-content\/uploads\/usu371\/2025\/10\/IMG_6203-300x225.jpg 300w, https:\/\/agora.xtec.cat\/esc-santacoloma\/wp-content\/uploads\/usu371\/2025\/10\/IMG_6203-768x576.jpg 768w\" sizes=\"auto, (max-width: 1024px) 100vw, 1024px\" \/><\/figure><\/div><div class=\"wp-block-getwid-images-slider__item\"><figure><img loading=\"lazy\" decoding=\"async\" width=\"1024\" height=\"768\" src=\"https:\/\/agora.xtec.cat\/esc-santacoloma\/wp-content\/uploads\/usu371\/2025\/10\/IMG_6247.jpg\" data-id=\"8330\" data-link=\"https:\/\/agora.xtec.cat\/esc-santacoloma\/pagines-dinici\/projectes\/robotica\/attachment\/img_6247\/\" data-original-link=\"https:\/\/agora.xtec.cat\/esc-santacoloma\/wp-content\/uploads\/usu371\/2025\/10\/IMG_6247.jpg\" class=\"wp-block-getwid-images-slider__image wp-image-8330\" srcset=\"https:\/\/agora.xtec.cat\/esc-santacoloma\/wp-content\/uploads\/usu371\/2025\/10\/IMG_6247.jpg 1024w, https:\/\/agora.xtec.cat\/esc-santacoloma\/wp-content\/uploads\/usu371\/2025\/10\/IMG_6247-300x225.jpg 300w, https:\/\/agora.xtec.cat\/esc-santacoloma\/wp-content\/uploads\/usu371\/2025\/10\/IMG_6247-768x576.jpg 768w\" sizes=\"auto, (max-width: 1024px) 100vw, 1024px\" \/><\/figure><\/div><\/div><\/div>\n\n\n\n<p><em>&nbsp;\u00abAprendre a programar ensenya a pensar.\u00bb<\/em> Seymour Papert&nbsp;<\/p>\n\n\n\n<p>A la nostra escola treballem per una educaci\u00f3 innovadora i adaptada als reptes del segle XXI. Per aquest motiu, entenem la rob\u00f2tica educativa com una eina per desenvolupar no nom\u00e9s habilitats tecnol\u00f2giques, sin\u00f3 tamb\u00e9 el pensament computacional, la l\u00f2gica, la creativitat i la responsabilitat, mitjan\u00e7ant un aprenentatge actiu, manipulatiu i basat en reptes<strong>.<\/strong><\/p>\n\n\n\n<p>El projecte es desenvolupa principalment en grups cooperatius, afavorint la participaci\u00f3 activa de tot l\u2019alumnat, el di\u00e0leg, la presa de decisions compartida i l\u2019aprenentatge entre iguals. El treball en equip esdev\u00e9 un element clau per construir coneixement i desenvolupar compet\u00e8ncies socials i personals.<\/p>\n\n\n\n<p>El nostre projecte de rob\u00f2tica educativa a l\u2019Educaci\u00f3 Prim\u00e0ria est\u00e0 estructurat de manera progressiva, introduint cada robot en un cicle concret i aprofundint-ne l\u2019\u00fas i la complexitat als cursos superiors, d\u2019acord amb el desenvolupament maduratiu de l\u2019alumnat.<\/p>\n\n\n\n<p>En el cicle inicial, l\u2019alumnat s\u2019inicia en la rob\u00f2tica amb Bee-Bot i Tale-Bot, descobrint de manera l\u00fadica els primers conceptes de programaci\u00f3, com la seq\u00fcenciaci\u00f3, l\u2019orientaci\u00f3 espacial i la resoluci\u00f3 de petits reptes.<\/p>\n\n\n\n<p>En el cicle mitj\u00e0, es consoliden aquests aprenentatges mitjan\u00e7ant Codey Rocky, introduint la programaci\u00f3 per blocs i aprofundint en la l\u00f2gica computacional. &nbsp; L\u2019alumnat tamb\u00e9 comen\u00e7a a treballar amb LEGO Spike Prime, que permet desenvolupar projectes cada cop m\u00e9s complexos integrant rob\u00f2tica, programaci\u00f3, disseny i enginyeria.<\/p>\n\n\n\n<p>A cicle superior, es completa aquest recorregut amb micro:bit i MicroShield, aprofundint en la programaci\u00f3, l\u2019electr\u00f2nica i l\u2019\u00fas de sensors i actuadors, i fomentant l\u2019autonomia en el desenvolupament de projectes.<\/p>\n\n\n\n<p>Aquest projecte es desenvolupa de manera transversal i est\u00e0 alineat amb el curr\u00edculum i les compet\u00e8ncies digitals del sistema educatiu de Catalunya, promovent un aprenentatge significatiu, actiu i inclusiu.<\/p>\n\n\n\n<p>La rob\u00f2tica educativa esdev\u00e9 aix\u00ed un fil conductor al llarg de tota la Prim\u00e0ria, que permet a l\u2019alumnat introduir-se, consolidar i<strong> <\/strong>aprofundir en el pensament computacional, tot preparant-lo per afrontar els reptes del futur.<\/p>\n","protected":false},"excerpt":{"rendered":"<p>&nbsp;\u00abAprendre a programar ensenya a pensar.\u00bb Seymour Papert&nbsp; A la nostra escola treballem per una educaci\u00f3 innovadora i adaptada als reptes del segle XXI. Per aquest motiu, entenem la rob\u00f2tica educativa com una eina per desenvolupar no nom\u00e9s habilitats tecnol\u00f2giques, sin\u00f3 tamb\u00e9 el pensament computacional, la l\u00f2gica, la creativitat i la responsabilitat, mitjan\u00e7ant un aprenentatge [&hellip;]<\/p>\n","protected":false},"author":1,"featured_media":0,"parent":7720,"menu_order":0,"comment_status":"closed","ping_status":"close","template":"","meta":{"_bbp_topic_count":0,"_bbp_reply_count":0,"_bbp_total_topic_count":0,"_bbp_total_reply_count":0,"_bbp_voice_count":0,"_bbp_anonymous_reply_count":0,"_bbp_topic_count_hidden":0,"_bbp_reply_count_hidden":0,"_bbp_forum_subforum_count":0,"site-sidebar-layout":"default","site-content-layout":"","ast-site-content-layout":"default","site-content-style":"default","site-sidebar-style":"default","ast-global-header-display":"","ast-banner-title-visibility":"","ast-main-header-display":"","ast-hfb-above-header-display":"","ast-hfb-below-header-display":"","ast-hfb-mobile-header-display":"","site-post-title":"","ast-breadcrumbs-content":"","ast-featured-img":"","footer-sml-layout":"","theme-transparent-header-meta":"","adv-header-id-meta":"","stick-header-meta":"","header-above-stick-meta":"","header-main-stick-meta":"","header-below-stick-meta":"","astra-migrate-meta-layouts":"set","ast-page-background-enabled":"default","ast-page-background-meta":{"desktop":{"background-color":"var(--ast-global-color-4)","background-image":"","background-repeat":"repeat","background-position":"center center","background-size":"auto","background-attachment":"scroll","background-type":"","background-media":"","overlay-type":"","overlay-color":"","overlay-opacity":"","overlay-gradient":""},"tablet":{"background-color":"","background-image":"","background-repeat":"repeat","background-position":"center center","background-size":"auto","background-attachment":"scroll","background-type":"","background-media":"","overlay-type":"","overlay-color":"","overlay-opacity":"","overlay-gradient":""},"mobile":{"background-color":"","background-image":"","background-repeat":"repeat","background-position":"center center","background-size":"auto","background-attachment":"scroll","background-type":"","background-media":"","overlay-type":"","overlay-color":"","overlay-opacity":"","overlay-gradient":""}},"ast-content-background-meta":{"desktop":{"background-color":"var(--ast-global-color-5)","background-image":"","background-repeat":"repeat","background-position":"center center","background-size":"auto","background-attachment":"scroll","background-type":"","background-media":"","overlay-type":"","overlay-color":"","overlay-opacity":"","overlay-gradient":""},"tablet":{"background-color":"var(--ast-global-color-5)","background-image":"","background-repeat":"repeat","background-position":"center center","background-size":"auto","background-attachment":"scroll","background-type":"","background-media":"","overlay-type":"","overlay-color":"","overlay-opacity":"","overlay-gradient":""},"mobile":{"background-color":"var(--ast-global-color-5)","background-image":"","background-repeat":"repeat","background-position":"center center","background-size":"auto","background-attachment":"scroll","background-type":"","background-media":"","overlay-type":"","overlay-color":"","overlay-opacity":"","overlay-gradient":""}},"footnotes":""},"class_list":["post-7722","page","type-page","status-publish","hentry"],"post_mailing_queue_ids":[],"_links":{"self":[{"href":"https:\/\/agora.xtec.cat\/esc-santacoloma\/wp-json\/wp\/v2\/pages\/7722","targetHints":{"allow":["GET"]}}],"collection":[{"href":"https:\/\/agora.xtec.cat\/esc-santacoloma\/wp-json\/wp\/v2\/pages"}],"about":[{"href":"https:\/\/agora.xtec.cat\/esc-santacoloma\/wp-json\/wp\/v2\/types\/page"}],"author":[{"embeddable":true,"href":"https:\/\/agora.xtec.cat\/esc-santacoloma\/wp-json\/wp\/v2\/users\/1"}],"replies":[{"embeddable":true,"href":"https:\/\/agora.xtec.cat\/esc-santacoloma\/wp-json\/wp\/v2\/comments?post=7722"}],"version-history":[{"count":3,"href":"https:\/\/agora.xtec.cat\/esc-santacoloma\/wp-json\/wp\/v2\/pages\/7722\/revisions"}],"predecessor-version":[{"id":8799,"href":"https:\/\/agora.xtec.cat\/esc-santacoloma\/wp-json\/wp\/v2\/pages\/7722\/revisions\/8799"}],"up":[{"embeddable":true,"href":"https:\/\/agora.xtec.cat\/esc-santacoloma\/wp-json\/wp\/v2\/pages\/7720"}],"wp:attachment":[{"href":"https:\/\/agora.xtec.cat\/esc-santacoloma\/wp-json\/wp\/v2\/media?parent=7722"}],"curies":[{"name":"wp","href":"https:\/\/api.w.org\/{rel}","templated":true}]}}