{"id":9,"date":"2014-09-17T15:08:18","date_gmt":"2014-09-17T14:08:18","guid":{"rendered":"http:\/\/agora.xtec.cat\/esc-santa-maria-avia\/?page_id=9"},"modified":"2026-03-02T10:35:08","modified_gmt":"2026-03-02T09:35:08","slug":"pagina-dinici-buida","status":"publish","type":"page","link":"https:\/\/agora.xtec.cat\/esc-santa-maria-avia\/","title":{"rendered":"Pagina d&#8217;inici buida"},"content":{"rendered":"<p>&nbsp;<\/p>\n<div class=\"row\">\n<div class=\"columns small-12 large-2\"><img decoding=\"async\" src=\"https:\/\/img.icons8.com\/color\/120\/000000\/overtime.png\" \/><\/div>\n<div class=\"columns small-12 large-10\">\n<h2 style=\"text-align: left;\">Preinscripci\u00f3 escolar segon cicle d&#8217;educaci\u00f3 infantil i prim\u00e0ria<\/h2>\n<p><strong>Presentaci\u00f3 i\/o modificaci\u00f3 de sol\u00b7licituds:\u00a0 del 4 al 18 de mar\u00e7<\/strong><br \/>\n<strong>Jornada de portes obertes: 5 de mar\u00e7 a les 17h<\/strong><br \/>\nPublicaci\u00f3 de la llista de sol\u00b7licituds amb la puntuaci\u00f3 provisional: 15\u00a0d&#8217;abril<br \/>\nPresentaci\u00f3 de reclamacions a la llista amb la puntuaci\u00f3 provisional: del 15 al 20 d&#8217;abril<br \/>\nPublicaci\u00f3 de la llista amb la puntuaci\u00f3, resoltes les reclamacions: 23 d&#8217;abril<br \/>\nSorteig:\u00a028 d&#8217;abril<br \/>\nPublicaci\u00f3 de la llista ordenada: 29 d&#8217;abril<br \/>\nPublicaci\u00f3 de la llista d&#8217;admesos i la llista d&#8217;espera: 10 de juny\u200b<\/p>\n<p>Matr\u00edcula: Del 22 al 30 de juny<\/p>\n<p>&nbsp;<\/p>\n<div style=\"text-align: right;\"><\/div>\n<\/div>\n<\/div>\n","protected":false},"excerpt":{"rendered":"<p>&nbsp;<\/p>\n<p>Preinscripci\u00f3 escolar segon cicle d&#8217;educaci\u00f3 infantil i prim\u00e0ria<br \/>\nPresentaci\u00f3 i\/o modificaci\u00f3 de sol\u00b7licituds:\u00a0 del 4 al 18 de mar\u00e7<br \/>\nJornada de portes obertes: 5 de mar\u00e7 a les 17h<br \/>\nPublicaci\u00f3 de la llista de sol\u00b7licituds amb la puntuaci\u00f3 provisional: 15\u00a0d&#8217;abril<br \/>\nPresentaci\u00f3 de reclamacions a la llista amb la puntuaci\u00f3&hellip;  <a href=\"https:\/\/agora.xtec.cat\/esc-santa-maria-avia\/\" title=\"Read Pagina d&#8217;inici buida\">Llegeix m\u00e9s\u00bb<\/a><\/p>\n","protected":false},"author":1,"featured_media":0,"parent":7,"menu_order":0,"comment_status":"closed","ping_status":"closed","template":"page-templates\/front-page.php","meta":{"_bbp_topic_count":0,"_bbp_reply_count":0,"_bbp_total_topic_count":0,"_bbp_total_reply_count":0,"_bbp_voice_count":0,"_bbp_anonymous_reply_count":0,"_bbp_topic_count_hidden":0,"_bbp_reply_count_hidden":0,"_bbp_forum_subforum_count":0,"footnotes":""},"class_list":["post-9","page","type-page","status-publish","hentry"],"post_mailing_queue_ids":[],"_links":{"self":[{"href":"https:\/\/agora.xtec.cat\/esc-santa-maria-avia\/wp-json\/wp\/v2\/pages\/9","targetHints":{"allow":["GET"]}}],"collection":[{"href":"https:\/\/agora.xtec.cat\/esc-santa-maria-avia\/wp-json\/wp\/v2\/pages"}],"about":[{"href":"https:\/\/agora.xtec.cat\/esc-santa-maria-avia\/wp-json\/wp\/v2\/types\/page"}],"author":[{"embeddable":true,"href":"https:\/\/agora.xtec.cat\/esc-santa-maria-avia\/wp-json\/wp\/v2\/users\/1"}],"replies":[{"embeddable":true,"href":"https:\/\/agora.xtec.cat\/esc-santa-maria-avia\/wp-json\/wp\/v2\/comments?post=9"}],"version-history":[{"count":7,"href":"https:\/\/agora.xtec.cat\/esc-santa-maria-avia\/wp-json\/wp\/v2\/pages\/9\/revisions"}],"predecessor-version":[{"id":31059,"href":"https:\/\/agora.xtec.cat\/esc-santa-maria-avia\/wp-json\/wp\/v2\/pages\/9\/revisions\/31059"}],"up":[{"embeddable":true,"href":"https:\/\/agora.xtec.cat\/esc-santa-maria-avia\/wp-json\/wp\/v2\/pages\/7"}],"wp:attachment":[{"href":"https:\/\/agora.xtec.cat\/esc-santa-maria-avia\/wp-json\/wp\/v2\/media?parent=9"}],"curies":[{"name":"wp","href":"https:\/\/api.w.org\/{rel}","templated":true}]}}