{"id":73,"date":"2014-09-18T14:01:51","date_gmt":"2014-09-18T13:01:51","guid":{"rendered":"http:\/\/agora.xtec.cat\/esc-santa-maria-avia\/?page_id=73"},"modified":"2026-01-16T09:28:18","modified_gmt":"2026-01-16T08:28:18","slug":"menjador-escolar","status":"publish","type":"page","link":"https:\/\/agora.xtec.cat\/esc-santa-maria-avia\/serveis\/menjador-escolar\/","title":{"rendered":"Menjador escolar"},"content":{"rendered":"<p>L&#8217;escola disposa de serveis propis de cuina i menjador.<\/p>\n<p>La gesti\u00f3 de la cuina \u00e9s a c\u00e0rrec de l&#8217;empresa Lacuinabdegust i la del monitoratge de l&#8217;empresa \u00c0TIC Educaci\u00f3.<\/p>\n<div class=\"row\" style=\"margin-bottom: 1em !important;\">\n<h5 class=\"small-12 large-6 columns\"><span style=\"color: #000000;\">Preus<\/span><\/h5>\n<div class=\"small-12 large-6 columns\"><\/div>\n<\/div>\n<div class=\"row\" style=\"margin-bottom: 1em !important;\">\n<div class=\"small-12 large-6 columns\">\u00das habitual<\/div>\n<div class=\"small-12 large-6 columns\">7\u202f\u20ac<\/div>\n<\/div>\n<div class=\"row\" style=\"margin-bottom: 1em !important;\">\n<div class=\"small-12 large-6 columns\">\u00das espor\u00e0dic<\/div>\n<div class=\"small-12 large-6 columns\">8\u202f\u20ac<\/div>\n<\/div>\n<div><\/div>\n<div><b>Segons la normativa del Consell Comarcal es considera d&#8217;\u00fas habitual els alumnes que es queden 5, 4 o 3 dies a la setmana.<\/b><\/div>\n<p><strong><span style=\"font-family: inherit; font-size: 1em;\">En cas que algun\/a nen\/a tingui alguna al\u00b7l\u00e8rgia aliment\u00e0ria documentada pel metge, cal informar al tutor\/a.<\/span><\/strong><\/p>\n<p><a style=\"font-family: inherit; font-size: 1em;\" href=\"https:\/\/agora.xtec.cat\/esc-santa-maria-avia\/wp-content\/uploads\/usu1515\/2020\/07\/s_menjador-e1594569342701.jpg\"><img loading=\"lazy\" decoding=\"async\" class=\"size-large wp-image-760\" src=\"https:\/\/agora.xtec.cat\/esc-santa-maria-avia\/wp-content\/uploads\/usu1515\/2020\/07\/s_menjador-e1594569342701-1024x335.jpg\" alt=\"\" width=\"1024\" height=\"335\" srcset=\"https:\/\/agora.xtec.cat\/esc-santa-maria-avia\/wp-content\/uploads\/usu1515\/2020\/07\/s_menjador-e1594569342701.jpg 1024w, https:\/\/agora.xtec.cat\/esc-santa-maria-avia\/wp-content\/uploads\/usu1515\/2020\/07\/s_menjador-e1594569342701-300x98.jpg 300w, https:\/\/agora.xtec.cat\/esc-santa-maria-avia\/wp-content\/uploads\/usu1515\/2020\/07\/s_menjador-e1594569342701-768x251.jpg 768w\" sizes=\"auto, (max-width: 1024px) 100vw, 1024px\" \/><\/a><\/p>\n<p>&nbsp;<\/p>\n<p>&nbsp;<\/p>\n","protected":false},"excerpt":{"rendered":"<p>L&#8217;escola disposa de serveis propis de cuina i menjador.<br \/>\nLa gesti\u00f3 de la cuina \u00e9s a c\u00e0rrec de l&#8217;empresa Lacuinabdegust i la del monitoratge de l&#8217;empresa \u00c0TIC Educaci\u00f3.<\/p>\n<p>Preus<\/p>\n<p>\u00das habitual<br \/>\n7\u202f\u20ac<\/p>\n<p>\u00das espor\u00e0dic<br \/>\n8\u202f\u20ac<\/p>\n<p>Segons la normativa del Consell Comarcal es considera d&#8217;\u00fas habitual els alumnes que es queden 5, 4&hellip;  <a href=\"https:\/\/agora.xtec.cat\/esc-santa-maria-avia\/serveis\/menjador-escolar\/\" title=\"Read Menjador escolar\">Llegeix m\u00e9s\u00bb<\/a><\/p>\n","protected":false},"author":1,"featured_media":0,"parent":66,"menu_order":30,"comment_status":"closed","ping_status":"closed","template":"page-templates\/side-menu.php","meta":{"_bbp_topic_count":0,"_bbp_reply_count":0,"_bbp_total_topic_count":0,"_bbp_total_reply_count":0,"_bbp_voice_count":0,"_bbp_anonymous_reply_count":0,"_bbp_topic_count_hidden":0,"_bbp_reply_count_hidden":0,"_bbp_forum_subforum_count":0,"footnotes":""},"class_list":["post-73","page","type-page","status-publish","hentry"],"post_mailing_queue_ids":[],"_links":{"self":[{"href":"https:\/\/agora.xtec.cat\/esc-santa-maria-avia\/wp-json\/wp\/v2\/pages\/73","targetHints":{"allow":["GET"]}}],"collection":[{"href":"https:\/\/agora.xtec.cat\/esc-santa-maria-avia\/wp-json\/wp\/v2\/pages"}],"about":[{"href":"https:\/\/agora.xtec.cat\/esc-santa-maria-avia\/wp-json\/wp\/v2\/types\/page"}],"author":[{"embeddable":true,"href":"https:\/\/agora.xtec.cat\/esc-santa-maria-avia\/wp-json\/wp\/v2\/users\/1"}],"replies":[{"embeddable":true,"href":"https:\/\/agora.xtec.cat\/esc-santa-maria-avia\/wp-json\/wp\/v2\/comments?post=73"}],"version-history":[{"count":5,"href":"https:\/\/agora.xtec.cat\/esc-santa-maria-avia\/wp-json\/wp\/v2\/pages\/73\/revisions"}],"predecessor-version":[{"id":561,"href":"https:\/\/agora.xtec.cat\/esc-santa-maria-avia\/wp-json\/wp\/v2\/pages\/73\/revisions\/561"}],"up":[{"embeddable":true,"href":"https:\/\/agora.xtec.cat\/esc-santa-maria-avia\/wp-json\/wp\/v2\/pages\/66"}],"wp:attachment":[{"href":"https:\/\/agora.xtec.cat\/esc-santa-maria-avia\/wp-json\/wp\/v2\/media?parent=73"}],"curies":[{"name":"wp","href":"https:\/\/api.w.org\/{rel}","templated":true}]}}