{"id":694,"date":"2020-07-07T17:39:43","date_gmt":"2020-07-07T15:39:43","guid":{"rendered":"https:\/\/agora.xtec.cat\/esc-santa-maria-avia\/?page_id=694"},"modified":"2025-11-11T13:21:03","modified_gmt":"2025-11-11T12:21:03","slug":"nivells-2","status":"publish","type":"page","link":"https:\/\/agora.xtec.cat\/esc-santa-maria-avia\/nivells-2\/","title":{"rendered":"Nivells"},"content":{"rendered":"<p>L\u2019Escola Santa Maria d\u2019Avi\u00e0 \u00e9s una <span style=\"color: #000000;\">escola p\u00fablica que ofereix el segon cicle d\u2019Educaci\u00f3 Infantil (I3, I4 i I5) i Educaci\u00f3 Prim\u00e0ria:<\/span><\/p>\n<ul>\n<li>Cicle Inicial: P1 i P2<\/li>\n<li>Cicle Mitj\u00e0: P3 i P4<\/li>\n<li>Cicle Superior: P5 i P6<\/li>\n<\/ul>\n<p>Est\u00e0 adscrita als centres de secund\u00e0ria Guillem de Bergued\u00e0 i Serra de Noet de Berga.<\/p>\n","protected":false},"excerpt":{"rendered":"<p>L\u2019Escola Santa Maria d\u2019Avi\u00e0 \u00e9s una escola p\u00fablica que ofereix el segon cicle d\u2019Educaci\u00f3 Infantil (I3, I4 i I5) i Educaci\u00f3 Prim\u00e0ria:<\/p>\n<ul>\n<li>Cicle Inicial: P1 i P2<\/li>\n<li>Cicle Mitj\u00e0: P3 i P4<\/li>\n<li>Cicle Superior: P5 i P6<\/li>\n<\/ul>\n<p>Est\u00e0 adscrita als centres de secund\u00e0ria Guillem de Bergued\u00e0 i Serra de&hellip;  <a href=\"https:\/\/agora.xtec.cat\/esc-santa-maria-avia\/nivells-2\/\" title=\"Read Nivells\">Llegeix m\u00e9s\u00bb<\/a><\/p>\n","protected":false},"author":1,"featured_media":0,"parent":0,"menu_order":0,"comment_status":"closed","ping_status":"closed","template":"","meta":{"_bbp_topic_count":0,"_bbp_reply_count":0,"_bbp_total_topic_count":0,"_bbp_total_reply_count":0,"_bbp_voice_count":0,"_bbp_anonymous_reply_count":0,"_bbp_topic_count_hidden":0,"_bbp_reply_count_hidden":0,"_bbp_forum_subforum_count":0,"footnotes":""},"class_list":["post-694","page","type-page","status-publish","hentry"],"post_mailing_queue_ids":[],"_links":{"self":[{"href":"https:\/\/agora.xtec.cat\/esc-santa-maria-avia\/wp-json\/wp\/v2\/pages\/694","targetHints":{"allow":["GET"]}}],"collection":[{"href":"https:\/\/agora.xtec.cat\/esc-santa-maria-avia\/wp-json\/wp\/v2\/pages"}],"about":[{"href":"https:\/\/agora.xtec.cat\/esc-santa-maria-avia\/wp-json\/wp\/v2\/types\/page"}],"author":[{"embeddable":true,"href":"https:\/\/agora.xtec.cat\/esc-santa-maria-avia\/wp-json\/wp\/v2\/users\/1"}],"replies":[{"embeddable":true,"href":"https:\/\/agora.xtec.cat\/esc-santa-maria-avia\/wp-json\/wp\/v2\/comments?post=694"}],"version-history":[{"count":3,"href":"https:\/\/agora.xtec.cat\/esc-santa-maria-avia\/wp-json\/wp\/v2\/pages\/694\/revisions"}],"predecessor-version":[{"id":30979,"href":"https:\/\/agora.xtec.cat\/esc-santa-maria-avia\/wp-json\/wp\/v2\/pages\/694\/revisions\/30979"}],"wp:attachment":[{"href":"https:\/\/agora.xtec.cat\/esc-santa-maria-avia\/wp-json\/wp\/v2\/media?parent=694"}],"curies":[{"name":"wp","href":"https:\/\/api.w.org\/{rel}","templated":true}]}}