{"id":66,"date":"2014-09-18T12:40:47","date_gmt":"2014-09-18T11:40:47","guid":{"rendered":"http:\/\/agora.xtec.cat\/esc-santa-maria-avia\/?page_id=66"},"modified":"2022-09-19T06:38:51","modified_gmt":"2022-09-19T04:38:51","slug":"serveis","status":"publish","type":"page","link":"https:\/\/agora.xtec.cat\/esc-santa-maria-avia\/serveis\/","title":{"rendered":"Serveis"},"content":{"rendered":"<p>A l&#8217;escola podeu disposar dels seg\u00fcents serveis, que s&#8217;organitzen en col\u00b7laboraci\u00f3 amb l&#8217;AMPA i l&#8217;Ajuntament:<\/p>\n<ul>\n<li><span class=\"JsGRdQ\">Acollida matinal<\/span><\/li>\n<li><span class=\"JsGRdQ\">Camins escolars (actualment no funcionen)<\/span><\/li>\n<li><span class=\"JsGRdQ\">Menjador escolar<\/span><\/li>\n<li>Biblioteca<\/li>\n<li><span class=\"JsGRdQ\">Projecte de socialitzaci\u00f3 de llibres de text a Educaci\u00f3 Prim\u00e0ria<\/span><\/li>\n<li><span class=\"JsGRdQ\">Conveni amb l\u2019Escola Municipal de M\u00fasica de Berga (5\u00e8 i 6\u00e8)<\/span><\/li>\n<li><span class=\"JsGRdQ\">Activitats extraescolars, casal de Nadal i d\u2019estiu, organitzades per l&#8217;AMPA i gestionades per una empresa externa<\/span><\/li>\n<li><span class=\"JsGRdQ\">Projecte \u201cAvui per tu, dem\u00e0 per mi\u201d per garantir la igualtat d\u2019oportunitats<\/span><\/li>\n<\/ul>\n","protected":false},"excerpt":{"rendered":"<p>A l&#8217;escola podeu disposar dels seg\u00fcents serveis, que s&#8217;organitzen en col\u00b7laboraci\u00f3 amb l&#8217;AMPA i l&#8217;Ajuntament:<\/p>\n<ul>\n<li>Acollida matinal<\/li>\n<li>Camins escolars (actualment no funcionen)<\/li>\n<li>Menjador escolar<\/li>\n<li>Biblioteca<\/li>\n<li>Projecte de socialitzaci\u00f3 de llibres de text a Educaci\u00f3 Prim\u00e0ria<\/li>\n<li>Conveni amb l\u2019Escola Municipal de M\u00fasica de Berga (5\u00e8 i 6\u00e8)<\/li>\n<li>Activitats extraescolars, casal de Nadal i&hellip;  <a href=\"https:\/\/agora.xtec.cat\/esc-santa-maria-avia\/serveis\/\" title=\"Read Serveis\">Llegeix m\u00e9s\u00bb<\/a><br \/>\n","protected":false},"author":1,"featured_media":0,"parent":0,"menu_order":0,"comment_status":"closed","ping_status":"closed","template":"page-templates\/side-menu.php","meta":{"_bbp_topic_count":0,"_bbp_reply_count":0,"_bbp_total_topic_count":0,"_bbp_total_reply_count":0,"_bbp_voice_count":0,"_bbp_anonymous_reply_count":0,"_bbp_topic_count_hidden":0,"_bbp_reply_count_hidden":0,"_bbp_forum_subforum_count":0,"footnotes":""},"class_list":["post-66","page","type-page","status-publish","hentry"],"post_mailing_queue_ids":[],"_links":{"self":[{"href":"https:\/\/agora.xtec.cat\/esc-santa-maria-avia\/wp-json\/wp\/v2\/pages\/66","targetHints":{"allow":["GET"]}}],"collection":[{"href":"https:\/\/agora.xtec.cat\/esc-santa-maria-avia\/wp-json\/wp\/v2\/pages"}],"about":[{"href":"https:\/\/agora.xtec.cat\/esc-santa-maria-avia\/wp-json\/wp\/v2\/types\/page"}],"author":[{"embeddable":true,"href":"https:\/\/agora.xtec.cat\/esc-santa-maria-avia\/wp-json\/wp\/v2\/users\/1"}],"replies":[{"embeddable":true,"href":"https:\/\/agora.xtec.cat\/esc-santa-maria-avia\/wp-json\/wp\/v2\/comments?post=66"}],"version-history":[{"count":4,"href":"https:\/\/agora.xtec.cat\/esc-santa-maria-avia\/wp-json\/wp\/v2\/pages\/66\/revisions"}],"predecessor-version":[{"id":29775,"href":"https:\/\/agora.xtec.cat\/esc-santa-maria-avia\/wp-json\/wp\/v2\/pages\/66\/revisions\/29775"}],"wp:attachment":[{"href":"https:\/\/agora.xtec.cat\/esc-santa-maria-avia\/wp-json\/wp\/v2\/media?parent=66"}],"curies":[{"name":"wp","href":"https:\/\/api.w.org\/{rel}","templated":true}]}}