{"id":528,"date":"2019-11-12T13:18:50","date_gmt":"2019-11-12T12:18:50","guid":{"rendered":"https:\/\/agora.xtec.cat\/esc-santa-maria-avia\/?page_id=528"},"modified":"2023-10-11T09:49:44","modified_gmt":"2023-10-11T07:49:44","slug":"ampa","status":"publish","type":"page","link":"https:\/\/agora.xtec.cat\/esc-santa-maria-avia\/ampa\/","title":{"rendered":"AFA"},"content":{"rendered":"<p>L\u2019Associaci\u00f3 de Fam\u00edlies d\u2019Alumnes treballa en col\u00b7laboraci\u00f3 amb l&#8217;escola i ofereix als seus associats un seguit de serveis:<\/p>\n<ul style=\"list-style-type: square;\">\n<li>Comanda de llibres i material<\/li>\n<li>Organitzaci\u00f3 d&#8217;activitats extraescolars i casals<\/li>\n<li>Servei d&#8217;acollida matinal<\/li>\n<li>Organitzaci\u00f3 de la festa de final de curs<\/li>\n<li>Elaboraci\u00f3 d&#8217;un Butllet\u00ed Informatiu peri\u00f2dic<\/li>\n<li>Participaci\u00f3 en la Comissi\u00f3 de Menjador de l&#8217;escola i del Consell Escolar<\/li>\n<li>Participaci\u00f3 en el projecte &#8220;Avui per tu, dem\u00e0 per mi&#8221;<\/li>\n<li>Organitzaci\u00f3 de xerrades i tallers<b>\u00a0 \u00a0 \u00a0 \u00a0 \u00a0 \u00a0 \u00a0\u00a0<\/b><\/li>\n<\/ul>\n<p>Podeu trobar m\u00e9s informaci\u00f3:<\/p>\n<ul>\n<li><a href=\"https:\/\/afasantamariavia.wordpress.com\/\" target=\"_blank\" rel=\"noopener noreferrer\">P\u00e0gina web<\/a><\/li>\n<li><a href=\"https:\/\/instagram.com\/afasantamariadavia?utm_medium=copy_link\" target=\"_blank\" rel=\"noopener\">Instagram<\/a><\/li>\n<\/ul>\n","protected":false},"excerpt":{"rendered":"<p>L\u2019Associaci\u00f3 de Fam\u00edlies d\u2019Alumnes treballa en col\u00b7laboraci\u00f3 amb l&#8217;escola i ofereix als seus associats un seguit de serveis:<\/p>\n<ul style=\"list-style-type: square;\">\n<li>Comanda de llibres i material<\/li>\n<li>Organitzaci\u00f3 d&#8217;activitats extraescolars i casals<\/li>\n<li>Servei d&#8217;acollida matinal<\/li>\n<li>Organitzaci\u00f3 de la festa de final de curs<\/li>\n<li>Elaboraci\u00f3 d&#8217;un Butllet\u00ed Informatiu peri\u00f2dic<\/li>\n<li>Participaci\u00f3 en la Comissi\u00f3 de&hellip;  <a href=\"https:\/\/agora.xtec.cat\/esc-santa-maria-avia\/ampa\/\" title=\"Read AFA\">Llegeix m\u00e9s\u00bb<\/a><br \/>\n","protected":false},"author":1,"featured_media":0,"parent":0,"menu_order":0,"comment_status":"closed","ping_status":"closed","template":"","meta":{"_bbp_topic_count":0,"_bbp_reply_count":0,"_bbp_total_topic_count":0,"_bbp_total_reply_count":0,"_bbp_voice_count":0,"_bbp_anonymous_reply_count":0,"_bbp_topic_count_hidden":0,"_bbp_reply_count_hidden":0,"_bbp_forum_subforum_count":0,"footnotes":""},"class_list":["post-528","page","type-page","status-publish","hentry"],"post_mailing_queue_ids":[],"_links":{"self":[{"href":"https:\/\/agora.xtec.cat\/esc-santa-maria-avia\/wp-json\/wp\/v2\/pages\/528","targetHints":{"allow":["GET"]}}],"collection":[{"href":"https:\/\/agora.xtec.cat\/esc-santa-maria-avia\/wp-json\/wp\/v2\/pages"}],"about":[{"href":"https:\/\/agora.xtec.cat\/esc-santa-maria-avia\/wp-json\/wp\/v2\/types\/page"}],"author":[{"embeddable":true,"href":"https:\/\/agora.xtec.cat\/esc-santa-maria-avia\/wp-json\/wp\/v2\/users\/1"}],"replies":[{"embeddable":true,"href":"https:\/\/agora.xtec.cat\/esc-santa-maria-avia\/wp-json\/wp\/v2\/comments?post=528"}],"version-history":[{"count":5,"href":"https:\/\/agora.xtec.cat\/esc-santa-maria-avia\/wp-json\/wp\/v2\/pages\/528\/revisions"}],"predecessor-version":[{"id":30246,"href":"https:\/\/agora.xtec.cat\/esc-santa-maria-avia\/wp-json\/wp\/v2\/pages\/528\/revisions\/30246"}],"wp:attachment":[{"href":"https:\/\/agora.xtec.cat\/esc-santa-maria-avia\/wp-json\/wp\/v2\/media?parent=528"}],"curies":[{"name":"wp","href":"https:\/\/api.w.org\/{rel}","templated":true}]}}